{"id":6667,"date":"2022-08-11T23:47:32","date_gmt":"2022-08-12T02:47:32","guid":{"rendered":"https:\/\/portifolioos-prontos.com\/?post_type=product&#038;p=6667"},"modified":"2024-08-27T17:23:54","modified_gmt":"2024-08-27T20:23:54","slug":"projeto-integrado-ii-oceano-azul-modelo-das-quatro-acoes","status":"publish","type":"product","link":"https:\/\/portifolioos-prontos.com\/index.php\/product\/projeto-integrado-ii-oceano-azul-modelo-das-quatro-acoes\/","title":{"rendered":"Projeto integrado II Oceano azul \u2013 Modelo das quatro a\u00e7\u00f5es"},"content":{"rendered":"<h4>Projeto integrado II Oceano azul \u2013 Modelo das quatro a\u00e7\u00f5es<\/h4>\n<h4>Curso: Marketing Digital<\/h4>\n<h4>Semestres: 1\u00b0 e 2\u00b0<\/h4>\n<hr \/>\n<p>A atividade avaliativa da disciplina Projeto Integrado II, tem como objetivo integrar os<br \/>\nconte\u00fados trabalhados no decorrer do semestre, por meio das teorias estudadas e dos contextos<br \/>\nsituacionais reais ou similares ao ambiente mercadol\u00f3gico.<br \/>\nNo desenvolvimento deste projeto voc\u00ea ser\u00e1 instigado a decidir, opinar, debater e constituir,<br \/>\ncom autonomia, o seu desenvolvimento profissional de maneira interdisciplinar. A atua\u00e7\u00e3o em<br \/>\nmarketing digital n\u00e3o se restringe a apenas um setor ou a um departamento no interior das<br \/>\norganiza\u00e7\u00f5es, mas sim refere-se a uma \u00e1rea que depende e impacta todos os outros setores<br \/>\norganizacionais e, por isso, \u00e9 essencial que a interdisciplinaridade seja uma das suas compet\u00eancias<br \/>\ncomo profissional da \u00e1rea.<\/p>\n<p>CONTEXTUALIZA\u00c7\u00c3O OCEANO AZUL \u2013 MODELO DAS QUATRO A\u00c7\u00d5ES<\/p>\n<p>Segundo Gabriel e Kiso (2020), o marketing em ambiente digital coloca a organiza\u00e7\u00e3o nos<br \/>\nmesmos canais que o cliente frequenta, possibilitando que os clientes em potencial possam v\u00ea-lo,<br \/>\naprender mais sobre a empresa, comprar e receber atendimento, al\u00e9m de consultar informa\u00e7\u00f5es<\/p>\n<p>PROJETO INTEGRADO II<\/p>\n<p>sobre produtos ou servi\u00e7os, isto significa, fazer a jornada completa do cliente por meio dos canais<br \/>\ndigitais.<br \/>\nOs consumidores sempre foram exigentes, a diferen\u00e7a era que antes as organiza\u00e7\u00f5es n\u00e3o<br \/>\nouviam o que o cliente tinha a dizer sobre os seus gostos, desejo e necessidades, e com isso perdiam<br \/>\ngrandes oportunidade de neg\u00f3cios. Mas com o advento da internet e as tecnologias da informa\u00e7\u00e3o e<br \/>\ncomunica\u00e7\u00e3o a forma como as pessoas se comunicavam mudaram. O consumidor ganhou voz, e as<br \/>\nm\u00eddias sociais potencializaram essa voz e hoje as organiza\u00e7\u00f5es buscam cada vez mais conhecer e<br \/>\natender as necessidades dos clientes.<br \/>\nCom o mercado cada vez mais competitivo e din\u00e2mico as organiza\u00e7\u00f5es precisam buscar<br \/>\ndiferenciais para suprir as demandas dos clientes. Kim e Mouborgne (2005), desenvolveram o<br \/>\nconceito de estrat\u00e9gica do oceano azul, os autores fazem uma analogia com as cores azul e vermelho.<br \/>\nPara Kim e Mouborgne (2005, p. 25), \u201cos oceanos vermelhos representam todos os setores hoje<br \/>\nexistentes. \u00c9 o espa\u00e7o de mercado conhecido. J\u00e1 os oceanos azuis abrangem todos os setores n\u00e3o<br \/>\nexistentes hoje. \u00c9 o espa\u00e7o de mercado desconhecido\u201d.<br \/>\nO oceano vermelho \u00e9 um mercado saturado e intenso, \u00e9 um ambiente altamente competitivo<br \/>\ne disputado, e neste territ\u00f3rio o peixe mais forte e feroz ganha, n\u00e3o deixando espa\u00e7o para os outros<br \/>\ncompetidores. Em outras palavras, \u00e9 um ambiente de ganha-perde, para alguma organiza\u00e7\u00e3o ganhar<br \/>\nterrit\u00f3rio a outra precisa perder.<br \/>\nO oceano azul refere-se ao mercado em expans\u00e3o, \u00e9 um territ\u00f3rio que remete a paz e a<br \/>\ntranquilidade. Para chegar no oceano azul a empresa deve sair do ambiente saturado e competitivo<br \/>\n(oceano vermelho) e ir atr\u00e1s de mercados livres de concorr\u00eancia. O objetivo \u00e9 criar produto ou servi\u00e7o<br \/>\ndisruptivo, inovador, que estabele\u00e7a uma nova estrutura de fabrica\u00e7\u00e3o e comercializa\u00e7\u00e3o.<br \/>\nSegundo Kim e Mouborgne (2005, p. 25), \u201cPara vencer no futuro, as empresas devem parar<br \/>\nde competir umas com as outras. A \u00fanica maneira de superar os concorrentes \u00e9 n\u00e3o mais tentar<br \/>\nsuperar os concorrentes\u201d. Para conseguir sair do oceano vermelho e migrar para o oceano azul a<br \/>\norganiza\u00e7\u00e3o precisa desenvolver estrat\u00e9gias espec\u00edficas, os autores Kim e Mouborgne (2005), criaram<br \/>\no modelo das quatro a\u00e7\u00f5es tem como objetivo auxiliar as empresas a compreender a curva de valor<br \/>\nmais apropriado para o neg\u00f3cio, para sair do oceano vermelho e mudar para o oceano azu<a href=\"http:\/\/portfoliointerdisciplinar.com.br\/\">l.<\/a><\/p>\n<p><img fetchpriority=\"high\" decoding=\"async\" class=\"alignnone size-full wp-image-55608 lzl-ed\" src=\"https:\/\/portfoliooead.com.br\/wp-content\/uploads\/2022\/08\/Sem-titulo-10.png\" alt=\"Projeto integrado II Oceano azul \u2013 Modelo das quatro a\u00e7\u00f5es,protfolio Projeto integrado II Oceano azul \u2013 Modelo das quatro a\u00e7\u00f5es,pti Projeto integrado II Oceano azul \u2013 Modelo das quatro a\u00e7\u00f5es,ptg Projeto integrado II Oceano azul \u2013 Modelo das quatro a\u00e7\u00f5es,trabalho pronto Projeto integrado II Oceano azul \u2013 Modelo das quatro a\u00e7\u00f5es,trabalhos prontos Projeto integrado II Oceano azul \u2013 Modelo das quatro a\u00e7\u00f5es,mystudbay Projeto integrado II Oceano azul \u2013 Modelo das quatro a\u00e7\u00f5es,mettzer,mettzer portfolio ead,portfolio mettzer,portf\u00f3lio mettzer,trabalho pronto mettzer,portfolio marketing,portfolio marketing digital,portfolio marketing digital unopar 1 semestre,portfolio marketing digital unopar 3 semestre,portf\u00f3lio marketing digital pdf,portfolio marketing manager,portfolio marketing example,portfolio marketing strategy,portfolio marketing digital exemplo,Portfolio pronto,portifolio pronto,portf\u00f3lio pronto,portifolios prontos,portif\u00f3lios prontos,portf\u00f3lio pronto unopar,portifolio pronto unopar,portif\u00f3lio pronto unopar,portifolios prontos unopar,portifolios prontos anhanguera,portf\u00f3lios prontos anhanguera,portf\u00f3lio pronto anhanguera,portfolios ead,portf\u00f3lios ead,portfolioead,apostileiros,portf\u00f3lio ead,portifolios ead,portif\u00f3lios ead,eadhelp,shop do acad\u00eamico,unopar portfolio,portfolio pronto ead,portfolio unopar ead,ead portfolio ava,portf\u00f3lio ead anhanguera,portf\u00f3lio ead pront,o portf\u00f3lio ead unopar,portf\u00f3lio pronto em word,pti unopar,ptg unopar,modelo de portf\u00f3lio unopar,modelo de portf\u00f3lio anhanguera,como fazer um portf\u00f3lio para faculdade,como faz portf\u00f3lio universidade,como faz portf\u00f3lios para universidade,portf\u00f3lios prontos para universidade,portf\u00f3lios pronto para faculdade,portf\u00f3lio pronto para editar,portifolios prontos para editar,portf\u00f3lio em word,portfolio em word,portf\u00f3lio em word para editar,portifolio em word para editar,portfolio unopar pronto para editar,modelo de portfolio para unopar,modelo de portif\u00f3lio para unopar,modelo de portf\u00f3lio para unopar,unopar portf\u00f3lio pronto,anhanguera portf\u00f3lio pronto,portf\u00f3lio em word pronto,comprar portf\u00f3lio pronto,como fazer um portf\u00f3lio,como fazer portf\u00f3lio digital,portfolio,portf\u00f3lio,portifolio,portif\u00f3lio,portf\u00f3lio interdisciplinar individual,portfolio interdisciplinar individual,exemplos de portf\u00f3lio para faculdade,baixar portf\u00f3lio pronto,portf\u00f3lio acad\u00eamico,portf\u00f3lio online,portfoliooead,portfolio ead,portf\u00f3lio pronto interdisciplinar individual,relat\u00f3rio de est\u00e1gio unopar,relat\u00f3rio de est\u00e1gio pronto unopar,como criar um portf\u00f3lio,o que \u00e9 um portf\u00f3lio e como fazer,portfolio exemplo,modelo de portfolio acad\u00eamico,relat\u00f3rio de est\u00e1gio gest\u00e3o escolar pronto unopar,portf\u00f3lio como fazer,prova profici\u00eancia unopar,portfolio individual est\u00e1gio curricular obrigat\u00f3rio ii anos iniciais do ensino fundamental,prova de profici\u00eancia pedagogia unopar,capa de trabalho unopar para editar,portf\u00f3lio acad\u00eamico unopar,como fazer um portf\u00f3lio acad\u00eamico,portf\u00f3lio exemplos word,portfolio acad\u00eamico,portfolio individual,portfolio individual unopar,portfolio individual anhanguera,portf\u00f3lio educa\u00e7\u00e3o f\u00edsica unopar,portf\u00f3lio gest\u00e3o educacional e espa\u00e7os n\u00e3o escolares,como fazer um portifolio unopar,modelo de portf\u00f3lio unopar em arquivo word,capa de portf\u00f3lio de pedagogia,como fazer um portf\u00f3lio no word,projeto integrado unopar,exemplo de portf\u00f3lio academico pedagogia\" width=\"562\" height=\"382\" data-lzl-src=\"https:\/\/portfoliooead.com.br\/wp-content\/uploads\/2022\/08\/Sem-titulo-10.png\" \/><\/p>\n<p>O modelo das quatro a\u00e7\u00f5es tem o objetivo de refletir sobre o que reduzir, o que aumentar, o<br \/>\nque eliminar e o que criar em suas atividades para chegar a uma nova curva de valor. O objetivo da<br \/>\nferramenta \u00e9 o de reconstruir os atributos de valor da marca, tendo como base as quatro perguntas<br \/>\nb\u00e1sicas, que buscam questionar a estrat\u00e9gica e o modelo de opera\u00e7\u00e3o do neg\u00f3cio. A curva de valor<br \/>\nproporciona o entendimento do desempenho do mercado, nela s\u00e3o identificados e quantidade os<br \/>\natributos de valor para o cliente, permitindo a reconhecimento das inova\u00e7\u00f5es que far\u00e3o diferen\u00e7a no<br \/>\nneg\u00f3cio.<br \/>\nPara compreender melhor a ferramenta os autores Kim e Mouborgne (2005), citam o caso do<br \/>\nCirque du Soleil que no passado atuava de maneira tradicional e convencional, por\u00e9m, para se<br \/>\ndestacarem no mercado e estar livres da concorr\u00eancia era fundamental inovar. O Cirque du Soleil fez<br \/>\nas perguntas do modelo das quatro a\u00e7\u00f5es o obtiveram as seguintes respostas.<br \/>\n\u2022 Reduziu os n\u00fameros circenses tradicionais de exagerado humor e perigo;<br \/>\n\u2022 Elevou a participa\u00e7\u00e3o de ginastas, pessoas mais preparadas para n\u00fameros de grande<br \/>\nexig\u00eancia f\u00edsica, em um picadeiro \u00fanico;<br \/>\n\u2022 Eliminou todos os astros circenses convencionais, al\u00e9m dos espet\u00e1culos com<br \/>\nanimais;<\/p>\n<p>PROJETO INTEGRADO II<\/p>\n<p>\u2022 Criou espet\u00e1culos tem\u00e1ticos, ambiente refinado, produ\u00e7\u00f5es musicais e dan\u00e7as<br \/>\nart\u00edsticas.<\/p>\n<p><img decoding=\"async\" class=\"lzl-ed alignnone wp-image-55609 size-full\" src=\"https:\/\/portfoliooead.com.br\/wp-content\/uploads\/2022\/08\/Sem-titulo-11.png\" alt=\"portf\u00f3lio ead pronto unopar anhanguera\" width=\"524\" height=\"368\" data-lzl-src=\"https:\/\/portfoliooead.com.br\/wp-content\/uploads\/2022\/08\/Sem-titulo-11.png\" \/><\/p>\n<p>Pensando e agindo fora da caixa e utilizando t\u00e9cnicas do design thinking, o Cirque du Soleil<br \/>\nconseguiu agregar valor, despertar interesse do p\u00fablico, elevar o pre\u00e7o dos ingressos (aumento de<br \/>\nreceita) e ter um modelo de neg\u00f3cio de dif\u00edcil imita\u00e7\u00e3o.<br \/>\nRefer\u00eancia<br \/>\nKIM, W. Chan e MAUBORGNE, Ren\u00e9e. A Estrat\u00e9gia do Oceano Azul Como Criar Novos Mercados e<br \/>\nTornar a Concorr\u00eancia Irrelevante. Rio de Janeiro: Editora Campus Elsevier, 2005.<\/p>\n<p>ATIVIDADE<\/p>\n<p>Dentro desse contexto de oceano azul, voc\u00ea foi contratado para buscar inova\u00e7\u00f5es e<br \/>\ndiferenciais para uma empresa em sua regi\u00e3o. A organiza\u00e7\u00e3o escolhida pode atuar ou n\u00e3o no<br \/>\nambiente digital, mas se a empresa j\u00e1 atua no ambiente digital as a\u00e7\u00f5es dever\u00e3o ser voltadas para se<br \/>\ndestacar dos concorrentes. Agora se a empresa n\u00e3o atuar no ambiente digital voc\u00ea dever\u00e1 inseri-la<br \/>\nno mercado digital, analisando e destacando como ser\u00e1 esse processo. Em ambas as situa\u00e7\u00f5es \u00e9<br \/>\nessencial utilizar o modelo das quatro a\u00e7\u00f5es e a ferramenta design thinking.<\/p>\n<p>Eliminar<br \/>\n\u2022 Astros circenses<br \/>\n\u2022 Espet\u00e1culos com animais<br \/>\n\u2022 Desconto para grupos<br \/>\n\u2022 Espet\u00e1culos com v\u00e1rios<br \/>\npicadeiros<\/p>\n<p>Elevar<br \/>\n\u2022 Picadeiro \u00fanico<\/p>\n<p>Reduzir<br \/>\n\u2022 Divers\u00e3o e humor<br \/>\n\u2022 Vibra\u00e7\u00e3o e perigo<\/p>\n<p>Criar<\/p>\n<p>\u2022 Tema<br \/>\n\u2022 Ambiente refinado<br \/>\n\u2022 V\u00e1rias produ\u00e7\u00f5es<br \/>\n\u2022 M\u00fasicas e dan\u00e7as art\u00edsticas<\/p>\n<p>PROJETO INTEGRADO II<\/p>\n<p>Para essa constru\u00e7\u00e3o voc\u00ea deve seguir os seguintes passos:<br \/>\n\u2022 Traga o perfil da empresa (ramo de atua\u00e7\u00e3o, tamanho da empresa, tipo de gest\u00e3o,<br \/>\nprodutos, diferenciais, etc.).<br \/>\n\u2022 Pesquise sobre os concorrentes da empresa escolhida, pontos fortes e fracos, a<br \/>\natua\u00e7\u00e3o deles no mercado digital e f\u00edsico.<br \/>\n\u2022 Pesquise a respeito do produto ou servi\u00e7o prestado e do p\u00fablico-alvo.<br \/>\no O que \u00e9 valor para os clientes? Quais s\u00e3o os benef\u00edcios percebidos pelo cliente?<br \/>\nO que os clientes desejam, necessitam?<\/p>\n<p>\u2022 Desenvolva o modelo das quatro a\u00e7\u00f5es da empresa escolhida abordando os itens que<br \/>\nprecisam ser eliminados, reduzidos, elevados e criados.<br \/>\no Eliminar: Quais atributos podemos eliminar? (Quais fatores, com os quais o<br \/>\nsetor h\u00e1 tempos concorre, devem ser eliminados?)<br \/>\no Reduzir: Quais atributos podemos reduzir? (Quais fatores devem ser reduzidos<br \/>\nabaixo dos padr\u00f5es do setor onde a empresa atua?)<br \/>\no Elevar: Quais atributos podemos elevar? (Que fatores devem ser elevados<br \/>\nacima dos padr\u00f5es do setor de atua\u00e7\u00e3o?)<br \/>\no Criar: Quais atributos podemos criar? (Que fatores devem ser criados que o<br \/>\nsetor nunca ofereceu?)<\/p>\n<p>Para consolidar o modelo das quatros a\u00e7\u00f5es responda as perguntas abaixo.<br \/>\n\u2022 Para atingir os objetivos da empresa para migrar para o oceano azul, quais indicadores<br \/>\ne metas devem ser utilizados?<br \/>\n\u2022 A empresa possui CRM? Como a empresa colhe dados dos clientes para realizar o<br \/>\nmarketing de relacionamento?<br \/>\n\u2022 De que maneira a ferramenta Canvas pode auxiliar na migra\u00e7\u00e3o para o oceano azul?<br \/>\n\u2022 Quais foram as t\u00e9cnicas de processo criativo foram utilizados para inovar e buscar<br \/>\ndiferenciais?<br \/>\n\u2022 Quais ser\u00e3o os impactos econ\u00f4micos e sociais que a empresa ir\u00e1 ofertar a partir da sua<br \/>\nmigra\u00e7\u00e3o do oceano vermelho para o azul?<\/p>\n<p>PROJETO INTEGRADO II<\/p>\n<p>Voc\u00ea deve preencher o modelo das quatro a\u00e7\u00f5es com as mudan\u00e7as que a organiza\u00e7\u00e3o<br \/>\nrealizar\u00e1. Para cada quadrante aponte pelo menos 3 mudan\u00e7as estrat\u00e9gicas.<\/p>\n<p><img decoding=\"async\" class=\"lzl-ed alignnone wp-image-55611 size-full\" title=\"portfolio pronto ead unopar anhanguera\" src=\"https:\/\/portfoliooead.com.br\/wp-content\/uploads\/2022\/08\/Sem-titulo-12.png\" alt=\"portfolio pronto ead unopar anhanguera\" width=\"449\" height=\"315\" data-lzl-src=\"https:\/\/portfoliooead.com.br\/wp-content\/uploads\/2022\/08\/Sem-titulo-12.png\" \/><\/p>\n<div class=\"elementor-toggle-item\">\n<h4 id=\"elementor-tab-title-1941\" class=\"elementor-tab-title elementor-active\" tabindex=\"0\" role=\"tab\" data-tab=\"1\" aria-controls=\"elementor-tab-content-1941\" aria-expanded=\"true\" aria-selected=\"true\">Como funciona?<\/h4>\n<div id=\"elementor-tab-content-1941\" class=\"elementor-tab-content elementor-clearfix elementor-active\" role=\"tabpanel\" data-tab=\"1\" aria-labelledby=\"elementor-tab-title-1941\">\n<p>Elaboramos os portf\u00f3lios, j\u00e1 deixamos prontos, nas normas da ABNT e conforme os requisitos da universidade. F\u00e1cil assim! O MELHOR \u00c9 QUE VOC\u00ca COMPRA E J\u00c1 BAIXA NA HORA O SEU ARQUIVO EM WORD! Sabemos que conciliar trabalho, fam\u00edlia, vida profissional e estudos \u00e9 dif\u00edcil hoje em dia, por isso, estamos aqui para ajudar voc\u00ea. Conte com nossa qualidade, experi\u00eancia e profissionalismo adquirindo seu portf\u00f3lio conosco. GARANTIMOS SEU CONCEITO!<\/p>\n<h4>Como se realizam os envios?<\/h4>\n<\/div>\n<\/div>\n<div class=\"elementor-toggle-item\">\n<div id=\"elementor-tab-content-1942\" class=\"elementor-tab-content elementor-clearfix elementor-active\" role=\"tabpanel\" data-tab=\"2\" aria-labelledby=\"elementor-tab-title-1942\">O seu trabalho \u00e9 disponibilizado pronto, respondido e nas normas j\u00e1 na mesma hora aqui em nosso site na sua \u00e1rea de downloads e tamb\u00e9m no seu e-mail.<\/div>\n<\/div>\n<div class=\"elementor-toggle-item\">\n<div id=\"elementor-tab-content-1943\" class=\"elementor-tab-content elementor-clearfix elementor-active\" role=\"tabpanel\" data-tab=\"3\" aria-labelledby=\"elementor-tab-title-1943\">\n<h4>Em quanto tempo recebo o portf\u00f3lio?<\/h4>\n<\/div>\n<\/div>\n<div class=\"elementor-toggle-item\">\n<div id=\"elementor-tab-content-1944\" class=\"elementor-tab-content elementor-clearfix elementor-active\" role=\"tabpanel\" data-tab=\"4\" aria-labelledby=\"elementor-tab-title-1944\">\n<p>Os envios s\u00e3o imediatos. Ap\u00f3s sua compra, o trabalho j\u00e1 \u00e9 disponibilizado instantaneamente aqui em nosso site e no seu e-mail.<\/p>\n<h4>E se o portf\u00f3lio que comprei precisar de corre\u00e7\u00e3o?<\/h4>\n<\/div>\n<\/div>\n<div class=\"elementor-toggle-item\">\n<div id=\"elementor-tab-content-1945\" class=\"elementor-tab-content elementor-clearfix elementor-active\" role=\"tabpanel\" data-tab=\"5\" aria-labelledby=\"elementor-tab-title-1945\">\n<p>Caso haja alguma solicita\u00e7\u00e3o de corre\u00e7\u00e3o\/altera\u00e7\u00e3o por parte do tutor, basta entrar em contato conosco pelo\u00a0<a href=\"https:\/\/api.whatsapp.com\/send\/?phone=5553984751621&amp;text&amp;app_absent=0\">WhatsApp<\/a>\u00a0que provid\u00eanciaremos sem custo algum.<\/p>\n<h4>Qual o formato do arquivo?<\/h4>\n<\/div>\n<\/div>\n<div class=\"elementor-toggle-item\">\n<div id=\"elementor-tab-content-1946\" class=\"elementor-tab-content elementor-clearfix elementor-active\" role=\"tabpanel\" data-tab=\"6\" aria-labelledby=\"elementor-tab-title-1946\">\n<p>Os arquivos s\u00e3o enviados em formato Word e s\u00e3o edit\u00e1veis.<\/p>\n<h4>Caso eu tiver alguma d\u00favida, terei suporte no p\u00f3s venda?<\/h4>\n<\/div>\n<\/div>\n<div class=\"elementor-toggle-item\">\n<div id=\"elementor-tab-content-1948\" class=\"elementor-tab-content elementor-clearfix elementor-active\" role=\"tabpanel\" data-tab=\"8\" aria-labelledby=\"elementor-tab-title-1948\">\n<p>Sim, com certeza. Basta clicar no \u00edcone do WhatsApp no cantinho da tela. Ser\u00e1 um prazer atend\u00ea-lo(a).<\/p>\n<div class=\"elementor-toggle-item\">\n<div id=\"elementor-tab-content-1948\" class=\"elementor-tab-content elementor-clearfix elementor-active\" role=\"tabpanel\" data-tab=\"8\" aria-labelledby=\"elementor-tab-title-1948\">\n<h4>Quais os seus canais de contato?<\/h4>\n<\/div>\n<\/div>\n<div class=\"elementor-toggle-item\">\n<div id=\"elementor-tab-content-1949\" class=\"elementor-tab-content elementor-clearfix elementor-active\" role=\"tabpanel\" data-tab=\"9\" aria-labelledby=\"elementor-tab-title-1949\">\n<p>Whatsapp: 53 984751621 \u2013 Clicar no canto da tela ou ESCANEIE O QRCODE ABAIXO<\/p>\n<p><img loading=\"lazy\" decoding=\"async\" class=\"alignnone wp-image-7603\" src=\"http:\/\/portifolioos-prontos.com\/wp-content\/uploads\/2022\/09\/portfolio-unopar-pronto-colaborar-ava-producao-textual-interdisciplinar.png\" alt=\"Projeto integrado II Oceano azul \u2013 Modelo das quatro a\u00e7\u00f5es,protfolio Projeto integrado II Oceano azul \u2013 Modelo das quatro a\u00e7\u00f5es,pti Projeto integrado II Oceano azul \u2013 Modelo das quatro a\u00e7\u00f5es,ptg Projeto integrado II Oceano azul \u2013 Modelo das quatro a\u00e7\u00f5es,trabalho pronto Projeto integrado II Oceano azul \u2013 Modelo das quatro a\u00e7\u00f5es,trabalhos prontos Projeto integrado II Oceano azul \u2013 Modelo das quatro a\u00e7\u00f5es,mystudbay Projeto integrado II Oceano azul \u2013 Modelo das quatro a\u00e7\u00f5es,mettzer,mettzer portfolio ead,portfolio mettzer,portf\u00f3lio mettzer,trabalho pronto mettzer,portfolio marketing,portfolio marketing digital,portfolio marketing digital unopar 1 semestre,portfolio marketing digital unopar 3 semestre,portf\u00f3lio marketing digital pdf,portfolio marketing manager,portfolio marketing example,portfolio marketing strategy,portfolio marketing digital exemplo,Portfolio pronto,portifolio pronto,portf\u00f3lio pronto,portifolios prontos,portif\u00f3lios prontos,portf\u00f3lio pronto unopar,portifolio pronto unopar,portif\u00f3lio pronto unopar,portifolios prontos unopar,portifolios prontos anhanguera,portf\u00f3lios prontos anhanguera,portf\u00f3lio pronto anhanguera,portfolios ead,portf\u00f3lios ead,portfolioead,apostileiros,portf\u00f3lio ead,portifolios ead,portif\u00f3lios ead,eadhelp,shop do acad\u00eamico,unopar portfolio,portfolio pronto ead,portfolio unopar ead,ead portfolio ava,portf\u00f3lio ead anhanguera,portf\u00f3lio ead pront,o portf\u00f3lio ead unopar,portf\u00f3lio pronto em word,pti unopar,ptg unopar,modelo de portf\u00f3lio unopar,modelo de portf\u00f3lio anhanguera,como fazer um portf\u00f3lio para faculdade,como faz portf\u00f3lio universidade,como faz portf\u00f3lios para universidade,portf\u00f3lios prontos para universidade,portf\u00f3lios pronto para faculdade,portf\u00f3lio pronto para editar,portifolios prontos para editar,portf\u00f3lio em word,portfolio em word,portf\u00f3lio em word para editar,portifolio em word para editar,portfolio unopar pronto para editar,modelo de portfolio para unopar,modelo de portif\u00f3lio para unopar,modelo de portf\u00f3lio para unopar,unopar portf\u00f3lio pronto,anhanguera portf\u00f3lio pronto,portf\u00f3lio em word pronto,comprar portf\u00f3lio pronto,como fazer um portf\u00f3lio,como fazer portf\u00f3lio digital,portfolio,portf\u00f3lio,portifolio,portif\u00f3lio,portf\u00f3lio interdisciplinar individual,portfolio interdisciplinar individual,exemplos de portf\u00f3lio para faculdade,baixar portf\u00f3lio pronto,portf\u00f3lio acad\u00eamico,portf\u00f3lio online,portfoliooead,portfolio ead,portf\u00f3lio pronto interdisciplinar individual,relat\u00f3rio de est\u00e1gio unopar,relat\u00f3rio de est\u00e1gio pronto unopar,como criar um portf\u00f3lio,o que \u00e9 um portf\u00f3lio e como fazer,portfolio exemplo,modelo de portfolio acad\u00eamico,relat\u00f3rio de est\u00e1gio gest\u00e3o escolar pronto unopar,portf\u00f3lio como fazer,prova profici\u00eancia unopar,portfolio individual est\u00e1gio curricular obrigat\u00f3rio ii anos iniciais do ensino fundamental,prova de profici\u00eancia pedagogia unopar,capa de trabalho unopar para editar,portf\u00f3lio acad\u00eamico unopar,como fazer um portf\u00f3lio acad\u00eamico,portf\u00f3lio exemplos word,portfolio acad\u00eamico,portfolio individual,portfolio individual unopar,portfolio individual anhanguera,portf\u00f3lio educa\u00e7\u00e3o f\u00edsica unopar,portf\u00f3lio gest\u00e3o educacional e espa\u00e7os n\u00e3o escolares,como fazer um portifolio unopar,modelo de portf\u00f3lio unopar em arquivo word,capa de portf\u00f3lio de pedagogia,como fazer um portf\u00f3lio no word,projeto integrado unopar,exemplo de portf\u00f3lio academico pedagogia\" width=\"141\" height=\"141\" srcset=\"https:\/\/portifolioos-prontos.com\/wp-content\/uploads\/2022\/09\/portfolio-unopar-pronto-colaborar-ava-producao-textual-interdisciplinar.png 150w, https:\/\/portifolioos-prontos.com\/wp-content\/uploads\/2022\/09\/portfolio-unopar-pronto-colaborar-ava-producao-textual-interdisciplinar-100x100.png 100w\" sizes=\"(max-width: 141px) 100vw, 141px\" \/><\/p>\n<\/div>\n<\/div>\n<\/div>\n<\/div>\n<div class=\"elementor-toggle-item\">\n<div id=\"elementor-tab-content-1949\" class=\"elementor-tab-content elementor-clearfix elementor-active\" role=\"tabpanel\" data-tab=\"9\" aria-labelledby=\"elementor-tab-title-1949\">\n<p>E-mail:portifoliosp@gmail.com<\/p>\n<div id=\"attachment_143\" class=\"wp-caption alignnone\">\n<div id=\"attachment_143\" class=\"wp-caption alignnone\" style=\"width: 157px;\">\n<p><a href=\"http:\/\/portifolioos-prontos.com\/\"><img loading=\"lazy\" decoding=\"async\" class=\"wp-image-143\" title=\"portfolio pronto unopar\" src=\"https:\/\/i0.wp.com\/portifolioos-prontos.com\/wp-content\/uploads\/2022\/04\/conceitomaximo.png?resize=164%2C47\" alt=\"PORTFOLIO PRONTO UNOPAR ANHANGUERA\" width=\"157\" height=\"45\" aria-describedby=\"caption-attachment-143\" data-recalc-dims=\"1\" \/><\/a><\/p>\n<p id=\"caption-attachment-143\" class=\"wp-caption-text\">Portf\u00f3lio em Word, respondido, completo e j\u00e1 nas normas.<\/p>\n<\/div>\n<\/div>\n<\/div>\n<\/div>\n<p>&nbsp;<\/p>\n","protected":false},"excerpt":{"rendered":"<p>Projeto integrado II Oceano azul \u2013 Modelo das quatro a\u00e7\u00f5es Curso: Marketing Digital Semestres: 1\u00b0 e 2\u00b0 A atividade avaliativa da disciplina Projeto Integrado II, tem como objetivo integrar os conte\u00fados trabalhados no decorrer do semestre, por meio das teorias estudadas e dos contextos situacionais reais ou similares ao ambiente mercadol\u00f3gico. No desenvolvimento deste projeto&hellip;<\/p>\n","protected":false},"featured_media":8582,"template":"","meta":{"_seopress_robots_primary_cat":"none","_seopress_titles_title":"%%post_title%% %%sitetitle%%","_seopress_titles_desc":"%%post_content%%","_seopress_robots_index":""},"product_cat":[49,15],"product_tag":[],"class_list":{"0":"post-6667","1":"product","2":"type-product","3":"status-publish","4":"has-post-thumbnail","6":"product_cat-marketing","7":"product_cat-uncategorized","9":"first","10":"instock","11":"downloadable","12":"virtual","13":"purchasable","14":"product-type-simple","15":"col-xs-6 col-sm-4","16":"col-mf-5","17":"un-5-cols"},"jetpack_sharing_enabled":true,"_links":{"self":[{"href":"https:\/\/portifolioos-prontos.com\/index.php\/wp-json\/wp\/v2\/product\/6667","targetHints":{"allow":["GET"]}}],"collection":[{"href":"https:\/\/portifolioos-prontos.com\/index.php\/wp-json\/wp\/v2\/product"}],"about":[{"href":"https:\/\/portifolioos-prontos.com\/index.php\/wp-json\/wp\/v2\/types\/product"}],"version-history":[{"count":0,"href":"https:\/\/portifolioos-prontos.com\/index.php\/wp-json\/wp\/v2\/product\/6667\/revisions"}],"wp:featuredmedia":[{"embeddable":true,"href":"https:\/\/portifolioos-prontos.com\/index.php\/wp-json\/wp\/v2\/media\/8582"}],"wp:attachment":[{"href":"https:\/\/portifolioos-prontos.com\/index.php\/wp-json\/wp\/v2\/media?parent=6667"}],"wp:term":[{"taxonomy":"product_cat","embeddable":true,"href":"https:\/\/portifolioos-prontos.com\/index.php\/wp-json\/wp\/v2\/product_cat?post=6667"},{"taxonomy":"product_tag","embeddable":true,"href":"https:\/\/portifolioos-prontos.com\/index.php\/wp-json\/wp\/v2\/product_tag?post=6667"}],"curies":[{"name":"wp","href":"https:\/\/api.w.org\/{rel}","templated":true}]}}