{"id":6681,"date":"2022-08-12T11:29:37","date_gmt":"2022-08-12T14:29:37","guid":{"rendered":"https:\/\/portifolioos-prontos.com\/?post_type=product&#038;p=6681"},"modified":"2022-09-14T15:12:13","modified_gmt":"2022-09-14T18:12:13","slug":"portfolio-oficinas-de-matematica-para-o-ensino-medio-2","status":"publish","type":"product","link":"https:\/\/portifolioos-prontos.com\/index.php\/product\/portfolio-oficinas-de-matematica-para-o-ensino-medio-2\/","title":{"rendered":"Portf\u00f3lio Oficinas de Matem\u00e1tica para o Ensino M\u00e9dio"},"content":{"rendered":"<h4>Portf\u00f3lio Oficinas de Matem\u00e1tica para o Ensino M\u00e9dio<\/h4>\n<h4>Curso: Forma\u00e7\u00e3o Pedag\u00f3gica em Matem\u00e1tica<\/h4>\n<h4>Semestre: 3\u00b0<\/h4>\n<hr \/>\n<p>A proposta de Produ\u00e7\u00e3o Textual ter\u00e1 como tem\u00e1tica: Oficinas de Matem\u00e1tica para o Ensino<br \/>\nM\u00e9dio. Escolhemos esta tem\u00e1tica para possibilitar a aprendizagem interdisciplinar dos conte\u00fados<br \/>\ndesenvolvidos nas disciplinas desse semestre.<br \/>\nInicialmente, \u00e9 importante que voc\u00ea realize a leitura atenta da situa\u00e7\u00e3o descrita para, na<br \/>\nsequ\u00eancia, seguir as orienta\u00e7\u00f5es apresentadas em cada uma das etapas subsequentes de modo a<br \/>\norganizar suas ideias para a conclus\u00e3o deste trabalho.<\/p>\n<p><b>ORIENTA\u00c7\u00d5ES DA PRODU\u00c7\u00c3O TEXTUAL<\/b><\/p>\n<p>1. Leitura e interpreta\u00e7\u00e3o da SGA<br \/>\nPor meio da leitura da SGA e, tamb\u00e9m, da situa\u00e7\u00e3o-problema destacada, voc\u00ea deve elaborar uma<br \/>\nprodu\u00e7\u00e3o textual que contemple os objetivos de aprendizagem propostos.<\/p>\n<p><b>SITUA\u00c7\u00c3O GERADORA DE APRENDIZAGEM (SGA)<\/b><\/p>\n<p>O Col\u00e9gio Delta est\u00e1 planejando uma semana de atividades tem\u00e1ticas a serem desenvolvidas<br \/>\ncom os alunos do Ensino M\u00e9dio. Essa proposta visa despertar nos alunos a curiosidade pelos<br \/>\nconhecimentos cient\u00edficos e a associa\u00e7\u00e3o entre diferentes conceitos de uma mesma \u00e1rea e entre<br \/>\n\u00e1reas, com o objetivo de contribuir para a aprendizagem dos conhecimentos das diferentes<br \/>\ndisciplinas.<br \/>\nNesse contexto, voc\u00ea e os demais professores de Matem\u00e1tica decidiram organizar atividades<br \/>\ndiferenciadas com o objetivo de apresentar aos alunos os conhecimentos matem\u00e1ticos a partir de<br \/>\num outro formato, com o intuito de motiv\u00e1-los ao estudo.<br \/>\nAssim, voc\u00ea ficou respons\u00e1vel por organizar algumas das atividades que ser\u00e3o desenvolvidas<br \/>\nnessa semana tem\u00e1tica.<br \/>\nConfira a seguir quais materiais voc\u00ea dever\u00e1 produzir para esse trabalho!<\/p>\n<p><b>SITUA\u00c7\u00c3O-PROBLEMA (SP)<\/b><\/p>\n<p>Para essa semana tem\u00e1tica, voc\u00ea dever\u00e1 elaborar os seguintes materiais.<\/p>\n<p><b>Oficina 1: Geometria Anal\u00edtica e \u00c1lgebra Vetorial<br \/>\n<\/b>A sua primeira tarefa \u00e9 elaborar a primeira oficina individualmente, sem ajuda de outros<br \/>\nprofessores da escola. Para isso, voc\u00ea dever\u00e1 abordar conhecimentos da Geometria Anal\u00edtica e<br \/>\n\u00c1lgebra Vetorial por meio do uso de recursos tecnol\u00f3gicos. Assim, voc\u00ea dever\u00e1 elaborar uma oficina<br \/>\nque utilize um software para abordar algum conhecimento referente a essas \u00e1reas.<br \/>\nA sele\u00e7\u00e3o do conte\u00fado que ser\u00e1 abordado nessa oficina precisa estar de acordo com a Base<br \/>\nNacional Comum Curricular e suas orienta\u00e7\u00f5es para o Ensino M\u00e9dio.<br \/>\nEssa atividade dever\u00e1 contemplar as seguintes informa\u00e7\u00f5es:<br \/>\nT\u00edtulo da atividade;<br \/>\nConte\u00fado, com a indica\u00e7\u00e3o detalhada dos conceitos abordados na atividade;<br \/>\nObjetivos;<\/p>\n<p>A compet\u00eancia espec\u00edfica e a habilidade da Base Nacional Comum Curricular (BNCC) que<br \/>\npodem ser relacionadas com a atividade;<br \/>\nIndica\u00e7\u00e3o do software escolhido;<br \/>\nDescri\u00e7\u00e3o da atividade, contendo todas as informa\u00e7\u00f5es necess\u00e1rias, inclusive com figuras<br \/>\nextra\u00eddas do software durante o desenvolvimento da atividade;<br \/>\nGabarito da atividade e, caso n\u00e3o o tenha, orienta\u00e7\u00f5es detalhadas sobre como essa<br \/>\noficina deve<br \/>\nser desenvolvida.<\/p>\n<p>Para consultar as compet\u00eancias espec\u00edficas e habilidades da Base Nacional Comum Curricular,<\/p>\n<p>acesse o link:\u00a0<a href=\"http:\/\/basenacionalcomum.mec.gov.br\/abase\/#medio\/matematica-e-suas-\" rel=\"nofollow\">http:\/\/basenacionalcomum.mec.gov.br\/abase\/#medio\/matematica-e-suas-<\/a><br \/>\ntecnologias-no-ensinomedio-competencias-especificas-e-habilidades (acesso em 18 jun. 2022).<\/p>\n<p>Poder\u00e1 ser utilizado, por exemplo, os softwares na ilustra\u00e7\u00e3o da resolu\u00e7\u00e3o dos problemas<br \/>\npropostos:<br \/>\n\u2022 Geogebra \u2013 Dispon\u00edvel em:\u00a0<a href=\"https:\/\/www.geogebra.org\/\" rel=\"nofollow\">https:\/\/www.geogebra.org\/<\/a>. Acesso em: 18 jun. 2022.<br \/>\n\u2022 Desmos \u2013 Dispon\u00edvel em:\u00a0<a href=\"https:\/\/www.desmos.com\/\" rel=\"nofollow\">https:\/\/www.desmos.com\/<\/a>. Acesso em: 18 jun. 2022.<br \/>\nA produ\u00e7\u00e3o referente a essa tarefa, contemplando todos os itens indicados no quadro acima,<br \/>\ndeve contemplar de duas a tr\u00eas p\u00e1ginas.<\/p>\n<p><b>Oficina 2: Probabilidade e Estat\u00edstica ou Matem\u00e1tica Financeira<br \/>\n<\/b>A segunda oficina ser\u00e1 realizada em conjunto com um outro professor de Matem\u00e1tica. Assim,<br \/>\nsua responsabilidade nessa oficina ser\u00e1 a de selecionar um v\u00eddeo sobre Probabilidade e Estat\u00edstica<br \/>\nOU sobre Matem\u00e1tica Financeira (escolha apenas UMA dessas op\u00e7\u00f5es, de acordo com a Base<br \/>\nNacional Comum Curricular para o Ensino M\u00e9dio) para ser utilizado na introdu\u00e7\u00e3o da oficina.<br \/>\nAssociado a esse v\u00eddeo, voc\u00ea dever\u00e1 indicar as seguintes informa\u00e7\u00f5es:<br \/>\nO t\u00edtulo do v\u00eddeo;<br \/>\nO link e a data de acesso ao v\u00eddeo;<br \/>\nO tipo de v\u00eddeo (resolu\u00e7\u00e3o de exerc\u00edcios, abordagem hist\u00f3rica, explica\u00e7\u00e3o para algum<br \/>\nconceito etc.);<br \/>\nO conte\u00fado matem\u00e1tico abordado no v\u00eddeo;<br \/>\nA compet\u00eancia espec\u00edfica e a habilidade da Base Nacional Comum Curricular (BNCC)<br \/>\nque podem ser relacionadas ao v\u00eddeo;<br \/>\nUma descri\u00e7\u00e3o para o v\u00eddeo que ser\u00e1 encaminhada ao colega para que ele possa<br \/>\narticular com as demais etapas da oficina.<\/p>\n<p>Para consultar as compet\u00eancias e habilidades da BNCC, utilize o mesmo link apresentado nas<br \/>\norienta\u00e7\u00f5es da oficina 1.<br \/>\nA produ\u00e7\u00e3o desse material, incluindo todos os t\u00f3picos indicados no quadro acima para o<br \/>\nv\u00eddeo, deve contemplar uma p\u00e1gina.<br \/>\n<b>Oficina 3: Geometria Espacial<br \/>\n<\/b>A oficina 3 tamb\u00e9m ser\u00e1 desenvolvida em conjunto com um outro professor de Matem\u00e1tica.<br \/>\nPor isso, sua tarefa, no planejamento dessa oficina, ser\u00e1 a de elaborar um jogo matem\u00e1tico, ou<br \/>\nadaptar um j\u00e1 existente, que aborde algum conte\u00fado de Geometria Espacial, selecionado conforme<br \/>\nas orienta\u00e7\u00f5es da Base Nacional Comum Curricular para o ensino de Matem\u00e1tica no Ensino M\u00e9dio.<br \/>\nAl\u00e9m do jogo, voc\u00ea dever\u00e1 apresentar uma breve discuss\u00e3o acerca das contribui\u00e7\u00f5es dos<br \/>\njogos e atividades l\u00fadicas para o ensino de Matem\u00e1tica na Educa\u00e7\u00e3o B\u00e1sica, principalmente no Ensino<br \/>\nM\u00e9dio. Nesse texto, que deve ter no m\u00ednimo meia p\u00e1gina, voc\u00ea dever\u00e1 citar pelo menos um autor<br \/>\nque reforce as ideias apresentadas por voc\u00ea em seu texto.<br \/>\nAssim, sua produ\u00e7\u00e3o para a oficina 3 deve contemplar as seguintes informa\u00e7\u00f5es:<br \/>\nT\u00edtulo do jogo;<br \/>\nConte\u00fado, com a indica\u00e7\u00e3o detalhada dos conceitos abordados na atividade;<br \/>\nIndica\u00e7\u00e3o das refer\u00eancias, caso seja um jogo adaptado (precisa ser ADAPTADO, n\u00e3o pode<br \/>\nser id\u00eantico a um outro jogo existente);<br \/>\nA compet\u00eancia espec\u00edfica e a habilidade da Base Nacional Comum Curricular (BNCC) que<br \/>\npodem ser relacionadas com esse jogo;<br \/>\nDescri\u00e7\u00e3o detalhada do jogo, com suas regras e manual de como jog\u00e1-lo;<br \/>\nFiguras que indiquem os elementos que constituem esse jogo (como imagens de algumas<br \/>\ndas cartas, ou do tabuleiro etc., conforme o tipo de jogo escolhido por voc\u00ea).<br \/>\nTexto contemplando a discuss\u00e3o sobre as contribui\u00e7\u00f5es de jogos e atividades l\u00fadicas para o<br \/>\nensino de Matem\u00e1tica.<\/p>\n<p>A produ\u00e7\u00e3o referente a essa tarefa, contemplando todos os itens indicados no quadro acima,<br \/>\ndeve contemplar de uma a duas p\u00e1ginas.<\/p>\n<p>ORIENTA\u00c7\u00d5ES PARA A EXECU\u00c7\u00c3O DO TRABALHO<\/p>\n<p>Ap\u00f3s a realiza\u00e7\u00e3o das tarefas, elabore um relat\u00f3rio contemplando todos os estudos<br \/>\nrealizados, organizando-o com base nos seguintes crit\u00e9rios:<\/p>\n<p>Introdu\u00e7\u00e3o: voc\u00ea deve apresentar um texto que contemple os objetivos da produ\u00e7\u00e3o textual,<br \/>\nbem como os principais assuntos que ser\u00e3o discutidos ao longo do trabalho, considerando os<br \/>\nestudos realizados com base nas etapas que comp\u00f5em a produ\u00e7\u00e3o, elaborando um texto de 1<br \/>\np\u00e1gina.<br \/>\nDesenvolvimento: ser\u00e1 composto por:<br \/>\n\u2022 Oficina 1 (2 a 3 p\u00e1ginas)<br \/>\n\u2022 V\u00eddeo para a oficina 2 (1 p\u00e1gina)<br \/>\n\u2022 Jogo para a oficina 3 (1 a 2 p\u00e1ginas)<br \/>\nConsidera\u00e7\u00f5es finais: voc\u00ea deve apresentar uma reflex\u00e3o a respeito das contribui\u00e7\u00f5es do<br \/>\ntrabalho desenvolvido por voc\u00ea para o ensino de Matem\u00e1tica no Ensino M\u00e9dio, indicando as<br \/>\npotencialidades das oficinas para a aprendizagem da Matem\u00e1tica, comentando o uso de jogos e<br \/>\nrecursos tecnol\u00f3gicos. O texto elaborado deve conter 1 p\u00e1gina.<br \/>\nRefer\u00eancias: apresentar todas as refer\u00eancias utilizadas na elabora\u00e7\u00e3o da produ\u00e7\u00e3o. Considere<br \/>\ntodas as refer\u00eancias que voc\u00ea consultou em cada uma das tarefas, fazendo as cita\u00e7\u00f5es conforme<br \/>\nas normas da ABNT.<br \/>\nAnexos: apresentar os anexos, se houver.<\/p>\n<div class=\"elementor-toggle-item\" style=\"box-sizing: border-box;\">\n<h4 id=\"elementor-tab-title-1941\" class=\"elementor-tab-title elementor-active\" style=\"box-sizing: border-box; color: var(--mf-dark-color);\" tabindex=\"0\" role=\"tab\" data-tab=\"1\" aria-controls=\"elementor-tab-content-1941\" aria-expanded=\"true\" aria-selected=\"true\">Como funciona?<\/h4>\n<div id=\"elementor-tab-content-1941\" class=\"elementor-tab-content elementor-clearfix elementor-active\" style=\"box-sizing: border-box;\" role=\"tabpanel\" data-tab=\"1\" aria-labelledby=\"elementor-tab-title-1941\">\n<p style=\"box-sizing: border-box;\">Elaboramos os portf\u00f3lios, j\u00e1 deixamos prontos, nas normas da ABNT e conforme os requisitos da universidade. F\u00e1cil assim! O MELHOR \u00c9 QUE VOC\u00ca COMPRA E J\u00c1 BAIXA NA HORA O SEU ARQUIVO EM WORD! Sabemos que conciliar trabalho, fam\u00edlia, vida profissional e estudos \u00e9 dif\u00edcil hoje em dia, por isso, estamos aqui para ajudar voc\u00ea. Conte com nossa qualidade, experi\u00eancia e profissionalismo adquirindo seu portf\u00f3lio conosco. GARANTIMOS SEU CONCEITO!<\/p>\n<h4 style=\"box-sizing: border-box; color: var(--mf-dark-color);\">Como se realizam os envios?<\/h4>\n<\/div>\n<\/div>\n<div class=\"elementor-toggle-item\" style=\"box-sizing: border-box;\">\n<div id=\"elementor-tab-content-1942\" class=\"elementor-tab-content elementor-clearfix elementor-active\" style=\"box-sizing: border-box;\" role=\"tabpanel\" data-tab=\"2\" aria-labelledby=\"elementor-tab-title-1942\">O seu trabalho \u00e9 disponibilizado pronto, respondido e nas normas j\u00e1 na mesma hora aqui em nosso site na sua \u00e1rea de downloads e tamb\u00e9m no seu e-mail.<\/div>\n<div style=\"box-sizing: border-box;\" role=\"tabpanel\" data-tab=\"2\" aria-labelledby=\"elementor-tab-title-1942\"><\/div>\n<\/div>\n<div class=\"elementor-toggle-item\" style=\"box-sizing: border-box;\">\n<div id=\"elementor-tab-content-1943\" class=\"elementor-tab-content elementor-clearfix elementor-active\" style=\"box-sizing: border-box;\" role=\"tabpanel\" data-tab=\"3\" aria-labelledby=\"elementor-tab-title-1943\">\n<h4 style=\"box-sizing: border-box; color: var(--mf-dark-color);\">Em quanto tempo recebo o portf\u00f3lio?<\/h4>\n<\/div>\n<\/div>\n<div class=\"elementor-toggle-item\" style=\"box-sizing: border-box;\">\n<div id=\"elementor-tab-content-1944\" class=\"elementor-tab-content elementor-clearfix elementor-active\" style=\"box-sizing: border-box;\" role=\"tabpanel\" data-tab=\"4\" aria-labelledby=\"elementor-tab-title-1944\">\n<p style=\"box-sizing: border-box;\">Os envios s\u00e3o imediatos. Ap\u00f3s sua compra, o trabalho j\u00e1 \u00e9 disponibilizado instantaneamente aqui em nosso site e no seu e-mail.<\/p>\n<h4 style=\"box-sizing: border-box; color: var(--mf-dark-color);\">E se o portf\u00f3lio que comprei precisar de corre\u00e7\u00e3o?<\/h4>\n<\/div>\n<\/div>\n<div class=\"elementor-toggle-item\" style=\"box-sizing: border-box;\">\n<div id=\"elementor-tab-content-1945\" class=\"elementor-tab-content elementor-clearfix elementor-active\" style=\"box-sizing: border-box;\" role=\"tabpanel\" data-tab=\"5\" aria-labelledby=\"elementor-tab-title-1945\">\n<p style=\"box-sizing: border-box;\">Caso haja alguma solicita\u00e7\u00e3o de corre\u00e7\u00e3o\/altera\u00e7\u00e3o por parte do tutor, basta entrar em contato conosco pelo\u00a0<a style=\"box-sizing: border-box; background: transparent; transition-property: all;\" href=\"https:\/\/api.whatsapp.com\/send\/?phone=5553984751621&amp;text&amp;app_absent=0\">WhatsApp<\/a>\u00a0que provid\u00eanciaremos sem custo algum.<\/p>\n<h4 style=\"box-sizing: border-box; color: var(--mf-dark-color);\">Qual o formato do arquivo?<\/h4>\n<\/div>\n<\/div>\n<div class=\"elementor-toggle-item\" style=\"box-sizing: border-box;\">\n<div id=\"elementor-tab-content-1946\" class=\"elementor-tab-content elementor-clearfix elementor-active\" style=\"box-sizing: border-box;\" role=\"tabpanel\" data-tab=\"6\" aria-labelledby=\"elementor-tab-title-1946\">\n<p style=\"box-sizing: border-box;\">Os arquivos s\u00e3o enviados em formato Word e s\u00e3o edit\u00e1veis.<\/p>\n<h4 style=\"box-sizing: border-box; color: var(--mf-dark-color);\">Caso eu tiver alguma d\u00favida, terei suporte no p\u00f3s venda?<\/h4>\n<\/div>\n<\/div>\n<div class=\"elementor-toggle-item\" style=\"box-sizing: border-box;\">\n<div id=\"elementor-tab-content-1948\" class=\"elementor-tab-content elementor-clearfix elementor-active\" style=\"box-sizing: border-box;\" role=\"tabpanel\" data-tab=\"8\" aria-labelledby=\"elementor-tab-title-1948\">\n<p style=\"box-sizing: border-box;\">Sim, com certeza. Basta clicar no \u00edcone do WhatsApp no cantinho da tela. Ser\u00e1 um prazer atend\u00ea-lo(a).<\/p>\n<div class=\"elementor-toggle-item\">\n<div id=\"elementor-tab-content-1948\" class=\"elementor-tab-content elementor-clearfix elementor-active\" role=\"tabpanel\" data-tab=\"8\" aria-labelledby=\"elementor-tab-title-1948\">\n<h4>Quais os seus canais de contato?<\/h4>\n<\/div>\n<\/div>\n<div class=\"elementor-toggle-item\">\n<div id=\"elementor-tab-content-1949\" class=\"elementor-tab-content elementor-clearfix elementor-active\" role=\"tabpanel\" data-tab=\"9\" aria-labelledby=\"elementor-tab-title-1949\">\n<p>Whatsapp: 53 984751621 \u2013 Clicar no canto da tela ou ESCANEIE O QRCODE ABAIXO<\/p>\n<p><img decoding=\"async\" class=\"alignnone wp-image-7603\" src=\"http:\/\/portifolioos-prontos.com\/wp-content\/uploads\/2022\/09\/portfolio-unopar-pronto-colaborar-ava-producao-textual-interdisciplinar.png\" alt=\"Oficinas de Matem\u00e1tica para o Ensino M\u00e9dio,portf\u00f3lio\u00a0Oficinas de Matem\u00e1tica para o Ensino M\u00e9dio,Oficinas de Matem\u00e1tica para o Ensino M\u00e9dio portf\u00f3lio,portf\u00f3lio pronto\u00a0Oficinas de Matem\u00e1tica para o Ensino M\u00e9dio,portf\u00f3lio unopar\u00a0Oficinas de Matem\u00e1tica para o Ensino M\u00e9dio,trabalho pronto\u00a0Oficinas de Matem\u00e1tica para o Ensino M\u00e9dio.,Portfolio pronto,portifolio pronto,portf\u00f3lio pronto,portifolios prontos,portif\u00f3lios prontos,portf\u00f3lio pronto unopar,portifolio pronto unopar,portif\u00f3lio pronto unopar,portifolios prontos unopar,portifolios prontos anhanguera,portf\u00f3lios prontos anhanguera,portf\u00f3lio pronto anhanguera,portfolios ead,portf\u00f3lios ead,portfolioead,apostileiros,portf\u00f3lio ead,portifolios ead,portif\u00f3lios ead,eadhelp,shop do acad\u00eamico,unopar portfolio,portfolio pronto ead,portfolio unopar ead,ead portfolio ava,portf\u00f3lio ead anhanguera,portf\u00f3lio ead pront,o portf\u00f3lio ead unopar,portf\u00f3lio pronto em word,pti unopar,ptg unopar,modelo de portf\u00f3lio unopar,modelo de portf\u00f3lio anhanguera,como fazer um portf\u00f3lio para faculdade,como faz portf\u00f3lio universidade,como faz portf\u00f3lios para universidade,portf\u00f3lios prontos para universidade,portf\u00f3lios pronto para faculdade,portf\u00f3lio pronto para editar,portifolios prontos para editar,portf\u00f3lio em word,portfolio em word,portf\u00f3lio em word para editar,portifolio em word para editar,portfolio unopar pronto para editar,modelo de portfolio para unopar,modelo de portif\u00f3lio para unopar,modelo de portf\u00f3lio para unopar,unopar portf\u00f3lio pronto,anhanguera portf\u00f3lio pronto,portf\u00f3lio em word pronto,comprar portf\u00f3lio pronto,como fazer um portf\u00f3lio,como fazer portf\u00f3lio digital,portfolio,portf\u00f3lio,portifolio,portif\u00f3lio,portf\u00f3lio interdisciplinar individual,portfolio interdisciplinar individual,exemplos de portf\u00f3lio para faculdade,baixar portf\u00f3lio pronto,portf\u00f3lio acad\u00eamico,portf\u00f3lio online,portfoliooead,portfolio ead,portf\u00f3lio pronto interdisciplinar individual,relat\u00f3rio de est\u00e1gio unopar,relat\u00f3rio de est\u00e1gio pronto unopar,como criar um portf\u00f3lio,o que \u00e9 um portf\u00f3lio e como fazer,portfolio exemplo,modelo de portfolio acad\u00eamico,relat\u00f3rio de est\u00e1gio gest\u00e3o escolar pronto unopar,portf\u00f3lio como fazer,prova profici\u00eancia unopar,portfolio individual est\u00e1gio curricular obrigat\u00f3rio ii anos iniciais do ensino fundamental,prova de profici\u00eancia pedagogia unopar,capa de trabalho unopar para editar,portf\u00f3lio acad\u00eamico unopar,como fazer um portf\u00f3lio acad\u00eamico,portf\u00f3lio exemplos word,portfolio acad\u00eamico,portfolio individual,portfolio individual unopar,portfolio individual anhanguera,portfolio marketing digital,portf\u00f3lio educa\u00e7\u00e3o f\u00edsica unopar,portf\u00f3lio gest\u00e3o educacional e espa\u00e7os n\u00e3o escolares,como fazer um portifolio unopar,modelo de portf\u00f3lio unopar em arquivo word,capa de portf\u00f3lio de pedagogia,como fazer um portf\u00f3lio no word,projeto integrado unopar,exemplo de portf\u00f3lio academico pedagogia\" width=\"141\" height=\"141\" srcset=\"https:\/\/portifolioos-prontos.com\/wp-content\/uploads\/2022\/09\/portfolio-unopar-pronto-colaborar-ava-producao-textual-interdisciplinar.png 150w, https:\/\/portifolioos-prontos.com\/wp-content\/uploads\/2022\/09\/portfolio-unopar-pronto-colaborar-ava-producao-textual-interdisciplinar-100x100.png 100w\" sizes=\"(max-width: 141px) 100vw, 141px\" \/><\/p>\n<\/div>\n<\/div>\n<\/div>\n<\/div>\n<div class=\"elementor-toggle-item\" style=\"box-sizing: border-box;\">\n<div id=\"elementor-tab-content-1949\" class=\"elementor-tab-content elementor-clearfix elementor-active\" style=\"box-sizing: border-box;\" role=\"tabpanel\" data-tab=\"9\" aria-labelledby=\"elementor-tab-title-1949\">\n<p style=\"box-sizing: border-box;\">E-mail:portifoliosp@gmail.com<\/p>\n<div id=\"attachment_143\" class=\"wp-caption alignnone\" style=\"box-sizing: border-box; padding: 5px; text-align: center; width: 164px;\">\n<div id=\"attachment_143\" class=\"wp-caption alignnone\" style=\"box-sizing: border-box; padding: 5px; width: 174px;\">\n<p><a style=\"box-sizing: border-box; background: transparent; transition-property: all;\" href=\"http:\/\/portifolioos-prontos.com\/\"><img decoding=\"async\" class=\"wp-image-143\" style=\"box-sizing: border-box; vertical-align: middle; display: block; width: 144px; margin: 0px;\" title=\"portfolio pronto unopar\" src=\"https:\/\/i0.wp.com\/portifolioos-prontos.com\/wp-content\/uploads\/2022\/04\/conceitomaximo.png?resize=164%2C47\" alt=\"PORTFOLIO PRONTO UNOPAR ANHANGUERA\" width=\"144\" height=\"41\" aria-describedby=\"caption-attachment-143\" \/><\/a><\/p>\n<p id=\"caption-attachment-143\" class=\"wp-caption-text\" style=\"box-sizing: border-box; margin-right: 0px; margin-bottom: 0px; margin-left: 0px; font-size: small; padding: 5px 0px 0px;\">Portf\u00f3lio em Word, respondido, completo e j\u00e1 nas normas.<\/p>\n<\/div>\n<\/div>\n<\/div>\n<\/div>\n","protected":false},"excerpt":{"rendered":"<p>Portf\u00f3lio Oficinas de Matem\u00e1tica para o Ensino M\u00e9dio Curso: Forma\u00e7\u00e3o Pedag\u00f3gica em Matem\u00e1tica Semestre: 3\u00b0 A proposta de Produ\u00e7\u00e3o Textual ter\u00e1 como tem\u00e1tica: Oficinas de Matem\u00e1tica para o Ensino M\u00e9dio. Escolhemos esta tem\u00e1tica para possibilitar a aprendizagem interdisciplinar dos conte\u00fados desenvolvidos nas disciplinas desse semestre. Inicialmente, \u00e9 importante que voc\u00ea realize a leitura atenta da&hellip;<\/p>\n","protected":false},"featured_media":7832,"template":"","meta":{"_seopress_robots_primary_cat":"none","_seopress_titles_title":"%%post_title%% %%sitetitle%%","_seopress_titles_desc":"%%post_content%%","_seopress_robots_index":""},"product_cat":[47,62,15],"product_tag":[],"class_list":{"0":"post-6681","1":"product","2":"type-product","3":"status-publish","4":"has-post-thumbnail","6":"product_cat-licenciaturas","7":"product_cat-matematica","8":"product_cat-uncategorized","10":"first","11":"instock","12":"downloadable","13":"virtual","14":"purchasable","15":"product-type-simple","16":"col-xs-6 col-sm-4","17":"col-mf-5","18":"un-5-cols"},"jetpack_sharing_enabled":true,"_links":{"self":[{"href":"https:\/\/portifolioos-prontos.com\/index.php\/wp-json\/wp\/v2\/product\/6681","targetHints":{"allow":["GET"]}}],"collection":[{"href":"https:\/\/portifolioos-prontos.com\/index.php\/wp-json\/wp\/v2\/product"}],"about":[{"href":"https:\/\/portifolioos-prontos.com\/index.php\/wp-json\/wp\/v2\/types\/product"}],"version-history":[{"count":0,"href":"https:\/\/portifolioos-prontos.com\/index.php\/wp-json\/wp\/v2\/product\/6681\/revisions"}],"wp:featuredmedia":[{"embeddable":true,"href":"https:\/\/portifolioos-prontos.com\/index.php\/wp-json\/wp\/v2\/media\/7832"}],"wp:attachment":[{"href":"https:\/\/portifolioos-prontos.com\/index.php\/wp-json\/wp\/v2\/media?parent=6681"}],"wp:term":[{"taxonomy":"product_cat","embeddable":true,"href":"https:\/\/portifolioos-prontos.com\/index.php\/wp-json\/wp\/v2\/product_cat?post=6681"},{"taxonomy":"product_tag","embeddable":true,"href":"https:\/\/portifolioos-prontos.com\/index.php\/wp-json\/wp\/v2\/product_tag?post=6681"}],"curies":[{"name":"wp","href":"https:\/\/api.w.org\/{rel}","templated":true}]}}