{"id":6866,"date":"2022-08-18T20:25:53","date_gmt":"2022-08-18T23:25:53","guid":{"rendered":"https:\/\/portifolioos-prontos.com\/?post_type=product&#038;p=6866"},"modified":"2022-09-14T15:11:50","modified_gmt":"2022-09-14T18:11:50","slug":"portfolio-os-desafios-do-ensino-contemporaneo-de-literatura","status":"publish","type":"product","link":"https:\/\/portifolioos-prontos.com\/index.php\/product\/portfolio-os-desafios-do-ensino-contemporaneo-de-literatura\/","title":{"rendered":"Portf\u00f3lio Os desafios do ensino contempor\u00e2neo de literatura"},"content":{"rendered":"<h4>Portf\u00f3lio Os desafios do ensino contempor\u00e2neo de literatura<\/h4>\n<h4>Curso: Segunda Licenciatura em Letras Portugu\u00eas<\/h4>\n<h4>Semestre: 3\u00b0<\/h4>\n<p>A proposta de Produ\u00e7\u00e3o Textual Interdisciplinar Individual (PTI) ter\u00e1 como tem\u00e1tica \u201cOs<br \/>\ndesafios do ensino contempor\u00e2neo de literatura\u201d. Escolhemos essa tem\u00e1tica para possibilitar a<br \/>\naplica\u00e7\u00e3o interdisciplinar dos conte\u00fados desenvolvidos nas disciplinas deste semestre.<\/p>\n<p>ORIENTA\u00c7\u00d5ES DA PRODU\u00c7\u00c3O TEXTUAL<\/p>\n<p>1. Leitura e interpreta\u00e7\u00e3o da SGA<br \/>\nPor meio da leitura da SGA e, tamb\u00e9m, da situa\u00e7\u00e3o-problema destacada, voc\u00ea deve elaborar<br \/>\num plano de aula, teoricamente fundamentado, para a abordagem de conte\u00fados de literatura no<br \/>\nEnsino M\u00e9dio.<\/p>\n<p>Situa\u00e7\u00e3o Geradora de Aprendizagem (SGA)<\/p>\n<p>Helena \u00e9 uma professora de L\u00edngua Portuguesa e Literatura do Ensino M\u00e9dio.<br \/>\nNeste semestre, boa parte de suas aulas est\u00e1 voltada \u00e0 abordagem de obras liter\u00e1rias<br \/>\nindicadas para a prova do vestibular de uma importante universidade da regi\u00e3o, de modo que possa<br \/>\ncolaborar no preparo de seus alunos.<br \/>\nNo fim da aula desta manh\u00e3, durante discuss\u00f5es sobre a obra Quarto de Despejo: di\u00e1rio de<br \/>\numa favelada, da escritora brasileira Carolina Maria de Jesus, um de seus alunos fez o seguinte<br \/>\napontamento:<br \/>\n\u201cProfessora, eu gostei muito do livro e, por isso, decidi pesquisar mais sobre a autora. E, na<br \/>\ninternet, eu encontrei muita coisa sobre a forma de a autora escrever, alguns dizendo que ela<br \/>\nescrevia \u2018errado\u2019, que o texto dela deveria ser revisado. O que voc\u00ea pensa sobre isso?\u201d<br \/>\nHelena, diante do questionamento do aluno, agiu com calma e tranquilidade, justamente por<br \/>\nser essa uma cena comum nas salas de aula de hoje: alunos curiosos, com acesso a uma grande<br \/>\nquantidade de informa\u00e7\u00f5es na internet, e que procuram sempre trazer assuntos pol\u00eamicos para a<br \/>\nescola. Al\u00e9m disso, ela est\u00e1 a par da situa\u00e7\u00e3o, pois tem lido muito a respeito, o que lhe permitiu<br \/>\nmencionar rapidamente com a turma a exist\u00eancia de opini\u00f5es divergentes, algumas das quais<br \/>\nressaltam que \u201cpreservar a grafia e os desvios da norma na obra de Carolina \u00e9 conferir a ela uma<br \/>\nautoria singular\u201d (Ten\u00f3rio, 2021), enquanto outras argumentam que as corre\u00e7\u00f5es deveriam ser<br \/>\nfeitas, pois algumas marcas \u201cn\u00e3o acrescentam nada \u00e0 discuss\u00e3o da sua linguagem e n\u00e3o dignificam<br \/>\nseu texto\u201d (Amarante, 2021).<\/p>\n<p>Helena, por\u00e9m, ciente da complexidade do tema e com pouco tempo para aprofundar a<br \/>\ndiscuss\u00e3o, prometeu aos alunos uma aula dedicada apenas a essa quest\u00e3o. Afinal, trata-se de uma<br \/>\nexcelente oportunidade para que ela revise outros conte\u00fados relevantes, como quest\u00f5es ligadas \u00e0<br \/>\ntextualidade e \u00e0 varia\u00e7\u00e3o lingu\u00edstica manifestas na literatura.<br \/>\nSitua\u00e7\u00e3o-problema:<\/p>\n<p>O desafio da professora Helena, ent\u00e3o, \u00e9 elaborar um plano de aula que permita a abordagem<br \/>\ndo tema, considerando o seu p\u00fablico-alvo (alunos do Ensino M\u00e9dio).<br \/>\nORIENTA\u00c7\u00d5ES PARA A EXECU\u00c7\u00c3O DO TRABALHO<\/p>\n<p>A partir de agora, voc\u00ea deve se colocar na situa\u00e7\u00e3o vivenciada pela professora Helena. Para<br \/>\nisso, sua tarefa \u00e9 elaborar o plano de aula necess\u00e1rio ao seu pr\u00f3ximo encontro com os alunos.<br \/>\nConsiderando as disciplinas estudadas, siga as instru\u00e7\u00f5es a seguir:<br \/>\n1) Inicialmente, reflita sobre estes questionamentos:<br \/>\n\u25cf Quais os desafios do ensino de l\u00edngua e literatura na contemporaneidade?<br \/>\n\u25cf Como aproveitar a curiosidade e os questionamentos dos alunos para o<br \/>\n(re)planejamento da pr\u00e1tica pedag\u00f3gica?<br \/>\n\u25cf Qual o impacto do acesso facilitado dos alunos a informa\u00e7\u00f5es na internet no seu<br \/>\nprocesso de aprendizagem e, especialmente, no trabalho do professor?<br \/>\n\u25cf De que forma os textos liter\u00e1rios contemplados em sala de aula podem ser tomados<br \/>\ncomo uma fonte para o estudo da diversidade lingu\u00edstica?<br \/>\n\u25cf Como o combate ao preconceito lingu\u00edstico pode ser problematizado pela abordagem<br \/>\nde textos liter\u00e1rios?<br \/>\n2) Para aprofundar suas reflex\u00f5es, assista ao v\u00eddeo e leia os textos indicados a seguir:<br \/>\n\u25cf TV Cultura. Esta\u00e7\u00e3o Livre. Carolina Maria de Jesus: Obra e legado da escritora s\u00e3o a<br \/>\npauta do Esta\u00e7\u00e3o Livre. 10 set. 2021. Dispon\u00edvel em:<br \/>\n<a href=\"https:\/\/www.youtube.com\/watch?v=cdcvB7Jr0JY\" rel=\"nofollow\">https:\/\/www.youtube.com\/watch?v=cdcvB7Jr0JY<\/a>. Acesso em: 20 jun. 2022.<br \/>\n\u25cf TEN\u00d3RIO, Jeferson. A gram\u00e1tica de Carolina. Zero Hora, 07 set. 2021. (Anexo 1)<br \/>\n\u25cf AMARANTE, Dirce Waltrick do. Decis\u00e3o de manter desvios gramaticais de Carolina<br \/>\nMaria de Jesus provoca pol\u00eamica em novas edi\u00e7\u00f5es. O Estado de S. Paulo, 25 set.<br \/>\n2021. (Anexo 2)<br \/>\n\u25cf OLIVEIRA, Lu\u00eds Carlos. A abordagem da Sociolingu\u00edstica no ensino de portugu\u00eas.<br \/>\nCaletrosc\u00f3pio, Mariana, v. 4, n. esp., p. 295-313, 2016. (Anexo 3)<\/p>\n<p>PRODU\u00c7\u00c3O TEXTUAL<br \/>\nINTERDISCIPLINAR<br \/>\nINDIVIDUAL \u2013 PTI<br \/>\n3) Por fim, com base em suas reflex\u00f5es e nas leituras sugeridas, al\u00e9m de outras que tenha<br \/>\npesquisado sobre o tema, organize sua produ\u00e7\u00e3o textual interdisciplinar, orientando-se<br \/>\npela seguinte estrutura:<br \/>\n\u25cf Capa e folha de rosto: Utilizar capa e folha de rosto padronizadas da institui\u00e7\u00e3o.<br \/>\n\u25cf Introdu\u00e7\u00e3o: No item introdut\u00f3rio, voc\u00ea deve apresentar o tema da reflex\u00e3o a ser<br \/>\ndesenvolvida, a justificativa e o objetivo da elabora\u00e7\u00e3o do plano de aula. (1 lauda)<br \/>\n\u25cf Desenvolvimento: O desenvolvimento do seu trabalho dever\u00e1 ser organizado em duas<br \/>\npartes:<br \/>\nParte I: Voc\u00ea dever\u00e1 propor uma discuss\u00e3o te\u00f3rica com base no eixo tem\u00e1tico central<br \/>\nda discuss\u00e3o evocada pela situa\u00e7\u00e3o-problema, ou seja, o planejamento de aulas de<br \/>\nliteratura pautadas em quest\u00f5es contempor\u00e2neas. Para isso, voc\u00ea pode retomar as<br \/>\nreflex\u00f5es que realizou a partir das quest\u00f5es apresentadas no item 1 destas<br \/>\norienta\u00e7\u00f5es. Nessa discuss\u00e3o, voc\u00ea deve mobilizar referenciais te\u00f3ricos que versem<br \/>\nsobre o tema. (2 laudas)<br \/>\nParte II: Voc\u00ea dever\u00e1, com o respaldo da discuss\u00e3o te\u00f3rica, apresentar o plano de aula<br \/>\nelaborado. Para isso, poder\u00e1 utilizar o modelo estrutural a seguir: (2 a 3 laudas)<\/p>\n<p>Identifica\u00e7\u00e3o<br \/>\nEscola<br \/>\nProfessor(a)<br \/>\nDisciplina<br \/>\nS\u00e9rie<\/p>\n<p>Conte\u00fado<br \/>\nObjetivos<br \/>\nMetodologia<br \/>\nRecursos<br \/>\nAvalia\u00e7\u00e3o<br \/>\nRefer\u00eancias<br \/>\n\u25cf Considera\u00e7\u00f5es finais: Para a finaliza\u00e7\u00e3o do texto, deve ser feita uma retomada do<br \/>\ntema-base, com a s\u00edntese de suas percep\u00e7\u00f5es sobre o desenvolvimento do plano de<br \/>\naula. (1 lauda)<br \/>\n\u25cf Anexos e\/ou ap\u00eandices: Apresentar, caso sejam utilizados, materiais, imagens,<br \/>\nfotografias ou outros recursos.<\/p>\n<p>\u25cf Refer\u00eancias:\u00a0Apresentar todas as fontes utilizadas para consulta na elabora\u00e7\u00e3o do<br \/>\ntexto.<\/p>\n<div class=\"elementor-toggle-item\">\n<h4 id=\"elementor-tab-title-1941\" class=\"elementor-tab-title elementor-active\" tabindex=\"0\" role=\"tab\" data-tab=\"1\" aria-controls=\"elementor-tab-content-1941\" aria-expanded=\"true\" aria-selected=\"true\">Como funciona?<\/h4>\n<div id=\"elementor-tab-content-1941\" class=\"elementor-tab-content elementor-clearfix elementor-active\" role=\"tabpanel\" data-tab=\"1\" aria-labelledby=\"elementor-tab-title-1941\">\n<p>Elaboramos os portf\u00f3lios, j\u00e1 deixamos prontos, nas normas da ABNT e conforme os requisitos da universidade. F\u00e1cil assim! O MELHOR \u00c9 QUE VOC\u00ca COMPRA E J\u00c1 BAIXA NA HORA O SEU ARQUIVO EM WORD! Sabemos que conciliar trabalho, fam\u00edlia, vida profissional e estudos \u00e9 dif\u00edcil hoje em dia, por isso, estamos aqui para ajudar voc\u00ea. Conte com nossa qualidade, experi\u00eancia e profissionalismo adquirindo seu portf\u00f3lio conosco. GARANTIMOS SEU CONCEITO!<\/p>\n<h4>Como se realizam os envios?<\/h4>\n<\/div>\n<\/div>\n<div class=\"elementor-toggle-item\">\n<div id=\"elementor-tab-content-1942\" class=\"elementor-tab-content elementor-clearfix elementor-active\" role=\"tabpanel\" data-tab=\"2\" aria-labelledby=\"elementor-tab-title-1942\">O seu trabalho \u00e9 disponibilizado pronto, respondido e nas normas j\u00e1 na mesma hora aqui em nosso site na sua \u00e1rea de downloads e tamb\u00e9m no seu e-mail.<\/div>\n<div role=\"tabpanel\" data-tab=\"2\" aria-labelledby=\"elementor-tab-title-1942\"><\/div>\n<h4 role=\"tabpanel\" data-tab=\"2\" aria-labelledby=\"elementor-tab-title-1942\">Quais formas de pagamento para realizar minha compra?<\/h4>\n<\/div>\n<div class=\"elementor-toggle-item\">\n<div id=\"elementor-tab-content-1943\" class=\"elementor-tab-content elementor-clearfix elementor-active\" role=\"tabpanel\" data-tab=\"3\" aria-labelledby=\"elementor-tab-title-1943\">\n<p>Dispomos dos seguintes meios de pagamento PIX, Cart\u00f5es de Cr\u00e9dito e Boleto\u00a0 \u00a0<img decoding=\"async\" class=\"alignnone wp-image-761 jetpack-lazy-image jetpack-lazy-image--handled\" src=\"https:\/\/i0.wp.com\/portifolioos-prontos.com\/wp-content\/uploads\/2022\/04\/portfolio-unopar-pronto-producao-textual-interdisciplinar.webp?resize=106%2C38\" sizes=\"(max-width: 140px) 100vw, 140px\" srcset=\"https:\/\/portifolioos-prontos.com\/wp-content\/uploads\/2022\/04\/portfolio-unopar-pronto-producao-textual-interdisciplinar-300x107.webp 300w, https:\/\/portifolioos-prontos.com\/wp-content\/uploads\/2022\/04\/PIX-1024x364.webp 1024w, https:\/\/portifolioos-prontos.com\/wp-content\/uploads\/2022\/04\/PIX-768x273.webp 768w, https:\/\/portifolioos-prontos.com\/wp-content\/uploads\/2022\/04\/PIX-370x131.webp 370w, https:\/\/portifolioos-prontos.com\/wp-content\/uploads\/2022\/04\/PIX-600x213.webp 600w, https:\/\/portifolioos-prontos.com\/wp-content\/uploads\/2022\/04\/portfolio-unopar-pronto-producao-textual-interdisciplinar.webp 1200w\" alt=\"Os desafios do ensino contempor\u00e2neo de literatura,portf\u00f3lio Os desafios do ensino contempor\u00e2neo de literatura,portf\u00f3lio pronto unopar Os desafios do ensino contempor\u00e2neo de literatura,portfolio pronto unopar Os desafios do ensino contempor\u00e2neo de literatura,portf\u00f3lio ead Os desafios do ensino contempor\u00e2neo de literatura,portfolioo ead Os desafios do ensino contempor\u00e2neo de literatura,portf\u00f3lios prontos Os desafios do ensino contempor\u00e2neo de literatura,portfolio unopar Os desafios do ensino contempor\u00e2neo de literatura,portfolio interdisciplinar individual letras,portf\u00f3lio letras,portfolio letras unopar,Portfolio pronto,portifolio pronto,portf\u00f3lio pronto,portifolios prontos,portif\u00f3lios prontos,portf\u00f3lio pronto unopar,portifolio pronto unopar,portif\u00f3lio pronto unopar,portifolios prontos unopar,portifolios prontos anhanguera,portf\u00f3lios prontos anhanguera,portf\u00f3lio pronto anhanguera,portfolios ead,portf\u00f3lios ead,portfolioead,apostileiros,portf\u00f3lio ead,portifolios ead,portif\u00f3lios ead,eadhelp,shop do acad\u00eamico,unopar portfolio,portfolio pronto ead,portfolio unopar ead,ead portfolio ava,portf\u00f3lio ead anhanguera,portf\u00f3lio ead pront,o portf\u00f3lio ead unopar,portf\u00f3lio pronto em word,pti unopar,ptg unopar,modelo de portf\u00f3lio unopar,modelo de portf\u00f3lio anhanguera,como fazer um portf\u00f3lio para faculdade,como faz portf\u00f3lio universidade,como faz portf\u00f3lios para universidade,portf\u00f3lios prontos para universidade,portf\u00f3lios pronto para faculdade,portf\u00f3lio pronto para editar,portifolios prontos para editar,portf\u00f3lio em word,portfolio em word,portf\u00f3lio em word para editar,portifolio em word para editar,portfolio unopar pronto para editar,modelo de portfolio para unopar,modelo de portif\u00f3lio para unopar,modelo de portf\u00f3lio para unopar,unopar portf\u00f3lio pronto,anhanguera portf\u00f3lio pronto,portf\u00f3lio em word pronto,comprar portf\u00f3lio pronto,como fazer um portf\u00f3lio,como fazer portf\u00f3lio digital,portfolio,portf\u00f3lio,portifolio,portif\u00f3lio,portf\u00f3lio interdisciplinar individual,portfolio interdisciplinar individual,exemplos de portf\u00f3lio para faculdade,baixar portf\u00f3lio pronto,portf\u00f3lio acad\u00eamico,portf\u00f3lio online,portfoliooead,portfolio ead,portf\u00f3lio pronto interdisciplinar individual,relat\u00f3rio de est\u00e1gio unopar,relat\u00f3rio de est\u00e1gio pronto unopar,como criar um portf\u00f3lio,o que \u00e9 um portf\u00f3lio e como fazer,portfolio exemplo,modelo de portfolio acad\u00eamico,relat\u00f3rio de est\u00e1gio gest\u00e3o escolar pronto unopar,portf\u00f3lio como fazer,prova profici\u00eancia unopar,portfolio individual est\u00e1gio curricular obrigat\u00f3rio ii anos iniciais do ensino fundamental,prova de profici\u00eancia pedagogia unopar,capa de trabalho unopar para editar,portf\u00f3lio acad\u00eamico unopar,como fazer um portf\u00f3lio acad\u00eamico,portf\u00f3lio exemplos word,portfolio acad\u00eamico,portfolio individual,portfolio individual unopar,portfolio individual anhanguera,portfolio marketing digital,portf\u00f3lio educa\u00e7\u00e3o f\u00edsica unopar,portf\u00f3lio gest\u00e3o educacional e espa\u00e7os n\u00e3o escolares,como fazer um portifolio unopar,modelo de portf\u00f3lio unopar em arquivo word,capa de portf\u00f3lio de pedagogia,como fazer um portf\u00f3lio no word,projeto integrado unopar,exemplo de portf\u00f3lio academico pedagogia\" width=\"106\" height=\"38\" data-recalc-dims=\"1\" data-lazy-loaded=\"1\" \/>\u00a0\u00a0<img decoding=\"async\" class=\"jetpack-lazy-image jetpack-lazy-image--handled\" src=\"https:\/\/i0.wp.com\/d26lpennugtm8s.cloudfront.net\/assets\/common\/img\/logos\/payment\/visa@2x.png?resize=68%2C43&amp;ssl=1\" width=\"68\" height=\"43\" data-recalc-dims=\"1\" data-lazy-loaded=\"1\" \/><img decoding=\"async\" class=\"jetpack-lazy-image jetpack-lazy-image--handled\" src=\"https:\/\/i0.wp.com\/d26lpennugtm8s.cloudfront.net\/assets\/common\/img\/logos\/payment\/boleto@2x.png?resize=65%2C41&amp;ssl=1\" width=\"65\" height=\"41\" data-recalc-dims=\"1\" data-lazy-loaded=\"1\" \/><img loading=\"lazy\" decoding=\"async\" class=\"jetpack-lazy-image jetpack-lazy-image--handled\" src=\"https:\/\/i0.wp.com\/d26lpennugtm8s.cloudfront.net\/assets\/common\/img\/logos\/payment\/mastercard@2x.png?resize=62%2C39&amp;ssl=1\" width=\"62\" height=\"39\" data-recalc-dims=\"1\" data-lazy-loaded=\"1\" \/><img loading=\"lazy\" decoding=\"async\" class=\"jetpack-lazy-image jetpack-lazy-image--handled\" src=\"https:\/\/i0.wp.com\/d26lpennugtm8s.cloudfront.net\/assets\/common\/img\/logos\/payment\/amex@2x.png?resize=62%2C39&amp;ssl=1\" width=\"62\" height=\"39\" data-recalc-dims=\"1\" data-lazy-loaded=\"1\" \/><img loading=\"lazy\" decoding=\"async\" class=\"jetpack-lazy-image jetpack-lazy-image--handled\" src=\"https:\/\/i0.wp.com\/d26lpennugtm8s.cloudfront.net\/assets\/common\/img\/logos\/payment\/diners@2x.png?resize=60%2C38&amp;ssl=1\" width=\"60\" height=\"38\" data-recalc-dims=\"1\" data-lazy-loaded=\"1\" \/><img loading=\"lazy\" decoding=\"async\" class=\"jetpack-lazy-image jetpack-lazy-image--handled\" src=\"https:\/\/i0.wp.com\/d26lpennugtm8s.cloudfront.net\/assets\/common\/img\/logos\/payment\/br\/elo@2x.png?resize=60%2C38&amp;ssl=1\" width=\"60\" height=\"38\" data-recalc-dims=\"1\" data-lazy-loaded=\"1\" \/><img loading=\"lazy\" decoding=\"async\" class=\"jetpack-lazy-image jetpack-lazy-image--handled\" src=\"https:\/\/i0.wp.com\/d26lpennugtm8s.cloudfront.net\/assets\/common\/img\/logos\/payment\/br\/hipercard@2x.png?resize=65%2C41&amp;ssl=1\" width=\"65\" height=\"41\" data-recalc-dims=\"1\" data-lazy-loaded=\"1\" \/><img loading=\"lazy\" decoding=\"async\" class=\"jetpack-lazy-image jetpack-lazy-image--handled\" src=\"https:\/\/i0.wp.com\/d26lpennugtm8s.cloudfront.net\/assets\/common\/img\/logos\/payment\/mercadopago@2x.png?resize=67%2C42&amp;ssl=1\" width=\"67\" height=\"42\" data-recalc-dims=\"1\" data-lazy-loaded=\"1\" \/><\/p>\n<h4>Em quanto tempo recebo o portf\u00f3lio?<\/h4>\n<\/div>\n<\/div>\n<div class=\"elementor-toggle-item\">\n<div id=\"elementor-tab-content-1944\" class=\"elementor-tab-content elementor-clearfix elementor-active\" role=\"tabpanel\" data-tab=\"4\" aria-labelledby=\"elementor-tab-title-1944\">\n<p>Os envios s\u00e3o imediatos. Ap\u00f3s sua compra, o trabalho j\u00e1 \u00e9 disponibilizado instantaneamente aqui em nosso site e no seu e-mail.<\/p>\n<h4>E se o portf\u00f3lio que comprei precisar de corre\u00e7\u00e3o?<\/h4>\n<\/div>\n<\/div>\n<div class=\"elementor-toggle-item\">\n<div id=\"elementor-tab-content-1945\" class=\"elementor-tab-content elementor-clearfix elementor-active\" role=\"tabpanel\" data-tab=\"5\" aria-labelledby=\"elementor-tab-title-1945\">\n<p>Caso haja alguma solicita\u00e7\u00e3o de corre\u00e7\u00e3o\/altera\u00e7\u00e3o por parte do tutor, basta entrar em contato conosco pelo\u00a0WhatsApp\u00a0que provid\u00eanciaremos sem custo algum.<\/p>\n<h4>Qual o formato do arquivo?<\/h4>\n<\/div>\n<\/div>\n<div class=\"elementor-toggle-item\">\n<div id=\"elementor-tab-content-1946\" class=\"elementor-tab-content elementor-clearfix elementor-active\" role=\"tabpanel\" data-tab=\"6\" aria-labelledby=\"elementor-tab-title-1946\">\n<p>Os arquivos s\u00e3o enviados em formato Word e s\u00e3o edit\u00e1veis.<\/p>\n<h4>Caso eu tiver alguma d\u00favida, terei suporte no p\u00f3s venda?<\/h4>\n<\/div>\n<\/div>\n<div class=\"elementor-toggle-item\">\n<div id=\"elementor-tab-content-1948\" class=\"elementor-tab-content elementor-clearfix elementor-active\" role=\"tabpanel\" data-tab=\"8\" aria-labelledby=\"elementor-tab-title-1948\">\n<p>Sim, com certeza. Basta clicar no \u00edcone do WhatsApp no cantinho da tela. Ser\u00e1 um prazer atend\u00ea-lo(a).<\/p>\n<div class=\"elementor-toggle-item\">\n<div id=\"elementor-tab-content-1948\" class=\"elementor-tab-content elementor-clearfix elementor-active\" role=\"tabpanel\" data-tab=\"8\" aria-labelledby=\"elementor-tab-title-1948\">\n<h4>Quais os seus canais de contato?<\/h4>\n<\/div>\n<\/div>\n<div class=\"elementor-toggle-item\">\n<div id=\"elementor-tab-content-1949\" class=\"elementor-tab-content elementor-clearfix elementor-active\" role=\"tabpanel\" data-tab=\"9\" aria-labelledby=\"elementor-tab-title-1949\">\n<p>Whatsapp: 53 984751621 \u2013 Clicar no canto da tela ou ESCANEIE O QRCODE ABAIXO<\/p>\n<p><img loading=\"lazy\" decoding=\"async\" class=\"alignnone wp-image-7603\" src=\"http:\/\/portifolioos-prontos.com\/wp-content\/uploads\/2022\/09\/portfolio-unopar-pronto-colaborar-ava-producao-textual-interdisciplinar.png\" alt=\"Os desafios do ensino contempor\u00e2neo de literatura,portf\u00f3lio Os desafios do ensino contempor\u00e2neo de literatura,portf\u00f3lio pronto unopar Os desafios do ensino contempor\u00e2neo de literatura,portfolio pronto unopar Os desafios do ensino contempor\u00e2neo de literatura,portf\u00f3lio ead Os desafios do ensino contempor\u00e2neo de literatura,portfolioo ead Os desafios do ensino contempor\u00e2neo de literatura,portf\u00f3lios prontos Os desafios do ensino contempor\u00e2neo de literatura,portfolio unopar Os desafios do ensino contempor\u00e2neo de literatura,portfolio interdisciplinar individual letras,portf\u00f3lio letras,portfolio letras unopar,Portfolio pronto,portifolio pronto,portf\u00f3lio pronto,portifolios prontos,portif\u00f3lios prontos,portf\u00f3lio pronto unopar,portifolio pronto unopar,portif\u00f3lio pronto unopar,portifolios prontos unopar,portifolios prontos anhanguera,portf\u00f3lios prontos anhanguera,portf\u00f3lio pronto anhanguera,portfolios ead,portf\u00f3lios ead,portfolioead,apostileiros,portf\u00f3lio ead,portifolios ead,portif\u00f3lios ead,eadhelp,shop do acad\u00eamico,unopar portfolio,portfolio pronto ead,portfolio unopar ead,ead portfolio ava,portf\u00f3lio ead anhanguera,portf\u00f3lio ead pront,o portf\u00f3lio ead unopar,portf\u00f3lio pronto em word,pti unopar,ptg unopar,modelo de portf\u00f3lio unopar,modelo de portf\u00f3lio anhanguera,como fazer um portf\u00f3lio para faculdade,como faz portf\u00f3lio universidade,como faz portf\u00f3lios para universidade,portf\u00f3lios prontos para universidade,portf\u00f3lios pronto para faculdade,portf\u00f3lio pronto para editar,portifolios prontos para editar,portf\u00f3lio em word,portfolio em word,portf\u00f3lio em word para editar,portifolio em word para editar,portfolio unopar pronto para editar,modelo de portfolio para unopar,modelo de portif\u00f3lio para unopar,modelo de portf\u00f3lio para unopar,unopar portf\u00f3lio pronto,anhanguera portf\u00f3lio pronto,portf\u00f3lio em word pronto,comprar portf\u00f3lio pronto,como fazer um portf\u00f3lio,como fazer portf\u00f3lio digital,portfolio,portf\u00f3lio,portifolio,portif\u00f3lio,portf\u00f3lio interdisciplinar individual,portfolio interdisciplinar individual,exemplos de portf\u00f3lio para faculdade,baixar portf\u00f3lio pronto,portf\u00f3lio acad\u00eamico,portf\u00f3lio online,portfoliooead,portfolio ead,portf\u00f3lio pronto interdisciplinar individual,relat\u00f3rio de est\u00e1gio unopar,relat\u00f3rio de est\u00e1gio pronto unopar,como criar um portf\u00f3lio,o que \u00e9 um portf\u00f3lio e como fazer,portfolio exemplo,modelo de portfolio acad\u00eamico,relat\u00f3rio de est\u00e1gio gest\u00e3o escolar pronto unopar,portf\u00f3lio como fazer,prova profici\u00eancia unopar,portfolio individual est\u00e1gio curricular obrigat\u00f3rio ii anos iniciais do ensino fundamental,prova de profici\u00eancia pedagogia unopar,capa de trabalho unopar para editar,portf\u00f3lio acad\u00eamico unopar,como fazer um portf\u00f3lio acad\u00eamico,portf\u00f3lio exemplos word,portfolio acad\u00eamico,portfolio individual,portfolio individual unopar,portfolio individual anhanguera,portfolio marketing digital,portf\u00f3lio educa\u00e7\u00e3o f\u00edsica unopar,portf\u00f3lio gest\u00e3o educacional e espa\u00e7os n\u00e3o escolares,como fazer um portifolio unopar,modelo de portf\u00f3lio unopar em arquivo word,capa de portf\u00f3lio de pedagogia,como fazer um portf\u00f3lio no word,projeto integrado unopar,exemplo de portf\u00f3lio academico pedagogia\" width=\"141\" height=\"141\" srcset=\"https:\/\/portifolioos-prontos.com\/wp-content\/uploads\/2022\/09\/portfolio-unopar-pronto-colaborar-ava-producao-textual-interdisciplinar.png 150w, https:\/\/portifolioos-prontos.com\/wp-content\/uploads\/2022\/09\/portfolio-unopar-pronto-colaborar-ava-producao-textual-interdisciplinar-100x100.png 100w\" sizes=\"(max-width: 141px) 100vw, 141px\" \/><\/p>\n<\/div>\n<\/div>\n<\/div>\n<\/div>\n<div class=\"elementor-toggle-item\">\n<div id=\"elementor-tab-content-1949\" class=\"elementor-tab-content elementor-clearfix elementor-active\" role=\"tabpanel\" data-tab=\"9\" aria-labelledby=\"elementor-tab-title-1949\">\n<p>E-mail:portifoliosp@gmail.com<\/p>\n<div id=\"attachment_143\" class=\"wp-caption alignnone\">\n<div id=\"attachment_143\" class=\"wp-caption alignnone\" style=\"width: 158px;\"><a href=\"http:\/\/portifolioos-prontos.com\/\"><img loading=\"lazy\" decoding=\"async\" class=\"wp-image-143 jetpack-lazy-image jetpack-lazy-image--handled\" title=\"portfolio pronto unopar\" src=\"https:\/\/i0.wp.com\/portifolioos-prontos.com\/wp-content\/uploads\/2022\/04\/conceitomaximo.png?resize=161%2C46\" alt=\"PORTFOLIO PRONTO UNOPAR ANHANGUERA\" width=\"158\" height=\"45\" aria-describedby=\"caption-attachment-143\" data-recalc-dims=\"1\" data-lazy-loaded=\"1\" \/><\/a><\/div>\n<\/div>\n<\/div>\n<\/div>\n","protected":false},"excerpt":{"rendered":"<p>Portf\u00f3lio Os desafios do ensino contempor\u00e2neo de literatura Curso: Segunda Licenciatura em Letras Portugu\u00eas Semestre: 3\u00b0 A proposta de Produ\u00e7\u00e3o Textual Interdisciplinar Individual (PTI) ter\u00e1 como tem\u00e1tica \u201cOs desafios do ensino contempor\u00e2neo de literatura\u201d. Escolhemos essa tem\u00e1tica para possibilitar a aplica\u00e7\u00e3o interdisciplinar dos conte\u00fados desenvolvidos nas disciplinas deste semestre. ORIENTA\u00c7\u00d5ES DA PRODU\u00c7\u00c3O TEXTUAL 1. Leitura&hellip;<\/p>\n","protected":false},"featured_media":7818,"template":"","meta":{"_seopress_robots_primary_cat":"none","_seopress_titles_title":"%%post_title%% %%sitetitle%%","_seopress_titles_desc":"%%post_content%%","_seopress_robots_index":""},"product_cat":[114,47,15],"product_tag":[],"class_list":{"0":"post-6866","1":"product","2":"type-product","3":"status-publish","4":"has-post-thumbnail","6":"product_cat-letras","7":"product_cat-licenciaturas","8":"product_cat-uncategorized","10":"first","11":"instock","12":"shipping-taxable","13":"product-type-simple","14":"col-xs-6 col-sm-4","15":"col-mf-5","16":"un-5-cols"},"jetpack_sharing_enabled":true,"_links":{"self":[{"href":"https:\/\/portifolioos-prontos.com\/index.php\/wp-json\/wp\/v2\/product\/6866","targetHints":{"allow":["GET"]}}],"collection":[{"href":"https:\/\/portifolioos-prontos.com\/index.php\/wp-json\/wp\/v2\/product"}],"about":[{"href":"https:\/\/portifolioos-prontos.com\/index.php\/wp-json\/wp\/v2\/types\/product"}],"version-history":[{"count":0,"href":"https:\/\/portifolioos-prontos.com\/index.php\/wp-json\/wp\/v2\/product\/6866\/revisions"}],"wp:featuredmedia":[{"embeddable":true,"href":"https:\/\/portifolioos-prontos.com\/index.php\/wp-json\/wp\/v2\/media\/7818"}],"wp:attachment":[{"href":"https:\/\/portifolioos-prontos.com\/index.php\/wp-json\/wp\/v2\/media?parent=6866"}],"wp:term":[{"taxonomy":"product_cat","embeddable":true,"href":"https:\/\/portifolioos-prontos.com\/index.php\/wp-json\/wp\/v2\/product_cat?post=6866"},{"taxonomy":"product_tag","embeddable":true,"href":"https:\/\/portifolioos-prontos.com\/index.php\/wp-json\/wp\/v2\/product_tag?post=6866"}],"curies":[{"name":"wp","href":"https:\/\/api.w.org\/{rel}","templated":true}]}}