{"id":6870,"date":"2022-08-18T20:28:47","date_gmt":"2022-08-18T23:28:47","guid":{"rendered":"https:\/\/portifolioos-prontos.com\/?post_type=product&#038;p=6870"},"modified":"2022-09-29T14:09:50","modified_gmt":"2022-09-29T17:09:50","slug":"portfolio-lesao-por-esforco-repetitivo-em-atleta-de-elite","status":"publish","type":"product","link":"https:\/\/portifolioos-prontos.com\/index.php\/product\/portfolio-lesao-por-esforco-repetitivo-em-atleta-de-elite\/","title":{"rendered":"Portf\u00f3lio Les\u00e3o por esfor\u00e7o repetitivo em atleta de elite"},"content":{"rendered":"<h4>Portf\u00f3lio Les\u00e3o por esfor\u00e7o repetitivo em atleta de elite<\/h4>\n<h4>Curso: Fisioterapia<\/h4>\n<h4>Semestre: 6\u00b0 SEM REG\/ 5 \u00b0 SEM FLEX<\/h4>\n<hr \/>\n<p>A proposta de Produ\u00e7\u00e3o Textual Interdisciplinar em Grupo (PTG) ter\u00e1 como tem\u00e1tica \u201cLes\u00e3o<br \/>\npor esfor\u00e7o repetitivo em atleta de elite\u201d. Esta tem\u00e1tica foi desenvolvida com intuito de aliar os<br \/>\naspectos pr\u00e1ticos da fisioterapia desportiva com o conhecimento da biomec\u00e2nica da les\u00e3o por<br \/>\nesfor\u00e7o repetitivo.<br \/>\nPara tanto, apresentamos a seguir as orienta\u00e7\u00f5es da atividade.<\/p>\n<p>Situa\u00e7\u00e3o Geradora de Aprendizagem (SGA)<\/p>\n<p>Uma tenista de 14 anos de idade chegou \u00e0 cl\u00ednica de fisioterapia com uma hist\u00f3ria de duas semanas<br \/>\nde dor na parte posterior do ombro direito. A paciente joga t\u00eanis desde os 8 anos e n\u00e3o posssui<br \/>\nhist\u00f3rico pr\u00e9vio de dor no ombro. Pratica t\u00eanis todos os dias, com um dia de folga ocasional (1-2 dias<br \/>\npor m\u00eas). A sua dor ocorre principalmente durante o saque nas fases de contato e de<br \/>\nacompanhamento (follow-through) inicial, bem como durante os golpes de forehand. Ela usa uma<br \/>\nempunhadura semi-western em sua direita (i.e., empunhadura moderna na qual a m\u00e3o \u00e9<br \/>\nligeiramente girada atr\u00e1s do cabo da raquete comparada com a empunhadura eastern mais<br \/>\ntradicional). Nega quaisquer mudan\u00e7as recentes na t\u00e9cnica ou no volume de treinamento. Est\u00e1 se<br \/>\npreparando para uma s\u00e9rie de torneios de alto n\u00edvel que come\u00e7am em 30 dias. A paciente n\u00e3o relata<\/p>\n<p>sintomas neurol\u00f3gicos distal em sua extremidade superior direita e n\u00e3o apresenta hist\u00f3ria de doen\u00e7a<br \/>\nou complica\u00e7\u00f5es pertinentes. Classifica sua dor como 8 (em uma escala de classifica\u00e7\u00e3o num\u00e9rica da<br \/>\ndor de 0 a 10) durante os forehands e saques e 0 em repouso. Relata que seu ombro parece muito<br \/>\nfraco e cansado durante os saques e voleios. Na academia, come\u00e7ou um levantamento de peso<br \/>\ntradicional incluindo supino, eleva\u00e7\u00f5es laterais, rosca direta e flex\u00f5es de bra\u00e7o (apoio). A paciente foi<br \/>\nencaminhada \u00e0 fisioterapia por seu ortopedista pedi\u00e1trico ap\u00f3s a realiza\u00e7\u00e3o de radiografias padr\u00f5es.<br \/>\nOs raios X apresentaram achados normais, com orienta\u00e7\u00e3o da placa de crescimento normal para sua<br \/>\nidade de desenvolvimento. (Fonte: BRUMITT, J. Casos cl\u00ednicos em fisioterapia esportiva [recurso<br \/>\neletr\u00f4nico] \/ Jason Brumitt; tradu\u00e7\u00e3o: Maria da Gra\u00e7a Figueir\u00f3 da Silva Toledo; revis\u00e3o t\u00e9cnica:<br \/>\nSilviane Machado Vezzani. \u2013 Porto Alegre: AMGH, 2017)<\/p>\n<p>Baseado na situa\u00e7\u00e3o geradora de aprendizagem, o aluno dever\u00e1 produzir um texto que aborde<br \/>\ntodos os t\u00f3picos mencionados abaixo:<br \/>\nPara isso, busquem solu\u00e7\u00f5es para os problemas apresentados, mas, lembrem-se de que TODOS os<br \/>\ndesafios propostos devem ser respondidos fazendo articula\u00e7\u00f5es com a SGA apresentada e a teoria<br \/>\nrespectiva. Logo, \u00e9 fundamental apresentar poder argumentativo e boa fundamenta\u00e7\u00e3o das<br \/>\njustificativas.<\/p>\n<p>DESAFIOS PROPOSTOS<\/p>\n<p>DESAFIO 1<br \/>\nConsiderando o caso acima qual prov\u00e1vel diagn\u00f3stico da atleta? Discorra um texto sobre o assunto e<br \/>\nseu mecanismo de trauma.<\/p>\n<p>DESAFIO 2<br \/>\nEsta paciente foi encaminhada para tratamento fisioterap\u00eautico e voc\u00ea \u00e9 o fisioterapeuta refer\u00eancia<br \/>\nem reabilita\u00e7\u00e3o desportiva da sua regi\u00e3o e ser\u00e1 o respons\u00e1vel por promover o retorno dela aos<br \/>\ntreinamentos e competi\u00e7\u00f5es. Dentro deste contexto, como deve ser a abordagem fisioterap\u00eautica<br \/>\ndesde a avalia\u00e7\u00e3o at\u00e9 o plano de tratamento com os objetivos e condutas para esta paciente.<\/p>\n<p>DESAFIO 3<br \/>\nA pr\u00e1tica esportiva em crian\u00e7as e adolescentes est\u00e1 associada a diversos benef\u00edcios entre eles,<br \/>\ncardiovasculares, cognitivo e motor, al\u00e9m de uma menor probabilidade de obesidade. Entretanto,<br \/>\num ter\u00e7o das crian\u00e7as e adolescentes que participam de esportes enfrentar\u00e1 uma les\u00e3o que exigir\u00e1<br \/>\ntratamento. Assim, \u00e9 importante que os profissionais da sa\u00fade que lidam com o p\u00fablico infantil<br \/>\ntenham no\u00e7\u00e3o das les\u00f5es mais frequentes e das interven\u00e7\u00f5es mais efetivas, sejam elas voltadas para<br \/>\npreven\u00e7\u00e3o ou reabilita\u00e7\u00e3o, al\u00e9m de entender as peculiaridades do sistema musculoesquel\u00e9tico nessa<br \/>\nfaixa et\u00e1ria. Pensando nisso, elabore um texto argumentativo acerca das diferen\u00e7as do sistema<br \/>\nmusculoesquel\u00e9tico entre os adultos e adolescentes.<\/p>\n<p>Lembre-se de que seu Tutor a Dist\u00e2ncia est\u00e1 \u00e0 disposi\u00e7\u00e3o para lhes atender em suas d\u00favidas<br \/>\ne, tamb\u00e9m, para repassar orienta\u00e7\u00f5es sempre que voc\u00eas precisarem. Aproveite esta oportunidade<br \/>\npara realizar um trabalho com a qualidade acad\u00eamica de n\u00edvel universit\u00e1rio.<\/p>\n<div class=\"elementor-toggle-item\">\n<h4 id=\"elementor-tab-title-1941\" class=\"elementor-tab-title elementor-active\" tabindex=\"0\" role=\"tab\" data-tab=\"1\" aria-controls=\"elementor-tab-content-1941\" aria-expanded=\"true\" aria-selected=\"true\">Como funciona?<\/h4>\n<div id=\"elementor-tab-content-1941\" class=\"elementor-tab-content elementor-clearfix elementor-active\" role=\"tabpanel\" data-tab=\"1\" aria-labelledby=\"elementor-tab-title-1941\">\n<p>Elaboramos os portf\u00f3lios, j\u00e1 deixamos prontos, nas normas da ABNT e conforme os requisitos da universidade. F\u00e1cil assim! O MELHOR \u00c9 QUE VOC\u00ca COMPRA E J\u00c1 BAIXA NA HORA O SEU ARQUIVO EM WORD! Sabemos que conciliar trabalho, fam\u00edlia, vida profissional e estudos \u00e9 dif\u00edcil hoje em dia, por isso, estamos aqui para ajudar voc\u00ea. Conte com nossa qualidade, experi\u00eancia e profissionalismo adquirindo seu portf\u00f3lio conosco. GARANTIMOS SEU CONCEITO!<\/p>\n<h4>Como se realizam os envios?<\/h4>\n<\/div>\n<\/div>\n<div class=\"elementor-toggle-item\">\n<div id=\"elementor-tab-content-1942\" class=\"elementor-tab-content elementor-clearfix elementor-active\" role=\"tabpanel\" data-tab=\"2\" aria-labelledby=\"elementor-tab-title-1942\">O seu trabalho \u00e9 disponibilizado pronto, respondido e nas normas j\u00e1 na mesma hora aqui em nosso site na sua \u00e1rea de downloads e tamb\u00e9m no seu e-mail.<\/div>\n<\/div>\n<div class=\"elementor-toggle-item\">\n<div id=\"elementor-tab-content-1943\" class=\"elementor-tab-content elementor-clearfix elementor-active\" role=\"tabpanel\" data-tab=\"3\" aria-labelledby=\"elementor-tab-title-1943\">\n<h4>Em quanto tempo recebo o portf\u00f3lio?<\/h4>\n<\/div>\n<\/div>\n<div class=\"elementor-toggle-item\">\n<div id=\"elementor-tab-content-1944\" class=\"elementor-tab-content elementor-clearfix elementor-active\" role=\"tabpanel\" data-tab=\"4\" aria-labelledby=\"elementor-tab-title-1944\">\n<p>Os envios s\u00e3o imediatos. Ap\u00f3s sua compra, o trabalho j\u00e1 \u00e9 disponibilizado instantaneamente aqui em nosso site e no seu e-mail.<\/p>\n<h4>E se o portf\u00f3lio que comprei precisar de corre\u00e7\u00e3o?<\/h4>\n<\/div>\n<\/div>\n<div class=\"elementor-toggle-item\">\n<div id=\"elementor-tab-content-1945\" class=\"elementor-tab-content elementor-clearfix elementor-active\" role=\"tabpanel\" data-tab=\"5\" aria-labelledby=\"elementor-tab-title-1945\">\n<p>Caso haja alguma solicita\u00e7\u00e3o de corre\u00e7\u00e3o\/altera\u00e7\u00e3o por parte do tutor, basta entrar em contato conosco pelo\u00a0<a href=\"https:\/\/api.whatsapp.com\/send\/?phone=5553984751621&amp;text&amp;app_absent=0\">WhatsApp<\/a>\u00a0que provid\u00eanciaremos sem custo algum.<\/p>\n<h4>Qual o formato do arquivo?<\/h4>\n<\/div>\n<\/div>\n<div class=\"elementor-toggle-item\">\n<div id=\"elementor-tab-content-1946\" class=\"elementor-tab-content elementor-clearfix elementor-active\" role=\"tabpanel\" data-tab=\"6\" aria-labelledby=\"elementor-tab-title-1946\">\n<p>Os arquivos s\u00e3o enviados em formato Word e s\u00e3o edit\u00e1veis.<\/p>\n<h4>Caso eu tiver alguma d\u00favida, terei suporte no p\u00f3s venda?<\/h4>\n<\/div>\n<\/div>\n<div class=\"elementor-toggle-item\">\n<div id=\"elementor-tab-content-1948\" class=\"elementor-tab-content elementor-clearfix elementor-active\" role=\"tabpanel\" data-tab=\"8\" aria-labelledby=\"elementor-tab-title-1948\">\n<p>Sim, com certeza. Basta clicar no \u00edcone do WhatsApp no cantinho da tela. Ser\u00e1 um prazer atend\u00ea-lo(a).<\/p>\n<div class=\"elementor-toggle-item\">\n<div id=\"elementor-tab-content-1948\" class=\"elementor-tab-content elementor-clearfix elementor-active\" role=\"tabpanel\" data-tab=\"8\" aria-labelledby=\"elementor-tab-title-1948\">\n<h4>Quais os seus canais de contato?<\/h4>\n<\/div>\n<\/div>\n<div class=\"elementor-toggle-item\">\n<div id=\"elementor-tab-content-1949\" class=\"elementor-tab-content elementor-clearfix elementor-active\" role=\"tabpanel\" data-tab=\"9\" aria-labelledby=\"elementor-tab-title-1949\">\n<p>Whatsapp: 53 984751621 \u2013 Clicar no canto da tela ou ESCANEIE O QRCODE ABAIXO<\/p>\n<p><img decoding=\"async\" class=\"alignnone wp-image-7603 jetpack-lazy-image jetpack-lazy-image--handled\" src=\"https:\/\/i0.wp.com\/portifolioos-prontos.com\/wp-content\/uploads\/2022\/09\/portfolio-unopar-pronto-colaborar-ava-producao-textual-interdisciplinar.png?resize=141%2C141\" sizes=\"(max-width: 141px) 100vw, 141px\" srcset=\"https:\/\/i0.wp.com\/portifolioos-prontos.com\/wp-content\/uploads\/2022\/09\/portfolio-unopar-pronto-colaborar-ava-producao-textual-interdisciplinar.png?w=150&amp;ssl=1 150w, https:\/\/i0.wp.com\/portifolioos-prontos.com\/wp-content\/uploads\/2022\/09\/portfolio-unopar-pronto-colaborar-ava-producao-textual-interdisciplinar.png?resize=100%2C100&amp;ssl=1 100w\" alt=\"\" width=\"133\" height=\"133\" data-recalc-dims=\"1\" data-lazy-loaded=\"1\" \/><\/p>\n<\/div>\n<\/div>\n<\/div>\n<\/div>\n<div class=\"elementor-toggle-item\">\n<div id=\"elementor-tab-content-1949\" class=\"elementor-tab-content elementor-clearfix elementor-active\" role=\"tabpanel\" data-tab=\"9\" aria-labelledby=\"elementor-tab-title-1949\">\n<p>E-mail:portifoliosp@gmail.com<\/p>\n<div id=\"attachment_143\" class=\"wp-caption alignnone\">\n<div id=\"attachment_143\" class=\"wp-caption alignnone\" style=\"width: 137px;\">\n<p><a href=\"http:\/\/portifolioos-prontos.com\/\"><img decoding=\"async\" class=\"wp-image-143 jetpack-lazy-image jetpack-lazy-image--handled\" title=\"portfolio pronto unopar\" src=\"https:\/\/i0.wp.com\/portifolioos-prontos.com\/wp-content\/uploads\/2022\/04\/conceitomaximo.png?resize=161%2C46\" alt=\"PORTFOLIO PRONTO UNOPAR ANHANGUERA\" width=\"137\" height=\"39\" aria-describedby=\"caption-attachment-143\" data-recalc-dims=\"1\" data-lazy-loaded=\"1\" \/><\/a><\/p>\n<p id=\"caption-attachment-143\" class=\"wp-caption-text\">Portf\u00f3lio em Word, respondido, completo e j\u00e1 nas normas.<\/p>\n<\/div>\n<\/div>\n<\/div>\n<\/div>\n","protected":false},"excerpt":{"rendered":"<p>Portf\u00f3lio Les\u00e3o por esfor\u00e7o repetitivo em atleta de elite Curso: Fisioterapia Semestre: 6\u00b0 SEM REG\/ 5 \u00b0 SEM FLEX A proposta de Produ\u00e7\u00e3o Textual Interdisciplinar em Grupo (PTG) ter\u00e1 como tem\u00e1tica \u201cLes\u00e3o por esfor\u00e7o repetitivo em atleta de elite\u201d. Esta tem\u00e1tica foi desenvolvida com intuito de aliar os aspectos pr\u00e1ticos da fisioterapia desportiva com o&hellip;<\/p>\n","protected":false},"featured_media":7829,"template":"","meta":{"_seopress_robots_primary_cat":"none","_seopress_titles_title":"","_seopress_titles_desc":"","_seopress_robots_index":""},"product_cat":[15],"product_tag":[],"class_list":{"0":"post-6870","1":"product","2":"type-product","3":"status-publish","4":"has-post-thumbnail","6":"product_cat-uncategorized","8":"first","9":"instock","10":"downloadable","11":"virtual","12":"purchasable","13":"product-type-simple","14":"col-xs-6 col-sm-4","15":"col-mf-5","16":"un-5-cols"},"jetpack_sharing_enabled":true,"_links":{"self":[{"href":"https:\/\/portifolioos-prontos.com\/index.php\/wp-json\/wp\/v2\/product\/6870","targetHints":{"allow":["GET"]}}],"collection":[{"href":"https:\/\/portifolioos-prontos.com\/index.php\/wp-json\/wp\/v2\/product"}],"about":[{"href":"https:\/\/portifolioos-prontos.com\/index.php\/wp-json\/wp\/v2\/types\/product"}],"version-history":[{"count":0,"href":"https:\/\/portifolioos-prontos.com\/index.php\/wp-json\/wp\/v2\/product\/6870\/revisions"}],"wp:featuredmedia":[{"embeddable":true,"href":"https:\/\/portifolioos-prontos.com\/index.php\/wp-json\/wp\/v2\/media\/7829"}],"wp:attachment":[{"href":"https:\/\/portifolioos-prontos.com\/index.php\/wp-json\/wp\/v2\/media?parent=6870"}],"wp:term":[{"taxonomy":"product_cat","embeddable":true,"href":"https:\/\/portifolioos-prontos.com\/index.php\/wp-json\/wp\/v2\/product_cat?post=6870"},{"taxonomy":"product_tag","embeddable":true,"href":"https:\/\/portifolioos-prontos.com\/index.php\/wp-json\/wp\/v2\/product_tag?post=6870"}],"curies":[{"name":"wp","href":"https:\/\/api.w.org\/{rel}","templated":true}]}}