{"id":6873,"date":"2022-08-18T20:29:06","date_gmt":"2022-08-18T23:29:06","guid":{"rendered":"https:\/\/portifolioos-prontos.com\/?post_type=product&#038;p=6873"},"modified":"2022-09-22T14:55:54","modified_gmt":"2022-09-22T17:55:54","slug":"portfolio-cursos-da-area-de-ti-o-processamento-de-linguagem-natural-pln","status":"publish","type":"product","link":"https:\/\/portifolioos-prontos.com\/index.php\/product\/portfolio-cursos-da-area-de-ti-o-processamento-de-linguagem-natural-pln\/","title":{"rendered":"Portf\u00f3lio cursos da \u00e1rea de Ti: O processamento de linguagem natural (PLN)"},"content":{"rendered":"<h4>Portf\u00f3lio cursos da \u00e1rea de Ti: O processamento de linguagem natural (PLN)<\/h4>\n<hr \/>\n<p><strong>ATIVIDADES<\/strong><\/p>\n<p><strong>01)<\/strong> O Processamento de Linguagem Natural (PLN)\u00a0\u00e9 a sub\u00e1rea da Intelig\u00eancia Artificial (IA) que estuda<br \/>\na capacidade e as limita\u00e7\u00f5es de uma m\u00e1quina em entender a linguagem dos seres humanos. Descreva<br \/>\no objetivo deste processamento, como funciona e as principais aplica\u00e7\u00f5es da PLN.<br \/>\n<strong>02)<\/strong> Os bancos de dados n\u00e3o relacionais (NoSQL) n\u00e3o possuem um padr\u00e3o \u00fanico de modelagem como vemos<br \/>\nnos relacionais (SQL). No NoSQL, cada banco de dados \u00e9 criado para modelos de dados espec\u00edficos de acordo<br \/>\ncom natureza dos dados que ser\u00e3o armazenados. Isso torna este tipo de modelo muito mais flex\u00edvel e<br \/>\npass\u00edvel de armazenar grandes quantidades de dados. Neste contexto, explique os dois tipos de banco de<br \/>\ndados NoSQL a seguir<a href=\"http:\/\/portfoliooead.com.br\/\">:<\/a><br \/>\na) chave-valor<br \/>\nb) orientado a documentos<br \/>\n<strong>03)<\/strong> Os indicadores de desempenho podem ser utilizados em v\u00e1rios tipos de dimens\u00f5es de an\u00e1lise,<br \/>\nobservados desde a parte estrat\u00e9gica da organiza\u00e7\u00e3o, passando pelo processo de produ\u00e7\u00e3o (ou<br \/>\npresta\u00e7\u00e3o de servi\u00e7os) e indo at\u00e9 os aspectos de faturamento e lucratividade para fins de verifica\u00e7\u00e3o.<br \/>\nDescreva com detalhes as caracter\u00edsticas dos seguintes indicadores: estrat\u00e9gicas, qualidade,<br \/>\ncapacidade e produtividade.<br \/>\n<strong>04)<\/strong> A seguran\u00e7a digital ou seguran\u00e7a de dados, serve para proteger as informa\u00e7\u00f5es dos usu\u00e1rios que s\u00e3o<br \/>\ncompartilhadas na internet. Isso \u00e9 feito atrav\u00e9s de estrat\u00e9gias e ferramentas espec\u00edficas. Entre elas est\u00e3o<br \/>\nsoftwares, antiv\u00edrus, biometria, entre outros.<br \/>\nA seguran\u00e7a de dados ou informa\u00e7\u00f5es diz respeito a todas as a\u00e7\u00f5es tomadas\u2014sejam elas preventivas ou<br \/>\nreativas\u2014 com o intuito de preservar as informa\u00e7\u00f5es que os usu\u00e1rios compartilham na internet.<br \/>\nO objetivo \u00e9 proteger os dados contra roubos, modifica\u00e7\u00f5es n\u00e3o autorizadas e acessos maliciosos de terceiros.<br \/>\nA seguran\u00e7a digital tamb\u00e9m \u00e9 primordial para sites e redes sociais. Um site seguro, protege os dados dos<br \/>\nclientes, al\u00e9m de passar mais credibilidade.<\/p>\n<p>Fonte:<a href=\"https:\/\/rockcontent.com\/br\/blog\/seguranca-de-dados\/\" rel=\"nofollow\">https:\/\/rockcontent.com\/br\/blog\/seguranca-de-dados\/<\/a><br \/>\na)Pesquise, defina e exemplifique o mascaramento de dados e a anonimiza\u00e7\u00e3o de dados.<br \/>\n<strong>05)<\/strong> Um caso de pr\u00e1tica<br \/>\nIdentifica\u00e7\u00e3o de requisitos funcionais e n\u00e3o funcionais por meio do uso de Storylling<br \/>\nJo\u00e3o \u00e9 um jovem empres\u00e1rio e busca alavancar sua startup e, gra\u00e7as a um amigo, conseguiu uma reuni\u00e3o<br \/>\npara apresentar suas ideias a investidores. Como a reuni\u00e3o \u00e9 em outro estado, Jo\u00e3o s\u00f3 conseguir\u00e1 ir de avi\u00e3o<br \/>\ne, coincidentemente, acabou recebendo uma promo\u00e7\u00e3o de 60% de desconto na passagem para daqui a 6 dias.<br \/>\nQuando estava prestes a comprar a passagem, Jo\u00e3o se lembrou que precisava do seu novo tablet que havia<br \/>\ncomprado online h\u00e1 alguns dias. Mesmo o frete garantindo uma entrega um tanto quanto r\u00e1pida, ele ficou meio<br \/>\nreceoso e entrou em desespero ao ver as passagens se esgotando \u00e0 sua frente.<br \/>\nDesesperado, Jo\u00e3o pediu ajuda no Facebook e uma colega de faculdade falou do aplicativo dos Correios, que<br \/>\npoderia ser \u00fatil j\u00e1 que ele permite rastrear encomendas e acompanhar o trajeto do pedido, poderia indicar um<br \/>\nlocal ou loja para retirar o produto bem como a disponibiliza\u00e7\u00e3o de um mapa dos locais de retirada e os hor\u00e1rios<br \/>\nde funcionamento, caso quisesse retirar seu produto em uma loja f\u00edsica ou ainda se quisesse poderia receber<br \/>\nno seu endere\u00e7o, sabendo quando seria entregue. No mesmo instante, Jo\u00e3o baixou o aplicativo e inseriu o<br \/>\nc\u00f3digo de rastreio de seu pedido, foi quando o inesperado aconteceu\u2026<br \/>\nQuando fez a busca, Jo\u00e3o ficou extremamente surpreso e feliz ao perceber que o app realmente informava<br \/>\nonde sua encomenda estava! Al\u00e9m de falar todos os processos que passou e onde a encomenda estava, Jo\u00e3o<br \/>\ndescobriu o dia que chegaria: dois dias antes da viagem Gra\u00e7as ao aplicativo, Jo\u00e3o economizou em sua<br \/>\npassagem e nesse momento est\u00e1 retornando para casa depois de ter conseguido investidores para sua futura<br \/>\nempresa.<br \/>\n1- Com base nos textos acima descreva no m\u00ednimo 2 requisitos funcional e 5 requisitos n\u00e3o funcionais<br \/>\n<strong>06)<\/strong> A governan\u00e7a de dados trata-se de uma gest\u00e3o que tem como objetivo estruturar, organizar e usar de<br \/>\nforma inteligente os dados da organiza\u00e7\u00e3o. Para ser bem executada, depende de quatro fatores: pol\u00edticas,<br \/>\nprocessos, recursos humanos e tecnol\u00f3gicos.<br \/>\nDeve contar com manual de conduta e c\u00f3digos, que devem estar dispon\u00edveis para acesso de todos dentro da<br \/>\nempresa, de forma a assegurar que as informa\u00e7\u00f5es ser\u00e3o administradas cumprindo os requisitos e padr\u00f5es<br \/>\nestabelecidos.<br \/>\nRealizar a governan\u00e7a de dados se torna um fator importante nos dias de hoje, pois com uma boa gest\u00e3o de<br \/>\ndados sua empresa ganha embasamento para tomar melhores decis\u00f5es de neg\u00f3cio, resultando em maior<br \/>\nlucratividade.<br \/>\n1- Conforme descrito no texto acima cite e explique ao menos 5 das boas pr\u00e1ticas existentes na literatura sobre<br \/>\nde governan\u00e7a de dados<\/p>\n<div class=\"elementor-toggle-item\">\n<h4 id=\"elementor-tab-title-1941\" class=\"elementor-tab-title elementor-active\" tabindex=\"0\" role=\"tab\" data-tab=\"1\" aria-controls=\"elementor-tab-content-1941\" aria-expanded=\"true\" aria-selected=\"true\">Como funciona?<\/h4>\n<div id=\"elementor-tab-content-1941\" class=\"elementor-tab-content elementor-clearfix elementor-active\" role=\"tabpanel\" data-tab=\"1\" aria-labelledby=\"elementor-tab-title-1941\">\n<p>Elaboramos os portf\u00f3lios, j\u00e1 deixamos prontos, nas normas da ABNT e conforme os requisitos da universidade. F\u00e1cil assim! O MELHOR \u00c9 QUE VOC\u00ca COMPRA E J\u00c1 BAIXA NA HORA O SEU ARQUIVO EM WORD! Sabemos que conciliar trabalho, fam\u00edlia, vida profissional e estudos \u00e9 dif\u00edcil hoje em dia, por isso, estamos aqui para ajudar voc\u00ea. Conte com nossa qualidade, experi\u00eancia e profissionalismo adquirindo seu portf\u00f3lio conosco. GARANTIMOS SEU CONCEITO!<\/p>\n<h4>Como se realizam os envios?<\/h4>\n<\/div>\n<\/div>\n<div class=\"elementor-toggle-item\">\n<div id=\"elementor-tab-content-1942\" class=\"elementor-tab-content elementor-clearfix elementor-active\" role=\"tabpanel\" data-tab=\"2\" aria-labelledby=\"elementor-tab-title-1942\">O seu trabalho \u00e9 disponibilizado pronto, respondido e nas normas j\u00e1 na mesma hora aqui em nosso site na sua \u00e1rea de downloads e tamb\u00e9m no seu e-mail.<\/div>\n<\/div>\n<div class=\"elementor-toggle-item\">\n<div id=\"elementor-tab-content-1943\" class=\"elementor-tab-content elementor-clearfix elementor-active\" role=\"tabpanel\" data-tab=\"3\" aria-labelledby=\"elementor-tab-title-1943\">\n<h4>Em quanto tempo recebo o portf\u00f3lio?<\/h4>\n<\/div>\n<\/div>\n<div class=\"elementor-toggle-item\">\n<div id=\"elementor-tab-content-1944\" class=\"elementor-tab-content elementor-clearfix elementor-active\" role=\"tabpanel\" data-tab=\"4\" aria-labelledby=\"elementor-tab-title-1944\">\n<p>Os envios s\u00e3o imediatos. Ap\u00f3s sua compra, o trabalho j\u00e1 \u00e9 disponibilizado instantaneamente aqui em nosso site e no seu e-mail.<\/p>\n<h4>E se o portf\u00f3lio que comprei precisar de corre\u00e7\u00e3o?<\/h4>\n<\/div>\n<\/div>\n<div class=\"elementor-toggle-item\">\n<div id=\"elementor-tab-content-1945\" class=\"elementor-tab-content elementor-clearfix elementor-active\" role=\"tabpanel\" data-tab=\"5\" aria-labelledby=\"elementor-tab-title-1945\">\n<p>Caso haja alguma solicita\u00e7\u00e3o de corre\u00e7\u00e3o\/altera\u00e7\u00e3o por parte do tutor, basta entrar em contato conosco pelo\u00a0WhatsApp\u00a0que provid\u00eanciaremos sem custo algum.<\/p>\n<h4>Qual o formato do arquivo?<\/h4>\n<\/div>\n<\/div>\n<div class=\"elementor-toggle-item\">\n<div id=\"elementor-tab-content-1946\" class=\"elementor-tab-content elementor-clearfix elementor-active\" role=\"tabpanel\" data-tab=\"6\" aria-labelledby=\"elementor-tab-title-1946\">\n<p>Os arquivos s\u00e3o enviados em formato Word e s\u00e3o edit\u00e1veis.<\/p>\n<h4>Caso eu tiver alguma d\u00favida, terei suporte no p\u00f3s venda?<\/h4>\n<\/div>\n<\/div>\n<div class=\"elementor-toggle-item\">\n<div id=\"elementor-tab-content-1948\" class=\"elementor-tab-content elementor-clearfix elementor-active\" role=\"tabpanel\" data-tab=\"8\" aria-labelledby=\"elementor-tab-title-1948\">\n<p>Sim, com certeza. Basta clicar no \u00edcone do WhatsApp no cantinho da tela. Ser\u00e1 um prazer atend\u00ea-lo(a).<\/p>\n<div class=\"elementor-toggle-item\">\n<div id=\"elementor-tab-content-1948\" class=\"elementor-tab-content elementor-clearfix elementor-active\" role=\"tabpanel\" data-tab=\"8\" aria-labelledby=\"elementor-tab-title-1948\">\n<h4>Quais os seus canais de contato?<\/h4>\n<\/div>\n<\/div>\n<div class=\"elementor-toggle-item\">\n<div id=\"elementor-tab-content-1949\" class=\"elementor-tab-content elementor-clearfix elementor-active\" role=\"tabpanel\" data-tab=\"9\" aria-labelledby=\"elementor-tab-title-1949\">\n<p>Whatsapp: 53 984751621 \u2013 Clicar no canto da tela ou ESCANEIE O QRCODE ABAIXO<\/p>\n<p><img decoding=\"async\" class=\"alignnone wp-image-7603\" src=\"http:\/\/portifolioos-prontos.com\/wp-content\/uploads\/2022\/09\/portfolio-unopar-pronto-colaborar-ava-producao-textual-interdisciplinar.png\" alt=\"portfolio unopar,portfolio interdisciplinar,portfolio interdisciplinar individual,portf\u00f3lio interdisciplinar,portfolio interdisciplinar em grupo,portf\u00f3lio interdisciplinar individual unopar,portfolio interdisciplinar individual educa\u00e7\u00e3o infantil,portfolio interdisciplinar individual como fazer,portfolio interdisciplinar individual servi\u00e7o social,portfolio interdisciplinar individual pti\" width=\"141\" height=\"141\" srcset=\"https:\/\/portifolioos-prontos.com\/wp-content\/uploads\/2022\/09\/portfolio-unopar-pronto-colaborar-ava-producao-textual-interdisciplinar.png 150w, https:\/\/portifolioos-prontos.com\/wp-content\/uploads\/2022\/09\/portfolio-unopar-pronto-colaborar-ava-producao-textual-interdisciplinar-100x100.png 100w\" sizes=\"(max-width: 141px) 100vw, 141px\" \/><\/p>\n<\/div>\n<\/div>\n<\/div>\n<\/div>\n<div class=\"elementor-toggle-item\">\n<div id=\"elementor-tab-content-1949\" class=\"elementor-tab-content elementor-clearfix elementor-active\" role=\"tabpanel\" data-tab=\"9\" aria-labelledby=\"elementor-tab-title-1949\">\n<p>E-mail:portifoliosp@gmail.com<\/p>\n<div id=\"attachment_143\" class=\"wp-caption alignnone\">\n<div id=\"attachment_143\" class=\"wp-caption alignnone\" style=\"width: 144px;\">\n<p><a href=\"http:\/\/portifolioos-prontos.com\/\"><img decoding=\"async\" class=\"wp-image-143 jetpack-lazy-image jetpack-lazy-image--handled\" title=\"portfolio pronto unopar\" src=\"https:\/\/i0.wp.com\/portifolioos-prontos.com\/wp-content\/uploads\/2022\/04\/conceitomaximo.png?resize=161%2C46\" alt=\"PORTFOLIO PRONTO UNOPAR ANHANGUERA\" width=\"144\" height=\"41\" aria-describedby=\"caption-attachment-143\" data-recalc-dims=\"1\" data-lazy-loaded=\"1\" \/><\/a><\/p>\n<p id=\"caption-attachment-143\" class=\"wp-caption-text\">Portf\u00f3lio em Word, respondido, completo e j\u00e1 nas normas.<\/p>\n<\/div>\n<\/div>\n<\/div>\n<\/div>\n","protected":false},"excerpt":{"rendered":"<p>Portf\u00f3lio cursos da \u00e1rea de Ti: O processamento de linguagem natural (PLN) ATIVIDADES 01) O Processamento de Linguagem Natural (PLN)\u00a0\u00e9 a sub\u00e1rea da Intelig\u00eancia Artificial (IA) que estuda a capacidade e as limita\u00e7\u00f5es de uma m\u00e1quina em entender a linguagem dos seres humanos. Descreva o objetivo deste processamento, como funciona e as principais aplica\u00e7\u00f5es da&hellip;<\/p>\n","protected":false},"featured_media":8579,"template":"","meta":{"_seopress_robots_primary_cat":"none","_seopress_titles_title":"","_seopress_titles_desc":"%%post_title%% %%sitetitle%%","_seopress_robots_index":""},"product_cat":[109,58,15],"product_tag":[],"class_list":{"0":"post-6873","1":"product","2":"type-product","3":"status-publish","4":"has-post-thumbnail","6":"product_cat-analise-e-desenvolvimento-de-sistemas","7":"product_cat-cursos-de-t-i","8":"product_cat-uncategorized","10":"first","11":"instock","12":"downloadable","13":"virtual","14":"product-type-simple","15":"col-xs-6 col-sm-4","16":"col-mf-5","17":"un-5-cols"},"jetpack_sharing_enabled":true,"_links":{"self":[{"href":"https:\/\/portifolioos-prontos.com\/index.php\/wp-json\/wp\/v2\/product\/6873","targetHints":{"allow":["GET"]}}],"collection":[{"href":"https:\/\/portifolioos-prontos.com\/index.php\/wp-json\/wp\/v2\/product"}],"about":[{"href":"https:\/\/portifolioos-prontos.com\/index.php\/wp-json\/wp\/v2\/types\/product"}],"version-history":[{"count":0,"href":"https:\/\/portifolioos-prontos.com\/index.php\/wp-json\/wp\/v2\/product\/6873\/revisions"}],"wp:featuredmedia":[{"embeddable":true,"href":"https:\/\/portifolioos-prontos.com\/index.php\/wp-json\/wp\/v2\/media\/8579"}],"wp:attachment":[{"href":"https:\/\/portifolioos-prontos.com\/index.php\/wp-json\/wp\/v2\/media?parent=6873"}],"wp:term":[{"taxonomy":"product_cat","embeddable":true,"href":"https:\/\/portifolioos-prontos.com\/index.php\/wp-json\/wp\/v2\/product_cat?post=6873"},{"taxonomy":"product_tag","embeddable":true,"href":"https:\/\/portifolioos-prontos.com\/index.php\/wp-json\/wp\/v2\/product_tag?post=6873"}],"curies":[{"name":"wp","href":"https:\/\/api.w.org\/{rel}","templated":true}]}}