{"id":6876,"date":"2022-08-18T20:29:30","date_gmt":"2022-08-18T23:29:30","guid":{"rendered":"https:\/\/portifolioos-prontos.com\/?post_type=product&#038;p=6876"},"modified":"2022-10-22T11:32:04","modified_gmt":"2022-10-22T14:32:04","slug":"projeto-integrado-cursos-da-area-de-ti","status":"publish","type":"product","link":"https:\/\/portifolioos-prontos.com\/index.php\/product\/projeto-integrado-cursos-da-area-de-ti\/","title":{"rendered":"Projeto Integrado Intelig\u00eancia de Mercado e An\u00e1lise de Dados"},"content":{"rendered":"<h4><a href=\"http:\/\/portifolioos-prontos.com\"><strong>Cursos da \u00c1rea de TI Projeto Integrado Intelig\u00eancia de Mercado e An\u00e1lise de Dados<\/strong><\/a><\/h4>\n<p><strong>\u00a0<\/strong><span class=\"fontstyle0\"><strong>Tarefa 1:<\/strong><br \/>\n<\/span><span class=\"fontstyle2\">Orienta\u00e7\u00e3o a objetos \u00e9 um paradigma aplicado na programa\u00e7\u00e3o que consiste na intera\u00e7\u00e3o entre diversas<br \/>\nunidades chamadas de objetos. Explique os conceitos de\u00a0<\/span><span class=\"fontstyle3\">heran\u00e7a\u00a0<\/span><span class=\"fontstyle2\">e\u00a0<\/span><span class=\"fontstyle3\">polimorfismo\u00a0<\/span><span class=\"fontstyle2\">dando exemplos de<br \/>\nutiliza\u00e7\u00e3o na linguagem Python.<\/span><\/p>\n<p><span class=\"fontstyle0\"><strong>Tarefa 2:<\/strong><br \/>\n<\/span><span class=\"fontstyle2\">Os vetores, tamb\u00e9m chamados de vari\u00e1veis compostas homog\u00eaneas unidimensionais, apresentam uma de<br \/>\nsuas caracter\u00edsticas a capacidade de armazenar valores com uma refer\u00eancia de nome dado ao vetor, sendo<br \/>\ndiferenciados pelo \u00edndice do vetor.<br \/>\nVeja o seguinte c\u00f3digo, em C:<br \/>\n#include&lt;iostream&gt;<br \/>\n#include&lt;stdio.h&gt;<br \/>\nint main()<br \/>\n{<br \/>\nint a[10], i;<br \/>\nfor(i=0;i&lt;10;i++)<br \/>\na[i]=i+i;<br \/>\n}<br \/>\nIdentifique os valores das itera\u00e7\u00f5es abaixo:<br \/>\nO valor do elemento x[3] \u00e9 ___.<br \/>\nO valor do elemento x[9] \u00e9 ___.<\/span><\/p>\n<p><span class=\"fontstyle0\"><strong>Tarefa 3:<\/strong><br \/>\n<\/span><span class=\"fontstyle2\">O Modelo de Entidade-Relacionamentos (MER) foi desenvolvido para aperfei\u00e7oar o projeto do banco de<br \/>\ndados, sendo largamente utilizado apesar de ter sido elaborado na d\u00e9cada 70, continua sendo a principal<br \/>\nt\u00e9cnica para consolidar um banco de dados atrav\u00e9s do mapeamento dos dados necess\u00e1rios para refletir as<br \/>\nnecessidades de requisitos de um sistema.<br \/>\nIndique uma ferramenta CASE que permite a cria\u00e7\u00e3o de um MER para um projeto de banco de dados<br \/>\nrelacional e explique as principais vantagens desta abordagem, inclusive, explanando sobre o grau de<br \/>\nrelacionamento ou de cardinalidade entre as tabelas.<br \/>\nComo base de conhecimento para o desenvolvimento dessa atividade poder\u00e1 utilizar o livro did\u00e1tico do<br \/>\nautor Werlich (2018), unidade 2, se\u00e7\u00e3o 2, Modelagem de Dados.<\/span><\/p>\n<p><span class=\"fontstyle0\"><strong>Tarefa 4:<\/strong><br \/>\n<\/span><span class=\"fontstyle2\">Em Algoritmos e Programa\u00e7\u00e3o Estruturada, temos a busca pela facilita\u00e7\u00e3o da compreens\u00e3o de programas<br \/>\natrav\u00e9s do n\u00famero restrito de mecanismos de controle da execu\u00e7\u00e3o de programas. Fa\u00e7a um programa na<br \/>\nlinguagem C, utilizando qualquer compilador, em que pe\u00e7a como entrada, seu nome, endere\u00e7o e telefone, por<br \/>\nfim, exiba esses dados na tela.<\/span><\/p>\n<p><span class=\"fontstyle0\"><strong>Tarefa 5:<\/strong><br \/>\n<\/span><span class=\"fontstyle2\">Nesse ano de elei\u00e7\u00f5es, os candidatos a presidente est\u00e3o apresentando seus programas de governo. Um desses<br \/>\nprogramas \u00e9 sobre a agricultura familiar. \u00c9 bem interessante, vamos analisar a sua experi\u00eancia.<br \/>\nEle fez uma experi\u00eancia com 13.500 agricultores e verificou-se que:<br \/>\n7.000 plantam arroz;<br \/>\n4.100 plantam banana;<br \/>\n3.100 plantam uva;<br \/>\n2.100 plantam arroz e banana;<br \/>\n1.400 plantam arroz e uva;<br \/>\n1.000 plantam banana e uva;<br \/>\n400 plantam arroz, banana e uva.<br \/>\nTendo essas informa\u00e7\u00f5es, vamos responder com a l\u00f3gica:<br \/>\na) Quantos plantam pelo menos uma das tr\u00eas esp\u00e9cies?<br \/>\nb) Quantos n\u00e3o plantam nenhuma das tr\u00eas esp\u00e9cies?<br \/>\nc) Quantos plantam arroz ou banana, mas n\u00e3o plantam uvas?<br \/>\nd) Quantas plantam apenas uvas?<\/span><\/p>\n<div class=\"elementor-toggle-item\">\n<h4 id=\"elementor-tab-title-1941\" class=\"elementor-tab-title elementor-active\" tabindex=\"0\" role=\"tab\" data-tab=\"1\" aria-controls=\"elementor-tab-content-1941\" aria-expanded=\"true\" aria-selected=\"true\">Como funciona?<\/h4>\n<div id=\"elementor-tab-content-1941\" class=\"elementor-tab-content elementor-clearfix elementor-active\" role=\"tabpanel\" data-tab=\"1\" aria-labelledby=\"elementor-tab-title-1941\">\n<p>Elaboramos os portf\u00f3lios, j\u00e1 deixamos prontos, nas normas da ABNT e conforme os requisitos da universidade. F\u00e1cil assim! O MELHOR \u00c9 QUE VOC\u00ca COMPRA E J\u00c1 BAIXA NA HORA O SEU ARQUIVO EM WORD! Sabemos que conciliar trabalho, fam\u00edlia, vida profissional e estudos \u00e9 dif\u00edcil hoje em dia, por isso, estamos aqui para ajudar voc\u00ea. Conte com nossa qualidade, experi\u00eancia e profissionalismo adquirindo seu portf\u00f3lio conosco. GARANTIMOS SEU CONCEITO!<\/p>\n<h4>Como se realizam os envios?<\/h4>\n<\/div>\n<\/div>\n<div class=\"elementor-toggle-item\">\n<div id=\"elementor-tab-content-1942\" class=\"elementor-tab-content elementor-clearfix elementor-active\" role=\"tabpanel\" data-tab=\"2\" aria-labelledby=\"elementor-tab-title-1942\">O seu trabalho \u00e9 disponibilizado pronto, respondido e nas normas j\u00e1 na mesma hora aqui em nosso site na sua \u00e1rea de downloads e tamb\u00e9m no seu e-mail.<\/div>\n<div role=\"tabpanel\" data-tab=\"2\" aria-labelledby=\"elementor-tab-title-1942\"><\/div>\n<\/div>\n<div class=\"elementor-toggle-item\">\n<div id=\"elementor-tab-content-1943\" class=\"elementor-tab-content elementor-clearfix elementor-active\" role=\"tabpanel\" data-tab=\"3\" aria-labelledby=\"elementor-tab-title-1943\">\n<h4>Em quanto tempo recebo o portf\u00f3lio?<\/h4>\n<\/div>\n<\/div>\n<div class=\"elementor-toggle-item\">\n<div id=\"elementor-tab-content-1944\" class=\"elementor-tab-content elementor-clearfix elementor-active\" role=\"tabpanel\" data-tab=\"4\" aria-labelledby=\"elementor-tab-title-1944\">\n<p>Os envios s\u00e3o imediatos. Ap\u00f3s sua compra, o trabalho j\u00e1 \u00e9 disponibilizado instantaneamente aqui em nosso site e no seu e-mail.<\/p>\n<h4>E se o portf\u00f3lio que comprei precisar de corre\u00e7\u00e3o?<\/h4>\n<\/div>\n<\/div>\n<div class=\"elementor-toggle-item\">\n<div id=\"elementor-tab-content-1945\" class=\"elementor-tab-content elementor-clearfix elementor-active\" role=\"tabpanel\" data-tab=\"5\" aria-labelledby=\"elementor-tab-title-1945\">\n<p>Caso haja alguma solicita\u00e7\u00e3o de corre\u00e7\u00e3o\/altera\u00e7\u00e3o por parte do tutor, basta entrar em contato conosco pelo\u00a0WhatsApp\u00a0que provid\u00eanciaremos sem custo algum.<\/p>\n<h4>Qual o formato do arquivo?<\/h4>\n<\/div>\n<\/div>\n<div class=\"elementor-toggle-item\">\n<div id=\"elementor-tab-content-1946\" class=\"elementor-tab-content elementor-clearfix elementor-active\" role=\"tabpanel\" data-tab=\"6\" aria-labelledby=\"elementor-tab-title-1946\">\n<p>Os arquivos s\u00e3o enviados em formato Word e s\u00e3o edit\u00e1veis.<\/p>\n<h4>Caso eu tiver alguma d\u00favida, terei suporte no p\u00f3s venda?<\/h4>\n<\/div>\n<\/div>\n<div class=\"elementor-toggle-item\">\n<div id=\"elementor-tab-content-1948\" class=\"elementor-tab-content elementor-clearfix elementor-active\" role=\"tabpanel\" data-tab=\"8\" aria-labelledby=\"elementor-tab-title-1948\">\n<p>Sim, com certeza. Basta clicar no \u00edcone do WhatsApp no cantinho da tela. Ser\u00e1 um prazer atend\u00ea-lo(a).<\/p>\n<h4>Quais os seus canais de contato?<\/h4>\n<\/div>\n<\/div>\n<div class=\"elementor-toggle-item\">\n<div id=\"elementor-tab-content-1949\" class=\"elementor-tab-content elementor-clearfix elementor-active\" role=\"tabpanel\" data-tab=\"9\" aria-labelledby=\"elementor-tab-title-1949\">\n<p>Whatsapp: 53 984751621 \u2013 Clicar no canto da tela.<\/p>\n<p>E-mail:portifoliosp@gmail.com<\/p>\n<div id=\"attachment_143\" class=\"wp-caption alignnone\">\n<div id=\"attachment_143\" class=\"wp-caption alignnone\" style=\"width: 154px;\">\n<p><a href=\"http:\/\/portifolioos-prontos.com\/\"><img decoding=\"async\" class=\"wp-image-143 jetpack-lazy-image jetpack-lazy-image--handled\" title=\"portfolio pronto unopar\" src=\"https:\/\/i0.wp.com\/portifolioos-prontos.com\/wp-content\/uploads\/2022\/04\/conceitomaximo.png?resize=164%2C47\" alt=\"PORTFOLIO PRONTO UNOPAR ANHANGUERA\" width=\"154\" height=\"44\" aria-describedby=\"caption-attachment-143\" data-recalc-dims=\"1\" data-lazy-loaded=\"1\" \/><\/a><\/p>\n<p id=\"caption-attachment-143\" class=\"wp-caption-text\">Portf\u00f3lio em Word, respondido, completo e j\u00e1 nas normas.<\/p>\n<\/div>\n<\/div>\n<\/div>\n<\/div>\n","protected":false},"excerpt":{"rendered":"<p>Cursos da \u00c1rea de TI Projeto Integrado Intelig\u00eancia de Mercado e An\u00e1lise de Dados \u00a0Tarefa 1: Orienta\u00e7\u00e3o a objetos \u00e9 um paradigma aplicado na programa\u00e7\u00e3o que consiste na intera\u00e7\u00e3o entre diversas unidades chamadas de objetos. Explique os conceitos de\u00a0heran\u00e7a\u00a0e\u00a0polimorfismo\u00a0dando exemplos de utiliza\u00e7\u00e3o na linguagem Python. Tarefa 2: Os vetores, tamb\u00e9m chamados de vari\u00e1veis compostas homog\u00eaneas&hellip;<\/p>\n","protected":false},"featured_media":3645,"template":"","meta":{"_seopress_robots_primary_cat":"none","_seopress_titles_title":"%%post_title%% %%sitetitle%%","_seopress_titles_desc":"","_seopress_robots_index":""},"product_cat":[109,58,15],"product_tag":[],"class_list":{"0":"post-6876","1":"product","2":"type-product","3":"status-publish","4":"has-post-thumbnail","6":"product_cat-analise-e-desenvolvimento-de-sistemas","7":"product_cat-cursos-de-t-i","8":"product_cat-uncategorized","10":"first","11":"instock","12":"downloadable","13":"virtual","14":"purchasable","15":"product-type-simple","16":"col-xs-6 col-sm-4","17":"col-mf-5","18":"un-5-cols"},"jetpack_sharing_enabled":true,"_links":{"self":[{"href":"https:\/\/portifolioos-prontos.com\/index.php\/wp-json\/wp\/v2\/product\/6876","targetHints":{"allow":["GET"]}}],"collection":[{"href":"https:\/\/portifolioos-prontos.com\/index.php\/wp-json\/wp\/v2\/product"}],"about":[{"href":"https:\/\/portifolioos-prontos.com\/index.php\/wp-json\/wp\/v2\/types\/product"}],"version-history":[{"count":0,"href":"https:\/\/portifolioos-prontos.com\/index.php\/wp-json\/wp\/v2\/product\/6876\/revisions"}],"wp:featuredmedia":[{"embeddable":true,"href":"https:\/\/portifolioos-prontos.com\/index.php\/wp-json\/wp\/v2\/media\/3645"}],"wp:attachment":[{"href":"https:\/\/portifolioos-prontos.com\/index.php\/wp-json\/wp\/v2\/media?parent=6876"}],"wp:term":[{"taxonomy":"product_cat","embeddable":true,"href":"https:\/\/portifolioos-prontos.com\/index.php\/wp-json\/wp\/v2\/product_cat?post=6876"},{"taxonomy":"product_tag","embeddable":true,"href":"https:\/\/portifolioos-prontos.com\/index.php\/wp-json\/wp\/v2\/product_tag?post=6876"}],"curies":[{"name":"wp","href":"https:\/\/api.w.org\/{rel}","templated":true}]}}