{"id":697,"date":"2022-04-29T23:58:46","date_gmt":"2022-04-30T02:58:46","guid":{"rendered":"https:\/\/portifolioos-prontos.com\/?post_type=product&#038;p=697"},"modified":"2022-05-23T14:42:54","modified_gmt":"2022-05-23T17:42:54","slug":"roteiro-aula-pratica-sistemas-operacionais","status":"publish","type":"product","link":"https:\/\/portifolioos-prontos.com\/index.php\/product\/roteiro-aula-pratica-sistemas-operacionais\/","title":{"rendered":"Roteiro Aula Pr\u00e1tica Sistemas Operacionais"},"content":{"rendered":"<h3><strong>Roteiro Aula Pr\u00e1tica Sistemas Operacionais<\/strong><\/h3>\n<p>&nbsp;<\/p>\n<p>Ap\u00f3s a instala\u00e7\u00e3o e configura\u00e7\u00e3o da m\u00e1quina virtual UBUNTU no Virtual Box. Voc\u00ea dever\u00e1 acessar o TERMINAL e<br \/>\ntestar os comandos Linux.<br \/>\n1 \u2013 Voc\u00ea dever\u00e1 criar o seu usu\u00e1rio e senha no Linux. Crie o padr\u00e3o: nome_sobrenome.<br \/>\nadduser nome_sobrenome<br \/>\n2 \u2013 Os comandos do Linux podem conter par\u00e2metros que s\u00e3o colocados ap\u00f3s o comando. Todos os comandos<br \/>\ndevem ser escritos em letras min\u00fasculas.<br \/>\nAlguns comandos do Linux:<br \/>\nhelp \u2013 mostra as op\u00e7\u00f5es de um aplicativo<br \/>\nhelp<br \/>\nman \u2013 exibe o manual de um determinado comando. A tecla \u2018q\u2019 sai da navega\u00e7\u00e3o do manual.<br \/>\nman pwd<br \/>\npwd \u2013 exibe o diret\u00f3rio corrente<br \/>\npasswd \u2013 permite a troca de senha do usu\u00e1rio<br \/>\nclear \u2013 limpa a tela<br \/>\ncal \u2013 exibe o calend\u00e1rio de um m\u00eas ou ano<br \/>\nwho \u2013 mostra quem est\u00e1 logado no sistema<br \/>\nmkdir \u2013 cria um diret\u00f3rio<br \/>\nmkdir teste<br \/>\nl \u2013 lista diret\u00f3rio<br \/>\nls \u2013 lista nomes dos arquivos<br \/>\ncd \u2013 modifica o diret\u00f3rio corrente<br \/>\ncd \/ \u2013 vai para o diret\u00f3rio raiz<br \/>\ncd ~- vai para o diret\u00f3rio do usu\u00e1rio<\/p>\n<p>9<br \/>\ncd\/pasta \u2013 vai para a pasta indicada<br \/>\ncat \u2013 concatena e mostra o conte\u00fado do arquivo.<br \/>\ncat &gt; arquivo permite a entrada de dados no arquivo<br \/>\ncat arquivo exibe o conte\u00fado do arquivo<br \/>\n\u2022 Realize a cria\u00e7\u00e3o de diret\u00f3rios, seguindo a estrutura descrita a seguir:<br \/>\n\u2022 Crie um diret\u00f3rio para armazenar as atividades chamado ATIVIDADES_LABORATORIO.<br \/>\n\u2022 Dentro do diret\u00f3rio ATIVIDADES_LABORATORIO crie outro diret\u00f3rio chamado atividade1.<br \/>\n\u2022 Entre no diret\u00f3rio atividade1.<br \/>\n\u2022 Confira se voc\u00ea realmente est\u00e1 dentro do diret\u00f3rio atividade1.<br \/>\n\u2022 Crie um arquivo dentro do diret\u00f3rio atividade1 chamado disciplinas semestre, com o seguinte conte\u00fado:<br \/>\n\u2013 Sistemas Operacionais<br \/>\n\u2013 Redes de Computadores<br \/>\n\u2013 An\u00e1lise de Algoritmos<br \/>\n\u2013 Gest\u00e3o de Projetos<br \/>\n\u2013 C\u00e1lculo Num\u00e9rico<br \/>\n\u2013 Estudos Dirigidos<br \/>\n\u2022 Verifique se o arquivo disciplinas_semestre foi criado corretamente.<br \/>\n\u2022 Exiba na tela o arquivo disciplinas_semestre e veja se o conte\u00fado est\u00e1 certo.<\/p>\n<p>Checklist:<br \/>\n\u2013 Acessar o terminal do Ubuntu instalado no VirtualBox.<br \/>\n\u2013 Criar os diret\u00f3rios conforme especificado no roteiro.<br \/>\n\u2013 Criar um relat\u00f3rio com o hist\u00f3rico de comandos executados no Ubuntu Linux.<br \/>\nRESULTADOS<\/p>\n<p>Resultados da aula pr\u00e1tica:<br \/>\nElaborar um relat\u00f3rio que dever\u00e1 conter introdu\u00e7\u00e3o, m\u00e9todos, resultados e conclus\u00e3o sobre o assunto desenvolvido<br \/>\nem aula pr\u00e1tica.<\/p>\n<div class=\"elementor-toggle-item\">\n<h4 id=\"elementor-tab-title-1941\" class=\"elementor-tab-title elementor-active\" tabindex=\"0\" role=\"tab\" data-tab=\"1\" aria-controls=\"elementor-tab-content-1941\" aria-expanded=\"true\" aria-selected=\"true\">Como funciona?<\/h4>\n<div id=\"elementor-tab-content-1941\" class=\"elementor-tab-content elementor-clearfix elementor-active\" role=\"tabpanel\" data-tab=\"1\" aria-labelledby=\"elementor-tab-title-1941\">\n<p>Elaboramos os portf\u00f3lios, j\u00e1 deixamos prontos, nas normas da ABNT e conforme os requisitos da universidade. F\u00e1cil assim! O MELHOR \u00c9 QUE VOC\u00ca COMPRA E J\u00c1 BAIXA NA HORA O SEU ARQUIVO EM WORD! Sabemos que conciliar trabalho, fam\u00edlia, vida profissional e estudos \u00e9 dif\u00edcil hoje em dia, por isso, estamos aqui para ajudar voc\u00ea. Conte com nossa qualidade, experi\u00eancia e profissionalismo adquirindo seu portf\u00f3lio conosco. GARANTIMOS SEU CONCEITO!<\/p>\n<p><span style=\"color: #000000; font-size: 18px; font-weight: bold;\">Como se realizam os envios?<\/span><\/p>\n<\/div>\n<\/div>\n<div class=\"elementor-toggle-item\">\n<div id=\"elementor-tab-content-1942\" class=\"elementor-tab-content elementor-clearfix elementor-active\" role=\"tabpanel\" data-tab=\"2\" aria-labelledby=\"elementor-tab-title-1942\">O seu trabalho \u00e9 disponibilizado pronto, respondido e nas normas j\u00e1 na mesma hora aqui em nosso site na sua \u00e1rea de downloads e tamb\u00e9m no seu e-mail.<\/div>\n<div role=\"tabpanel\" data-tab=\"2\" aria-labelledby=\"elementor-tab-title-1942\"><\/div>\n<div role=\"tabpanel\" data-tab=\"2\" aria-labelledby=\"elementor-tab-title-1942\"><span style=\"color: #000000; font-size: 18px; font-weight: bold;\">Quais formas de pagamento para realizar minha compra?<\/span><\/div>\n<\/div>\n<div class=\"elementor-toggle-item\">\n<div id=\"elementor-tab-content-1943\" class=\"elementor-tab-content elementor-clearfix elementor-active\" role=\"tabpanel\" data-tab=\"3\" aria-labelledby=\"elementor-tab-title-1943\">\n<p>Dispomos dos seguintes meios de pagamento PIX, Cart\u00f5es de Cr\u00e9dito e Boleto\u00a0 \u00a0<img decoding=\"async\" class=\"alignnone wp-image-761\" src=\"http:\/\/portifolioos-prontos.com\/wp-content\/uploads\/2022\/04\/portfolio-unopar-pronto-producao-textual-interdisciplinar-300x107.webp\" sizes=\"(max-width: 140px) 100vw, 140px\" srcset=\"https:\/\/portifolioos-prontos.com\/wp-content\/uploads\/2022\/04\/portfolio-unopar-pronto-producao-textual-interdisciplinar-300x107.webp 300w, https:\/\/portifolioos-prontos.com\/wp-content\/uploads\/2022\/04\/PIX-1024x364.webp 1024w, https:\/\/portifolioos-prontos.com\/wp-content\/uploads\/2022\/04\/PIX-768x273.webp 768w, https:\/\/portifolioos-prontos.com\/wp-content\/uploads\/2022\/04\/PIX-370x131.webp 370w, https:\/\/portifolioos-prontos.com\/wp-content\/uploads\/2022\/04\/PIX-600x213.webp 600w, https:\/\/portifolioos-prontos.com\/wp-content\/uploads\/2022\/04\/portfolio-unopar-pronto-producao-textual-interdisciplinar.webp 1200w\" alt=\"\" width=\"109\" height=\"39\" \/>\u00a0\u00a0<img decoding=\"async\" class=\"\" src=\"https:\/\/d26lpennugtm8s.cloudfront.net\/assets\/common\/img\/logos\/payment\/visa@2x.png\" width=\"68\" height=\"43\" \/><img decoding=\"async\" class=\"\" src=\"https:\/\/d26lpennugtm8s.cloudfront.net\/assets\/common\/img\/logos\/payment\/boleto@2x.png\" width=\"65\" height=\"41\" \/><img loading=\"lazy\" decoding=\"async\" class=\"\" src=\"https:\/\/d26lpennugtm8s.cloudfront.net\/assets\/common\/img\/logos\/payment\/mastercard@2x.png\" width=\"62\" height=\"39\" \/><img loading=\"lazy\" decoding=\"async\" class=\"\" src=\"https:\/\/d26lpennugtm8s.cloudfront.net\/assets\/common\/img\/logos\/payment\/amex@2x.png\" width=\"62\" height=\"39\" \/><img loading=\"lazy\" decoding=\"async\" class=\"\" src=\"https:\/\/d26lpennugtm8s.cloudfront.net\/assets\/common\/img\/logos\/payment\/diners@2x.png\" width=\"60\" height=\"38\" \/><img loading=\"lazy\" decoding=\"async\" class=\"\" src=\"https:\/\/d26lpennugtm8s.cloudfront.net\/assets\/common\/img\/logos\/payment\/br\/elo@2x.png\" width=\"60\" height=\"38\" \/><img loading=\"lazy\" decoding=\"async\" class=\"\" src=\"https:\/\/d26lpennugtm8s.cloudfront.net\/assets\/common\/img\/logos\/payment\/br\/hipercard@2x.png\" width=\"65\" height=\"41\" \/><img loading=\"lazy\" decoding=\"async\" class=\"\" src=\"https:\/\/d26lpennugtm8s.cloudfront.net\/assets\/common\/img\/logos\/payment\/mercadopago@2x.png\" width=\"67\" height=\"42\" \/><\/p>\n<p><span style=\"color: #000000; font-size: 18px; font-weight: bold;\">Em quanto tempo recebo o portf\u00f3lio?<\/span><\/p>\n<\/div>\n<\/div>\n<div class=\"elementor-toggle-item\">\n<div id=\"elementor-tab-content-1944\" class=\"elementor-tab-content elementor-clearfix elementor-active\" role=\"tabpanel\" data-tab=\"4\" aria-labelledby=\"elementor-tab-title-1944\">\n<p>Os envios s\u00e3o imediatos. Ap\u00f3s sua compra, o trabalho j\u00e1 \u00e9 disponibilizado instantaneamente aqui em nosso site e no seu e-mail.<\/p>\n<p><span style=\"color: #000000; font-size: 18px; font-weight: bold;\">E se o portf\u00f3lio que comprei precisar de corre\u00e7\u00e3o?<\/span><\/p>\n<\/div>\n<\/div>\n<div class=\"elementor-toggle-item\">\n<div id=\"elementor-tab-content-1945\" class=\"elementor-tab-content elementor-clearfix elementor-active\" role=\"tabpanel\" data-tab=\"5\" aria-labelledby=\"elementor-tab-title-1945\">\n<p>Caso haja alguma solicita\u00e7\u00e3o de corre\u00e7\u00e3o\/altera\u00e7\u00e3o por parte do tutor, basta entrar em contato conosco pelo\u00a0<a href=\"https:\/\/api.whatsapp.com\/send\/?phone=5553984751621&amp;text&amp;app_absent=0\">WhatsApp<\/a> que provid\u00eanciaremos sem custo algum.<\/p>\n<p><span style=\"color: #000000; font-size: 18px; font-weight: bold;\">Qual o formato do arquivo?<\/span><\/p>\n<\/div>\n<\/div>\n<div class=\"elementor-toggle-item\">\n<div id=\"elementor-tab-content-1946\" class=\"elementor-tab-content elementor-clearfix elementor-active\" role=\"tabpanel\" data-tab=\"6\" aria-labelledby=\"elementor-tab-title-1946\">\n<p>Os arquivos s\u00e3o enviados em formato Word e s\u00e3o edit\u00e1veis.<\/p>\n<p><span style=\"color: #000000; font-size: 18px; font-weight: bold;\">Caso eu tiver alguma d\u00favida, terei suporte no p\u00f3s venda?<\/span><\/p>\n<\/div>\n<\/div>\n<div class=\"elementor-toggle-item\">\n<div id=\"elementor-tab-content-1948\" class=\"elementor-tab-content elementor-clearfix elementor-active\" role=\"tabpanel\" data-tab=\"8\" aria-labelledby=\"elementor-tab-title-1948\">\n<p>Sim, com certeza. Basta clicar no \u00edcone do WhatsApp no cantinho da tela. Ser\u00e1 um prazer atend\u00ea-lo(a).<\/p>\n<p><span style=\"color: #000000; font-size: 18px; font-weight: bold;\">Quais os seus canais de contato?<\/span><\/p>\n<\/div>\n<\/div>\n<div class=\"elementor-toggle-item\">\n<div id=\"elementor-tab-content-1949\" class=\"elementor-tab-content elementor-clearfix elementor-active\" role=\"tabpanel\" data-tab=\"9\" aria-labelledby=\"elementor-tab-title-1949\">\n<p><a href=\"https:\/\/api.whatsapp.com\/send\/?phone=5553984751621&amp;text&amp;app_absent=0\">Whatsapp: 53 984751621 \u2013 Clicar no canto da tela.<\/a><\/p>\n<p>E-mail:portifoliosp@gmail.com<\/p>\n<\/div>\n<\/div>\n","protected":false},"excerpt":{"rendered":"<p>Roteiro Aula Pr\u00e1tica Sistemas Operacionais &nbsp; Ap\u00f3s a instala\u00e7\u00e3o e configura\u00e7\u00e3o da m\u00e1quina virtual UBUNTU no Virtual Box. Voc\u00ea dever\u00e1 acessar o TERMINAL e testar os comandos Linux. 1 \u2013 Voc\u00ea dever\u00e1 criar o seu usu\u00e1rio e senha no Linux. Crie o padr\u00e3o: nome_sobrenome. adduser nome_sobrenome 2 \u2013 Os comandos do Linux podem conter par\u00e2metros&hellip;<\/p>\n","protected":false},"featured_media":2333,"template":"","meta":{"_seopress_robots_primary_cat":"none","_seopress_titles_title":"","_seopress_titles_desc":"","_seopress_robots_index":""},"product_cat":[58],"product_tag":[],"class_list":{"0":"post-697","1":"product","2":"type-product","3":"status-publish","4":"has-post-thumbnail","6":"product_cat-cursos-de-t-i","8":"first","9":"instock","10":"downloadable","11":"virtual","12":"purchasable","13":"product-type-simple","14":"col-xs-6 col-sm-4","15":"col-mf-5","16":"un-5-cols"},"jetpack_sharing_enabled":true,"_links":{"self":[{"href":"https:\/\/portifolioos-prontos.com\/index.php\/wp-json\/wp\/v2\/product\/697","targetHints":{"allow":["GET"]}}],"collection":[{"href":"https:\/\/portifolioos-prontos.com\/index.php\/wp-json\/wp\/v2\/product"}],"about":[{"href":"https:\/\/portifolioos-prontos.com\/index.php\/wp-json\/wp\/v2\/types\/product"}],"version-history":[{"count":0,"href":"https:\/\/portifolioos-prontos.com\/index.php\/wp-json\/wp\/v2\/product\/697\/revisions"}],"wp:featuredmedia":[{"embeddable":true,"href":"https:\/\/portifolioos-prontos.com\/index.php\/wp-json\/wp\/v2\/media\/2333"}],"wp:attachment":[{"href":"https:\/\/portifolioos-prontos.com\/index.php\/wp-json\/wp\/v2\/media?parent=697"}],"wp:term":[{"taxonomy":"product_cat","embeddable":true,"href":"https:\/\/portifolioos-prontos.com\/index.php\/wp-json\/wp\/v2\/product_cat?post=697"},{"taxonomy":"product_tag","embeddable":true,"href":"https:\/\/portifolioos-prontos.com\/index.php\/wp-json\/wp\/v2\/product_tag?post=697"}],"curies":[{"name":"wp","href":"https:\/\/api.w.org\/{rel}","templated":true}]}}