{"id":7100,"date":"2022-08-22T13:43:28","date_gmt":"2022-08-22T16:43:28","guid":{"rendered":"https:\/\/portifolioos-prontos.com\/?post_type=product&#038;p=7100"},"modified":"2023-03-13T20:09:43","modified_gmt":"2023-03-13T23:09:43","slug":"projeto-integrado-o-lucrativo-mercado-da-cerveja-saiba-como-empreender-com-sabor","status":"publish","type":"product","link":"https:\/\/portifolioos-prontos.com\/index.php\/product\/projeto-integrado-o-lucrativo-mercado-da-cerveja-saiba-como-empreender-com-sabor\/","title":{"rendered":"Projeto Integrado O lucrativo mercado da cerveja: saiba como empreender com sabor"},"content":{"rendered":"<p><strong>TEXTO PARA LEITURA<\/strong><\/p>\n<p><strong>O lucrativo mercado da cerveja: saiba como empreender com sabor<\/strong><\/p>\n<p>Cervejas artesanais t\u00eam ganhado cada vez mais as prateleiras de supermercados e lojas<br \/>\nespecializadas. Saiba como aproveitar esta oportunidade de neg\u00f3cio.<br \/>\nO Brasil \u00e9 um dos maiores consumidores de cerveja do mundo. A m\u00e9dia anual de litros<br \/>\nconsumidos por habitante cresce a cada ano. Uma pesquisa realizada pelo Ibope em novembro de<br \/>\n2013 revelou que a cerveja \u00e9 a bebida preferida de 2\/3 dos brasileiros para comemora\u00e7\u00f5es, com 64%<br \/>\nda prefer\u00eancia.<br \/>\nNa \u00faltima d\u00e9cada, a produ\u00e7\u00e3o de cerveja no Brasil cresceu impressionantes 64%, saltando de<br \/>\n8,2 bilh\u00f5es para 13,4 bilh\u00f5es de litros anuais, segundo dados do Sistema de Controle de Produ\u00e7\u00e3o de<br \/>\nBebidas da Receita Federal (Sicobe). \u00c9 um mercado em franca expans\u00e3o: o Brasil \u00e9 o terceiro maior<br \/>\nprodutor do mundo, atr\u00e1s de Estados Unidos e China, e supera a R\u00fassia e a Alemanha. Mas enquanto<br \/>\na classe C opta pelas grandes marcas, as classes A e B buscam produtos que apresentem<br \/>\ndiferencia\u00e7\u00e3o, atributo fortemente encontrado nas cervejas artesanais De acordo com dados da Associa\u00e7\u00e3o Brasileira de Bebidas (Abrabe), seu consumo \u00e9<br \/>\nmajoritariamente masculino, na faixa et\u00e1ria dos 18 aos 65 anos, mas mulheres de 30 a 65 tamb\u00e9m<br \/>\ngostam de apreciar o sabor diferenciado desse tipo de bebida.<br \/>\nMicrocervejarias e importadoras est\u00e3o ocupando um importante espa\u00e7o no mercado<br \/>\nnacional. Segundo a Associa\u00e7\u00e3o Brasileira da Ind\u00fastria da Cerveja (CervBrasil), as chamadas cervejas<br \/>\nespeciais re\u00fanem as artesanais, as importadas e as industriais de categoria \u201cpremium\u201d. Para ser<br \/>\nconsiderada uma microcervejaria, a empresa deve produzir at\u00e9 200 mil litros por m\u00eas, segundo a<br \/>\ndefini\u00e7\u00e3o da Escola Superior de Cerveja e Malte. Em geral, os produtores de cervejas artesanais n\u00e3o<br \/>\nalcan\u00e7am esse n\u00famero, mas o ritmo de crescimento do setor vem aumentando consideravelmente<br \/>\nnos \u00faltimos anos.<br \/>\nAs cervejas especiais representavam 8% do mercado nacional da bebida em 2012 e<br \/>\nencerraram 2014 com uma participa\u00e7\u00e3o de 11%, segundo o Sindicato Nacional da Ind\u00fastria da<br \/>\nCerveja, que aponta a exist\u00eancia de 300 microcervejarias no pa\u00eds. A proje\u00e7\u00e3o \u00e9 de que essa cota suba<br \/>\npara 20% em 2020. O principal respons\u00e1vel pelo aumento do consumo \u00e9 a difus\u00e3o entre os<br \/>\nconsumidores. O diretor da Escola Superior de Cerveja e Malte, Carlo Enrique Bressiane, explica que<br \/>\nas pessoas est\u00e3o entendendo a diferen\u00e7a entre as cervejas de massa e as artesanais. \u201cAs artesanais<br \/>\ns\u00e3o mais encorpadas, com mais cheiro e sabor, e oferecem uma experi\u00eancia diferente, enquanto que<br \/>\nas de massa s\u00e3o feitas para refrescar\u201d, explica o diretor. As artesanais, por sua vez, s\u00e3o mais caras do<br \/>\nque as populares, o que ainda restringe o mercado para esses modelos.<br \/>\nA qualidade das duas \u00e9 algo muito debatido entre os apreciadores. O chefe de opera\u00e7\u00f5es da<br \/>\nCervejaria Urbana, Andr\u00e9 Leme Cancegliero, defende que as cervejas especiais oferecem mais prazer<br \/>\ne informa\u00e7\u00e3o para os consumidores. \u201cQuando voc\u00ea conhece um pouco da cerveja artesanal, \u00e9 dif\u00edcil<br \/>\nvoltar para as tradicionais\u201d, afirma. No entanto, o fil\u00e3o das cervejas artesanais sofre com a falta de<br \/>\nescala para competir com as cervejas de massa, ao passo que a carga tribut\u00e1ria das duas \u00e9 a mesma:<br \/>\nao redor de 56%. Al\u00e9m do volume menor, as bebidas especiais costumam trabalhar com mat\u00e9riasprimas mais caras, muitas vezes importadas, o que faz com que o pre\u00e7o final seja mais de cinco vezes<br \/>\no cobrado pelas tradicionais.<br \/>\nPara reduzir essa diferen\u00e7a, os produtores iniciaram um movimento por uma tributa\u00e7\u00e3o<br \/>\ndiferenciada para o segmento. Segundo Bressiane, o desafio \u00e9 conseguir que as microcervejarias<br \/>\nPROJETO INTEGRADO<br \/>\nsejam enquadradas no Simples Nacional, regime para micro e pequenas empresas que exclui a<br \/>\nprodu\u00e7\u00e3o de bebidas alc\u00f3olicas. As negocia\u00e7\u00f5es j\u00e1 chegaram ao Congresso Nacional, mas nenhum<br \/>\nacordo foi firmado por enquanto.<br \/>\nFonte: Empreendedorismo. O lucrativo mercado da cerveja: saiba como empreender com sabor.<br \/>\nSEBRAE. Dispon\u00edvel em: https:\/\/www.sebrae.com.br\/sites\/PortalSebrae\/artigos\/o-lucrativomercado-da-cerveja-saiba-como-empreender-comsabor,e124e4f7f4619610VgnVCM1000004c00210aRCRD. Acesso em: 29 jun 2022<\/p>\n<p><strong>SITUA\u00c7\u00c3O GERADORA DE APRENDIZAGEM (SGA)<\/strong><\/p>\n<p><strong>\u201cO empreendedorismo no nosso pa\u00eds est\u00e1 crescendo a cada dia. E, no ramo da cervejaria <\/strong><strong>artesanal, \u00e9 uma \u00f3tima op\u00e7\u00e3o de investimento para o seu neg\u00f3cio e o lucro \u00e9 bem receptivo. Estimase que o ramo da cervejaria artesanal esteja em um \u00f3timo momento para investir no neg\u00f3cio, pois o consumo no Brasil da bebida est\u00e1 no ranking de 4\u00b0 lugar do mundo\u201d.<\/strong><br \/>\nFoi essa a manchete que voc\u00ea leu recentemente, e como acabou de se formar, sempre teve<br \/>\no sonho de abrir um bar bem diferenciado e tem\u00e1tico na sua cidade, um brewpub, e resolveu<br \/>\ningressar no ramo cervejeiro, abrindo a microcervejaria Lager Bierhous. Realizou ent\u00e3o cursos para<br \/>\nsommelier de cerveja e mestre cervejeiro. Seu objetivo \u00e9 que o brewpub produza cervejas artesanais<br \/>\ncom sabores diferenciados e que os tipos de comida combinem com cada tipo de cerveja.<\/p>\n<p><strong>Agora \u00e9 com voc\u00ea!<\/strong><\/p>\n<p>Considerando o contexto acima, voc\u00ea dever\u00e1 elaborar e produzir uma receita de cerveja que<br \/>\nser\u00e1 o \u201ccarro chefe\u201d do brewpub. Como todo brewpub, a sua produ\u00e7\u00e3o ser\u00e1 destinada para o<br \/>\nconsumo local, sendo que a f\u00e1brica ser\u00e1 parte da decora\u00e7\u00e3o.<br \/>\nPara iniciar o processo de elabora\u00e7\u00e3o existem cuidados necess\u00e1rios dentro do<br \/>\nestabelecimento para evitar poss\u00edveis contamina\u00e7\u00f5es, tanto para o produto que est\u00e1 sendo<br \/>\nelaborado, quanto para os consumidores, e isso inclui a edifica\u00e7\u00e3o, instala\u00e7\u00f5es e o manipulador que<br \/>\n\u00e9 uma pe\u00e7a central na preven\u00e7\u00e3o ou um foco na contamina\u00e7\u00e3o da cerveja. Nesse sentido, voc\u00ea dever\u00e1<br \/>\ncitar os cuidados que devem ser observados nas \u00e1reas de manipula\u00e7\u00e3o da cerveja (relacionados \u00e0<\/p>\n<p>edifica\u00e7\u00e3o, instala\u00e7\u00f5es e superf\u00edcies) e os cuidados relacionados ao manipulador para garantir que a<br \/>\ncerveja seja produzida sem nenhum tipo de contamina\u00e7\u00e3o e que possa colocar em risco tanto a<br \/>\nqualidade do produto quanto a sa\u00fade do consumidor. Lembrando que \u00e9 um bar e que ir\u00e1 produzir<br \/>\nalimentos tamb\u00e9m!<br \/>\nAp\u00f3s garantir todos esses cuidados e iniciar a elabora\u00e7\u00e3o da cerveja artesanal, voc\u00ea precisar\u00e1<br \/>\npensar nos insumos necess\u00e1rios para a produ\u00e7\u00e3o, justificando a escolha de cada um deles e a escolha<br \/>\nda \u00e1gua, descrevendo suas caracter\u00edsticas e quantidades. Dever\u00e1 tamb\u00e9m discorrer as etapas do<br \/>\nprocessamento at\u00e9 a produ\u00e7\u00e3o final. Ap\u00f3s todo esse processo, voc\u00ea dever\u00e1 pensar e descrever como<br \/>\nser\u00e1 realizado o envase e o armazenamento.<br \/>\nAgora a sua cerveja artesanal diferenciada est\u00e1 pronta para o consumo! E como voc\u00ea ir\u00e1<br \/>\ndivulg\u00e1-la? O mercado \u00e9 competitivo, ent\u00e3o voc\u00ea precisa ter uma ideia inovadora para o brewpub<br \/>\npara atrair o p\u00fablico pretendido e que sejam consumidores fi\u00e9is da cerveja que voc\u00ea produziu. Ent\u00e3o,<br \/>\npensando por esse prisma, descreva qual nicho de mercado pretende atingir com o estilo proposto,<br \/>\ndestacando qual o modelo de neg\u00f3cio e como poderia trazer inova\u00e7\u00e3o para o brewpub. Seja criativo<br \/>\n(a)!<br \/>\nE por fim, sob a \u00f3tica do desenvolvimento sustent\u00e1vel, descreva como voc\u00ea realizaria o<br \/>\ntratamento, reciclagem e reaproveitamento dos res\u00edduos, tornando o processo uma pr\u00e1tica<br \/>\nsustent\u00e1vel.<\/p>\n<p><strong>REFER\u00caNCIAS<\/strong><br \/>\nBRASIL. Minist\u00e9rio da Sa\u00fade. Secretaria de Vigil\u00e2ncia Sanit\u00e1ria. Portaria n 326, de30 de julho de 1997.<br \/>\nDispon\u00edvel em: https:\/\/bit.ly\/3OOM1d3. Acesso em: 29 Jun. 2022.<br \/>\nALMEIDA, Eder Gon\u00e7alves de. ALEIXO, Tayra Carolina Nascimento. Empreendedorismo e inova\u00e7\u00e3o.<br \/>\nLondrina: Editora e Distribuidora Educacional S.A., 2020. 232 p.<\/p>\n<p>&nbsp;<\/p>\n<div class=\"elementor-toggle-item\">\n<h4 id=\"elementor-tab-title-1941\" class=\"elementor-tab-title elementor-active\" tabindex=\"0\" role=\"tab\" data-tab=\"1\" aria-controls=\"elementor-tab-content-1941\" aria-expanded=\"true\" aria-selected=\"true\">Como funciona?<\/h4>\n<div id=\"elementor-tab-content-1941\" class=\"elementor-tab-content elementor-clearfix elementor-active\" role=\"tabpanel\" data-tab=\"1\" aria-labelledby=\"elementor-tab-title-1941\">\n<p>Elaboramos os portf\u00f3lios, j\u00e1 deixamos prontos, nas normas da ABNT e conforme os requisitos da universidade. F\u00e1cil assim! O MELHOR \u00c9 QUE VOC\u00ca COMPRA E J\u00c1 BAIXA NA HORA O SEU ARQUIVO EM WORD! Sabemos que conciliar trabalho, fam\u00edlia, vida profissional e estudos \u00e9 dif\u00edcil hoje em dia, por isso, estamos aqui para ajudar voc\u00ea. Conte com nossa qualidade, experi\u00eancia e profissionalismo adquirindo seu portf\u00f3lio conosco. GARANTIMOS SEU CONCEITO!<\/p>\n<h4>Como se realizam os envios?<\/h4>\n<\/div>\n<\/div>\n<div class=\"elementor-toggle-item\">\n<div id=\"elementor-tab-content-1942\" class=\"elementor-tab-content elementor-clearfix elementor-active\" role=\"tabpanel\" data-tab=\"2\" aria-labelledby=\"elementor-tab-title-1942\">O seu trabalho \u00e9 disponibilizado pronto, respondido e nas normas j\u00e1 na mesma hora aqui em nosso site na sua \u00e1rea de downloads e tamb\u00e9m no seu e-mail.<\/div>\n<div role=\"tabpanel\" data-tab=\"2\" aria-labelledby=\"elementor-tab-title-1942\"><\/div>\n<\/div>\n<div class=\"elementor-toggle-item\">\n<div id=\"elementor-tab-content-1943\" class=\"elementor-tab-content elementor-clearfix elementor-active\" role=\"tabpanel\" data-tab=\"3\" aria-labelledby=\"elementor-tab-title-1943\">\n<h4>Em quanto tempo recebo o portf\u00f3lio?<\/h4>\n<\/div>\n<\/div>\n<div class=\"elementor-toggle-item\">\n<div id=\"elementor-tab-content-1944\" class=\"elementor-tab-content elementor-clearfix elementor-active\" role=\"tabpanel\" data-tab=\"4\" aria-labelledby=\"elementor-tab-title-1944\">\n<p>Os envios s\u00e3o imediatos. Ap\u00f3s sua compra, o trabalho j\u00e1 \u00e9 disponibilizado instantaneamente aqui em nosso site e no seu e-mail.<\/p>\n<h4>E se o portf\u00f3lio que comprei precisar de corre\u00e7\u00e3o?<\/h4>\n<\/div>\n<\/div>\n<div class=\"elementor-toggle-item\">\n<div id=\"elementor-tab-content-1945\" class=\"elementor-tab-content elementor-clearfix elementor-active\" role=\"tabpanel\" data-tab=\"5\" aria-labelledby=\"elementor-tab-title-1945\">\n<p>Caso haja alguma solicita\u00e7\u00e3o de corre\u00e7\u00e3o\/altera\u00e7\u00e3o por parte do tutor, basta entrar em contato conosco pelo\u00a0WhatsApp\u00a0que provid\u00eanciaremos sem custo algum.<\/p>\n<h4>Qual o formato do arquivo?<\/h4>\n<\/div>\n<\/div>\n<div class=\"elementor-toggle-item\">\n<div id=\"elementor-tab-content-1946\" class=\"elementor-tab-content elementor-clearfix elementor-active\" role=\"tabpanel\" data-tab=\"6\" aria-labelledby=\"elementor-tab-title-1946\">\n<p>Os arquivos s\u00e3o enviados em formato Word e s\u00e3o edit\u00e1veis.<\/p>\n<h4>Caso eu tiver alguma d\u00favida, terei suporte no p\u00f3s venda?<\/h4>\n<\/div>\n<\/div>\n<div class=\"elementor-toggle-item\">\n<div id=\"elementor-tab-content-1948\" class=\"elementor-tab-content elementor-clearfix elementor-active\" role=\"tabpanel\" data-tab=\"8\" aria-labelledby=\"elementor-tab-title-1948\">\n<p>Sim, com certeza. Basta clicar no \u00edcone do WhatsApp no cantinho da tela. Ser\u00e1 um prazer atend\u00ea-lo(a).<\/p>\n<div class=\"elementor-toggle-item\">\n<div id=\"elementor-tab-content-1948\" class=\"elementor-tab-content elementor-clearfix elementor-active\" role=\"tabpanel\" data-tab=\"8\" aria-labelledby=\"elementor-tab-title-1948\">\n<h4>Quais os seus canais de contato?<\/h4>\n<\/div>\n<\/div>\n<div class=\"elementor-toggle-item\">\n<div id=\"elementor-tab-content-1949\" class=\"elementor-tab-content elementor-clearfix elementor-active\" role=\"tabpanel\" data-tab=\"9\" aria-labelledby=\"elementor-tab-title-1949\">\n<p>Whatsapp: 53 984751621 \u2013 Clicar no canto da tela ou ESCANEIE O QRCODE ABAIXO<\/p>\n<p><img decoding=\"async\" class=\"alignnone wp-image-7603\" src=\"http:\/\/portifolioos-prontos.com\/wp-content\/uploads\/2022\/09\/portfolio-unopar-pronto-colaborar-ava-producao-textual-interdisciplinar.png\" alt=\"O lucrativo mercado da cerveja: saiba como empreender com saborCervejas artesanais t\u00eam ganhado cada vez mais as prateleiras de supermercados e lojasespecializadas. Saiba como aproveitar esta oportunidade de neg\u00f3cio.O Brasil \u00e9 um dos maiores consumidores de cerveja do mundo. A m\u00e9dia anual de litrosconsumidos por habitante cresce a cada ano. Uma pesquisa realizada pelo Ibope em novembro de2013 revelou que a cerveja \u00e9 a bebida preferida de 2\/3 dos brasileiros para comemora\u00e7\u00f5es,com 64 prefer\u00eancia.Na \u00faltima d\u00e9cada,a produ\u00e7\u00e3o de cerveja no Brasil cresceu impressionantes 64%,saltando de8,2 bilh\u00f5es para 13,4 bilh\u00f5es de litros anuais,segundo dados do Sistema de Controle de Produ\u00e7\u00e3o deBebidas da Receita Federal (Sicobe). \u00c9 um mercado em franca expans\u00e3o: o Brasil \u00e9 o terceiro maiorprodutor do mundo,atr\u00e1s de Estados Unidos e China,e supera a R\u00fassia e a Alemanha. Mas enquantoa classe C opta pelas grandes marcas,as classes A e B buscam produtos que apresentemdiferencia\u00e7\u00e3o,atributo fortemente encontrado nas cervejas artesanais De acordo com dados da Associa\u00e7\u00e3o Brasileira de Bebidas (Abrabe),seu consumo \u00e9majoritariamente masculino,na faixa et\u00e1ria dos 18 aos 65 anos,mas mulheres de 30 a 65 tamb\u00e9mgostam de apreciar o sabor diferenciado desse tipo de bebida.Microcervejarias e importadoras est\u00e3o ocupando um importante espa\u00e7o no mercadonacional. Segundo a Associa\u00e7\u00e3o Brasileira da Ind\u00fastria da Cerveja (CervBrasil),as chamadas cervejasespeciais re\u00fanem as artesanais,as importadas e as industriais de categoria \u201cpremium\u201d. Para serconsiderada uma microcervejaria,a empresa deve produzir at\u00e9 200 mil litros por m\u00eas,segundo adefini\u00e7\u00e3o da Escola Superior de Cerveja e Malte. Em geral,os produtores de cervejas artesanais n\u00e3oalcan\u00e7am esse n\u00famero,mas o ritmo de crescimento do setor vem aumentando consideravelmentenos \u00faltimos anos.As cervejas especiais representavam 8% do mercado nacional da bebida em 2012 eencerraram 2014 com uma participa\u00e7\u00e3o de 11%,segundo o Sindicato Nacional da Ind\u00fastria daCerveja,que aponta a exist\u00eancia de 300 microcervejarias no pa\u00eds. A proje\u00e7\u00e3o \u00e9 de que essa cota subapara 20% em 2020. O principal respons\u00e1vel pelo aumento do consumo \u00e9 a difus\u00e3o entre osconsumidores. O diretor da Escola Superior de Cerveja e Malte,Carlo Enrique Bressiane,explica queas pessoas est\u00e3o entendendo a diferen\u00e7a entre as cervejas de massa e as artesanais. \u201cAs artesanaiss\u00e3o mais encorpadas,com mais cheiro e sabor,e oferecem uma experi\u00eancia diferente,enquanto queas de massa s\u00e3o feitas para refrescar\u201d,explica o diretor. As artesanais,por sua vez,s\u00e3o mais caras doque as populares,o que ainda restringe o mercado para esses modelos.A qualidade das duas \u00e9 algo muito debatido entre os apreciadores. O chefe de opera\u00e7\u00f5es daCervejaria Urbana,Andr\u00e9 Leme Cancegliero,defende que as cervejas especiais oferecem mais prazere informa\u00e7\u00e3o para os consumidores. \u201cQuando voc\u00ea conhece um pouco da cerveja artesanal,\u00e9 dif\u00edcilvoltar para as tradicionais\u201d,afirma. No entanto,o fil\u00e3o das cervejas artesanais sofre com a falta deescala para competir com as cervejas de massa,ao passo que a carga tribut\u00e1ria das duas \u00e9 a mesma:ao redor de 56%. Al\u00e9m do volume menor,as bebidas especiais costumam trabalhar com mat\u00e9riasprimas mais caras,muitas vezes importadas,o que faz com que o pre\u00e7o final seja mais de cinco vezeso cobrado pelas tradicionais.Para reduzir essa diferen\u00e7a,os produtores iniciaram um movimento por uma tributa\u00e7\u00e3odiferenciada para o segmento. Segundo Bressiane,o desafio \u00e9 conseguir que as microcervejariasPROJETO INTEGRADOsejam enquadradas no Simples Nacional,regime para micro e pequenas empresas que exclui aprodu\u00e7\u00e3o de bebidas alc\u00f3olicas. As negocia\u00e7\u00f5es j\u00e1 chegaram ao Congresso Nacional,mas nenhumacordo foi firmado por enquanto.Fonte: Empreendedorismo. O lucrativo mercado da cerveja: saiba como empreender com sabor.SEBRAE. Dispon\u00edvel em: https:\/\/www.sebrae.com.br\/sites\/PortalSebrae\/artigos\/o-lucrativomercado-da-cerveja-saiba-como-empreender-comsabor,e124e4f7f4619610VgnVCM1000004c00210aRCRD. Acesso em: 29 jun 2022SITUA\u00c7\u00c3O GERADORA DE APRENDIZAGEM (SGA)\u201cO empreendedorismo no nosso pa\u00eds est\u00e1 crescendo a cada dia. E,no ramo da cervejaria artesanal,\u00e9 uma \u00f3tima op\u00e7\u00e3o de investimento para o seu neg\u00f3cio e o lucro \u00e9 bem receptivo. Estimase que o ramo da cervejaria artesanal esteja em um \u00f3timo momento para investir no neg\u00f3cio,pois o consumo no Brasil da bebida est\u00e1 no ranking de 4\u00b0 lugar do mundo\u201d.Foi essa a manchete que voc\u00ea leu recentemente,e como acabou de se formar,sempre teveo sonho de abrir um bar bem diferenciado e tem\u00e1tico na sua cidade,um brewpub,e resolveuingressar no ramo cervejeiro,abrindo a microcervejaria Lager Bierhous. Realizou ent\u00e3o cursos parasommelier de cerveja e mestre cervejeiro. Seu objetivo \u00e9 que o brewpub produza cervejas artesanaiscom sabores diferenciados e que os tipos de comida combinem com cada tipo de cerveja.Agora \u00e9 com voc\u00ea!Considerando o contexto acima,voc\u00ea dever\u00e1 elaborar e produzir uma receita de cerveja queser\u00e1 o \u201ccarro chefe\u201d do brewpub. Como todo brewpub,a sua produ\u00e7\u00e3o ser\u00e1 destinada para oconsumo local,sendo que a f\u00e1brica ser\u00e1 parte da decora\u00e7\u00e3o.Para iniciar o processo de elabora\u00e7\u00e3o existem cuidados necess\u00e1rios dentro doestabelecimento para evitar poss\u00edveis contamina\u00e7\u00f5es,tanto para o produto que est\u00e1 sendoelaborado,quanto para os consumidores,e isso inclui a edifica\u00e7\u00e3o,instala\u00e7\u00f5es e o manipulador que\u00e9 uma pe\u00e7a central na preven\u00e7\u00e3o ou um foco na contamina\u00e7\u00e3o da cerveja. Nesse sentido,voc\u00ea dever\u00e1citar os cuidados que devem ser observados nas \u00e1reas de manipula\u00e7\u00e3o da cerveja (relacionados \u00e0edifica\u00e7\u00e3o,instala\u00e7\u00f5es e superf\u00edcies) e os cuidados relacionados ao manipulador para garantir que acerveja seja produzida sem nenhum tipo de contamina\u00e7\u00e3o e que possa colocar em risco tanto aqualidade do produto quanto a sa\u00fade do consumidor. Lembrando que \u00e9 um bar e que ir\u00e1 produziralimentos tamb\u00e9m!Ap\u00f3s garantir todos esses cuidados e iniciar a elabora\u00e7\u00e3o da cerveja artesanal,voc\u00ea precisar\u00e1pensar nos insumos necess\u00e1rios para a produ\u00e7\u00e3o,justificando a escolha de cada um deles e a escolhada \u00e1gua,descrevendo suas caracter\u00edsticas e quantidades. Dever\u00e1 tamb\u00e9m discorrer as etapas doprocessamento at\u00e9 a produ\u00e7\u00e3o final. Ap\u00f3s todo esse processo,voc\u00ea dever\u00e1 pensar e descrever comoser\u00e1 realizado o envase e o armazenamento.Agora a sua cerveja artesanal diferenciada est\u00e1 pronta para o consumo! E como voc\u00ea ir\u00e1divulg\u00e1-la? O mercado \u00e9 competitivo,ent\u00e3o voc\u00ea precisa ter uma ideia inovadora para o brewpubpara atrair o p\u00fablico pretendido e que sejam consumidores fi\u00e9is da cerveja que voc\u00ea produziu. Ent\u00e3o,pensando por esse prisma,descreva qual nicho de mercado pretende atingir com o estilo proposto,destacando qual o modelo de neg\u00f3cio e como poderia trazer inova\u00e7\u00e3o para o brewpub. Seja criativo(a)!E por fim,sob a \u00f3tica do desenvolvimento sustent\u00e1vel,descreva como voc\u00ea realizaria otratamento,reciclagem e reaproveitamento dos res\u00edduos,tornando o processo uma pr\u00e1ticasustent\u00e1vel.REFER\u00caNCIASBRASIL. Minist\u00e9rio da Sa\u00fade. Secretaria de Vigil\u00e2ncia Sanit\u00e1ria. Portaria n 326,de30 de julho de 1997.Dispon\u00edvel em: https:\/\/bit.ly\/3OOM1d3. Acesso em: 29 Jun. 2022.ALMEIDA,Eder Gon\u00e7alves de. ALEIXO,Tayra Carolina Nascimento. Empreendedorismo e inova\u00e7\u00e3o.Londrina: Editora e Distribuidora Educacional S.A.,2020. 232 p.\" width=\"141\" height=\"141\" srcset=\"https:\/\/portifolioos-prontos.com\/wp-content\/uploads\/2022\/09\/portfolio-unopar-pronto-colaborar-ava-producao-textual-interdisciplinar.png 150w, https:\/\/portifolioos-prontos.com\/wp-content\/uploads\/2022\/09\/portfolio-unopar-pronto-colaborar-ava-producao-textual-interdisciplinar-100x100.png 100w\" sizes=\"(max-width: 141px) 100vw, 141px\" \/><\/p>\n<\/div>\n<\/div>\n<\/div>\n<\/div>\n<div class=\"elementor-toggle-item\">\n<div id=\"elementor-tab-content-1949\" class=\"elementor-tab-content elementor-clearfix elementor-active\" role=\"tabpanel\" data-tab=\"9\" aria-labelledby=\"elementor-tab-title-1949\">\n<p>E-mail:portifoliosp@gmail.com<\/p>\n<div id=\"attachment_143\" class=\"wp-caption alignnone\">\n<div id=\"attachment_143\" class=\"wp-caption alignnone\" style=\"width: 157px;\">\n<p><a href=\"http:\/\/portifolioos-prontos.com\/\"><img decoding=\"async\" class=\"wp-image-143 jetpack-lazy-image jetpack-lazy-image--handled\" title=\"portfolio pronto unopar\" src=\"https:\/\/i0.wp.com\/portifolioos-prontos.com\/wp-content\/uploads\/2022\/04\/conceitomaximo.png?resize=164%2C47\" alt=\"PORTFOLIO PRONTO UNOPAR ANHANGUERA\" width=\"157\" height=\"45\" aria-describedby=\"caption-attachment-143\" data-recalc-dims=\"1\" data-lazy-loaded=\"1\" \/><\/a><\/p>\n<p id=\"caption-attachment-143\" class=\"wp-caption-text\">Portf\u00f3lio em Word, respondido, completo e j\u00e1 nas normas.<\/p>\n<\/div>\n<\/div>\n<\/div>\n<\/div>\n","protected":false},"excerpt":{"rendered":"<p>TEXTO PARA LEITURA O lucrativo mercado da cerveja: saiba como empreender com sabor Cervejas artesanais t\u00eam ganhado cada vez mais as prateleiras de supermercados e lojas especializadas. Saiba como aproveitar esta oportunidade de neg\u00f3cio. O Brasil \u00e9 um dos maiores consumidores de cerveja do mundo. A m\u00e9dia anual de litros consumidos por habitante cresce a&hellip;<\/p>\n","protected":false},"featured_media":7824,"template":"","meta":{"_seopress_robots_primary_cat":"none","_seopress_titles_title":"%%post_title%% %%sitetitle%%","_seopress_titles_desc":"","_seopress_robots_index":""},"product_cat":[54,15],"product_tag":[],"class_list":{"0":"post-7100","1":"product","2":"type-product","3":"status-publish","4":"has-post-thumbnail","6":"product_cat-producao-cervejeira","7":"product_cat-uncategorized","9":"first","10":"instock","11":"downloadable","12":"virtual","13":"purchasable","14":"product-type-simple","15":"col-xs-6 col-sm-4","16":"col-mf-5","17":"un-5-cols"},"jetpack_sharing_enabled":true,"_links":{"self":[{"href":"https:\/\/portifolioos-prontos.com\/index.php\/wp-json\/wp\/v2\/product\/7100","targetHints":{"allow":["GET"]}}],"collection":[{"href":"https:\/\/portifolioos-prontos.com\/index.php\/wp-json\/wp\/v2\/product"}],"about":[{"href":"https:\/\/portifolioos-prontos.com\/index.php\/wp-json\/wp\/v2\/types\/product"}],"version-history":[{"count":0,"href":"https:\/\/portifolioos-prontos.com\/index.php\/wp-json\/wp\/v2\/product\/7100\/revisions"}],"wp:featuredmedia":[{"embeddable":true,"href":"https:\/\/portifolioos-prontos.com\/index.php\/wp-json\/wp\/v2\/media\/7824"}],"wp:attachment":[{"href":"https:\/\/portifolioos-prontos.com\/index.php\/wp-json\/wp\/v2\/media?parent=7100"}],"wp:term":[{"taxonomy":"product_cat","embeddable":true,"href":"https:\/\/portifolioos-prontos.com\/index.php\/wp-json\/wp\/v2\/product_cat?post=7100"},{"taxonomy":"product_tag","embeddable":true,"href":"https:\/\/portifolioos-prontos.com\/index.php\/wp-json\/wp\/v2\/product_tag?post=7100"}],"curies":[{"name":"wp","href":"https:\/\/api.w.org\/{rel}","templated":true}]}}