{"id":7383,"date":"2022-08-28T13:51:56","date_gmt":"2022-08-28T16:51:56","guid":{"rendered":"https:\/\/portifolioos-prontos.com\/?post_type=product&#038;p=7383"},"modified":"2022-10-22T11:33:36","modified_gmt":"2022-10-22T14:33:36","slug":"portfolio-cultura-popular-brasileira-e-o-ensino-de-arte","status":"publish","type":"product","link":"https:\/\/portifolioos-prontos.com\/index.php\/product\/portfolio-cultura-popular-brasileira-e-o-ensino-de-arte\/","title":{"rendered":"Portf\u00f3lio Cultura popular brasileira e o ensino de arte"},"content":{"rendered":"<h4>Portf\u00f3lio Cultura popular brasileira e o ensino de arte<\/h4>\n<h4>Curso: Artes Visuais<\/h4>\n<h4>Semestre: 4\u00b0<\/h4>\n<hr \/>\n<p>A proposta de Produ\u00e7\u00e3o Textual ter\u00e1 como tem\u00e1tica: Cultura popular brasileira e o ensino de Arte.<br \/>\nEscolhemos esta tem\u00e1tica para possibilitar a aprendizagem interdisciplinar dos conte\u00fados<br \/>\ndesenvolvidos nas disciplinas desse semestre.<br \/>\nInicialmente, \u00e9 importante que voc\u00ea realize a leitura atenta da situa\u00e7\u00e3o descrita para, na sequ\u00eancia,<br \/>\nseguir as orienta\u00e7\u00f5es apresentadas em cada uma das etapas subsequentes de modo a organizar suas<br \/>\nideias para a conclus\u00e3o deste trabalho.<\/p>\n<p>ORIENTA\u00c7\u00d5ES DA PRODU\u00c7\u00c3O TEXTUAL<\/p>\n<p>1. Leitura e interpreta\u00e7\u00e3o da SGA<br \/>\nPor meio da leitura da SGA e, tamb\u00e9m, da situa\u00e7\u00e3o-problema destacada, voc\u00ea deve elaborar uma<br \/>\nprodu\u00e7\u00e3o textual que contemple os objetivos de aprendizagem propostos.<\/p>\n<p><a href=\"http:\/\/portifolioos-prontos.com\">SITUA\u00c7\u00c3O GERADORA DE APRENDIZAGEM (SGA)<\/a><\/p>\n<p>Andr\u00e9 \u00e9 estudante do 5o do Ensino Fundamental em escola p\u00fablica, em uma cidade do<br \/>\ninterior. Na aula de Artes dessa escola, a professora eventualmente menciona e trabalha com<br \/>\nrefer\u00eancia em esculturas de grandes nomes da Hist\u00f3ria da Arte, como Michelangelo Buonarroti (1475<br \/>\n\u2013 1564) e Auguste Rodin (1840 \u2013 1917). Devido a isso, Andr\u00e9 t\u00eam acesso a um repert\u00f3rio visual culto<br \/>\na respeito de escultura.<br \/>\nEm contexto extraescolar, Andr\u00e9 \u00e9 vizinho do Sr. Jo\u00e3o, um artes\u00e3o que vive de produzir santos<br \/>\nde madeira para igrejas cat\u00f3licas de toda a regi\u00e3o. O Sr. Jo\u00e3o \u00e9 sempre muito simp\u00e1tico com Andr\u00e9<\/p>\n<p>e, em algumas ocasi\u00f5es at\u00e9 mostrou ao menino como \u00e9 realizado o trabalho escult\u00f3rico, ensinando-<br \/>\nlhe como manipular ferramentas. Ocorre, no entanto, que Andr\u00e9 nunca estabeleceu rela\u00e7\u00e3o entre o<\/p>\n<p>trabalho do Sr. Jo\u00e3o e os escultores historicamente reconhecidos.<br \/>\nComo fazer com que crian\u00e7as como Andr\u00e9 estabele\u00e7am rela\u00e7\u00e3o entre o fazer art\u00edstico<br \/>\npresente na Hist\u00f3ria da Arte e os fazeres art\u00edsticos que est\u00e3o mais pr\u00f3ximos do cotidiano?<\/p>\n<p>SITUA\u00c7\u00c3O-PROBLEMA (SP)<\/p>\n<p>Entre as compet\u00eancias listadas para o ensino de Arte no Ensino Fundamental, h\u00e1 uma que diz<br \/>\nque o estudante deve ser capaz \u201cPesquisar e conhecer distintas matrizes est\u00e9ticas e culturais \u2013<br \/>\nespecialmente aquelas manifestas na arte e nas culturas que constituem a identidade brasileira \u2013,<br \/>\nsua tradi\u00e7\u00e3o e manifesta\u00e7\u00f5es contempor\u00e2neas, reelaborando-as nas cria\u00e7\u00f5es em Arte\u201d (Dispon\u00edvel<br \/>\nem: &lt;<a href=\"http:\/\/basenacionalcomum.mec.gov.br\/images\/BNCC_EI_EF_110518_versaofinal_site.pdf&amp;gt\" rel=\"nofollow\">http:\/\/basenacionalcomum.mec.gov.br\/images\/BNCC_EI_EF_110518_versaofinal_site.pdf&amp;gt<\/a>;.<br \/>\n2018, p. 198. Acesso em 26 de Jun de 2022.<br \/>\nNesse sentido, \u00e9 importante conhecer os fazeres considerados eruditos, reconhecidos por<br \/>\nespecialistas e que t\u00eam presen\u00e7a nas cole\u00e7\u00f5es dos museus e nos livros destinados \u00e0 produ\u00e7\u00e3o<br \/>\nart\u00edstica. Por\u00e9m, mais do que isso, \u00e9 preciso compreender que, muitas vezes, aquele artes\u00e3o que<br \/>\nmora em sua cidade produz coisas aut\u00eanticas e que, mesmo que ele n\u00e3o tenha se formado em uma<br \/>\nuniversidade prestigiada, seu of\u00edcio \u00e9 caracterizado por muitos dos elementos que constituem a<br \/>\nforma\u00e7\u00e3o acad\u00eamica. Ainda, o fazer art\u00edstico artesanal, sem erudi\u00e7\u00e3o, por vezes constitui a forma\u00e7\u00e3o<\/p>\n<p>identit\u00e1ria de uma comunidade inteira. \u00c9 poss\u00edvel verificarmos isso nos objetos produzidos por<br \/>\ndiversas etnias ind\u00edgenas, popula\u00e7\u00f5es ribeirinhas etc.<br \/>\nNosso desafio \u00e9 pensar em formas de levar aos nossos alunos os fazeres culturais de<br \/>\ndiferentes matrizes est\u00e9ticas e art\u00edsticas distintas, compreendendo e ensinando-as como formas de<br \/>\ntrabalho humano elaborado. Vamos ao trabalho?<\/p>\n<p>ORIENTA\u00c7\u00d5ES PARA A EXECU\u00c7\u00c3O DO TRABALHO<\/p>\n<p>Com as considera\u00e7\u00f5es propostas na Situa\u00e7\u00e3o-Problema, a produ\u00e7\u00e3o textual deve ser<br \/>\norganizada por meio dos seguintes itens.<br \/>\n\u2713 Introdu\u00e7\u00e3o da produ\u00e7\u00e3o textual. Neste t\u00f3pico voc\u00ea dever\u00e1 fazer uma apresenta\u00e7\u00e3o sobre o<br \/>\nque ser\u00e1 abordado no trabalho, expor os objetivos e a import\u00e2ncia de sua realiza\u00e7\u00e3o. Nesta<br \/>\netapa poder\u00e1 utilizar at\u00e9 uma (01) p\u00e1gina.<br \/>\n\u2713 Desenvolvimento do trabalho. Voc\u00ea dever\u00e1 realizar as atividades indicadas a seguir. Nesta<br \/>\netapa voc\u00ea poder\u00e1 utilizar de quatro a cinco p\u00e1ginas.<br \/>\n[1] Pesquise sobre artesanato brasileiro. Sugerimos a p\u00e1gina Artesol \u2013 Artesanato brasileiro,<br \/>\ndispon\u00edvel em\u00a0<a href=\"https:\/\/www.artesol.org.br\/\" rel=\"nofollow\">https:\/\/www.artesol.org.br\/<\/a>\u00a0(acesso em 26 de Jun de 2022). Encontre as<br \/>\nprodu\u00e7\u00f5es que mais chamam sua aten\u00e7\u00e3o.<br \/>\n[2] Leia o texto Arte ou artesanato? Artes sem preconceito em um mundo globalizado \u2013 In:<br \/>\nRODRIGUES, W. Arte ou artesanato? Artes sem preconceitos em um mundo globalizado. In:<br \/>\nCultura Visual, n. 18, dezembro\/2012, Salvador: EDUFBA, p. 85-95. (Anexo com este PTG).<br \/>\n[3] Ap\u00f3s a leitura do texto, fa\u00e7a uma pesquisa de imagens representativas da cultura popular<br \/>\nno Brasil, em revistas, jornais e afins (ou mesmo, imagens pesquisadas da internet). Tais<br \/>\nimagens devem ser coletadas tendo em mente a elabora\u00e7\u00e3o de um painel representativo da<br \/>\ncultura popular brasileira.<br \/>\n[4] Utilize uma das p\u00e1ginas de sua Produ\u00e7\u00e3o Textual para criar um painel de imagens<br \/>\nrepresentativas da cultura popular brasileira, sobretudo do artesanato, a partir das imagens<br \/>\nque escolheu.<\/p>\n<p>[5] Escreva um texto dissertativo que estabele\u00e7a uma rela\u00e7\u00e3o entre arte erudita e cultura<br \/>\npopular. Em seguida, fa\u00e7a uma reflex\u00e3o sobre a presen\u00e7a do artesanato e arte popular no<br \/>\nensino de Arte nas escolas. Nesta etapa, o painel de imagens criado por voc\u00ea, com as imagens<br \/>\nde cultura popular brasileira, dever\u00e1 ser discutido sob a perspectiva da presen\u00e7a da cultura<br \/>\npopular no ensino de Arte.<br \/>\n[6] Apresente de maneira detalhada o que o(a) motivou nas escolhas de suas imagens; E por<br \/>\nfim, estabele\u00e7a uma rela\u00e7\u00e3o entre o texto indicado para leitura e a maneira como voc\u00ea<br \/>\npensou a realiza\u00e7\u00e3o do seu trabalho.<\/p>\n<p>Para finalizar, voc\u00ea dever\u00e1 elaborar as Considera\u00e7\u00f5es Finais apresentando a conclus\u00e3o<br \/>\ndo trabalho, sintetizando os elementos discutidos no seu texto. Manifeste seu ponto<br \/>\nde vista e suas opini\u00f5es sobre o assunto trabalhado. Lembre-se de que esta etapa deve<br \/>\nser fundamentada nas refer\u00eancias bibliogr\u00e1ficas. Apresente tamb\u00e9m as contribui\u00e7\u00f5es<br \/>\nque o trabalho trouxe para o seu aprendizado. Nesta etapa voc\u00ea poder\u00e1 utilizar uma<br \/>\n(01) p\u00e1gina.<br \/>\nRefer\u00eancias: n\u00e3o se esque\u00e7a de listar todos os autores e materiais que utilizou para<br \/>\ndesenvolver o trabalho, de acordo com as normas.<\/p>\n<div class=\"elementor-toggle-item\">\n<h4 id=\"elementor-tab-title-1941\" class=\"elementor-tab-title elementor-active\" tabindex=\"0\" role=\"tab\" data-tab=\"1\" aria-controls=\"elementor-tab-content-1941\" aria-expanded=\"true\" aria-selected=\"true\">Como funciona?<\/h4>\n<div id=\"elementor-tab-content-1941\" class=\"elementor-tab-content elementor-clearfix elementor-active\" role=\"tabpanel\" data-tab=\"1\" aria-labelledby=\"elementor-tab-title-1941\">\n<p>Elaboramos os portf\u00f3lios, j\u00e1 deixamos prontos, nas normas da ABNT e conforme os requisitos da universidade. F\u00e1cil assim! O MELHOR \u00c9 QUE VOC\u00ca COMPRA E J\u00c1 BAIXA NA HORA O SEU ARQUIVO EM WORD! Sabemos que conciliar trabalho, fam\u00edlia, vida profissional e estudos \u00e9 dif\u00edcil hoje em dia, por isso, estamos aqui para ajudar voc\u00ea. Conte com nossa qualidade, experi\u00eancia e profissionalismo adquirindo seu portf\u00f3lio conosco. GARANTIMOS SEU CONCEITO!<\/p>\n<h4>Como se realizam os envios?<\/h4>\n<\/div>\n<\/div>\n<div class=\"elementor-toggle-item\">\n<div id=\"elementor-tab-content-1942\" class=\"elementor-tab-content elementor-clearfix elementor-active\" role=\"tabpanel\" data-tab=\"2\" aria-labelledby=\"elementor-tab-title-1942\">O seu trabalho \u00e9 disponibilizado pronto, respondido e nas normas j\u00e1 na mesma hora aqui em nosso site na sua \u00e1rea de downloads e tamb\u00e9m no seu e-mail.<\/div>\n<\/div>\n<div class=\"elementor-toggle-item\">\n<div id=\"elementor-tab-content-1943\" class=\"elementor-tab-content elementor-clearfix elementor-active\" role=\"tabpanel\" data-tab=\"3\" aria-labelledby=\"elementor-tab-title-1943\">\n<h4>Em quanto tempo recebo o portf\u00f3lio?<\/h4>\n<\/div>\n<\/div>\n<div class=\"elementor-toggle-item\">\n<div id=\"elementor-tab-content-1944\" class=\"elementor-tab-content elementor-clearfix elementor-active\" role=\"tabpanel\" data-tab=\"4\" aria-labelledby=\"elementor-tab-title-1944\">\n<p>Os envios s\u00e3o imediatos. Ap\u00f3s sua compra, o trabalho j\u00e1 \u00e9 disponibilizado instantaneamente aqui em nosso site e no seu e-mail.<\/p>\n<h4>E se o portf\u00f3lio que comprei precisar de corre\u00e7\u00e3o?<\/h4>\n<\/div>\n<\/div>\n<div class=\"elementor-toggle-item\">\n<div id=\"elementor-tab-content-1945\" class=\"elementor-tab-content elementor-clearfix elementor-active\" role=\"tabpanel\" data-tab=\"5\" aria-labelledby=\"elementor-tab-title-1945\">\n<p>Caso haja alguma solicita\u00e7\u00e3o de corre\u00e7\u00e3o\/altera\u00e7\u00e3o por parte do tutor, basta entrar em contato conosco pelo\u00a0WhatsApp\u00a0que provid\u00eanciaremos sem custo algum.<\/p>\n<h4>Qual o formato do arquivo?<\/h4>\n<\/div>\n<\/div>\n<div class=\"elementor-toggle-item\">\n<div id=\"elementor-tab-content-1946\" class=\"elementor-tab-content elementor-clearfix elementor-active\" role=\"tabpanel\" data-tab=\"6\" aria-labelledby=\"elementor-tab-title-1946\">\n<p>Os arquivos s\u00e3o enviados em formato Word e s\u00e3o edit\u00e1veis.<\/p>\n<h4>Caso eu tiver alguma d\u00favida, terei suporte no p\u00f3s venda?<\/h4>\n<\/div>\n<\/div>\n<div class=\"elementor-toggle-item\">\n<div id=\"elementor-tab-content-1948\" class=\"elementor-tab-content elementor-clearfix elementor-active\" role=\"tabpanel\" data-tab=\"8\" aria-labelledby=\"elementor-tab-title-1948\">\n<p>Sim, com certeza. Basta clicar no \u00edcone do WhatsApp no cantinho da tela. Ser\u00e1 um prazer atend\u00ea-lo(a).<\/p>\n<div class=\"elementor-toggle-item\">\n<div id=\"elementor-tab-content-1948\" class=\"elementor-tab-content elementor-clearfix elementor-active\" role=\"tabpanel\" data-tab=\"8\" aria-labelledby=\"elementor-tab-title-1948\">\n<h4>Quais os seus canais de contato?<\/h4>\n<\/div>\n<\/div>\n<div class=\"elementor-toggle-item\">\n<div id=\"elementor-tab-content-1949\" class=\"elementor-tab-content elementor-clearfix elementor-active\" role=\"tabpanel\" data-tab=\"9\" aria-labelledby=\"elementor-tab-title-1949\">\n<p>Whatsapp: 53 984751621 \u2013 Clicar no canto da tela ou ESCANEIE O QRCODE ABAIXO<\/p>\n<p><img decoding=\"async\" class=\"alignnone wp-image-7603\" src=\"http:\/\/portifolioos-prontos.com\/wp-content\/uploads\/2022\/09\/portfolio-unopar-pronto-colaborar-ava-producao-textual-interdisciplinar.png\" alt=\"\" width=\"141\" height=\"141\" srcset=\"https:\/\/portifolioos-prontos.com\/wp-content\/uploads\/2022\/09\/portfolio-unopar-pronto-colaborar-ava-producao-textual-interdisciplinar.png 150w, https:\/\/portifolioos-prontos.com\/wp-content\/uploads\/2022\/09\/portfolio-unopar-pronto-colaborar-ava-producao-textual-interdisciplinar-100x100.png 100w\" sizes=\"(max-width: 141px) 100vw, 141px\" \/><\/p>\n<\/div>\n<\/div>\n<\/div>\n<\/div>\n<div class=\"elementor-toggle-item\">\n<div id=\"elementor-tab-content-1949\" class=\"elementor-tab-content elementor-clearfix elementor-active\" role=\"tabpanel\" data-tab=\"9\" aria-labelledby=\"elementor-tab-title-1949\">\n<p>E-mail:portifoliosp@gmail.com<\/p>\n<div id=\"attachment_143\" class=\"wp-caption alignnone\">\n<div id=\"attachment_143\" class=\"wp-caption alignnone\" style=\"width: 151px;\">\n<p><a href=\"http:\/\/portifolioos-prontos.com\/\"><img decoding=\"async\" class=\"wp-image-143 jetpack-lazy-image jetpack-lazy-image--handled\" title=\"portfolio pronto unopar\" src=\"https:\/\/i0.wp.com\/portifolioos-prontos.com\/wp-content\/uploads\/2022\/04\/conceitomaximo.png?resize=161%2C46\" alt=\"PORTFOLIO PRONTO UNOPAR ANHANGUERA\" width=\"151\" height=\"43\" aria-describedby=\"caption-attachment-143\" data-recalc-dims=\"1\" data-lazy-loaded=\"1\" \/><\/a><\/p>\n<p id=\"caption-attachment-143\" class=\"wp-caption-text\">Portf\u00f3lio em Word, respondido, completo e j\u00e1 nas normas.<\/p>\n<\/div>\n<\/div>\n<\/div>\n<\/div>\n","protected":false},"excerpt":{"rendered":"<p>Portf\u00f3lio Cultura popular brasileira e o ensino de arte Curso: Artes Visuais Semestre: 4\u00b0 A proposta de Produ\u00e7\u00e3o Textual ter\u00e1 como tem\u00e1tica: Cultura popular brasileira e o ensino de Arte. Escolhemos esta tem\u00e1tica para possibilitar a aprendizagem interdisciplinar dos conte\u00fados desenvolvidos nas disciplinas desse semestre. Inicialmente, \u00e9 importante que voc\u00ea realize a leitura atenta da&hellip;<\/p>\n","protected":false},"featured_media":7822,"template":"","meta":{"_seopress_robots_primary_cat":"none","_seopress_titles_title":"%%post_title%% %%sitetitle%%","_seopress_titles_desc":"","_seopress_robots_index":""},"product_cat":[115,15],"product_tag":[],"class_list":{"0":"post-7383","1":"product","2":"type-product","3":"status-publish","4":"has-post-thumbnail","6":"product_cat-artes-visuais","7":"product_cat-uncategorized","9":"first","10":"instock","11":"downloadable","12":"virtual","13":"purchasable","14":"product-type-simple","15":"col-xs-6 col-sm-4","16":"col-mf-5","17":"un-5-cols"},"jetpack_sharing_enabled":true,"_links":{"self":[{"href":"https:\/\/portifolioos-prontos.com\/index.php\/wp-json\/wp\/v2\/product\/7383","targetHints":{"allow":["GET"]}}],"collection":[{"href":"https:\/\/portifolioos-prontos.com\/index.php\/wp-json\/wp\/v2\/product"}],"about":[{"href":"https:\/\/portifolioos-prontos.com\/index.php\/wp-json\/wp\/v2\/types\/product"}],"version-history":[{"count":0,"href":"https:\/\/portifolioos-prontos.com\/index.php\/wp-json\/wp\/v2\/product\/7383\/revisions"}],"wp:featuredmedia":[{"embeddable":true,"href":"https:\/\/portifolioos-prontos.com\/index.php\/wp-json\/wp\/v2\/media\/7822"}],"wp:attachment":[{"href":"https:\/\/portifolioos-prontos.com\/index.php\/wp-json\/wp\/v2\/media?parent=7383"}],"wp:term":[{"taxonomy":"product_cat","embeddable":true,"href":"https:\/\/portifolioos-prontos.com\/index.php\/wp-json\/wp\/v2\/product_cat?post=7383"},{"taxonomy":"product_tag","embeddable":true,"href":"https:\/\/portifolioos-prontos.com\/index.php\/wp-json\/wp\/v2\/product_tag?post=7383"}],"curies":[{"name":"wp","href":"https:\/\/api.w.org\/{rel}","templated":true}]}}