{"id":7389,"date":"2022-08-28T13:56:10","date_gmt":"2022-08-28T16:56:10","guid":{"rendered":"https:\/\/portifolioos-prontos.com\/?post_type=product&#038;p=7389"},"modified":"2022-11-21T16:33:47","modified_gmt":"2022-11-21T19:33:47","slug":"portfolio-aprendizagem-baseada-em-projetos","status":"publish","type":"product","link":"https:\/\/portifolioos-prontos.com\/index.php\/product\/portfolio-aprendizagem-baseada-em-projetos\/","title":{"rendered":"Portf\u00f3lio Aprendizagem baseada em projetos"},"content":{"rendered":"<h4>Portf\u00f3lio Aprendizagem baseada em projetos<\/h4>\n<h4>Curso: 2\u00aa Licenciatura em Pedagogia<\/h4>\n<h4>Semestres: 2\u00ba SEM<\/h4>\n<p>A Produ\u00e7\u00e3o Textual Interdisciplinar Individual (PTI) ter\u00e1 como tem\u00e1tica uma proposta por<br \/>\nmeio da Aprendizagem Baseada em Projetos. Escolhemos essa tem\u00e1tica para possibilitar a<br \/>\naprendizagem interdisciplinar dos conte\u00fados desenvolvidos nas disciplinas deste semestre e para<br \/>\nconsolidar a reflex\u00e3o sobre a pr\u00e1tica em sala de aula.<br \/>\nA expans\u00e3o da utiliza\u00e7\u00e3o das Tecnologias Digitais de Informa\u00e7\u00e3o e Comunica\u00e7\u00e3o em<br \/>\ndiferentes espa\u00e7os e tempos ocasionou mudan\u00e7as como a dissolu\u00e7\u00e3o de fronteiras e a cria\u00e7\u00e3o de<br \/>\num espa\u00e7o interligado de conex\u00f5es que pode ser desenvolvido no contexto educacional. Segundo<br \/>\nBacich e Moran (2018), essas mudan\u00e7as convocam a participa\u00e7\u00e3o e a colabora\u00e7\u00e3o; requerem uma<br \/>\nposi\u00e7\u00e3o cr\u00edtica em rela\u00e7\u00e3o \u00e0 tecnologia, \u00e0 informa\u00e7\u00e3o e ao conhecimento; e influenciam a cultura<br \/>\nlevando \u00e0 emerg\u00eancia da cultura digital. (BACICH, Lilian; MORAN, Jos\u00e9 (Orgs.). Metodologias ativas para uma<br \/>\neduca\u00e7\u00e3o inovadora: uma abordagem te\u00f3rico-pr\u00e1tica. Porto Alegre: Penso, 2018)<br \/>\nConsiderando o desenvolvimento tecnol\u00f3gico, existem, na atualidade, discuss\u00f5es a respeito<br \/>\nde metodologias variadas que podem ser utilizadas em sala de aula. Essas propostas s\u00e3o elaboradas<br \/>\nde modo a impulsionar o engajamento dos estudantes nos processos de ensino e aprendizagem e<br \/>\nas metodologias est\u00e3o sendo atualizadas diante das pr\u00e1ticas inerentes \u00e0 cultural digital, por meio<br \/>\nda integra\u00e7\u00e3o das tecnologias ao desenvolvimento das metodologias ativas.<br \/>\nAs metodologias ativas englobam uma concep\u00e7\u00e3o do processo de ensino e aprendizagem<br \/>\nque considera a participa\u00e7\u00e3o efetiva dos alunos, valorizando as diferentes formas pelas quais eles<br \/>\npodem ser envolvidos nesse processo. Cabe ao professor ser o coordenador das a\u00e7\u00f5es did\u00e1ticas, o<br \/>\nmediador das descobertas e aprendizagens vivenciadas.<br \/>\nUma das pr\u00e1ticas de ensino e aprendizagem considerada como metodologia ativa de<br \/>\naprendizagem \u00e9 a aprendizagem baseada em projetos ou ensino atrav\u00e9s de projetos. De acordo<\/p>\n<p>com Bacich e Moran (2018), por meio dela \u201cos alunos se envolvem com tarefas e desafios para<br \/>\ndesenvolver um projeto que tenha liga\u00e7\u00e3o com a sua vida [\u2026]. No processo, lidam com quest\u00f5es<br \/>\ninterdisciplinares, tomam decis\u00f5es e agem em equipe.\u201d (BACICH, Lilian; MORAN, Jos\u00e9 (Orgs.). Metodologias<br \/>\nativas para uma educa\u00e7\u00e3o inovadora: uma abordagem te\u00f3rico-pr\u00e1tica. Porto Alegre: Penso, 2018)<br \/>\nPor meio dos projetos, pode-se desenvolver o pensamento cr\u00edtico e criativo e a percep\u00e7\u00e3o<br \/>\nde que existem maneiras diversas de se realizar o que foi proposto. Ademais, tamb\u00e9m s\u00e3o previstos<br \/>\nmomentos de reflex\u00e3o e feedback para criar oportunidades de aplicabilidade e desenvolvimento de<br \/>\nhabilidades e compet\u00eancias.<br \/>\nEssa abordagem adota o princ\u00edpio da aprendizagem colaborativa, baseada no trabalho<br \/>\ncoletivo. S\u00e3o v\u00e1rios os modelos de implementa\u00e7\u00e3o da metodologia de projetos, que variam de<br \/>\nprojetos de curta dura\u00e7\u00e3o (uma ou duas semanas), restritos ao \u00e2mbito da sala de aula e baseados<br \/>\nem um assunto espec\u00edfico, at\u00e9 projetos de solu\u00e7\u00f5es mais complexas, que envolvem temas<br \/>\ntransversais e demandam a colabora\u00e7\u00e3o interdisciplinar, com dura\u00e7\u00e3o mais longa (semestral ou<br \/>\nanual).<\/p>\n<p>ORIENTA\u00c7\u00d5ES DA PRODU\u00c7\u00c3O TEXTUAL<\/p>\n<p>1. Leitura e interpreta\u00e7\u00e3o da SGA<\/p>\n<p>Por meio da leitura da SGA e, tamb\u00e9m, da situa\u00e7\u00e3o-problema destacada, voc\u00ea, futuro<br \/>\ndocente, deve elaborar uma produ\u00e7\u00e3o textual, com respaldo te\u00f3rico nas disciplinas que foram<br \/>\ncursadas ao longo deste semestre.<\/p>\n<p>SITUA\u00c7\u00c3O GERADORA DE APRENDIZAGEM (SGA)<\/p>\n<p>Para refletir sobre a tem\u00e1tica em quest\u00e3o, tome como exemplo o caso que apresentaremos<br \/>\na seguir:<br \/>\nM\u00e1rcia acaba de se formar em Pedagogia e j\u00e1 assumiu uma turma do 2\u00ba ano do Ensino<br \/>\nFundamental. Em sua primeira reuni\u00e3o pedag\u00f3gica, a diretora da escola pediu para M\u00e1rcia, assim<br \/>\ncomo aos demais professores, trabalharem ao longo do bimestre o desenvolvimento de propostas<\/p>\n<p>que envolvam projetos e tecnologias. Assim, as turmas poderiam refletir sobre a import\u00e2ncia da<br \/>\ntecnologia e de uma metodologia ativa espec\u00edfica articulando a tem\u00e1tica em quest\u00e3o com os<br \/>\nconte\u00fados de cada componente curricular de acordo com a Base Nacional Comum Curricular<br \/>\n(BNCC).<br \/>\nComo a dire\u00e7\u00e3o da escola sabia que tratava-se da primeira experi\u00eancia profissional de<br \/>\nM\u00e1rcia, F\u00e1bio, o professor de Educa\u00e7\u00e3o F\u00edsica da Institui\u00e7\u00e3o, ajudou a professora a elaborar um<br \/>\nprojeto e sugeriu ainda que o projeto fosse entregue antes da data estipulada para os outros<br \/>\nprofessores, para que assim, caso fosse necess\u00e1rio, houvesse tempo para realizar altera\u00e7\u00f5es.<br \/>\nA diretora perguntou para M\u00e1rcia se ela tinha conhecimento sobre as caracter\u00edsticas de um<br \/>\nprojeto, as especificidades do trabalho com metodologias ativas e, embora ela tenha respondido<br \/>\nque sim, n\u00e3o tinha dom\u00ednio sobre esse assunto e por isso, pediu para o professor F\u00e1bio algumas<br \/>\ndicas sobre esse tipo de metodologia.<\/p>\n<p>SITUA\u00c7\u00c3O-PROBLEMA (SP)<\/p>\n<p>Suponha que voc\u00ea estivesse no lugar do professor F\u00e1bio, que tipo de orienta\u00e7\u00f5es daria para<br \/>\na professora M\u00e1rcia? Como ajudaria a professora a organizar um planejamento articulando a<br \/>\nmetodologia de projetos e as disciplinas estudadas ao longo do semestre?<br \/>\nOs projetos contribuem para o desenvolvimento de compet\u00eancias cognitivas e<br \/>\nsocioemocionais, pois mobilizam habilidades em todas as etapas e atividades, desde o<br \/>\nplanejamento at\u00e9 \u00e0 finaliza\u00e7\u00e3o, por meio de diversas atividades que abordam motiva\u00e7\u00e3o,<br \/>\ncontextualiza\u00e7\u00e3o, brainstorming, organiza\u00e7\u00e3o, registro e reflex\u00e3o.<br \/>\nIsto posto, a elabora\u00e7\u00e3o desta PTI constitui-se com o prop\u00f3sito de ponderar a respeito de<br \/>\num aprendizado inovador e participativo por meio de reflex\u00f5es te\u00f3ricas e pr\u00e1ticas referentes \u00e0<br \/>\ninser\u00e7\u00e3o de tecnologias no ensino por meio de projetos.<\/p>\n<p>ORIENTA\u00c7\u00d5ES PARA A EXECU\u00c7\u00c3O DO TRABALHO<\/p>\n<p>A partir dos direcionamentos apresentados, elabore uma produ\u00e7\u00e3o textual sobre o ensino<br \/>\natrav\u00e9s de projetos como metodologia ativa de ensino e de aprendizagem e construa uma proposta<br \/>\nde projeto que considere a utiliza\u00e7\u00e3o de tecnologias.<br \/>\nA produ\u00e7\u00e3o textual deve ser organizada por meio dos seguintes itens, a serem considerados<br \/>\npelo acad\u00eamico:<\/p>\n<p>1\u00ba) Realiza\u00e7\u00e3o da leitura dos textos sugeridos abaixo. Al\u00e9m dessas sugest\u00f5es, o acad\u00eamico<br \/>\ntamb\u00e9m poder\u00e1 utilizar para a elabora\u00e7\u00e3o da produ\u00e7\u00e3o textual os materiais disponibilizados pelas<br \/>\ndisciplinas do semestre:<br \/>\nTexto 1: Aprendizagem baseada em projetos: a chave para uma educa\u00e7\u00e3o eficiente.<br \/>\nDispon\u00edvel em:\u00a0<a href=\"https:\/\/desafiosdaeducacao.grupoa.com.br\/aprendizagem-baseada-em-projetos-\" rel=\"nofollow\">https:\/\/desafiosdaeducacao.grupoa.com.br\/aprendizagem-baseada-em-projetos-<\/a><br \/>\nchave-para-uma-educacao-eficiente\/. Acesso em: 29 nov. 2021.<br \/>\nTexto 2: O Ensino Atrav\u00e9s de Projetos como Metodologia Ativa de Ensino e Aprendizagem.<br \/>\nDispon\u00edvel em:\u00a0<a href=\"http:\/\/periodicos.ifsul.edu.br\/index.php\/thema\/article\/view\/481\/565\" rel=\"nofollow\">http:\/\/periodicos.ifsul.edu.br\/index.php\/thema\/article\/view\/481\/565<\/a>. Acesso em:<br \/>\n29 nov. 2021.<br \/>\nTexto 3: Tecnologias Digitais e Metodologias Ativas na Educa\u00e7\u00e3o B\u00e1sica: a relev\u00e2ncia das TIC<br \/>\npara uma aprendizagem significativa. Dispon\u00edvel em:\u00a0<a href=\"https:\/\/tecedu.pro.br\/wp-\" rel=\"nofollow\">https:\/\/tecedu.pro.br\/wp-<\/a><br \/>\ncontent\/uploads\/2019\/12\/Art3-Ano-11-vol30-Novembro-2019-.pdf. Acesso em: 29 nov. 2021.<\/p>\n<p>2\u00ba) Elaborar a Introdu\u00e7\u00e3o da produ\u00e7\u00e3o textual. Neste t\u00f3pico, voc\u00ea dever\u00e1 fazer uma<br \/>\napresenta\u00e7\u00e3o sobre o que ser\u00e1 abordado no trabalho, expor os objetivos e a import\u00e2ncia de sua<br \/>\nrealiza\u00e7\u00e3o. (1 lauda)<\/p>\n<p>3\u00ba) O Desenvolvimento \u00e9 a parte dos elementos textuais na qual se concentram a<br \/>\nfundamenta\u00e7\u00e3o te\u00f3rica e o desenvolvimento das ideias. Nessa parte, voc\u00ea precisa ser o mais claro<br \/>\nposs\u00edvel, ter coes\u00e3o por meio de uma discuss\u00e3o direcionada pelas leituras sugeridas. Essa produ\u00e7\u00e3o<br \/>\ntextual estar\u00e1 dividida em duas partes principais: (2 a 3 laudas)<br \/>\n\u2013 A primeira delas deve contemplar uma fundamenta\u00e7\u00e3o te\u00f3rica sobre a aprendizagem<br \/>\nbaseada em projetos.<\/p>\n<p>\u2013 A segunda est\u00e1 destinada \u00e0 elabora\u00e7\u00e3o de uma proposta de projeto para a aprendizagem<br \/>\nbaseada em projetos, a ser desenvolvida para os Anos Iniciais do Ensino Fundamental que<br \/>\ncontemple o uso de tecnologias, de acordo com as seguintes etapas:<\/p>\n<p>1. T\u00edtulo do projeto:<br \/>\n2. Dura\u00e7\u00e3o do projeto:<br \/>\n3. P\u00fablico-alvo (turma para qual o projeto se destina):<br \/>\n4. Defini\u00e7\u00e3o do tema:<br \/>\nNeste item voc\u00ea deve definir qual \u00e9 a pergunta motivadora do projeto. Ela n\u00e3o<br \/>\npode ser resolvida facilmente, por exemplo, apenas com uma pesquisa na<br \/>\ninternet.<br \/>\n5. Justificativa da escolha do tema:<br \/>\nNesta etapa voc\u00ea deve explicar a relev\u00e2ncia do seu tema, bem como do produto<br \/>\nque o projeto ir\u00e1 propor para a forma\u00e7\u00e3o dos alunos.<br \/>\n6. Defini\u00e7\u00e3o dos objetivos do projeto:<br \/>\nAqui, voc\u00ea dever\u00e1 definir o que os alunos podem criar ou aprender com o projeto.<br \/>\n7. Levantamento das hip\u00f3teses:<br \/>\nNeste item, voc\u00ea define como os alunos investigam as poss\u00edveis causas para o<br \/>\nproblema levantado no tema do projeto e elaboram hip\u00f3teses.<br \/>\n8. Defini\u00e7\u00e3o das fontes de pesquisas e breve fundamenta\u00e7\u00e3o te\u00f3rica:<br \/>\nEsta \u00e9 a etapa em que os alunos devem se tornar especialistas no tema proposto.<br \/>\nPor isso, devem ser definidas neste t\u00f3pico as fontes, pesquisas, textos ou at\u00e9<br \/>\nmesmo entrevistas que possam auxiliar no cumprimento dos objetivos propostos.<br \/>\n9. Estabelecimento do plano de execu\u00e7\u00e3o para resolu\u00e7\u00e3o do problema definido:<br \/>\nNesta fase do projeto, voc\u00ea deve indicar como os alunos podem criar um plano<br \/>\npara resolu\u00e7\u00e3o do problema definido pelo seu projeto, bem como deve ser sua<br \/>\nexecu\u00e7\u00e3o.<br \/>\nNeste item \u00e9 importante que voc\u00ea defina como far\u00e1 o monitoramento, ou seja, o<br \/>\nacompanhamento e o registro das atividades desenvolvidas pelos alunos.<br \/>\n10. Divulga\u00e7\u00e3o dos resultados:<\/p>\n<p>Nesta etapa, voc\u00ea deve definir como os alunos ir\u00e3o apresentar os resultados<br \/>\nobtidos com a execu\u00e7\u00e3o do plano proposto pelo projeto, como eles ir\u00e3o identificar<br \/>\nse os objetivos foram ou n\u00e3o atingidos e se foram necess\u00e1rias modifica\u00e7\u00f5es no<br \/>\nplano ao longo da execu\u00e7\u00e3o do projeto.<br \/>\n11. Avalia\u00e7\u00e3o do aprendizado:<br \/>\nAqui voc\u00ea deve definir como far\u00e1 a avalia\u00e7\u00e3o do aprendizado dos alunos em<br \/>\nrela\u00e7\u00e3o do projeto proposto.<\/p>\n<p>A flexibilidade e a dinamicidade s\u00e3o caracter\u00edsticas essenciais de um projeto, n\u00e3o sendo<br \/>\nconstitu\u00eddo por etapas r\u00edgidas e definidas a priori. Mas \u00e9 organizado pelos sujeitos envolvidos no<br \/>\nprocesso de investiga\u00e7\u00e3o, sendo que todas as etapas s\u00e3o interdependentes e contam com a voz<br \/>\nde todos que participam do Projeto. Neste sentido, o tempo para a realiza\u00e7\u00e3o de um Projeto<br \/>\n<a href=\"http:\/\/portfoliooead.com.br\/\">depender\u00e1 do envolvimento da turma, doo tema e de sua complexidade, podendo ser finalizado<\/a><br \/>\nno encerramento de um ano letivo, bem como em um tempo relativamente menor.<br \/>\nPara a constru\u00e7\u00e3o do seu projeto, voc\u00ea pode seguir o modelo apresentado<br \/>\nanteriormente.<\/p>\n<p>4\u00ba)\u00a0Para finalizar, voc\u00ea dever\u00e1 fazer suas Considera\u00e7\u00f5es finais, apresentando a<br \/>\nconclus\u00e3o do seu trabalho, sintetizando as informa\u00e7\u00f5es te\u00f3ricas abordadas e a elabora\u00e7\u00e3o da<br \/>\nproposta de projeto. Manifeste seu ponto de vista e opini\u00f5es sobre o assunto trabalhado.<br \/>\nApresente as contribui\u00e7\u00f5es que o trabalho trouxe para o seu aprendizado. (1 lauda)<\/p>\n<p>5\u00ba) Refer\u00eancias: n\u00e3o se esque\u00e7a de listar todos os autores e materiais que utilizou para<br \/>\ndesenvolver o trabalho.<\/p>\n<div class=\"elementor-toggle-item\">\n<h4 id=\"elementor-tab-title-1941\" class=\"elementor-tab-title elementor-active\" tabindex=\"0\" role=\"tab\" data-tab=\"1\" aria-controls=\"elementor-tab-content-1941\" aria-expanded=\"true\" aria-selected=\"true\">Como funciona?<\/h4>\n<div id=\"elementor-tab-content-1941\" class=\"elementor-tab-content elementor-clearfix elementor-active\" role=\"tabpanel\" data-tab=\"1\" aria-labelledby=\"elementor-tab-title-1941\">\n<p>Elaboramos os portf\u00f3lios, j\u00e1 deixamos prontos, nas normas da ABNT e conforme os requisitos da universidade. F\u00e1cil assim! O MELHOR \u00c9 QUE VOC\u00ca COMPRA E J\u00c1 BAIXA NA HORA O SEU ARQUIVO EM WORD! Sabemos que conciliar trabalho, fam\u00edlia, vida profissional e estudos \u00e9 dif\u00edcil hoje em dia, por isso, estamos aqui para ajudar voc\u00ea. Conte com nossa qualidade, experi\u00eancia e profissionalismo adquirindo seu portf\u00f3lio conosco. GARANTIMOS SEU CONCEITO!<\/p>\n<h4>Como se realizam os envios?<\/h4>\n<\/div>\n<\/div>\n<div class=\"elementor-toggle-item\">\n<div id=\"elementor-tab-content-1942\" class=\"elementor-tab-content elementor-clearfix elementor-active\" role=\"tabpanel\" data-tab=\"2\" aria-labelledby=\"elementor-tab-title-1942\">O seu trabalho \u00e9 disponibilizado pronto, respondido e nas normas j\u00e1 na mesma hora aqui em nosso site na sua \u00e1rea de downloads e tamb\u00e9m no seu e-mail.<\/div>\n<\/div>\n<div class=\"elementor-toggle-item\">\n<div id=\"elementor-tab-content-1943\" class=\"elementor-tab-content elementor-clearfix elementor-active\" role=\"tabpanel\" data-tab=\"3\" aria-labelledby=\"elementor-tab-title-1943\">\n<h4>Em quanto tempo recebo o portf\u00f3lio?<\/h4>\n<\/div>\n<\/div>\n<div class=\"elementor-toggle-item\">\n<div id=\"elementor-tab-content-1944\" class=\"elementor-tab-content elementor-clearfix elementor-active\" role=\"tabpanel\" data-tab=\"4\" aria-labelledby=\"elementor-tab-title-1944\">\n<p>Os envios s\u00e3o imediatos. Ap\u00f3s sua compra, o trabalho j\u00e1 \u00e9 disponibilizado instantaneamente aqui em nosso site e no seu e-mail.<\/p>\n<h4>E se o portf\u00f3lio que comprei precisar de corre\u00e7\u00e3o?<\/h4>\n<\/div>\n<\/div>\n<div class=\"elementor-toggle-item\">\n<div id=\"elementor-tab-content-1945\" class=\"elementor-tab-content elementor-clearfix elementor-active\" role=\"tabpanel\" data-tab=\"5\" aria-labelledby=\"elementor-tab-title-1945\">\n<p>Caso haja alguma solicita\u00e7\u00e3o de corre\u00e7\u00e3o\/altera\u00e7\u00e3o por parte do tutor, basta entrar em contato conosco pelo\u00a0WhatsApp\u00a0que provid\u00eanciaremos sem custo algum.<\/p>\n<h4>Qual o formato do arquivo?<\/h4>\n<\/div>\n<\/div>\n<div class=\"elementor-toggle-item\">\n<div id=\"elementor-tab-content-1946\" class=\"elementor-tab-content elementor-clearfix elementor-active\" role=\"tabpanel\" data-tab=\"6\" aria-labelledby=\"elementor-tab-title-1946\">\n<p>Os arquivos s\u00e3o enviados em formato Word e s\u00e3o edit\u00e1veis.<\/p>\n<h4>Caso eu tiver alguma d\u00favida, terei suporte no p\u00f3s venda?<\/h4>\n<\/div>\n<\/div>\n<div class=\"elementor-toggle-item\">\n<div id=\"elementor-tab-content-1948\" class=\"elementor-tab-content elementor-clearfix elementor-active\" role=\"tabpanel\" data-tab=\"8\" aria-labelledby=\"elementor-tab-title-1948\">\n<p>Sim, com certeza. Basta clicar no \u00edcone do WhatsApp no cantinho da tela. Ser\u00e1 um prazer atend\u00ea-lo(a).<\/p>\n<div class=\"elementor-toggle-item\">\n<div id=\"elementor-tab-content-1948\" class=\"elementor-tab-content elementor-clearfix elementor-active\" role=\"tabpanel\" data-tab=\"8\" aria-labelledby=\"elementor-tab-title-1948\">\n<h4>Quais os seus canais de contato?<\/h4>\n<\/div>\n<\/div>\n<div class=\"elementor-toggle-item\">\n<div id=\"elementor-tab-content-1949\" class=\"elementor-tab-content elementor-clearfix elementor-active\" role=\"tabpanel\" data-tab=\"9\" aria-labelledby=\"elementor-tab-title-1949\">\n<p>Whatsapp: 53 984751621 \u2013 Clicar no canto da tela ou ESCANEIE O QRCODE ABAIXO<\/p>\n<p><img decoding=\"async\" class=\"alignnone wp-image-7603\" src=\"http:\/\/portifolioos-prontos.com\/wp-content\/uploads\/2022\/09\/portfolio-unopar-pronto-colaborar-ava-producao-textual-interdisciplinar.png\" alt=\"\" width=\"141\" height=\"141\" srcset=\"https:\/\/portifolioos-prontos.com\/wp-content\/uploads\/2022\/09\/portfolio-unopar-pronto-colaborar-ava-producao-textual-interdisciplinar.png 150w, https:\/\/portifolioos-prontos.com\/wp-content\/uploads\/2022\/09\/portfolio-unopar-pronto-colaborar-ava-producao-textual-interdisciplinar-100x100.png 100w\" sizes=\"(max-width: 141px) 100vw, 141px\" \/><\/p>\n<\/div>\n<\/div>\n<\/div>\n<\/div>\n<div class=\"elementor-toggle-item\">\n<div id=\"elementor-tab-content-1949\" class=\"elementor-tab-content elementor-clearfix elementor-active\" role=\"tabpanel\" data-tab=\"9\" aria-labelledby=\"elementor-tab-title-1949\">\n<p>E-mail:portifoliosp@gmail.com<\/p>\n<div id=\"attachment_143\" class=\"wp-caption alignnone\">\n<div id=\"attachment_143\" class=\"wp-caption alignnone\" style=\"width: 154px;\">\n<p><a href=\"http:\/\/portifolioos-prontos.com\/\"><img decoding=\"async\" class=\"wp-image-143 jetpack-lazy-image jetpack-lazy-image--handled\" title=\"portfolio pronto unopar\" src=\"https:\/\/i0.wp.com\/portifolioos-prontos.com\/wp-content\/uploads\/2022\/04\/conceitomaximo.png?resize=161%2C46\" alt=\"PORTFOLIO PRONTO UNOPAR ANHANGUERA\" width=\"154\" height=\"44\" aria-describedby=\"caption-attachment-143\" data-recalc-dims=\"1\" data-lazy-loaded=\"1\" \/><\/a><\/p>\n<p id=\"caption-attachment-143\" class=\"wp-caption-text\">Portf\u00f3lio em Word, respondido, completo e j\u00e1 nas normas.<\/p>\n<\/div>\n<\/div>\n<\/div>\n<\/div>\n","protected":false},"excerpt":{"rendered":"<p>Portf\u00f3lio Aprendizagem baseada em projetos Curso: 2\u00aa Licenciatura em Pedagogia Semestres: 2\u00ba SEM A Produ\u00e7\u00e3o Textual Interdisciplinar Individual (PTI) ter\u00e1 como tem\u00e1tica uma proposta por meio da Aprendizagem Baseada em Projetos. Escolhemos essa tem\u00e1tica para possibilitar a aprendizagem interdisciplinar dos conte\u00fados desenvolvidos nas disciplinas deste semestre e para consolidar a reflex\u00e3o sobre a pr\u00e1tica em&hellip;<\/p>\n","protected":false},"featured_media":8577,"template":"","meta":{"_seopress_robots_primary_cat":"none","_seopress_titles_title":"","_seopress_titles_desc":"","_seopress_robots_index":""},"product_cat":[47,52,15],"product_tag":[],"class_list":{"0":"post-7389","1":"product","2":"type-product","3":"status-publish","4":"has-post-thumbnail","6":"product_cat-licenciaturas","7":"product_cat-pedagogia","8":"product_cat-uncategorized","10":"first","11":"instock","12":"downloadable","13":"virtual","14":"purchasable","15":"product-type-simple","16":"col-xs-6 col-sm-4","17":"col-mf-5","18":"un-5-cols"},"jetpack_sharing_enabled":true,"_links":{"self":[{"href":"https:\/\/portifolioos-prontos.com\/index.php\/wp-json\/wp\/v2\/product\/7389","targetHints":{"allow":["GET"]}}],"collection":[{"href":"https:\/\/portifolioos-prontos.com\/index.php\/wp-json\/wp\/v2\/product"}],"about":[{"href":"https:\/\/portifolioos-prontos.com\/index.php\/wp-json\/wp\/v2\/types\/product"}],"version-history":[{"count":0,"href":"https:\/\/portifolioos-prontos.com\/index.php\/wp-json\/wp\/v2\/product\/7389\/revisions"}],"wp:featuredmedia":[{"embeddable":true,"href":"https:\/\/portifolioos-prontos.com\/index.php\/wp-json\/wp\/v2\/media\/8577"}],"wp:attachment":[{"href":"https:\/\/portifolioos-prontos.com\/index.php\/wp-json\/wp\/v2\/media?parent=7389"}],"wp:term":[{"taxonomy":"product_cat","embeddable":true,"href":"https:\/\/portifolioos-prontos.com\/index.php\/wp-json\/wp\/v2\/product_cat?post=7389"},{"taxonomy":"product_tag","embeddable":true,"href":"https:\/\/portifolioos-prontos.com\/index.php\/wp-json\/wp\/v2\/product_tag?post=7389"}],"curies":[{"name":"wp","href":"https:\/\/api.w.org\/{rel}","templated":true}]}}