{"id":7398,"date":"2022-08-28T14:03:21","date_gmt":"2022-08-28T17:03:21","guid":{"rendered":"https:\/\/portifolioos-prontos.com\/?post_type=product&#038;p=7398"},"modified":"2022-10-05T15:35:30","modified_gmt":"2022-10-05T18:35:30","slug":"portfolio-plano-de-acoes-e-a-cultural-digital-em-ambientes-corporativos","status":"publish","type":"product","link":"https:\/\/portifolioos-prontos.com\/index.php\/product\/portfolio-plano-de-acoes-e-a-cultural-digital-em-ambientes-corporativos\/","title":{"rendered":"Portf\u00f3lio Plano de a\u00e7\u00f5es e a cultural digital em ambientes corporativos"},"content":{"rendered":"<h4>Portf\u00f3lio Plano de a\u00e7\u00f5es e a cultural digital em ambientes corporativos<\/h4>\n<h4>Curso: Secretariado Executivo<\/h4>\n<h4>Semestre: 3\u00b0<\/h4>\n<p>A proposta de Produ\u00e7\u00e3o Textual Interdisciplinar Individual (PTI) ter\u00e1 como tem\u00e1tica \u201cPlano de<br \/>\na\u00e7\u00f5es e a cultural digital em ambientes corporativos\u201d. Escolhemos essa tem\u00e1tica para possibilitar a<br \/>\naplica\u00e7\u00e3o interdisciplinar dos conte\u00fados desenvolvidos nas disciplinas deste semestre.<\/p>\n<p>ORIENTA\u00c7\u00d5ES DA PRODU\u00c7\u00c3O TEXTUAL<\/p>\n<p>1. Leitura e interpreta\u00e7\u00e3o da SGA<br \/>\nPor meio da leitura da SGA e, tamb\u00e9m, da situa\u00e7\u00e3o-problema destacada, voc\u00ea deve elaborar<br \/>\no plano de a\u00e7\u00f5es, teoricamente fundamentado, que ser\u00e1 apresentado \u00e0 lideran\u00e7a de sua empresa<br \/>\npara desenvolver estrat\u00e9gias de gest\u00e3o por meio de tecnologias digitais de informa\u00e7\u00e3o e<br \/>\ncomunica\u00e7\u00e3o.<\/p>\n<p>Situa\u00e7\u00e3o Geradora de Aprendizagem (SGA)<\/p>\n<p>Jo\u00e3o Pedro \u00e9 o secret\u00e1rio executivo de uma ind\u00fastria farmac\u00eautica multinacional que est\u00e1<br \/>\nimplementando um novo polo em uma cidade do interior do estado de S\u00e3o Paulo. Ele foi convidado<br \/>\na exercer o seu cargo nesta nova unidade da empresa, tendo em vista que al\u00e9m de assessorar seu<br \/>\nsuperior nas atividades rotineiras, auxilia na tomada de decis\u00f5es, exerce lideran\u00e7a, elabora<br \/>\nplanejamento de a\u00e7\u00f5es e organiza projetos. A primeira a\u00e7\u00e3o foi fazer um diagn\u00f3stico pr\u00e9vio da sua<br \/>\nnova equipe de trabalho.<br \/>\nPara isso, ap\u00f3s a empresa contratar uma equipe de pesquisadores, foi detectado a<br \/>\npotencialidade na gest\u00e3o, mediada pelas novas tecnologias. Ent\u00e3o, a empresa resolveu propor essa<br \/>\ndiscuss\u00e3o e analisar as propostas de seus colaboradores porque foi constatado que, al\u00e9m da demora<br \/>\nna solu\u00e7\u00e3o de problemas di\u00e1rios, o secret\u00e1rio executivo, bem como os demais colaboradores est\u00e3o<br \/>\nutilizando ferramentas inadequadas para a condu\u00e7\u00e3o do trabalho empresarial.<br \/>\nComo uma das caracter\u00edsticas de Jo\u00e3o Pedro \u00e9 exercer uma lideran\u00e7a colaborativa que<br \/>\npermite e almeja que seus colaboradores participem das discuss\u00f5es e tomadas de decis\u00f5es, ele<br \/>\ntamb\u00e9m organizou uma semana de reuni\u00f5es com os respons\u00e1veis pela gest\u00e3o da empresa,<br \/>\napresentou o resultado da equipe de pesquisadores e prop\u00f4s que discutissem a respeito das<br \/>\ntransforma\u00e7\u00f5es tecnol\u00f3gicas necess\u00e1rias para o meio de trabalho, visto que as pr\u00e1ticas corporativas<br \/>\nrealizadas por este grupo est\u00e3o defasadas, requerendo plano de a\u00e7\u00f5es que desenvolvam<br \/>\nletramentos.<\/p>\n<p>O resultado dessa reuni\u00e3o apontou que Jo\u00e3o Pedro ter\u00e1 alguns desafios a serem vivenciados<br \/>\nnaquele novo polo, pois a gest\u00e3o anterior n\u00e3o priorizou as potencialidades das Novas Tecnologias<br \/>\nDigitais da Informa\u00e7\u00e3o e Comunica\u00e7\u00e3o como uma ferramenta eficaz que poderia potencializar o<br \/>\ndi\u00e1logo entre a equipe, investir na capacita\u00e7\u00e3o de seus colaboradores, promover maior divulga\u00e7\u00e3o<br \/>\ndas a\u00e7\u00f5es da marca, valorizar os servi\u00e7os ofertados aos clientes e, com isso, garantir a fideliza\u00e7\u00e3o<br \/>\ndeles.<br \/>\nDesse modo, o trabalho ser\u00e1 feito de forma escalonada. Logo, nessa primeira etapa, a<br \/>\nproposta \u00e9 que cada respons\u00e1vel pelas \u00e1reas da empresa apresente um plano de a\u00e7\u00f5es que consolide<br \/>\na inova\u00e7\u00e3o tecnol\u00f3gica e, principalmente, aprimore a agilidade e criatividade na condu\u00e7\u00e3o do<br \/>\ntrabalho corporativo. Para isso, o plano deve ser focado na capacita\u00e7\u00e3o de seus colaboradores, mais<br \/>\nespecificamente, na \u00e1rea de vendas, explorando-se as Tecnologias Digitais da Informa\u00e7\u00e3o e<br \/>\nComunica\u00e7\u00e3o, com suas m\u00eddias e os letramentos digitais, de forma que as ferramentas tecnol\u00f3gicas<br \/>\nsejam incorporadas, de modo ben\u00e9fica, na agilidade e na execu\u00e7\u00e3o das atividades da empresa. Como<br \/>\no plano de a\u00e7\u00f5es ser\u00e1 em etapas, segundo o cronograma, a primeira deve ser direcionada para o<br \/>\nsetor de marketing, visando a venda dos produtos e a capta\u00e7\u00e3o de novos clientes.<\/p>\n<p>Situa\u00e7\u00e3o-problema:<\/p>\n<p>O desafio do secret\u00e1rio executivo Jo\u00e3o Pedro, ent\u00e3o, \u00e9 elaborar o plano de a\u00e7\u00f5es para suas<br \/>\ncompet\u00eancias, conforme o solicitado. Para isso, visando \u00e0 robustez e \u00e0 efic\u00e1cia de seu plano de a\u00e7\u00f5es,<br \/>\nele deve contemplar as Novas Tecnologias Digitais de Informa\u00e7\u00e3o e Comunica\u00e7\u00e3o que sejam<br \/>\nadequadas \u00e0 sua fun\u00e7\u00e3o no ambiente corporativo e que desempenhe melhoria dos \u00edndices de<br \/>\nsatisfa\u00e7\u00e3o com a qualidade e efici\u00eancia de seu trabalho. Desse modo, seu desafio \u00e9 desenvolver uma<br \/>\ncultura digital eficaz dentro de suas fun\u00e7\u00f5es e exig\u00eancias profissionais di\u00e1rias.<br \/>\nORIENTA\u00c7\u00d5ES PARA A EXECU\u00c7\u00c3O DO TRABALHO<\/p>\n<p>A partir de agora, voc\u00ea deve se colocar na situa\u00e7\u00e3o do secret\u00e1rio executivo Jo\u00e3o Pedro,<br \/>\ncolaborando na elabora\u00e7\u00e3o do plano de a\u00e7\u00f5es condutoras no uso de ferramentas de tecnologias<br \/>\ndigitais no ambiente corporativo. Para isso, sua tarefa \u00e9 elaborar o plano de a\u00e7\u00f5es, que ser\u00e1<br \/>\napresentado na reuni\u00e3o de l\u00edderes da ind\u00fastria farmac\u00eautica em quest\u00e3o.<br \/>\nConsiderando as disciplinas estudadas, siga as instru\u00e7\u00f5es a seguir:<br \/>\n1) Inicialmente, reflita sobre estes questionamentos:<br \/>\n\u2022 De que forma, hoje, as empresas podem promover a capacita\u00e7\u00e3o da equipe de marketing<br \/>\npara garantir uma transforma\u00e7\u00e3o digital de forma tranquila e eficiente?<br \/>\n\u2022 Qual deve ser o ponto de partida? Como diagnosticar as necessidades dos clientes,<br \/>\nconsiderando o local onde a empresa est\u00e1 alocada?<br \/>\n\u2022 Na \u00e1rea de marketing, quais a\u00e7\u00f5es podem promover maior consolida\u00e7\u00e3o da presen\u00e7a da<br \/>\nempresa nas redes sociais? Como criar propagandas atrativas, explorando a tecnologia? Quais<br \/>\nredes sociais podem ser exploradas? Quais aspectos, relacionados ao cliente, devem ser<\/p>\n<p>considerados, visando a cria\u00e7\u00e3o de propagandas atrativas, gerando engajamento e<br \/>\nfortalecendo a fideliza\u00e7\u00e3o do cliente?<br \/>\n\u2022 No cotidiano da empresa, como as a\u00e7\u00f5es devem ser colaborativas e isso requer v\u00e1rias pessoas<br \/>\ntrabalhando juntas, concomitantemente. Como a tecnologia pode ajudar? Quais recursos s\u00e3o<br \/>\nposs\u00edveis? Quais ferramentas tecnol\u00f3gicas podem propiciar isso?<br \/>\n\u2022 Na \u00e1rea de marketing, a troca de experi\u00eancias, cada vez mais, tem potencializado a cria\u00e7\u00e3o de<br \/>\nplano de a\u00e7\u00f5es exequ\u00edveis em dado contexto para atingir finalidades pr\u00e9-determinadas, quais<br \/>\nferramentas tecnol\u00f3gicas podem ser exploradas para reuni\u00f5es online? Como essas reuni\u00f5es<br \/>\nprecisam ser organizadas para otimiza\u00e7\u00e3o de tempo?<br \/>\n2) Para aprofundar suas reflex\u00f5es, leia os seguintes textos:<br \/>\n\u2022 MARTINS, M\u00e1rcia Maria de Modeiros Travassos Saeger; ROCHA, Danielle Matias da;<br \/>\nANDRADE, Tabira de Souza; BARBOTIN, Maria Angeluce Soares. Ferramentas de Tecnologia<br \/>\nda Informa\u00e7\u00e3o e comunica\u00e7\u00e3o como suporte \u00e0s atividades do secret\u00e1rio executivo. In:<br \/>\nRevista Gest\u00e3o e Secretariado. S\u00e3o Paulo, 2015. v.6, n. 2, p. 65-87. (ANEXO 1)<br \/>\n\u2022 FERNANDES, Em\u00edlia Fabretti; GRECO, Eliana Alves. O G\u00eanero discursivo propaganda e a<br \/>\ninflu\u00eancia da imagem na composi\u00e7\u00e3o textual. In: Secretaria de Educa\u00e7\u00e3o do Paran\u00e1. Os<br \/>\ndesafios da escola p\u00fablica paranaense na perspectiva do professor PDE. Cadernos PDE,<br \/>\nCuritiba, 2016, Vers\u00e3o Online, vol. 1, p. 1-22. Dispon\u00edvel em:<br \/>\n<a href=\"http:\/\/www.diaadiaeducacao.pr.gov.br\/portals\/cadernospde\/pdebusca\/producoes_pde\/2016\/\" rel=\"nofollow\">http:\/\/www.diaadiaeducacao.pr.gov.br\/portals\/cadernospde\/pdebusca\/producoes_pde\/2016\/<\/a><br \/>\n2016_artigo_port_uem_emiliafabrettifernandes.pdf Acesso em 24 jun. 2022. (ANEXO 2)<\/p>\n<p>\u2022 PAES, Raul Vitor Oliveira; RODRIGUES, Joyce Magno; OLIVEIRA, Priscila Eny Souza.<br \/>\nCanais online de comunica\u00e7\u00e3o sobre o secretariado: um mapeamento introdut\u00f3rio de perfis<br \/>\nno instagram. Revista de Gest\u00e3o e Secretariado. S\u00e3o Paulo, SP, v. 10, n. 3, p. 27-52.<br \/>\nDispon\u00edvel em:<a href=\"https:\/\/www.revistagesec.org.br\/secretariado\/article\/view\/1031\/pdf\" rel=\"nofollow\">https:\/\/www.revistagesec.org.br\/secretariado\/article\/view\/1031\/pdf<\/a>\u00a0Acesso em<br \/>\n24 jun. 2022. (ANEXO 3)<br \/>\n\u2022 SOARES, Rodrigues Israel. Webconfer\u00eancias: os momentos s\u00edncronos na pr\u00e1tica. Instituto<br \/>\nFederal de Goi\u00e1s. Goi\u00e1s, 2020. Dispon\u00edvel em:<br \/>\n<a href=\"https:\/\/ifg.edu.br\/attachments\/article\/19169\/Webconfer%C3%AAncias_%20os%20momentos\" rel=\"nofollow\">https:\/\/ifg.edu.br\/attachments\/article\/19169\/Webconfer%C3%AAncias_%20os%20momentos<\/a><br \/>\n%20s%C3%ADncronos%20na%20pr%C3%A1tica!%20(20-12-2020).pdf Acesso em 24 jun.<br \/>\n2022. (ANEXO 4 )<\/p>\n<p>3) Por fim, com base em suas reflex\u00f5es e nas leituras sugeridas, al\u00e9m de outras que tenha<br \/>\npesquisado sobre o tema, organize sua produ\u00e7\u00e3o textual interdisciplinar, orientando-se<br \/>\npela seguinte estrutura:<br \/>\n\u2022 Capa e folha de rosto: Utilizar capa e folha de rosto padronizadas da institui\u00e7\u00e3o.<\/p>\n<p>\u2022 Introdu\u00e7\u00e3o: No item introdut\u00f3rio, voc\u00ea deve apresentar o tema da reflex\u00e3o a ser<br \/>\ndesenvolvida, a justificativa e o objetivo da elabora\u00e7\u00e3o do plano de a\u00e7\u00f5es. (1 lauda)<br \/>\n\u2022 Desenvolvimento: O desenvolvimento do seu trabalho dever\u00e1 ser organizado em duas<br \/>\npartes:<br \/>\nParte I: Voc\u00ea dever\u00e1 propor uma discuss\u00e3o te\u00f3rica com base no eixo tem\u00e1tico central<br \/>\nda discuss\u00e3o evocada pela situa\u00e7\u00e3o-problema, ou seja, o planejamento de a\u00e7\u00f5es para<br \/>\no uso de Tecnologias Digitais da Informa\u00e7\u00e3o e Comunica\u00e7\u00e3o para o desenvolvimento<br \/>\nde estrat\u00e9gias de marketing. Para isso, voc\u00ea pode retomar as reflex\u00f5es que realizou a<br \/>\npartir das quest\u00f5es apresentadas no item 1 destas orienta\u00e7\u00f5es, com \u00eanfase em<br \/>\naspectos como:<br \/>\n\u2013 Planejamento do marketing deve levar em conta os elementos do g\u00eanero<br \/>\npropaganda (qual m\u00eddia ser\u00e1 selecionada; a qual p\u00fablico-alvo se destina; faixa<br \/>\net\u00e1ria; n\u00edvel social; escolaridade, dentre outros);<br \/>\n\u2013 Diante do porte da sua empresa, da localiza\u00e7\u00e3o, do produto a ser veiculado e<br \/>\ndo destinat\u00e1rio deve-se analisar qual Tecnologia Digital da Informa\u00e7\u00e3o e<br \/>\nComunica\u00e7\u00e3o pode ser explorada, ou seja, qual m\u00eddia \u00e9 mais adequada,<br \/>\nconsiderando o produto, a finalidade e o contexto.<br \/>\n\u2013 \u00c9 premente contemplar a rela\u00e7\u00e3o entre propaganda e \u00e9tica social, atendendo<br \/>\nos pressupostos \u00e9ticos na dissemina\u00e7\u00e3o de informa\u00e7\u00f5es que abrande desde<br \/>\nveracidade at\u00e9 respeito a todos os consumidores.<\/p>\n<p>Nessa discuss\u00e3o, voc\u00ea deve mobilizar referenciais te\u00f3ricos que versem sobre o tema,<br \/>\nbem como mobilizar dados de pesquisas atuais que ilustrem as proposi\u00e7\u00f5es<br \/>\nelaboradas. (2 laudas)<br \/>\nParte II: Voc\u00ea dever\u00e1, com o respaldo da discuss\u00e3o te\u00f3rica, apresentar o plano de<br \/>\na\u00e7\u00f5es que ser\u00e1 apresentado aos l\u00edderes de sua empresa. Para isso, poder\u00e1 utilizar o<br \/>\nmodelo estrutural a seguir: (2 a 3 laudas)<br \/>\nT\u00edtulo Apresentar o t\u00edtulo do plano de a\u00e7\u00f5es idealizado.<br \/>\nObjetivos<\/p>\n<p>Relacionar os objetivos do plano, considerando o produto<\/p>\n<p>a ser divulgado e as estrat\u00e9gias que vai explorar (p\u00fablico-<br \/>\nalvo, faixa et\u00e1ria, escolaridade, faixa social, dentre outros).<\/p>\n<p>Recursos humanos<\/p>\n<p>Relacionar as equipes necess\u00e1rias para as a\u00e7\u00f5es e qual<br \/>\ncanal de comunica\u00e7\u00e3o ser\u00e1 selecionado para as reuni\u00f5es<br \/>\n(webconfer\u00eancias).<\/p>\n<p>financeiros Projetar o or\u00e7amento necess\u00e1rio para as a\u00e7\u00f5es.<br \/>\nmateriais Descrever o que ser\u00e1 selecionado para as a\u00e7\u00f5es (m\u00eddia, contrata\u00e7\u00e3o de pessoas, dentre outros).<\/p>\n<p>Execu\u00e7\u00e3o Descrever as a\u00e7\u00f5es projetadas a curto, a m\u00e9dio e a longo prazo.<\/p>\n<p>Ferramentas de gest\u00e3o Relacionar as ferramentas tecnol\u00f3gicas a serem mobilizadas.<\/p>\n<p>Princ\u00edpios balizadores Relacionar os princ\u00edpios sociais, \u00e9ticos e culturais que norteiam o planejamento das a\u00e7\u00f5es.<\/p>\n<p>Resultados esperados Apontar o que se espera alcan\u00e7ar com o planejamento das a\u00e7\u00f5es propostas.<\/p>\n<p>* Outros itens podem ser inseridos, se voc\u00ea julgar relevantes para a apresenta\u00e7\u00e3o de sua proposta.<br \/>\n\u2022 Considera\u00e7\u00f5es finais: Para a finaliza\u00e7\u00e3o do texto, deve ser feita uma retomada do<br \/>\ntema-base, com a s\u00edntese de suas percep\u00e7\u00f5es sobre o desenvolvimento do projeto. (1<br \/>\nlauda)<br \/>\n\u2022 Anexos e\/ou ap\u00eandices: Apresentar, caso sejam utilizados, materiais, imagens,<br \/>\nfotografias ou outros recursos.<br \/>\n\u2022 Refer\u00eancias: Apresentar todas as fontes utilizadas para consulta na elabora\u00e7\u00e3o do<br \/>\ntexto.<\/p>\n<div class=\"elementor-toggle-item\">\n<h4 id=\"elementor-tab-title-1941\" class=\"elementor-tab-title elementor-active\" tabindex=\"0\" role=\"tab\" data-tab=\"1\" aria-controls=\"elementor-tab-content-1941\" aria-expanded=\"true\" aria-selected=\"true\">Como funciona?<\/h4>\n<div id=\"elementor-tab-content-1941\" class=\"elementor-tab-content elementor-clearfix elementor-active\" role=\"tabpanel\" data-tab=\"1\" aria-labelledby=\"elementor-tab-title-1941\">\n<p>Elaboramos os portf\u00f3lios, j\u00e1 deixamos prontos, nas normas da ABNT e conforme os requisitos da universidade. F\u00e1cil assim! O MELHOR \u00c9 QUE VOC\u00ca COMPRA E J\u00c1 BAIXA NA HORA O SEU ARQUIVO EM WORD! Sabemos que conciliar trabalho, fam\u00edlia, vida profissional e estudos \u00e9 dif\u00edcil hoje em dia, por isso, estamos aqui para ajudar voc\u00ea. Conte com nossa qualidade, experi\u00eancia e profissionalismo adquirindo seu portf\u00f3lio conosco. GARANTIMOS SEU CONCEITO!<\/p>\n<h4>Como se realizam os envios?<\/h4>\n<\/div>\n<\/div>\n<div class=\"elementor-toggle-item\">\n<div id=\"elementor-tab-content-1942\" class=\"elementor-tab-content elementor-clearfix elementor-active\" role=\"tabpanel\" data-tab=\"2\" aria-labelledby=\"elementor-tab-title-1942\">O seu trabalho \u00e9 disponibilizado pronto, respondido e nas normas j\u00e1 na mesma hora aqui em nosso site na sua \u00e1rea de downloads e tamb\u00e9m no seu e-mail.<\/div>\n<\/div>\n<div class=\"elementor-toggle-item\">\n<div id=\"elementor-tab-content-1943\" class=\"elementor-tab-content elementor-clearfix elementor-active\" role=\"tabpanel\" data-tab=\"3\" aria-labelledby=\"elementor-tab-title-1943\">\n<h4>Em quanto tempo recebo o portf\u00f3lio?<\/h4>\n<\/div>\n<\/div>\n<div class=\"elementor-toggle-item\">\n<div id=\"elementor-tab-content-1944\" class=\"elementor-tab-content elementor-clearfix elementor-active\" role=\"tabpanel\" data-tab=\"4\" aria-labelledby=\"elementor-tab-title-1944\">\n<p>Os envios s\u00e3o imediatos. Ap\u00f3s sua compra, o trabalho j\u00e1 \u00e9 disponibilizado instantaneamente aqui em nosso site e no seu e-mail.<\/p>\n<h4>E se o portf\u00f3lio que comprei precisar de corre\u00e7\u00e3o?<\/h4>\n<\/div>\n<\/div>\n<div class=\"elementor-toggle-item\">\n<div id=\"elementor-tab-content-1945\" class=\"elementor-tab-content elementor-clearfix elementor-active\" role=\"tabpanel\" data-tab=\"5\" aria-labelledby=\"elementor-tab-title-1945\">\n<p>Caso haja alguma solicita\u00e7\u00e3o de corre\u00e7\u00e3o\/altera\u00e7\u00e3o por parte do tutor, basta entrar em contato conosco pelo\u00a0WhatsApp\u00a0que provid\u00eanciaremos sem custo algum.<\/p>\n<h4>Qual o formato do arquivo?<\/h4>\n<\/div>\n<\/div>\n<div class=\"elementor-toggle-item\">\n<div id=\"elementor-tab-content-1946\" class=\"elementor-tab-content elementor-clearfix elementor-active\" role=\"tabpanel\" data-tab=\"6\" aria-labelledby=\"elementor-tab-title-1946\">\n<p>Os arquivos s\u00e3o enviados em formato Word e s\u00e3o edit\u00e1veis.<\/p>\n<h4>Caso eu tiver alguma d\u00favida, terei suporte no p\u00f3s venda?<\/h4>\n<\/div>\n<\/div>\n<div class=\"elementor-toggle-item\">\n<div id=\"elementor-tab-content-1948\" class=\"elementor-tab-content elementor-clearfix elementor-active\" role=\"tabpanel\" data-tab=\"8\" aria-labelledby=\"elementor-tab-title-1948\">\n<p>Sim, com certeza. Basta clicar no \u00edcone do WhatsApp no cantinho da tela. Ser\u00e1 um prazer atend\u00ea-lo(a).<\/p>\n<div class=\"elementor-toggle-item\">\n<div id=\"elementor-tab-content-1948\" class=\"elementor-tab-content elementor-clearfix elementor-active\" role=\"tabpanel\" data-tab=\"8\" aria-labelledby=\"elementor-tab-title-1948\">\n<h4>Quais os seus canais de contato?<\/h4>\n<\/div>\n<\/div>\n<div class=\"elementor-toggle-item\">\n<div id=\"elementor-tab-content-1949\" class=\"elementor-tab-content elementor-clearfix elementor-active\" role=\"tabpanel\" data-tab=\"9\" aria-labelledby=\"elementor-tab-title-1949\">\n<p>Whatsapp: 53 984751621 \u2013 Clicar no canto da tela ou ESCANEIE O QRCODE ABAIXO<\/p>\n<p><img decoding=\"async\" class=\"alignnone wp-image-7603\" src=\"http:\/\/portifolioos-prontos.com\/wp-content\/uploads\/2022\/09\/portfolio-unopar-pronto-colaborar-ava-producao-textual-interdisciplinar.png\" alt=\"\" width=\"141\" height=\"141\" srcset=\"https:\/\/portifolioos-prontos.com\/wp-content\/uploads\/2022\/09\/portfolio-unopar-pronto-colaborar-ava-producao-textual-interdisciplinar.png 150w, https:\/\/portifolioos-prontos.com\/wp-content\/uploads\/2022\/09\/portfolio-unopar-pronto-colaborar-ava-producao-textual-interdisciplinar-100x100.png 100w\" sizes=\"(max-width: 141px) 100vw, 141px\" \/><\/p>\n<\/div>\n<\/div>\n<\/div>\n<\/div>\n<div class=\"elementor-toggle-item\">\n<div id=\"elementor-tab-content-1949\" class=\"elementor-tab-content elementor-clearfix elementor-active\" role=\"tabpanel\" data-tab=\"9\" aria-labelledby=\"elementor-tab-title-1949\">\n<p>E-mail:portifoliosp@gmail.com<\/p>\n<div id=\"attachment_143\" class=\"wp-caption alignnone\">\n<div id=\"attachment_143\" class=\"wp-caption alignnone\" style=\"width: 158px;\">\n<p><a href=\"http:\/\/portifolioos-prontos.com\/\"><img decoding=\"async\" class=\"wp-image-143 jetpack-lazy-image jetpack-lazy-image--handled\" title=\"portfolio pronto unopar\" src=\"https:\/\/i0.wp.com\/portifolioos-prontos.com\/wp-content\/uploads\/2022\/04\/conceitomaximo.png?resize=161%2C46\" alt=\"PORTFOLIO PRONTO UNOPAR ANHANGUERA\" width=\"158\" height=\"45\" aria-describedby=\"caption-attachment-143\" data-recalc-dims=\"1\" data-lazy-loaded=\"1\" \/><\/a><\/p>\n<p id=\"caption-attachment-143\" class=\"wp-caption-text\">Portf\u00f3lio em Word, respondido, completo e j\u00e1 nas normas.<\/p>\n<\/div>\n<\/div>\n<\/div>\n<\/div>\n","protected":false},"excerpt":{"rendered":"<p>Portf\u00f3lio Plano de a\u00e7\u00f5es e a cultural digital em ambientes corporativos Curso: Secretariado Executivo Semestre: 3\u00b0 A proposta de Produ\u00e7\u00e3o Textual Interdisciplinar Individual (PTI) ter\u00e1 como tem\u00e1tica \u201cPlano de a\u00e7\u00f5es e a cultural digital em ambientes corporativos\u201d. Escolhemos essa tem\u00e1tica para possibilitar a aplica\u00e7\u00e3o interdisciplinar dos conte\u00fados desenvolvidos nas disciplinas deste semestre. ORIENTA\u00c7\u00d5ES DA PRODU\u00c7\u00c3O&hellip;<\/p>\n","protected":false},"featured_media":7816,"template":"","meta":{"_seopress_robots_primary_cat":"none","_seopress_titles_title":"%%post_title%% %%sitetitle%%","_seopress_titles_desc":"","_seopress_robots_index":""},"product_cat":[77,15],"product_tag":[],"class_list":{"0":"post-7398","1":"product","2":"type-product","3":"status-publish","4":"has-post-thumbnail","6":"product_cat-secretariado","7":"product_cat-uncategorized","9":"first","10":"instock","11":"featured","12":"downloadable","13":"virtual","14":"purchasable","15":"product-type-simple","16":"col-xs-6 col-sm-4","17":"col-mf-5","18":"un-5-cols"},"jetpack_sharing_enabled":true,"_links":{"self":[{"href":"https:\/\/portifolioos-prontos.com\/index.php\/wp-json\/wp\/v2\/product\/7398","targetHints":{"allow":["GET"]}}],"collection":[{"href":"https:\/\/portifolioos-prontos.com\/index.php\/wp-json\/wp\/v2\/product"}],"about":[{"href":"https:\/\/portifolioos-prontos.com\/index.php\/wp-json\/wp\/v2\/types\/product"}],"version-history":[{"count":0,"href":"https:\/\/portifolioos-prontos.com\/index.php\/wp-json\/wp\/v2\/product\/7398\/revisions"}],"wp:featuredmedia":[{"embeddable":true,"href":"https:\/\/portifolioos-prontos.com\/index.php\/wp-json\/wp\/v2\/media\/7816"}],"wp:attachment":[{"href":"https:\/\/portifolioos-prontos.com\/index.php\/wp-json\/wp\/v2\/media?parent=7398"}],"wp:term":[{"taxonomy":"product_cat","embeddable":true,"href":"https:\/\/portifolioos-prontos.com\/index.php\/wp-json\/wp\/v2\/product_cat?post=7398"},{"taxonomy":"product_tag","embeddable":true,"href":"https:\/\/portifolioos-prontos.com\/index.php\/wp-json\/wp\/v2\/product_tag?post=7398"}],"curies":[{"name":"wp","href":"https:\/\/api.w.org\/{rel}","templated":true}]}}