{"id":7407,"date":"2022-08-28T14:25:07","date_gmt":"2022-08-28T17:25:07","guid":{"rendered":"https:\/\/portifolioos-prontos.com\/?post_type=product&#038;p=7407"},"modified":"2025-07-28T14:02:34","modified_gmt":"2025-07-28T17:02:34","slug":"plano-de-trabalho-de-estagio-cursos-de-licenciatura-2022-2-estagio-ii-ensino-medio-matematica","status":"publish","type":"product","link":"https:\/\/portifolioos-prontos.com\/index.php\/product\/plano-de-trabalho-de-estagio-cursos-de-licenciatura-2022-2-estagio-ii-ensino-medio-matematica\/","title":{"rendered":"Plano de trabalho de est\u00e1gio cursos de licenciatura \u2013 Est\u00e1gio II ensino m\u00e9dio (Matem\u00e1tica)"},"content":{"rendered":"<h4>Plano de trabalho de est\u00e1gio cursos de licenciatura \u2013 Est\u00e1gio II ensino m\u00e9dio<\/h4>\n<h4>Curso de: Matem\u00e1tica<\/h4>\n<h3><a href=\"http:\/\/portifolioos-prontos.com\/wp-content\/uploads\/2022\/08\/estagio-ii-letras-unopar.pdf\">CLIQUE AQUI PARA VISUALIZAR O PDF DA FACULDADE COM AS ORIENTA\u00c7\u00d5ES E O TEMA<\/a><\/h3>\n<p>CAMPO DE EST\u00c1GIO: ENSINO M\u00c9DIO (exceto Pedagogia)<br \/>\nNo quadro a seguir, h\u00e1 a descri\u00e7\u00e3o do Plano de Trabalho a ser realizado pelo estudante,<br \/>\nconforme carga hor\u00e1ria total do respectivo est\u00e1gio especificado no quadro da p\u00e1gina 3.<br \/>\nEsse Plano de Trabalho n\u00e3o se aplica ao curso de Pedagogia.<br \/>\nPlano de Trabalho<br \/>\nEst\u00e1gio<br \/>\nde 150 h<br \/>\nEst\u00e1gio<br \/>\nde 160<br \/>\nh<br \/>\nEst\u00e1gio<br \/>\nde 180<br \/>\nh<br \/>\nAtividade 1: Visita \u00e0 escola com a carta de apresenta\u00e7\u00e3o. 4 h 4 h 4h<br \/>\nAtividade 2: Leitura obrigat\u00f3ria e produ\u00e7\u00e3o de texto. 14 h 14 h 14h<br \/>\nAtividade 3: An\u00e1lise do plano de trabalho docente e produ\u00e7\u00e3o de relato<br \/>\nbaseado na an\u00e1lise. 8 h 8 h 8h<br \/>\nAtividade 4: An\u00e1lise de materiais did\u00e1ticos da escola e produ\u00e7\u00e3o de relato<br \/>\nbaseado na an\u00e1lise. 8 h 8 h 8h<br \/>\nAtividade 5: Elabora\u00e7\u00e3o de atividade utilizando recurso did\u00e1tico de apoio<br \/>\nespec\u00edfico para a abordagem de temas contempor\u00e2neos transversais da<br \/>\nBNCC (meio ambiente, economia, sa\u00fade, cidadania e civismo,<br \/>\nmulticulturalismo e ci\u00eancia e tecnologia).<br \/>\n16 h 16 h 16h<br \/>\nAtividade 6: An\u00e1lise do processo de implanta\u00e7\u00e3o da BNCC, conforme<br \/>\ncampo de est\u00e1gio e elabora\u00e7\u00e3o do relato. 10 h 10 h 10h<br \/>\nAtividade 7: An\u00e1lise dos instrumentos avaliativos utilizados pelo professor<br \/>\nda disciplina conforme respectivo est\u00e1gio e elabora\u00e7\u00e3o de texto referente<br \/>\n\u00e0 an\u00e1lise.<br \/>\n10 h 10 h 10h<br \/>\nAtividade 8: An\u00e1lise da atua\u00e7\u00e3o da equipe pedag\u00f3gica no<br \/>\nacompanhamento do desenvolvimento da disciplina, conforme respectivo<br \/>\nest\u00e1gio, e elabora\u00e7\u00e3o de texto referente \u00e0 an\u00e1lise<br \/>\n14 h 12 h 16h<br \/>\nAtividade 9: Observa\u00e7\u00e3o e participa\u00e7\u00e3o em aulas, conforme respectivo<br \/>\nest\u00e1gio.<br \/>\nEst\u00e1gio de 150 horas: 12 horas.<br \/>\nEst\u00e1gio de 160 horas: 14 horas.<br \/>\nEst\u00e1gio de 180 horas: 16 horas.<br \/>\n12 h 14 h 16h<br \/>\nAtividade 10: Elabora\u00e7\u00e3o do relato da observa\u00e7\u00e3o. 8 h 10 h 12h<br \/>\nAtividade 11: Elabora\u00e7\u00e3o de um plano de aula para cada aula para uma<br \/>\nmesma turma, conforme campo de est\u00e1gio.<br \/>\nEst\u00e1gio de 150 horas: 8 aulas \u2013 8 planos.<br \/>\nEst\u00e1gio de 160 horas: 10 aulas \u2013 10 planos.<br \/>\nEst\u00e1gio de 180 horas: 12 aulas \u2013 12 planos.<br \/>\n12 h 14 h 18h<br \/>\nAtividade 12: Apresenta\u00e7\u00e3o dos planos de aula para o professor regente e<br \/>\nelabora\u00e7\u00e3o do relato. 8 h 10 h 12 h<br \/>\nAtividade 13: Reg\u00eancia (em uma das turmas em que realizou as<br \/>\nobserva\u00e7\u00f5es e participa\u00e7\u00f5es), conforme respectivo est\u00e1gio. 8 h 10 h 12 h<br \/>\nAtividade 14: Relato da reg\u00eancia. 8 h 10 h 14 h<br \/>\nAtividade 15: Produ\u00e7\u00e3o do Relat\u00f3rio de Est\u00e1gio. 10h 10 h 10h<br \/>\nAtividade 16: Valida\u00e7\u00e3o do Relat\u00f3rio do Est\u00e1gio. \u2013 \u2013<br \/>\n28<br \/>\n3.1\u00a0ORIENTA\u00c7\u00d5ES PARA AS ATIVIDADES<br \/>\nA seguir, s\u00e3o apresentadas as orienta\u00e7\u00f5es das atividades previstas para os est\u00e1gios no Ensino<br \/>\nM\u00e9dio.<br \/>\nConfirme seu campo de est\u00e1gio na p\u00e1gina 3, de acordo com seu curso e semestre.<br \/>\nAtente-se \u00e0 carga hor\u00e1ria total do seu est\u00e1gio, conforme Plano de Trabalho apresentado na<br \/>\np\u00e1gina anterior, para identificar as atividades e sua respectiva carga hor\u00e1ria<\/p>\n<div class=\"elementor-toggle-item\">\n<h4 id=\"elementor-tab-title-1941\" class=\"elementor-tab-title elementor-active\" tabindex=\"0\" role=\"tab\" data-tab=\"1\" aria-controls=\"elementor-tab-content-1941\" aria-expanded=\"true\" aria-selected=\"true\">Como funciona?<\/h4>\n<div id=\"elementor-tab-content-1941\" class=\"elementor-tab-content elementor-clearfix elementor-active\" role=\"tabpanel\" data-tab=\"1\" aria-labelledby=\"elementor-tab-title-1941\">\n<p>Elaboramos os portf\u00f3lios, j\u00e1 deixamos prontos, nas normas da ABNT e conforme os requisitos da universidade. F\u00e1cil assim! O MELHOR \u00c9 QUE VOC\u00ca COMPRA E J\u00c1 BAIXA NA HORA O SEU ARQUIVO EM WORD! Sabemos que conciliar trabalho, fam\u00edlia, vida profissional e estudos \u00e9 dif\u00edcil hoje em dia, por isso, estamos aqui para ajudar voc\u00ea. Conte com nossa qualidade, experi\u00eancia e profissionalismo adquirindo seu portf\u00f3lio conosco. GARANTIMOS SEU CONCEITO!<\/p>\n<h4>Como se realizam os envios?<\/h4>\n<\/div>\n<\/div>\n<div class=\"elementor-toggle-item\">\n<div id=\"elementor-tab-content-1942\" class=\"elementor-tab-content elementor-clearfix elementor-active\" role=\"tabpanel\" data-tab=\"2\" aria-labelledby=\"elementor-tab-title-1942\">O seu trabalho \u00e9 disponibilizado pronto, respondido e nas normas j\u00e1 na mesma hora aqui em nosso site na sua \u00e1rea de downloads e tamb\u00e9m no seu e-mail.<\/div>\n<\/div>\n<div class=\"elementor-toggle-item\">\n<div id=\"elementor-tab-content-1943\" class=\"elementor-tab-content elementor-clearfix elementor-active\" role=\"tabpanel\" data-tab=\"3\" aria-labelledby=\"elementor-tab-title-1943\">\n<h4>Em quanto tempo recebo o portf\u00f3lio?<\/h4>\n<\/div>\n<\/div>\n<div class=\"elementor-toggle-item\">\n<div id=\"elementor-tab-content-1944\" class=\"elementor-tab-content elementor-clearfix elementor-active\" role=\"tabpanel\" data-tab=\"4\" aria-labelledby=\"elementor-tab-title-1944\">\n<p>Os envios s\u00e3o imediatos. Ap\u00f3s sua compra, o trabalho j\u00e1 \u00e9 disponibilizado instantaneamente aqui em nosso site e no seu e-mail.<\/p>\n<h4>E se o portf\u00f3lio que comprei precisar de corre\u00e7\u00e3o?<\/h4>\n<\/div>\n<\/div>\n<div class=\"elementor-toggle-item\">\n<div id=\"elementor-tab-content-1945\" class=\"elementor-tab-content elementor-clearfix elementor-active\" role=\"tabpanel\" data-tab=\"5\" aria-labelledby=\"elementor-tab-title-1945\">\n<p>Caso haja alguma solicita\u00e7\u00e3o de corre\u00e7\u00e3o\/altera\u00e7\u00e3o por parte do tutor, basta entrar em contato conosco pelo\u00a0WhatsApp\u00a0que provid\u00eanciaremos sem custo algum.<\/p>\n<h4>Qual o formato do arquivo?<\/h4>\n<\/div>\n<\/div>\n<div class=\"elementor-toggle-item\">\n<div id=\"elementor-tab-content-1946\" class=\"elementor-tab-content elementor-clearfix elementor-active\" role=\"tabpanel\" data-tab=\"6\" aria-labelledby=\"elementor-tab-title-1946\">\n<p>Os arquivos s\u00e3o enviados em formato Word e s\u00e3o edit\u00e1veis.<\/p>\n<h4>Caso eu tiver alguma d\u00favida, terei suporte no p\u00f3s venda?<\/h4>\n<\/div>\n<\/div>\n<div class=\"elementor-toggle-item\">\n<div id=\"elementor-tab-content-1948\" class=\"elementor-tab-content elementor-clearfix elementor-active\" role=\"tabpanel\" data-tab=\"8\" aria-labelledby=\"elementor-tab-title-1948\">\n<p>Sim, com certeza. Basta clicar no \u00edcone do WhatsApp no cantinho da tela. Ser\u00e1 um prazer atend\u00ea-lo(a).<\/p>\n<div class=\"elementor-toggle-item\">\n<div id=\"elementor-tab-content-1948\" class=\"elementor-tab-content elementor-clearfix elementor-active\" role=\"tabpanel\" data-tab=\"8\" aria-labelledby=\"elementor-tab-title-1948\">\n<h4>Quais os seus canais de contato?<\/h4>\n<\/div>\n<\/div>\n<div class=\"elementor-toggle-item\">\n<div id=\"elementor-tab-content-1949\" class=\"elementor-tab-content elementor-clearfix elementor-active\" role=\"tabpanel\" data-tab=\"9\" aria-labelledby=\"elementor-tab-title-1949\">\n<p>Whatsapp: 53 984751621 \u2013 Clicar no canto da tela ou ESCANEIE O QRCODE ABAIXO<\/p>\n<p><img decoding=\"async\" class=\"alignnone wp-image-7603\" src=\"http:\/\/portifolioos-prontos.com\/wp-content\/uploads\/2022\/09\/portfolio-unopar-pronto-colaborar-ava-producao-textual-interdisciplinar.png\" alt=\"\" width=\"141\" height=\"141\" srcset=\"https:\/\/portifolioos-prontos.com\/wp-content\/uploads\/2022\/09\/portfolio-unopar-pronto-colaborar-ava-producao-textual-interdisciplinar.png 150w, https:\/\/portifolioos-prontos.com\/wp-content\/uploads\/2022\/09\/portfolio-unopar-pronto-colaborar-ava-producao-textual-interdisciplinar-100x100.png 100w\" sizes=\"(max-width: 141px) 100vw, 141px\" \/><\/p>\n<\/div>\n<\/div>\n<\/div>\n<\/div>\n<div class=\"elementor-toggle-item\">\n<div id=\"elementor-tab-content-1949\" class=\"elementor-tab-content elementor-clearfix elementor-active\" role=\"tabpanel\" data-tab=\"9\" aria-labelledby=\"elementor-tab-title-1949\">\n<p>E-mail:portifoliosp@gmail.com<\/p>\n<div id=\"attachment_143\" class=\"wp-caption alignnone\">\n<div id=\"attachment_143\" class=\"wp-caption alignnone\" style=\"width: 158px;\">\n<p><a href=\"http:\/\/portifolioos-prontos.com\/\"><img decoding=\"async\" class=\"wp-image-143 jetpack-lazy-image jetpack-lazy-image--handled\" title=\"portfolio pronto unopar\" src=\"https:\/\/i0.wp.com\/portifolioos-prontos.com\/wp-content\/uploads\/2022\/04\/conceitomaximo.png?resize=161%2C46\" alt=\"PORTFOLIO PRONTO UNOPAR ANHANGUERA\" width=\"158\" height=\"45\" aria-describedby=\"caption-attachment-143\" data-recalc-dims=\"1\" data-lazy-loaded=\"1\" \/><\/a><\/p>\n<p id=\"caption-attachment-143\" class=\"wp-caption-text\">Portf\u00f3lio em Word, respondido, completo e j\u00e1 nas normas.<\/p>\n<\/div>\n<\/div>\n<\/div>\n<\/div>\n","protected":false},"excerpt":{"rendered":"<p>Plano de trabalho de est\u00e1gio cursos de licenciatura \u2013 Est\u00e1gio II ensino m\u00e9dio Curso de: Matem\u00e1tica CLIQUE AQUI PARA VISUALIZAR O PDF DA FACULDADE COM AS ORIENTA\u00c7\u00d5ES E O TEMA CAMPO DE EST\u00c1GIO: ENSINO M\u00c9DIO (exceto Pedagogia) No quadro a seguir, h\u00e1 a descri\u00e7\u00e3o do Plano de Trabalho a ser realizado pelo estudante, conforme carga&hellip;<\/p>\n","protected":false},"featured_media":34621,"template":"","meta":{"_seopress_robots_primary_cat":"none","_seopress_titles_title":"","_seopress_titles_desc":"","_seopress_robots_index":""},"product_cat":[47,62,15],"product_tag":[747,746],"class_list":{"0":"post-7407","1":"product","2":"type-product","3":"status-publish","4":"has-post-thumbnail","6":"product_cat-licenciaturas","7":"product_cat-matematica","8":"product_cat-uncategorized","9":"product_tag-portfolio-de-estagio-anhanguera","10":"product_tag-portfolio-de-estagio-unopar","12":"first","13":"instock","14":"featured","15":"downloadable","16":"virtual","17":"purchasable","18":"product-type-simple","19":"col-xs-6 col-sm-4","20":"col-mf-5","21":"un-5-cols"},"jetpack_sharing_enabled":true,"_links":{"self":[{"href":"https:\/\/portifolioos-prontos.com\/index.php\/wp-json\/wp\/v2\/product\/7407","targetHints":{"allow":["GET"]}}],"collection":[{"href":"https:\/\/portifolioos-prontos.com\/index.php\/wp-json\/wp\/v2\/product"}],"about":[{"href":"https:\/\/portifolioos-prontos.com\/index.php\/wp-json\/wp\/v2\/types\/product"}],"version-history":[{"count":0,"href":"https:\/\/portifolioos-prontos.com\/index.php\/wp-json\/wp\/v2\/product\/7407\/revisions"}],"wp:featuredmedia":[{"embeddable":true,"href":"https:\/\/portifolioos-prontos.com\/index.php\/wp-json\/wp\/v2\/media\/34621"}],"wp:attachment":[{"href":"https:\/\/portifolioos-prontos.com\/index.php\/wp-json\/wp\/v2\/media?parent=7407"}],"wp:term":[{"taxonomy":"product_cat","embeddable":true,"href":"https:\/\/portifolioos-prontos.com\/index.php\/wp-json\/wp\/v2\/product_cat?post=7407"},{"taxonomy":"product_tag","embeddable":true,"href":"https:\/\/portifolioos-prontos.com\/index.php\/wp-json\/wp\/v2\/product_tag?post=7407"}],"curies":[{"name":"wp","href":"https:\/\/api.w.org\/{rel}","templated":true}]}}