{"id":770,"date":"2022-04-30T10:08:23","date_gmt":"2022-04-30T13:08:23","guid":{"rendered":"https:\/\/portifolioos-prontos.com\/?post_type=product&#038;p=770"},"modified":"2022-07-19T21:30:35","modified_gmt":"2022-07-20T00:30:35","slug":"projeto-integrado-ii-area-de-ti-linguagem-c","status":"publish","type":"product","link":"https:\/\/portifolioos-prontos.com\/index.php\/product\/projeto-integrado-ii-area-de-ti-linguagem-c\/","title":{"rendered":"PROJETO INTEGRADO II \u00c1REA DE TI: LINGUAGEM C"},"content":{"rendered":"<h3 style=\"text-align: center; background: white; margin: 15.0pt 0cm 7.5pt 0cm;\" align=\"center\"><strong><span style=\"font-size: 18.0pt; font-family: 'Arial','sans-serif'; color: red; font-weight: normal;\">Projeto Integrado II \u00c1rea de TI: Linguagem C<\/span><\/strong><\/h3>\n<p style=\"background: white; margin: 0cm 0cm 7.5pt 0cm;\"><span style=\"font-family: 'Arial','sans-serif'; color: #1e1e1f;\">ATIVIDADES<\/span><\/p>\n<p style=\"background: white; margin: 0cm 0cm 7.5pt 0cm;\"><span style=\"font-family: 'Arial','sans-serif'; color: #1e1e1f;\">Tarefa 1:<br \/>\nNa \u00e1rea de desenvolvimento, as fun\u00e7\u00f5es s\u00e3o utilizadas para deixar o c\u00f3digo claro e recursivo, evitando a<br \/>\nrepeti\u00e7\u00e3o de linhas de comandos. Dentre as boas pr\u00e1ticas de programa\u00e7\u00e3o \u00e9 avaliar se um determinado trecho<br \/>\nprecisa ser escrito v\u00e1rias vezes. Se a resposta for sim, ent\u00e3o esse trecho deve ser transformado em uma<br \/>\nfuncionalidade no seu c\u00f3digo.<br \/>\nAvalie o c\u00f3digo abaixo:<br \/>\n1 #include&lt;stdio.h&gt;<br \/>\n2 int somar(){<br \/>\n3 return 1 + 2.15;<br \/>\n4 }<br \/>\n5 int main(){<br \/>\n6 int resultado = 0;<br \/>\n7 resultado = somar();<br \/>\n8 printf(\u201cO resultado da funcao e = %d\u201d,resultado);<br \/>\n9 return 0;<br \/>\n10 }<br \/>\nCom base no contexto apresentado, comente o resultado do c\u00f3digo acima, qual resultado ser\u00e1 apresentado<br \/>\nno final? E porqu\u00ea?<\/span><\/p>\n<p style=\"background: white; margin: 0cm 0cm 7.5pt 0cm;\"><span style=\"font-family: 'Arial','sans-serif'; color: #1e1e1f;\">Tarefa 2:<br \/>\nA UML (Linguagem de Modelagem Unificada) \u00e9 uma linguagem-padr\u00e3o para a elabora\u00e7\u00e3o da estrutura de<br \/>\nprojetos de software. Ela pode ser empregada para a visualiza\u00e7\u00e3o, a especifica\u00e7\u00e3o, a constru\u00e7\u00e3o e a<br \/>\ndocumenta\u00e7\u00e3o de artefatos que fa\u00e7am uso de sistemas complexos de software. A UML possui diagramas<br \/>\nestruturais e comportamentais. Sobre esse assunto, responda \u00e0s quest\u00f5es a seguir:<\/span><\/p>\n<p style=\"background: white; margin: 0cm 0cm 7.5pt 0cm;\"><span style=\"font-family: 'Arial','sans-serif'; color: #1e1e1f;\">\u00a0Descreva a diferen\u00e7a entre os diagramas estruturais e comportamentais;<br \/>\nEscolha um diagrama comportamental e um diagrama estrutural e descreva as suas principais<br \/>\ncaracter\u00edsticas e em qual momento do projeto eles se encaixam.<\/span><\/p>\n<p style=\"background: white; margin: 0cm 0cm 7.5pt 0cm;\"><span style=\"font-family: 'Arial','sans-serif'; color: #1e1e1f;\">Tarefa 3:<br \/>\nExistem in\u00fameras institui\u00e7\u00f5es reconhecidas que disponibilizam normas para permitir o planejamento,<br \/>\ndesenvolvimento e controle da qualidade, inclusive espec\u00edficas para softwares. Descreva as caracter\u00edsticas<br \/>\ndo modelo de qualidade MPS.BR, al\u00e9m disso, escolha um n\u00edvel de maturidade deste modelo para descrever<br \/>\nsobre as melhorias que este n\u00edvel prop\u00f5e.<\/span><\/p>\n<p style=\"background: white; margin: 0cm 0cm 7.5pt 0cm;\"><span style=\"font-family: 'Arial','sans-serif'; color: #1e1e1f;\">Tarefa 4:<br \/>\nCom a pandemia, muitas pessoas que trabalharam na \u201clinha de frente do combate\u201d acabaram se<br \/>\ncontaminando com o coronav\u00edrus. Voc\u00ea recebeu a tarefa de implementar um aplicativo com plano de controle<br \/>\ne preven\u00e7\u00e3o de acidentes para hospitais. Os profissionais que tiveram os maiores \u00edndices de acidentes e<br \/>\nafastamentos foram os enfermeiros e os m\u00e9dicos e os setores de maior contamina\u00e7\u00e3o foram a UTI e a<br \/>\nEnfermaria.<br \/>\nPara ter mais detalhes sobre esses setores, voc\u00ea solicitou informa\u00e7\u00f5es sobre os setores de UTI e Enfermaria.<br \/>\nAs informa\u00e7\u00f5es obtidas foram:<br \/>\n\u2022 Nove pessoas trabalham exclusivamente na UTI.<br \/>\n\u2022 Sete pessoas trabalham exclusivamente n Enfermaria.<br \/>\n\u2022 Ao todo, trabalham, nas duas se\u00e7\u00f5es, 22 funcion\u00e1rios.<br \/>\nPara divulgar o aplicativo com mais efici\u00eancia, voc\u00ea decidiu que os funcion\u00e1rios que s\u00e3o capacitados para<br \/>\ntrabalhar nos dois setores ser\u00e3o os divulgadores das informa\u00e7\u00f5es para a preven\u00e7\u00e3o de acidentes.<br \/>\nComo voc\u00ea determinaria a quantidade de funcion\u00e1rios que ser\u00e3o os divulgadores do plano de controle<br \/>\ne preven\u00e7\u00e3o de acidentes?<br \/>\nSabendo que o tempo de treinamento dos funcion\u00e1rios \u00e9 de, aproximadamente, 7 horas, que o valor<br \/>\nda hora de trabalho de cada um \u00e9 R$ 22,00 e que o custo do servi\u00e7o do t\u00e9cnico que realizar\u00e1 o<br \/>\ntreinamento \u00e9 de 1,2 mil reais, qual deve ser a estimativa do valor gasto com o treinamento dessas<br \/>\npessoas?<\/span><\/p>\n<p style=\"background: white; margin: 0cm 0cm 7.5pt 0cm;\"><span style=\"font-family: 'Arial','sans-serif'; color: #1e1e1f;\">Tarefa 5:<br \/>\nO primeiro passo para a implementa\u00e7\u00e3o de um banco de dados \u00e9 a sua modelagem. Ou seja, \u00e9 nesta primeira<br \/>\netapa que voc\u00ea deve pensar nos dados que ser\u00e3o armazenados e em como eles ser\u00e3o relacionados entre si na<br \/>\nestrutura do banco. Desta forma, explique quais s\u00e3o as fases de modelagem de dados que devem ser aplicadas em um projeto de banco de dados, e indique ao menos uma ferramenta CASE que poderia ser utilizada neste<br \/>\nprocesso de modelagem.<\/span><\/p>\n<div class=\"elementor-toggle-item\">\n<h4 id=\"elementor-tab-title-1941\" class=\"elementor-tab-title elementor-active\" tabindex=\"0\" role=\"tab\" data-tab=\"1\" aria-controls=\"elementor-tab-content-1941\" aria-expanded=\"true\" aria-selected=\"true\">Como funciona?<\/h4>\n<div id=\"elementor-tab-content-1941\" class=\"elementor-tab-content elementor-clearfix elementor-active\" role=\"tabpanel\" data-tab=\"1\" aria-labelledby=\"elementor-tab-title-1941\">\n<p>Elaboramos os portf\u00f3lios, j\u00e1 deixamos prontos, nas normas da ABNT e conforme os requisitos da universidade. F\u00e1cil assim! O MELHOR \u00c9 QUE VOC\u00ca COMPRA E J\u00c1 BAIXA NA HORA O SEU ARQUIVO EM WORD! Sabemos que conciliar trabalho, fam\u00edlia, vida profissional e estudos \u00e9 dif\u00edcil hoje em dia, por isso, estamos aqui para ajudar voc\u00ea. Conte com nossa qualidade, experi\u00eancia e profissionalismo adquirindo seu portf\u00f3lio conosco. GARANTIMOS SEU CONCEITO!<\/p>\n<p><span style=\"color: #000000; font-size: 18px; font-weight: bold;\">Como se realizam os envios?<\/span><\/p>\n<\/div>\n<\/div>\n<div class=\"elementor-toggle-item\">\n<div id=\"elementor-tab-content-1942\" class=\"elementor-tab-content elementor-clearfix elementor-active\" role=\"tabpanel\" data-tab=\"2\" aria-labelledby=\"elementor-tab-title-1942\">O seu trabalho \u00e9 disponibilizado pronto, respondido e nas normas j\u00e1 na mesma hora aqui em nosso site na sua \u00e1rea de downloads e tamb\u00e9m no seu e-mail.<\/div>\n<div role=\"tabpanel\" data-tab=\"2\" aria-labelledby=\"elementor-tab-title-1942\"><\/div>\n<div role=\"tabpanel\" data-tab=\"2\" aria-labelledby=\"elementor-tab-title-1942\"><span style=\"color: #000000; font-size: 18px; font-weight: bold;\">Quais formas de pagamento para realizar minha compra?<\/span><\/div>\n<\/div>\n<div class=\"elementor-toggle-item\">\n<div id=\"elementor-tab-content-1943\" class=\"elementor-tab-content elementor-clearfix elementor-active\" role=\"tabpanel\" data-tab=\"3\" aria-labelledby=\"elementor-tab-title-1943\">\n<p>Dispomos dos seguintes meios de pagamento PIX, Cart\u00f5es de Cr\u00e9dito e Boleto\u00a0 \u00a0<img decoding=\"async\" class=\"alignnone wp-image-761\" src=\"http:\/\/portifolioos-prontos.com\/wp-content\/uploads\/2022\/04\/portfolio-unopar-pronto-producao-textual-interdisciplinar-300x107.webp\" sizes=\"(max-width: 140px) 100vw, 140px\" srcset=\"https:\/\/portifolioos-prontos.com\/wp-content\/uploads\/2022\/04\/portfolio-unopar-pronto-producao-textual-interdisciplinar-300x107.webp 300w, https:\/\/portifolioos-prontos.com\/wp-content\/uploads\/2022\/04\/PIX-1024x364.webp 1024w, https:\/\/portifolioos-prontos.com\/wp-content\/uploads\/2022\/04\/PIX-768x273.webp 768w, https:\/\/portifolioos-prontos.com\/wp-content\/uploads\/2022\/04\/PIX-370x131.webp 370w, https:\/\/portifolioos-prontos.com\/wp-content\/uploads\/2022\/04\/PIX-600x213.webp 600w, https:\/\/portifolioos-prontos.com\/wp-content\/uploads\/2022\/04\/portfolio-unopar-pronto-producao-textual-interdisciplinar.webp 1200w\" alt=\"\" width=\"109\" height=\"39\" \/>\u00a0\u00a0<img decoding=\"async\" class=\"\" src=\"https:\/\/d26lpennugtm8s.cloudfront.net\/assets\/common\/img\/logos\/payment\/visa@2x.png\" width=\"68\" height=\"43\" \/><img decoding=\"async\" class=\"\" src=\"https:\/\/d26lpennugtm8s.cloudfront.net\/assets\/common\/img\/logos\/payment\/boleto@2x.png\" width=\"65\" height=\"41\" \/><img loading=\"lazy\" decoding=\"async\" class=\"\" src=\"https:\/\/d26lpennugtm8s.cloudfront.net\/assets\/common\/img\/logos\/payment\/mastercard@2x.png\" width=\"62\" height=\"39\" \/><img loading=\"lazy\" decoding=\"async\" class=\"\" src=\"https:\/\/d26lpennugtm8s.cloudfront.net\/assets\/common\/img\/logos\/payment\/amex@2x.png\" width=\"62\" height=\"39\" \/><img loading=\"lazy\" decoding=\"async\" class=\"\" src=\"https:\/\/d26lpennugtm8s.cloudfront.net\/assets\/common\/img\/logos\/payment\/diners@2x.png\" width=\"60\" height=\"38\" \/><img loading=\"lazy\" decoding=\"async\" class=\"\" src=\"https:\/\/d26lpennugtm8s.cloudfront.net\/assets\/common\/img\/logos\/payment\/br\/elo@2x.png\" width=\"60\" height=\"38\" \/><img loading=\"lazy\" decoding=\"async\" class=\"\" src=\"https:\/\/d26lpennugtm8s.cloudfront.net\/assets\/common\/img\/logos\/payment\/br\/hipercard@2x.png\" width=\"65\" height=\"41\" \/><img loading=\"lazy\" decoding=\"async\" class=\"\" src=\"https:\/\/d26lpennugtm8s.cloudfront.net\/assets\/common\/img\/logos\/payment\/mercadopago@2x.png\" width=\"67\" height=\"42\" \/><\/p>\n<p><span style=\"color: #000000; font-size: 18px; font-weight: bold;\">Em quanto tempo recebo o portf\u00f3lio?<\/span><\/p>\n<\/div>\n<\/div>\n<div class=\"elementor-toggle-item\">\n<div id=\"elementor-tab-content-1944\" class=\"elementor-tab-content elementor-clearfix elementor-active\" role=\"tabpanel\" data-tab=\"4\" aria-labelledby=\"elementor-tab-title-1944\">\n<p>Os envios s\u00e3o imediatos. Ap\u00f3s sua compra, o trabalho j\u00e1 \u00e9 disponibilizado instantaneamente aqui em nosso site e no seu e-mail.<\/p>\n<p><span style=\"color: #000000; font-size: 18px; font-weight: bold;\">E se o portf\u00f3lio que comprei precisar de corre\u00e7\u00e3o?<\/span><\/p>\n<\/div>\n<\/div>\n<div class=\"elementor-toggle-item\">\n<div id=\"elementor-tab-content-1945\" class=\"elementor-tab-content elementor-clearfix elementor-active\" role=\"tabpanel\" data-tab=\"5\" aria-labelledby=\"elementor-tab-title-1945\">\n<p>Caso haja alguma solicita\u00e7\u00e3o de corre\u00e7\u00e3o\/altera\u00e7\u00e3o por parte do tutor, basta entrar em contato conosco pelo\u00a0<a href=\"https:\/\/api.whatsapp.com\/send\/?phone=5553984751621&amp;text&amp;app_absent=0\">WhatsApp<\/a> que provid\u00eanciaremos sem custo algum.<\/p>\n<p><span style=\"color: #000000; font-size: 18px; font-weight: bold;\">Qual o formato do arquivo?<\/span><\/p>\n<\/div>\n<\/div>\n<div class=\"elementor-toggle-item\">\n<div id=\"elementor-tab-content-1946\" class=\"elementor-tab-content elementor-clearfix elementor-active\" role=\"tabpanel\" data-tab=\"6\" aria-labelledby=\"elementor-tab-title-1946\">\n<p>Os arquivos s\u00e3o enviados em formato Word e s\u00e3o edit\u00e1veis.<\/p>\n<p><span style=\"color: #000000; font-size: 18px; font-weight: bold;\">Caso eu tiver alguma d\u00favida, terei suporte no p\u00f3s venda?<\/span><\/p>\n<\/div>\n<\/div>\n<div class=\"elementor-toggle-item\">\n<div id=\"elementor-tab-content-1948\" class=\"elementor-tab-content elementor-clearfix elementor-active\" role=\"tabpanel\" data-tab=\"8\" aria-labelledby=\"elementor-tab-title-1948\">\n<p>Sim, com certeza. Basta clicar no \u00edcone do WhatsApp no cantinho da tela. Ser\u00e1 um prazer atend\u00ea-lo(a).<\/p>\n<p><span style=\"color: #000000; font-size: 18px; font-weight: bold;\">Quais os seus canais de contato?<\/span><\/p>\n<\/div>\n<\/div>\n<div class=\"elementor-toggle-item\">\n<div id=\"elementor-tab-content-1949\" class=\"elementor-tab-content elementor-clearfix elementor-active\" role=\"tabpanel\" data-tab=\"9\" aria-labelledby=\"elementor-tab-title-1949\">\n<p><a href=\"https:\/\/api.whatsapp.com\/send\/?phone=5553984751621&amp;text&amp;app_absent=0\">Whatsapp: 53 984751621 \u2013 Clicar no canto da tela.<\/a><\/p>\n<p>E-mail:portifoliosp@gmail.com<\/p>\n<\/div>\n<\/div>\n","protected":false},"excerpt":{"rendered":"<p>Projeto Integrado II \u00c1rea de TI: Linguagem C ATIVIDADES Tarefa 1: Na \u00e1rea de desenvolvimento, as fun\u00e7\u00f5es s\u00e3o utilizadas para deixar o c\u00f3digo claro e recursivo, evitando a repeti\u00e7\u00e3o de linhas de comandos. Dentre as boas pr\u00e1ticas de programa\u00e7\u00e3o \u00e9 avaliar se um determinado trecho precisa ser escrito v\u00e1rias vezes. Se a resposta for sim,&hellip;<\/p>\n","protected":false},"featured_media":3645,"template":"","meta":{"_seopress_robots_primary_cat":"none","_seopress_titles_title":"","_seopress_titles_desc":"","_seopress_robots_index":""},"product_cat":[58,15],"product_tag":[],"class_list":{"0":"post-770","1":"product","2":"type-product","3":"status-publish","4":"has-post-thumbnail","6":"product_cat-cursos-de-t-i","7":"product_cat-uncategorized","9":"first","10":"instock","11":"downloadable","12":"virtual","13":"purchasable","14":"product-type-simple","15":"col-xs-6 col-sm-4","16":"col-mf-5","17":"un-5-cols"},"jetpack_sharing_enabled":true,"_links":{"self":[{"href":"https:\/\/portifolioos-prontos.com\/index.php\/wp-json\/wp\/v2\/product\/770","targetHints":{"allow":["GET"]}}],"collection":[{"href":"https:\/\/portifolioos-prontos.com\/index.php\/wp-json\/wp\/v2\/product"}],"about":[{"href":"https:\/\/portifolioos-prontos.com\/index.php\/wp-json\/wp\/v2\/types\/product"}],"version-history":[{"count":0,"href":"https:\/\/portifolioos-prontos.com\/index.php\/wp-json\/wp\/v2\/product\/770\/revisions"}],"wp:featuredmedia":[{"embeddable":true,"href":"https:\/\/portifolioos-prontos.com\/index.php\/wp-json\/wp\/v2\/media\/3645"}],"wp:attachment":[{"href":"https:\/\/portifolioos-prontos.com\/index.php\/wp-json\/wp\/v2\/media?parent=770"}],"wp:term":[{"taxonomy":"product_cat","embeddable":true,"href":"https:\/\/portifolioos-prontos.com\/index.php\/wp-json\/wp\/v2\/product_cat?post=770"},{"taxonomy":"product_tag","embeddable":true,"href":"https:\/\/portifolioos-prontos.com\/index.php\/wp-json\/wp\/v2\/product_tag?post=770"}],"curies":[{"name":"wp","href":"https:\/\/api.w.org\/{rel}","templated":true}]}}