{"id":7873,"date":"2022-09-05T14:28:27","date_gmt":"2022-09-05T17:28:27","guid":{"rendered":"https:\/\/portifolioos-prontos.com\/?post_type=product&#038;p=7873"},"modified":"2025-11-18T10:07:02","modified_gmt":"2025-11-18T13:07:02","slug":"tcc-i-educacao-fisica-bacharelado-2","status":"publish","type":"product","link":"https:\/\/portifolioos-prontos.com\/index.php\/product\/tcc-i-educacao-fisica-bacharelado-2\/","title":{"rendered":"TCC I Educa\u00e7\u00e3o F\u00edsica Bacharelado"},"content":{"rendered":"<h3>TCC I<\/h3>\n<p>Curso: Educa\u00e7\u00e3o F\u00edsica Bacharelado<br \/>\nDisciplinas: \u2022 Trabalho de Conclus\u00e3o de Curso I<br \/>\nCompet\u00eancias:<br \/>\n\u2022 Conhecer, dominar e sistematizar os conhecimentos<br \/>\ninerentes a Educa\u00e7\u00e3o F\u00edsica.<br \/>\n\u2022 Elaborar e reconhecer um projeto de pesquisa no<br \/>\ncampo da Educa\u00e7\u00e3o F\u00edsica.<br \/>\n\u2022 Reconhecer e apropriar-se do conhecimento cientifico e<br \/>\nseus processos<br \/>\nHabilidades: O TCC oportunizar\u00e1 ao aluno a reflex\u00e3o, o desenvolvimento da<br \/>\ncapacidade cient\u00edfica, cr\u00edtica e reflexiva, consolidando os<br \/>\nconhecimentos adquiridos teoricamente e na pr\u00e1tica da sua<br \/>\ngradua\u00e7\u00e3o.<br \/>\nObjetivos da<br \/>\nAprendizagem:<br \/>\nDesenvolver a capacidade do aluno em interpretar e tecer cr\u00edticas ao<br \/>\nobjeto de estudo<\/p>\n<p>TCC I Educa\u00e7\u00e3o F\u00edsica Bacharelado<\/p>\n<p>APRESENTA\u00c7\u00c3O<br \/>\nSeja bem-vindo ao seu Trabalho de Conclus\u00e3o de Curso I (TCC). \u00c9 com grande<br \/>\nsatisfa\u00e7\u00e3o que apresentamos o Manual para realiza\u00e7\u00e3o desta atividade. O presente manual tem por<br \/>\nobjetivo orientar os acad\u00eamicos do curso de gradua\u00e7\u00e3o em Educa\u00e7\u00e3o F\u00edsica Bacharelado sobre a<br \/>\nconfec\u00e7\u00e3o e as regras para elabora\u00e7\u00e3o do Trabalho de Conclus\u00e3o de Curso I, observando as normas<br \/>\nt\u00e9cnicas da ABNT no que se referem a apresenta\u00e7\u00e3o gr\u00e1fica, cita\u00e7\u00f5es e refer\u00eancias.<br \/>\nOs objetivos do TCC I do Curso de Educa\u00e7\u00e3o F\u00edsica Bacharelado s\u00e3o:<br \/>\n\u2022 Conhecer, refletir e utilizar conceitos pertinentes ao campo te\u00f3rico escolhido;<br \/>\n\u2022 Aprofundar os conhecimentos referentes \u00e0 aspectos da realidade social e\/ou do \u00e2mbito<br \/>\nprofissional;<br \/>\n\u2022 Conhecer os diferentes m\u00e9todos e tipos de pesquisa;<br \/>\n\u2022 Compreender a estrutura e a formata\u00e7\u00e3o de trabalhos acad\u00eamicos e cient\u00edficos.<br \/>\nO projeto dever\u00e1 ser elaborado a partir de delineamento de revis\u00e3o bibliografica<br \/>\nconsiderando um dos tr\u00eas eixos do curso de Educa\u00e7\u00e3o F\u00edsica Bacharelado, a saber: Esporte, Sa\u00fade, Lazer<br \/>\ne Cultura.<br \/>\nConforme a Resolu\u00e7\u00e3o 196\/96, n\u00e3o ser\u00e1 poss\u00edvel realizar pesquisa envolvendo<br \/>\ndiretamente seres humanos: \u201ctodo dado emp\u00edrico, para ser publicado em algum trabalho cient\u00edfico deve<br \/>\nser submetido \u00e0 Comiss\u00e3o Nacional de \u00c9tica em Pesquisa (CONEP) que faz a avalia\u00e7\u00e3o para autoriza\u00e7\u00e3o ou<br \/>\nn\u00e3o da publica\u00e7\u00e3o\u201d. S\u00e3o orienta\u00e7\u00f5es definidas para todas as institui\u00e7\u00f5es de ensino superior e para todos<br \/>\nos cursos de gradua\u00e7\u00e3o<\/p>\n<div class=\"elementor-toggle-item\">\n<h4 id=\"elementor-tab-title-1941\" class=\"elementor-tab-title elementor-active\" tabindex=\"0\" role=\"tab\" data-tab=\"1\" aria-controls=\"elementor-tab-content-1941\" aria-expanded=\"true\" aria-selected=\"true\">Como funciona?<\/h4>\n<div id=\"elementor-tab-content-1941\" class=\"elementor-tab-content elementor-clearfix elementor-active\" role=\"tabpanel\" data-tab=\"1\" aria-labelledby=\"elementor-tab-title-1941\">\n<p>Elaboramos os portf\u00f3lios, j\u00e1 deixamos prontos, nas normas da ABNT e conforme os requisitos da universidade. F\u00e1cil assim! O MELHOR \u00c9 QUE VOC\u00ca COMPRA E J\u00c1 BAIXA NA HORA O SEU ARQUIVO EM WORD! Sabemos que conciliar trabalho, fam\u00edlia, vida profissional e estudos \u00e9 dif\u00edcil hoje em dia, por isso, estamos aqui para ajudar voc\u00ea. Conte com nossa qualidade, experi\u00eancia e profissionalismo adquirindo seu portf\u00f3lio conosco. GARANTIMOS SEU CONCEITO!<\/p>\n<h4>Como se realizam os envios?<\/h4>\n<\/div>\n<\/div>\n<div class=\"elementor-toggle-item\">\n<div id=\"elementor-tab-content-1942\" class=\"elementor-tab-content elementor-clearfix elementor-active\" role=\"tabpanel\" data-tab=\"2\" aria-labelledby=\"elementor-tab-title-1942\">O seu trabalho \u00e9 disponibilizado pronto, respondido e nas normas j\u00e1 na mesma hora aqui em nosso site na sua \u00e1rea de downloads e tamb\u00e9m no seu e-mail.<\/div>\n<\/div>\n<div class=\"elementor-toggle-item\">\n<div id=\"elementor-tab-content-1943\" class=\"elementor-tab-content elementor-clearfix elementor-active\" role=\"tabpanel\" data-tab=\"3\" aria-labelledby=\"elementor-tab-title-1943\">\n<h4>Em quanto tempo recebo o portf\u00f3lio?<\/h4>\n<\/div>\n<\/div>\n<div class=\"elementor-toggle-item\">\n<div id=\"elementor-tab-content-1944\" class=\"elementor-tab-content elementor-clearfix elementor-active\" role=\"tabpanel\" data-tab=\"4\" aria-labelledby=\"elementor-tab-title-1944\">\n<p>Os envios s\u00e3o imediatos. Ap\u00f3s sua compra, o trabalho j\u00e1 \u00e9 disponibilizado instantaneamente aqui em nosso site e no seu e-mail.<\/p>\n<h4>E se o portf\u00f3lio que comprei precisar de corre\u00e7\u00e3o?<\/h4>\n<\/div>\n<\/div>\n<div class=\"elementor-toggle-item\">\n<div id=\"elementor-tab-content-1945\" class=\"elementor-tab-content elementor-clearfix elementor-active\" role=\"tabpanel\" data-tab=\"5\" aria-labelledby=\"elementor-tab-title-1945\">\n<p>Caso haja alguma solicita\u00e7\u00e3o de corre\u00e7\u00e3o\/altera\u00e7\u00e3o por parte do tutor, basta entrar em contato conosco pelo\u00a0WhatsApp\u00a0que provid\u00eanciaremos sem custo algum.<\/p>\n<h4>Qual o formato do arquivo?<\/h4>\n<\/div>\n<\/div>\n<div class=\"elementor-toggle-item\">\n<div id=\"elementor-tab-content-1946\" class=\"elementor-tab-content elementor-clearfix elementor-active\" role=\"tabpanel\" data-tab=\"6\" aria-labelledby=\"elementor-tab-title-1946\">\n<p>Os arquivos s\u00e3o enviados em formato Word e s\u00e3o edit\u00e1veis.<\/p>\n<h4>Caso eu tiver alguma d\u00favida, terei suporte no p\u00f3s venda?<\/h4>\n<\/div>\n<\/div>\n<div class=\"elementor-toggle-item\">\n<div id=\"elementor-tab-content-1948\" class=\"elementor-tab-content elementor-clearfix elementor-active\" role=\"tabpanel\" data-tab=\"8\" aria-labelledby=\"elementor-tab-title-1948\">\n<p>Sim, com certeza. Basta clicar no \u00edcone do WhatsApp no cantinho da tela. Ser\u00e1 um prazer atend\u00ea-lo(a).<\/p>\n<div class=\"elementor-toggle-item\">\n<div id=\"elementor-tab-content-1948\" class=\"elementor-tab-content elementor-clearfix elementor-active\" role=\"tabpanel\" data-tab=\"8\" aria-labelledby=\"elementor-tab-title-1948\">\n<h4>Quais os seus canais de contato?<\/h4>\n<\/div>\n<\/div>\n<div class=\"elementor-toggle-item\">\n<div id=\"elementor-tab-content-1949\" class=\"elementor-tab-content elementor-clearfix elementor-active\" role=\"tabpanel\" data-tab=\"9\" aria-labelledby=\"elementor-tab-title-1949\">\n<p>Whatsapp: 53 984751621 \u2013 Clicar no canto da tela ou ESCANEIE O QRCODE ABAIXO<\/p>\n<p><img decoding=\"async\" class=\"alignnone wp-image-7603 jetpack-lazy-image jetpack-lazy-image--handled\" src=\"https:\/\/i0.wp.com\/portifolioos-prontos.com\/wp-content\/uploads\/2022\/09\/portfolio-unopar-pronto-colaborar-ava-producao-textual-interdisciplinar.png?resize=141%2C141\" sizes=\"(max-width: 141px) 100vw, 141px\" srcset=\"https:\/\/i0.wp.com\/portifolioos-prontos.com\/wp-content\/uploads\/2022\/09\/portfolio-unopar-pronto-colaborar-ava-producao-textual-interdisciplinar.png?w=150&amp;ssl=1 150w, https:\/\/i0.wp.com\/portifolioos-prontos.com\/wp-content\/uploads\/2022\/09\/portfolio-unopar-pronto-colaborar-ava-producao-textual-interdisciplinar.png?resize=100%2C100&amp;ssl=1 100w\" alt=\"\" width=\"124\" height=\"124\" data-recalc-dims=\"1\" data-lazy-loaded=\"1\" \/><\/p>\n<\/div>\n<\/div>\n<\/div>\n<\/div>\n<div class=\"elementor-toggle-item\">\n<div id=\"elementor-tab-content-1949\" class=\"elementor-tab-content elementor-clearfix elementor-active\" role=\"tabpanel\" data-tab=\"9\" aria-labelledby=\"elementor-tab-title-1949\">\n<p>E-mail:portifoliosp@gmail.com<\/p>\n<div id=\"attachment_143\" class=\"wp-caption alignnone\">\n<div id=\"attachment_143\" class=\"wp-caption alignnone\" style=\"width: 151px;\">\n<p><a href=\"http:\/\/portifolioos-prontos.com\/\"><img decoding=\"async\" class=\"wp-image-143 jetpack-lazy-image jetpack-lazy-image--handled\" title=\"portfolio pronto unopar\" src=\"https:\/\/i0.wp.com\/portifolioos-prontos.com\/wp-content\/uploads\/2022\/04\/conceitomaximo.png?resize=161%2C46\" alt=\"PORTFOLIO PRONTO UNOPAR ANHANGUERA\" width=\"151\" height=\"43\" aria-describedby=\"caption-attachment-143\" data-recalc-dims=\"1\" data-lazy-loaded=\"1\" \/><\/a><\/p>\n<p id=\"caption-attachment-143\" class=\"wp-caption-text\">Portf\u00f3lio em Word, respondido, completo e j\u00e1 nas normas.<\/p>\n<\/div>\n<\/div>\n<\/div>\n<\/div>\n","protected":false},"excerpt":{"rendered":"<p>TCC I Curso: Educa\u00e7\u00e3o F\u00edsica Bacharelado Disciplinas: \u2022 Trabalho de Conclus\u00e3o de Curso I Compet\u00eancias: \u2022 Conhecer, dominar e sistematizar os conhecimentos inerentes a Educa\u00e7\u00e3o F\u00edsica. \u2022 Elaborar e reconhecer um projeto de pesquisa no campo da Educa\u00e7\u00e3o F\u00edsica. \u2022 Reconhecer e apropriar-se do conhecimento cientifico e seus processos Habilidades: O TCC oportunizar\u00e1 ao aluno&hellip;<\/p>\n","protected":false},"featured_media":7875,"template":"","meta":{"_seopress_robots_primary_cat":"","_seopress_titles_title":"","_seopress_titles_desc":"","_seopress_robots_index":""},"product_cat":[35,113,15],"product_tag":[],"class_list":{"0":"post-7873","1":"product","2":"type-product","3":"status-publish","4":"has-post-thumbnail","6":"product_cat-educacao-fisica","7":"product_cat-gestao-do-projeto-educativo-tcc","8":"product_cat-uncategorized","10":"first","11":"instock","12":"downloadable","13":"virtual","14":"purchasable","15":"product-type-simple","16":"col-xs-6 col-sm-4","17":"col-mf-5","18":"un-5-cols"},"jetpack_sharing_enabled":true,"_links":{"self":[{"href":"https:\/\/portifolioos-prontos.com\/index.php\/wp-json\/wp\/v2\/product\/7873","targetHints":{"allow":["GET"]}}],"collection":[{"href":"https:\/\/portifolioos-prontos.com\/index.php\/wp-json\/wp\/v2\/product"}],"about":[{"href":"https:\/\/portifolioos-prontos.com\/index.php\/wp-json\/wp\/v2\/types\/product"}],"version-history":[{"count":1,"href":"https:\/\/portifolioos-prontos.com\/index.php\/wp-json\/wp\/v2\/product\/7873\/revisions"}],"predecessor-version":[{"id":48408,"href":"https:\/\/portifolioos-prontos.com\/index.php\/wp-json\/wp\/v2\/product\/7873\/revisions\/48408"}],"wp:featuredmedia":[{"embeddable":true,"href":"https:\/\/portifolioos-prontos.com\/index.php\/wp-json\/wp\/v2\/media\/7875"}],"wp:attachment":[{"href":"https:\/\/portifolioos-prontos.com\/index.php\/wp-json\/wp\/v2\/media?parent=7873"}],"wp:term":[{"taxonomy":"product_cat","embeddable":true,"href":"https:\/\/portifolioos-prontos.com\/index.php\/wp-json\/wp\/v2\/product_cat?post=7873"},{"taxonomy":"product_tag","embeddable":true,"href":"https:\/\/portifolioos-prontos.com\/index.php\/wp-json\/wp\/v2\/product_tag?post=7873"}],"curies":[{"name":"wp","href":"https:\/\/api.w.org\/{rel}","templated":true}]}}