{"id":7985,"date":"2022-09-08T11:17:07","date_gmt":"2022-09-08T14:17:07","guid":{"rendered":"https:\/\/portifolioos-prontos.com\/?post_type=product&#038;p=7985"},"modified":"2025-08-02T16:54:50","modified_gmt":"2025-08-02T19:54:50","slug":"projeto-integrado-conversao-da-media-decimal-20-em-binario","status":"publish","type":"product","link":"https:\/\/portifolioos-prontos.com\/index.php\/product\/projeto-integrado-conversao-da-media-decimal-20-em-binario\/","title":{"rendered":"Projeto Integrado &#8211; Convers\u00e3o da m\u00e9dia decimal 20 em bin\u00e1rio"},"content":{"rendered":"<h4>Projeto Integrado &#8211; Convers\u00e3o da m\u00e9dia decimal 20 em bin\u00e1rio<\/h4>\n<p><strong>ATIVIDADES<\/strong><\/p>\n<p><strong>Tarefa 1 \u2013<\/strong> Na programa\u00e7\u00e3o, durante o desenvolvimento dos c\u00f3digos \u00e9 normal a utiliza\u00e7\u00e3o frequente<br \/>\nde convers\u00f5es de base, exemplo, bin\u00e1rio para decimal, hexadecimal para decimal, octal para bin\u00e1rio,<br \/>\ne vice-versa, essas convers\u00f5es s\u00e3o muitos uteis na computa\u00e7\u00e3o, principalmente na economia de<br \/>\nmem\u00f3ria. Para a pratica desse conhecimento, um programador precisa converter<br \/>\na medida decimal 20 em bin\u00e1rio, fa\u00e7a essa convers\u00e3o e mostre o c\u00e1lculo.<\/p>\n<p><strong>Tarefa 2 \u2013<\/strong><br \/>\n1) fa\u00e7a uma pesquisa sobre os principais tipos de modula\u00e7\u00e3o e demodula\u00e7\u00e3o, suas caracter\u00edsticas e<br \/>\naplica\u00e7\u00f5es.<br \/>\n2) Entre no software Multisim Live Online e identifique algo que voc\u00ea pode acrescentar ao item1.<br \/>\nO Multisim Live Online \u00e9 uma ferramenta gratuita que n\u00e3o necessita instala\u00e7\u00e3o. Sua utiliza\u00e7\u00e3o \u00e9 feita<br \/>\nsomente pelo navegador web. O Multisim Live \u00e9 uma nova ferramenta do j\u00e1 conhecido Multisim para<br \/>\nDesktop.<br \/>\nEle proporciona ao usu\u00e1rio a mesma tecnologia de simula\u00e7\u00e3o usada nas institui\u00e7\u00f5es acad\u00eamicas. Esta<br \/>\nvers\u00e3o do software proporciona uma simula\u00e7\u00e3o interativa em qualquer sistema operacional, sem<br \/>\ninstala\u00e7\u00f5es.<br \/>\nA estrutura necess\u00e1ria para utilizar o software \u00e9 um computador com acesso \u00e0 internet, mouse,<br \/>\nteclado e monitor.<br \/>\nO \u00fanico requisito \u00e9 a cria\u00e7\u00e3o de uma conta online gratuita no site https:\/\/www.multisim.com<br \/>\nAp\u00f3s criar a conta, voc\u00ea pode come\u00e7ar a criar circuitos e prosseguir com esta descoberta.<\/p>\n<p><strong>Tarefa 3 \u2013<\/strong> Sobre os sistemas operacionais Linux e Windows, considere a quest\u00e3o abaixo.<br \/>\nUm sistema operacional \u00e9 composto por diversos programas respons\u00e1veis por diversas fun\u00e7\u00f5es,<br \/>\nentre espec\u00edficas e gen\u00e9ricas. A parte mais importante do sistema operacional \u00e9 o seu n\u00facleo,<br \/>\ntamb\u00e9m conhecido como (kernel) pelos programadores e desenvolvedores, o kernel tem fun\u00e7\u00f5es de<br \/>\ncontrole e comunica\u00e7\u00e3o espec\u00edficas, explique como \u00e9 feito esse contato com o CPU e demais<br \/>\ncomponentes de hardware, <a href=\"http:\/\/portfolio-pronto.com\">pode<\/a>-se utilizar gr\u00e1fico\/tabelas.<\/p>\n<p><strong>Tarefa 4<\/strong> <strong>\u2013<\/strong> O termo Seguran\u00e7a da Informa\u00e7\u00e3o \u00e9 utilizado para se referir \u00e0 defesa de dados. \u00c9 o que<br \/>\ngarante que apenas pessoas autorizadas tenham acesso a computadores, dados e redes, garantindo<br \/>\nque todas as informa\u00e7\u00f5es mantenham sua integridade, confidencialidade, disponibilidade e<br \/>\nautenticidade. Um dos \u00e9 um processo que busca eliminar as chances de terceiros obterem acesso a<br \/>\ndados \u00e9 a criptografia.<br \/>\na) Pesquise, defina e exemplifique, dentro da criptografia o blockchain.<\/p>\n<p><strong>Tarefa 5<\/strong> \u2013 O conceito de sistema distribu\u00eddo \u00e9 de um sistema que possui componentes localizados<br \/>\nem computadores interligados em rede e que se comunicam e coordenam suas a\u00e7\u00f5es atrav\u00e9s da<br \/>\ntroca de mensagens entre os componentes. \u00c9 comum pensarmos em componentes como sendo<br \/>\napenas servidores e m\u00e1quinas conectadas em rede, mas quando falamos de componentes podem<br \/>\nser componentes de hardware (servidores) ou de software ( aplica\u00e7\u00f5es e servi\u00e7os ).<br \/>\nOs componentes interligados em rede podem estar separados por qualquer dist\u00e2ncia. No mesmo<br \/>\nedif\u00edcio de uma empresa, na mesma cidade, mesmo estado, no mesmo pa\u00eds ou at\u00e9 em continentes<br \/>\ndiferentes.<br \/>\na) Pesquise, explique e exemplifique pelo menos tr\u00eas modelos de comunica\u00e7\u00e3o entre m\u00e1quinas<br \/>\nnos sistemas distribu\u00eddos.<\/p>\n<div class=\"elementor-toggle-item\">\n<div class=\"elementor-toggle-item\">\n<p><strong>Como se realizam os envios?<\/strong><\/p>\n<\/div>\n<p id=\"elementor-tab-content-1942\" class=\"elementor-tab-content elementor-clearfix elementor-active\" role=\"tabpanel\" data-tab=\"2\" aria-labelledby=\"elementor-tab-title-1942\">O seu trabalho \u00e9 disponibilizado pronto, respondido e nas normas j\u00e1 na mesma hora aqui em nosso site na sua \u00e1rea de downloads e tamb\u00e9m no seu e-mail.<\/p>\n<p><strong>Em quanto tempo recebo o portf\u00f3lio?<\/strong><\/p>\n<p>Os envios s\u00e3o imediatos. Ap\u00f3s sua compra, o trabalho j\u00e1 \u00e9 disponibilizado instantaneamente aqui em nosso site e no seu e-mail.<\/p>\n<p><strong>E se o portf\u00f3lio que comprei precisar de corre\u00e7\u00e3o?<\/strong><\/p>\n<p>Caso haja alguma solicita\u00e7\u00e3o de corre\u00e7\u00e3o\/altera\u00e7\u00e3o por parte do tutor, basta entrar em contato conosco pelo\u00a0WhatsApp\u00a0que provid\u00eanciaremos sem custo algum.<\/p>\n<p><strong>Qual o formato do arquivo?<\/strong><\/p>\n<p>Os arquivos s\u00e3o enviados em formato Word e s\u00e3o edit\u00e1veis.<\/p>\n<p><strong>Caso eu tiver alguma d\u00favida, terei suporte no p\u00f3s venda?<\/strong><\/p>\n<p>Sim, com certeza. Basta clicar no \u00edcone do WhatsApp no cantinho da tela. Ser\u00e1 um prazer atend\u00ea-lo(a).<\/p>\n<div id=\"elementor-tab-content-1948\" class=\"elementor-tab-content elementor-clearfix elementor-active\" role=\"tabpanel\" data-tab=\"8\" aria-labelledby=\"elementor-tab-title-1948\">\n<p><strong>Quais os seus canais de contato?<\/strong><\/p>\n<\/div>\n<div id=\"elementor-tab-content-1949\" class=\"elementor-tab-content elementor-clearfix elementor-active\" role=\"tabpanel\" data-tab=\"9\" aria-labelledby=\"elementor-tab-title-1949\">\n<p>Whatsapp: 53 984751621 \u2013 Clicar no canto da tela ou ESCANEIE O QRCODE ABAIXO<\/p>\n<h4><img decoding=\"async\" class=\"alignnone wp-image-13699 jetpack-lazy-image jetpack-lazy-image--handled\" src=\"https:\/\/i0.wp.com\/portifolioos-prontos.com\/wp-content\/uploads\/2023\/02\/whatsapp-business-projeto-de-extensao-300x300.jpeg?resize=144%2C144\" sizes=\"(max-width: 144px) 100vw, 144px\" srcset=\"https:\/\/i0.wp.com\/portifolioos-prontos.com\/wp-content\/uploads\/2023\/02\/whatsapp-business-projeto-de-extensao.jpeg?resize=300%2C301&amp;ssl=1 300w, https:\/\/i0.wp.com\/portifolioos-prontos.com\/wp-content\/uploads\/2023\/02\/whatsapp-business-projeto-de-extensao.jpeg?resize=150%2C150&amp;ssl=1 150w, https:\/\/i0.wp.com\/portifolioos-prontos.com\/wp-content\/uploads\/2023\/02\/whatsapp-business-projeto-de-extensao.jpeg?resize=370%2C372&amp;ssl=1 370w, https:\/\/i0.wp.com\/portifolioos-prontos.com\/wp-content\/uploads\/2023\/02\/whatsapp-business-projeto-de-extensao.jpeg?resize=100%2C100&amp;ssl=1 100w, https:\/\/i0.wp.com\/portifolioos-prontos.com\/wp-content\/uploads\/2023\/02\/whatsapp-business-projeto-de-extensao.jpeg?w=470&amp;ssl=1 470w\" alt=\"projeto de extens\u00e3o unopar\" width=\"144\" height=\"144\" data-lazy-loaded=\"1\" \/><\/h4>\n<\/div>\n<div class=\"elementor-toggle-item\">\n<div id=\"elementor-tab-content-1949\" class=\"elementor-tab-content elementor-clearfix elementor-active\" role=\"tabpanel\" data-tab=\"9\" aria-labelledby=\"elementor-tab-title-1949\">\n<p>E-mail:portifoliosp@gmail.com<\/p>\n<div id=\"attachment_143\" class=\"wp-caption alignnone\">\n<div id=\"attachment_143\" class=\"wp-caption alignnone\" style=\"width: 90px;\">\n<p><a href=\"https:\/\/portifolioos-prontos.com\/\"><img decoding=\"async\" class=\"wp-image-143 jetpack-lazy-image jetpack-lazy-image--handled smush-image-11 smush-image-1 smush-detected-img smush-image-smaller-1\" title=\"portfolio pronto unopar\" src=\"https:\/\/i0.wp.com\/portifolioos-prontos.com\/wp-content\/uploads\/2022\/04\/conceitomaximo.png?resize=161%2C46\" sizes=\"(max-width: 35px) 100vw, 35px\" srcset=\"https:\/\/i0.wp.com\/portifolioos-prontos.com\/wp-content\/uploads\/2022\/04\/conceitomaximo.png?w=244&amp;ssl=1 244w, https:\/\/i0.wp.com\/portifolioos-prontos.com\/wp-content\/uploads\/2022\/04\/conceitomaximo.png?resize=220%2C70&amp;ssl=1 220w\" alt=\"PORTFOLIO PRONTO UNOPAR ANHANGUERA\" width=\"90\" height=\"29\" aria-describedby=\"caption-attachment-143\" data-lazy-loaded=\"1\" \/><\/a><\/p>\n<p id=\"caption-attachment-143\" class=\"wp-caption-text\">Portf\u00f3lioem Word, respondido, completo e j\u00e1 nas normas<\/p>\n<\/div>\n<\/div>\n<\/div>\n<\/div>\n<\/div>\n","protected":false},"excerpt":{"rendered":"<div class=\"product-short-description\">\n<p><strong>Pague pelo PIX ou cart\u00e3o e fa\u00e7a o download agora mesmo.<\/strong><\/p>\n<\/div>\n<div class=\"sticky-add-to-cart-wrapper\">\n<div class=\"sticky-add-to-cart\">\n<p class=\"quantity buttons_added form-flat\"><img decoding=\"async\" class=\"lazyloaded smush-image-5 smush-image-3 smush-image-4 smush-detected-img smush-image-bigger-3\" src=\"https:\/\/d26lpennugtm8s.cloudfront.net\/assets\/common\/img\/logos\/payment\/visa@2x.png\" width=\"46\" height=\"29\" data-src=\"https:\/\/d26lpennugtm8s.cloudfront.net\/assets\/common\/img\/logos\/payment\/visa@2x.png\" \/><img loading=\"lazy\" decoding=\"async\" class=\"lazyloaded smush-image-6 smush-image-4 smush-image-5 smush-detected-img smush-image-bigger-4\" src=\"https:\/\/d26lpennugtm8s.cloudfront.net\/assets\/common\/img\/logos\/payment\/boleto@2x.png\" width=\"43\" height=\"27\" data-src=\"https:\/\/d26lpennugtm8s.cloudfront.net\/assets\/common\/img\/logos\/payment\/boleto@2x.png\" \/><img loading=\"lazy\" decoding=\"async\" class=\"lazyloaded smush-image-7 smush-image-5 smush-image-6 smush-detected-img smush-image-bigger-5\" src=\"https:\/\/d26lpennugtm8s.cloudfront.net\/assets\/common\/img\/logos\/payment\/mastercard@2x.png\" width=\"43\" height=\"27\" data-src=\"https:\/\/d26lpennugtm8s.cloudfront.net\/assets\/common\/img\/logos\/payment\/mastercard@2x.png\" \/><img loading=\"lazy\" decoding=\"async\" class=\"lazyloaded smush-image-8 smush-image-6 smush-image-7 smush-detected-img smush-image-bigger-6\" src=\"https:\/\/d26lpennugtm8s.cloudfront.net\/assets\/common\/img\/logos\/payment\/amex@2x.png\" width=\"43\" height=\"27\" data-src=\"https:\/\/d26lpennugtm8s.cloudfront.net\/assets\/common\/img\/logos\/payment\/amex@2x.png\" \/><img loading=\"lazy\" decoding=\"async\" class=\"lazyloaded smush-image-9 smush-image-7 smush-image-8 smush-detected-img smush-image-bigger-7\" src=\"https:\/\/d26lpennugtm8s.cloudfront.net\/assets\/common\/img\/logos\/payment\/diners@2x.png\" width=\"46\" height=\"29\" data-src=\"https:\/\/d26lpennugtm8s.cloudfront.net\/assets\/common\/img\/logos\/payment\/diners@2x.png\" \/><img loading=\"lazy\" decoding=\"async\" class=\"lazyloaded smush-image-10 smush-image-8 smush-image-9 alignnone smush-detected-img smush-image-bigger-8\" src=\"https:\/\/d26lpennugtm8s.cloudfront.net\/assets\/common\/img\/logos\/payment\/br\/elo@2x.png\" alt=\"portf\u00f3lio unopar anhanguera\" width=\"45\" height=\"28\" data-src=\"https:\/\/d26lpennugtm8s.cloudfront.net\/assets\/common\/img\/logos\/payment\/br\/elo@2x.png\" \/><img loading=\"lazy\" decoding=\"async\" class=\"lazyloaded smush-image-11 smush-image-9 smush-image-10 alignnone smush-detected-img smush-image-bigger-9\" src=\"https:\/\/d26lpennugtm8s.cloudfront.net\/assets\/common\/img\/logos\/payment\/br\/hipercard@2x.png\" alt=\"portf\u00f3lio unopar anhanguera\" width=\"44\" height=\"28\" data-src=\"https:\/\/d26lpennugtm8s.cloudfront.net\/assets\/common\/img\/logos\/payment\/br\/hipercard@2x.png\" \/><img loading=\"lazy\" decoding=\"async\" class=\"lazyloaded smush-image-12 smush-image-10 smush-image-11 alignnone smush-detected-img smush-image-bigger-10\" src=\"https:\/\/d26lpennugtm8s.cloudfront.net\/assets\/common\/img\/logos\/payment\/mercadopago@2x.png\" alt=\"portf\u00f3lio unopar anhanguera\" width=\"45\" height=\"28\" data-src=\"https:\/\/d26lpennugtm8s.cloudfront.net\/assets\/common\/img\/logos\/payment\/mercadopago@2x.png\" \/><img loading=\"lazy\" decoding=\"async\" class=\"alignnone ls-is-cached lazyloaded smush-detected-img smush-image-bigger-11\" src=\"https:\/\/futurium.com.br\/wp-content\/uploads\/2021\/06\/logo-pix-icone-512.png\" alt=\"portfolio pronto\" width=\"30\" height=\"30\" data-src=\"https:\/\/futurium.com.br\/wp-content\/uploads\/2021\/06\/logo-pix-icone-512.png\" \/><\/p>\n<\/div>\n<\/div>\n","protected":false},"featured_media":3645,"template":"","meta":{"_seopress_robots_primary_cat":"none","_seopress_titles_title":"","_seopress_titles_desc":"","_seopress_robots_index":""},"product_cat":[58,15],"product_tag":[],"class_list":{"0":"post-7985","1":"product","2":"type-product","3":"status-publish","4":"has-post-thumbnail","6":"product_cat-cursos-de-t-i","7":"product_cat-uncategorized","9":"first","10":"instock","11":"downloadable","12":"virtual","13":"purchasable","14":"product-type-simple","15":"col-xs-6 col-sm-4","16":"col-mf-5","17":"un-5-cols"},"jetpack_sharing_enabled":true,"_links":{"self":[{"href":"https:\/\/portifolioos-prontos.com\/index.php\/wp-json\/wp\/v2\/product\/7985","targetHints":{"allow":["GET"]}}],"collection":[{"href":"https:\/\/portifolioos-prontos.com\/index.php\/wp-json\/wp\/v2\/product"}],"about":[{"href":"https:\/\/portifolioos-prontos.com\/index.php\/wp-json\/wp\/v2\/types\/product"}],"version-history":[{"count":0,"href":"https:\/\/portifolioos-prontos.com\/index.php\/wp-json\/wp\/v2\/product\/7985\/revisions"}],"wp:featuredmedia":[{"embeddable":true,"href":"https:\/\/portifolioos-prontos.com\/index.php\/wp-json\/wp\/v2\/media\/3645"}],"wp:attachment":[{"href":"https:\/\/portifolioos-prontos.com\/index.php\/wp-json\/wp\/v2\/media?parent=7985"}],"wp:term":[{"taxonomy":"product_cat","embeddable":true,"href":"https:\/\/portifolioos-prontos.com\/index.php\/wp-json\/wp\/v2\/product_cat?post=7985"},{"taxonomy":"product_tag","embeddable":true,"href":"https:\/\/portifolioos-prontos.com\/index.php\/wp-json\/wp\/v2\/product_tag?post=7985"}],"curies":[{"name":"wp","href":"https:\/\/api.w.org\/{rel}","templated":true}]}}