{"id":8145,"date":"2022-09-12T23:06:24","date_gmt":"2022-09-13T02:06:24","guid":{"rendered":"https:\/\/portifolioos-prontos.com\/?post_type=product&#038;p=8145"},"modified":"2022-10-28T20:13:04","modified_gmt":"2022-10-28T23:13:04","slug":"portfolio-crimes-ciberneticos-implicacoes-e-procedimentos-de-investigacao","status":"publish","type":"product","link":"https:\/\/portifolioos-prontos.com\/index.php\/product\/portfolio-crimes-ciberneticos-implicacoes-e-procedimentos-de-investigacao\/","title":{"rendered":"Portf\u00f3lio Crimes Cibern\u00e9ticos: implica\u00e7\u00f5es e procedimentos de investiga\u00e7\u00e3o"},"content":{"rendered":"<h4>Portf\u00f3lio Crimes Cibern\u00e9ticos: implica\u00e7\u00f5es e procedimentos de investiga\u00e7\u00e3o<\/h4>\n<h4>Curso: CST em Investiga\u00e7\u00e3o e Per\u00edcia Criminal<\/h4>\n<h4>Semestre: 4\u00b0<\/h4>\n<hr \/>\n<p>A presente proposta de Produ\u00e7\u00e3o Textual Individual (PTI) ter\u00e1 como tem\u00e1tica central \u201cCrimes<br \/>\nCibern\u00e9ticos: implica\u00e7\u00f5es e procedimentos de investiga\u00e7\u00e3o\u201d.<br \/>\nTal tem\u00e1tica foi escolhida a fim de possibilitar a aprendizagem interdisciplinar dos conte\u00fados<br \/>\ntrabalhados nas disciplinas deste semestre. Na PTI, voc\u00ea dever\u00e1 conhecer a Situa\u00e7\u00e3o Geradora de<br \/>\nAprendizagem (SGA) para a realiza\u00e7\u00e3o das atividades previstas. Siga as orienta\u00e7\u00f5es disponibilizadas<br \/>\nneste manual, al\u00e9m de demais fontes de conte\u00fado complementares!<br \/>\nVamos conhecer a SGA?<\/p>\n<p>SITUA\u00c7\u00c3O GERADORA DE APRENDIZAGEM (SGA)<br \/>\nCrimes Cibern\u00e9ticos: implica\u00e7\u00f5es e procedimentos de investiga\u00e7\u00e3o<\/p>\n<p>A fim de tornar mais bem compreens\u00edvel a problem\u00e1tica que esta SGA prop\u00f5e, verifique os<br \/>\nfragmentos das publica\u00e7\u00f5es a seguir:Governo Federal lan\u00e7a Plano T\u00e1tico de Combate a Crimes Cibern\u00e9ticos<br \/>\nO documento prev\u00ea a cria\u00e7\u00e3o de um programa de preven\u00e7\u00e3o a fraudes banc\u00e1rias eletr\u00f4nicas e<br \/>\ngolpes digitais<\/p>\n<p>Publicado em 23\/03\/2022 17h50<\/p>\n<p>O Governo Federal, por meio do Minist\u00e9rio da Justi\u00e7a e Seguran\u00e7a P\u00fablica (MJSP), lan\u00e7ou nessa ter\u00e7a-<br \/>\nfeira (22\/03), o primeiro Plano T\u00e1tico de Combate a Crimes Cibern\u00e9ticos, com o objetivo de prevenir<\/p>\n<p>e reprimir esse tipo de crime no pa\u00eds.<br \/>\nUm dos pontos do Plano T\u00e1tico \u00e9 um Acordo de Coopera\u00e7\u00e3o entre a Pol\u00edcia Federal e a Federa\u00e7\u00e3o<br \/>\nBrasileira de Bancos (Febraban) que facilitar\u00e1 o compartilhamento de informa\u00e7\u00f5es, visando medidas<br \/>\npreventivas e educativas, de forma a tornar o espa\u00e7o cibern\u00e9tico mais seguro, identificando e punindo<br \/>\norganiza\u00e7\u00f5es criminosas.<br \/>\nO Plano T\u00e1tico prev\u00ea a cria\u00e7\u00e3o de um banco de dados de ocorr\u00eancias, que ter\u00e1 o amplo acesso das<br \/>\npol\u00edcias judici\u00e1rias da Uni\u00e3o e dos estados. Dessa forma, os modelos de investiga\u00e7\u00f5es e solu\u00e7\u00f5es de<br \/>\ncrimes poder\u00e3o ser replicados de forma eficiente em todo o pa\u00eds.<br \/>\nSer\u00e1 criado, ainda, um programa de preven\u00e7\u00e3o a fraudes banc\u00e1rias eletr\u00f4nicas, golpes digitais e a<br \/>\ncapacita\u00e7\u00e3o de agentes de seguran\u00e7a para que possam lidar com os v\u00e1rios tipos de crime.<br \/>\nAl\u00e9m disso, ser\u00e1 montada uma estrutura integrada com a participa\u00e7\u00e3o de for\u00e7as de seguran\u00e7a<br \/>\nfederais e estaduais, entidades p\u00fablicas e privadas nacionais e internacionais e especialistas na<br \/>\ntem\u00e1tica. Juntos, eles v\u00e3o se especializar para atuar no enfrentamento \u00e0s organiza\u00e7\u00f5es criminosas<br \/>\nque atuam em crimes digitais.<\/p>\n<p>Fonte e texto na \u00edntegra em:\u00a0<a href=\"https:\/\/www.gov.br\/pt-br\/noticias\/justica-e-\" rel=\"nofollow\">https:\/\/www.gov.br\/pt-br\/noticias\/justica-e-<\/a><br \/>\nseguranca\/2022\/03\/governo-federal-lanca-plano-tatico-de-combate-a-crimes-ciberneticos Acesso<\/p>\n<p>em junho de 2022.<\/p>\n<p>Crimes cibern\u00e9ticos podem afetar 80% das organiza\u00e7\u00f5es em todo o mundo em 2022<br \/>\n8 dez 2021 13h55<br \/>\nEm mar\u00e7o de 2020, in\u00edcio da crise sanit\u00e1ria, a viola\u00e7\u00e3o de dados alcan\u00e7ou um \u00edndice 131% superior<br \/>\nao mesmo per\u00edodo de 2019, no Brasil. Durante todo o ano, o pa\u00eds sofreu 8,4 bilh\u00f5es de tentativas de<br \/>\nataques desta natureza. Na Am\u00e9rica Latina esse n\u00famero chegou a 41 bilh\u00f5es.<br \/>\nEstima-se que 80% das organiza\u00e7\u00f5es globais corram o risco de sofrer ataques virtuais, com alta<br \/>\nprobabilidade de afetar informa\u00e7\u00f5es de seus clientes.<\/p>\n<p>Fonte e texto na \u00edntegra em:\u00a0<a href=\"https:\/\/www.terra.com.br\/noticias\/crimes-ciberneticos-podem-afetar-\" rel=\"nofollow\">https:\/\/www.terra.com.br\/noticias\/crimes-ciberneticos-podem-afetar-<\/a><br \/>\n80-das-organizacoes-em-todo-o-mundo-em-<br \/>\n2022,22caa0ff2b3f05ec47c15d805e821f59vf1gpsl9.html. Acesso em junho de 2022.<\/p>\n<p>58% dos brasileiros sofreram crimes cibern\u00e9ticos, aponta estudo da Norton<\/p>\n<p>Publicado em 11\/03\/2022<br \/>\nA empresa de ciberseguran\u00e7a Norton divulgou recentemente os resultados de sua pesquisa,<br \/>\nconduzida em parceria com o The Harris Poll, que destaca o Brasil como o terceiro pa\u00eds com mais<br \/>\ndispositivos infectados por amea\u00e7as. De acordo com a an\u00e1lise, mais da metade (58%) dos brasileiros<br \/>\nentrevistados afirma ter sofrido um crime cibern\u00e9tico em 2021.<\/p>\n<p>Fonte e texto na \u00edntegra em:\u00a0<a href=\"https:\/\/exame.com\/tecnologia\/58-dos-brasileiros-sofreram-crimes-\" rel=\"nofollow\">https:\/\/exame.com\/tecnologia\/58-dos-brasileiros-sofreram-crimes-<\/a><br \/>\nciberneticos-aponta-estudo-da-norton\/ Acesso em junho de 2022.<\/p>\n<p>Estando na era da tecnologia e da informa\u00e7\u00e3o, n\u00e3o \u00e9 de hoje que percebemos o aumento<br \/>\nconsider\u00e1vel do uso de tecnologias em nosso cotidiano, em especial, no que tange ao ambiente<br \/>\norganizacional. O contexto da pandemia de Covid19 intensificou e acelerou o que j\u00e1 era uma<br \/>\ntend\u00eancia: a informatiza\u00e7\u00e3o de processos e instrumentaliza\u00e7\u00e3o de atividades pautadas no uso de<br \/>\ntecnologias.<br \/>\nAssociado \u00e0s novas funcionalidades e avan\u00e7os os quais as tecnologias nos prop\u00f5em, tem-se a<br \/>\nocorr\u00eancia de novos crimes e ocorr\u00eancias as quais demandam maior aprofundamento e<br \/>\ndesenvolvimento constante de conhecimentos que permeiam os mais variados temas.<br \/>\nNas empresas do nosso pa\u00eds n\u00e3o \u00e9 diferente, pois a quest\u00e3o que se coloca como de extrema<br \/>\nimport\u00e2ncia \u00e9 quando n\u00e3o se sabe ou n\u00e3o se tem certeza de quem praticou o crime, principalmente<br \/>\nno campo digital, pois os crimes incidentes n\u00e3o deixam clara a sua autoria.<br \/>\nSem que a diretoria da empresa saiba, n\u00e3o \u00e9 incomum termos situa\u00e7\u00f5es de utiliza\u00e7\u00f5es de sites<br \/>\nmaliciosos pelos colaboradores de uma empresa, fraudes com os dados sens\u00edveis de clientes<br \/>\nocasionando n\u00e3o somente um preju\u00edzo econ\u00f4mico, mas, de imagem e \u00e9tica, que uma vez na rede<br \/>\nmundial cibern\u00e9tica, agrava ainda mais a situa\u00e7\u00e3o da empresa e das pessoas f\u00edsicas envolvidas.<br \/>\nO que \u00e9 ainda mais gravoso \u00e9 o fato de que uma vez n\u00e3o sendo identificado o infrator de um<br \/>\ncrime, n\u00e3o raras vezes responder\u00e1 por ele o diretor, gerente, compliance officer, entre outros.<br \/>\nA responsabilidade penal pela omiss\u00e3o \u00e9 a chamada de \u201cposi\u00e7\u00e3o de garante\u201d, isto \u00e9, deveria<br \/>\nter agido, mas se omitiu, e o evento danoso ocorreu. Deve haver na omiss\u00e3o do dirigente o especial<br \/>\ndever que \u00e9 resultante de preceito legal, como dito.<\/p>\n<p>Fonte e texto na \u00edntegra em:\u00a0<a href=\"https:\/\/tiinside.com.br\/05\/06\/2020\/o-compliance-digital-e-os-crimes-\" rel=\"nofollow\">https:\/\/tiinside.com.br\/05\/06\/2020\/o-compliance-digital-e-os-crimes-<\/a><br \/>\nciberneticos\/ . Acesso em junho de 2022.<\/p>\n<p>AGORA \u00c9 COM VOC\u00ca!<\/p>\n<p>Levando em considera\u00e7\u00e3o a SGA, responda todos os questionamentos apresentados abaixo. Eles<br \/>\nforam elaborados com base nas disciplinas ministradas ao longo deste semestre. A sua participa\u00e7\u00e3o<br \/>\nnesta atividade \u00e9 fundamental para que haja o pleno desenvolvimento das compet\u00eancias e<br \/>\nhabilidades requeridas em sua atua\u00e7\u00e3o profissional.<\/p>\n<p>ETAPA 1:<br \/>\nAnalise o seguinte texto:<\/p>\n<p>Nos tempos modernos, os direitos fundamentais t\u00eam sido concebidos<br \/>\nprincipalmente como direitos de defesa dos seus titulares contra a<br \/>\ninterven\u00e7\u00e3o do Estado. Este significado ainda \u00e9 importante para a<br \/>\ncomunica\u00e7\u00e3o digitalizada e suas consequ\u00eancias. Entretanto, h\u00e1 tamb\u00e9m a<br \/>\nquest\u00e3o de se os direitos fundamentais tamb\u00e9m s\u00e3o significativos e efetivos<br \/>\nna rela\u00e7\u00e3o entre privados.<br \/>\nA transforma\u00e7\u00e3o digital com suas amplas possibilidades \u2013 incluindo, por<br \/>\nexemplo, explora\u00e7\u00e3o, monitoramento e controle do comportamento humano<br \/>\n\u2013 est\u00e1 sendo realizada atualmente, em aspectos significativos, por empresas<br \/>\nprivadas, que podem exercer consider\u00e1vel influ\u00eancia sobre as liberdades de<br \/>\noutros indiv\u00edduos privados e as condi\u00e7\u00f5es reais de uso da liberdade, e que o<br \/>\nfazem tendo em vista seus pr\u00f3prios interesses. Alguns atores (como os<br \/>\nprincipais intermedi\u00e1rios de informa\u00e7\u00e3o) t\u00eam (tamb\u00e9m) poder de interferir<br \/>\nnos direitos fundamentais de outros, o que pode ser funcionalmente<br \/>\ncompar\u00e1vel ao poder das institui\u00e7\u00f5es estatais.<\/p>\n<p>Fonte e texto na \u00edntegra em: WOLFGANG, Hoffmann-Riem. Teoria Geral do Direito Digital. p. 70.<br \/>\nGrupo GEN, 2021. 9786559642267. Dispon\u00edvel em:<br \/>\n<a href=\"https:\/\/integrada.minhabiblioteca.com.br\/#\/books\/9786559642267\/\" rel=\"nofollow\">https:\/\/integrada.minhabiblioteca.com.br\/#\/books\/9786559642267\/<\/a>. Acesso em: 30 jun. 2022.<br \/>\n\uf0b7 De maneira fundamentada, relacione o poder das institui\u00e7\u00f5es privadas como a Meta<br \/>\n(Instragram, Facebook, WhatsApp entre outros) e a responsabilidade pela preven\u00e7\u00e3o<br \/>\nde crimes digitais.<\/p>\n<p>ETAPA 2:<br \/>\nCom base no texto e nos artigos apresentados na SGA:<br \/>\n\uf0b7 As empresas devem ser responsabilizadas pelos crimes cibern\u00e9ticos praticados por<br \/>\nseus colaboradores?<\/p>\n<p>\uf0b7 Quais procedimentos e legisla\u00e7\u00e3o as empresas devem seguir para evitar a pr\u00e1tica<br \/>\ndesse tipo de crime?<\/p>\n<p>ETAPA 3:<br \/>\nFalar em crimes cibern\u00e9ticos requer depreender acerca dos pressupostos centrais que<br \/>\nprotegem e asseguram as informa\u00e7\u00f5es!<br \/>\nDe maneira geral, Seguran\u00e7a da Informa\u00e7\u00e3o diz respeito \u00e0 prote\u00e7\u00e3o da informa\u00e7\u00e3o das mais<br \/>\nvariadas formas de amea\u00e7a a fim de garantir a continuidade de seu ciclo de vida sem que haja preju\u00edzo<br \/>\nou efeitos nocivos advindos de sua utiliza\u00e7\u00e3o para as partes interessadas.<br \/>\nNo campo organizacional privado, uma informa\u00e7\u00e3o segura pode exercer influ\u00eancia, por<br \/>\nexemplo, sobre a gest\u00e3o do neg\u00f3cio, diminui\u00e7\u00e3o de riscos, potencializa\u00e7\u00e3o de resultados, vantagem<br \/>\ncompetitiva e oportunidades de mercado. Na gest\u00e3o da seguran\u00e7a p\u00fablica, as informa\u00e7\u00f5es suplantam<br \/>\ndecis\u00f5es estrat\u00e9gicas, bem como a elabora\u00e7\u00e3o de pol\u00edticas p\u00fablicas voltadas para a presta\u00e7\u00e3o de<br \/>\nservi\u00e7os de seguran\u00e7a efetivos no que tange \u00e0 diminui\u00e7\u00e3o da viol\u00eancia, da criminalidade e na<br \/>\npromo\u00e7\u00e3o de sensa\u00e7\u00e3o de seguran\u00e7a \u00e0 coletividade.<br \/>\nAinda com rela\u00e7\u00e3o \u00e0 seguran\u00e7a da informa\u00e7\u00e3o, tal prote\u00e7\u00e3o pode ser obtida atrav\u00e9s da<br \/>\nimplanta\u00e7\u00e3o de um conjunto de medidas que envolve pessoas, processos e tecnologia, visando<br \/>\ngarantir a I. disponibilidade, II. integridade, III. confidencialidade, IV. autenticidade e V.<br \/>\nirretratabilidade ou n\u00e3o rep\u00fadio da informa\u00e7\u00e3o \u2013 sendo esses os fatores que caracterizam uma<br \/>\ninforma\u00e7\u00e3o como segura e protegida.<br \/>\nPartindo do exposto at\u00e9 ent\u00e3o, visando associar teoria \u00e0 pr\u00e1tica:<br \/>\n1. Pesquise na web tr\u00eas crimes cibern\u00e9ticos que feriram um ou mais dos princ\u00edpios da<br \/>\ninforma\u00e7\u00e3o segura;<br \/>\n2. Al\u00e9m de citar os tr\u00eas crimes pesquisados por voc\u00ea, explique quais os tipos de ataques<br \/>\nexistentes em cada um deles (ataque de interrup\u00e7\u00e3o; modifica\u00e7\u00e3o; intercep\u00e7\u00e3o;<br \/>\nfabrica\u00e7\u00e3o);<br \/>\n3. Por fim, cite quais ferramentas baseadas em infraestrutura de tecnologia da<br \/>\ninforma\u00e7\u00e3o poderiam ter sido utilizadas para impedir tais crimes, ou, ao menos,<br \/>\natenuar seus danos.<\/p>\n<p>FERREIRA, S. da C. Sistemas de Informa\u00e7\u00e3o em Seguran\u00e7a. Londrina: Editora e Distribuidora<br \/>\nEducacional S.A. 2017.<\/p>\n<p>ETAPA 4:<br \/>\nUm dos principais crimes que ocorrem no \u00e2mbito corporativo \u00e9 o \u201ccrime fiscal\u201d.<br \/>\nA tipifica\u00e7\u00e3o deste tipo de crime \u00e9 dada pela Lei 8137\/90.Veja o que diz o Art. 1o da Lei:<br \/>\nDispon\u00edvel em:<br \/>\n<a href=\"http:\/\/www.planalto.gov.br\/ccivil_03\/leis\/l8137.htm#:~:text=LEI%20N%C2%BA%208.137%2C%20D\" rel=\"nofollow\">http:\/\/www.planalto.gov.br\/ccivil_03\/leis\/l8137.htm#:~:text=LEI%20N%C2%BA%208.137%2C%20D<\/a><br \/>\nE%2027%20DE%20DEZEMBRO%20DE%201990.&amp;text=Define%20crimes%20contra%20a%20ordem,<br \/>\nconsumo%2C%20e%20d%C3%A1%20outras%20provid%C3%AAncias.<br \/>\nArt. 1\u00b0 Constitui crime contra a ordem tribut\u00e1ria suprimir ou reduzir tributo, ou contribui\u00e7\u00e3o<br \/>\nsocial e qualquer acess\u00f3rio, mediante as seguintes condutas<br \/>\nVide Lei no 9.964, de 10.4.2000. Dispon\u00edvel em:<br \/>\n<a href=\"http:\/\/www.planalto.gov.br\/ccivil_03\/leis\/L9964.htm#art15\" rel=\"nofollow\">http:\/\/www.planalto.gov.br\/ccivil_03\/leis\/L9964.htm#art15<\/a>\u00a0. Acesso em junho de 2022.<br \/>\nAo analisar o artigo apresentado, responda \u00e0s seguintes quest\u00f5es relacionadas com os crimes<br \/>\ncont\u00e1beis fiscais ocorridos no \u00e2mbito das empresas:<br \/>\n1. A chamada lavagem de dinheiro ocorre geralmente quando h\u00e1 a emiss\u00e3o de Notas Fiscais<br \/>\n\u201cfrias\u201d. H\u00e1 uma desconex\u00e3o entre o documento emitido e o objeto que lhe deu origem.<br \/>\nConsiderando a situa\u00e7\u00e3o acima, de que forma os agentes p\u00fablicos t\u00eam buscado minimizar<br \/>\nas fraudes cont\u00e1beis em termos de cumprimento das obriga\u00e7\u00f5es acess\u00f3rias? Fale sobre o<br \/>\nSPED Cont\u00e1bil, por exemplo.<br \/>\n2.\u00a0No tocante \u00e0s declara\u00e7\u00f5es (obriga\u00e7\u00f5es acess\u00f3rias) das empresas, em especial a do IRPJ \u2013<br \/>\nImposto de Renda Pessoa Jur\u00eddica, que tipo de crime a Lei procura qualificar e qual seria<br \/>\na pena atribu\u00edda? Indique a parte da Lei que trata deste tipo de crime.<\/p>\n<div class=\"elementor-toggle-item\">\n<h4 id=\"elementor-tab-title-1941\" class=\"elementor-tab-title elementor-active\" tabindex=\"0\" role=\"tab\" data-tab=\"1\" aria-controls=\"elementor-tab-content-1941\" aria-expanded=\"true\" aria-selected=\"true\">Como funciona?<\/h4>\n<div id=\"elementor-tab-content-1941\" class=\"elementor-tab-content elementor-clearfix elementor-active\" role=\"tabpanel\" data-tab=\"1\" aria-labelledby=\"elementor-tab-title-1941\">\n<p>Elaboramos os portf\u00f3lios, j\u00e1 deixamos prontos, nas normas da ABNT e conforme os requisitos da universidade. F\u00e1cil assim! O MELHOR \u00c9 QUE VOC\u00ca COMPRA E J\u00c1 BAIXA NA HORA O SEU ARQUIVO EM WORD! Sabemos que conciliar trabalho, fam\u00edlia, vida profissional e estudos \u00e9 dif\u00edcil hoje em dia, por isso, estamos aqui para ajudar voc\u00ea. Conte com nossa qualidade, experi\u00eancia e profissionalismo adquirindo seu portf\u00f3lio conosco. GARANTIMOS SEU CONCEITO!<\/p>\n<h4>Como se realizam os envios?<\/h4>\n<\/div>\n<\/div>\n<div class=\"elementor-toggle-item\">\n<div id=\"elementor-tab-content-1942\" class=\"elementor-tab-content elementor-clearfix elementor-active\" role=\"tabpanel\" data-tab=\"2\" aria-labelledby=\"elementor-tab-title-1942\">O seu trabalho \u00e9 disponibilizado pronto, respondido e nas normas j\u00e1 na mesma hora aqui em nosso site na sua \u00e1rea de downloads e tamb\u00e9m no seu e-mail.<\/div>\n<\/div>\n<div class=\"elementor-toggle-item\">\n<div id=\"elementor-tab-content-1943\" class=\"elementor-tab-content elementor-clearfix elementor-active\" role=\"tabpanel\" data-tab=\"3\" aria-labelledby=\"elementor-tab-title-1943\">\n<h4>Em quanto tempo recebo o portf\u00f3lio?<\/h4>\n<\/div>\n<\/div>\n<div class=\"elementor-toggle-item\">\n<div id=\"elementor-tab-content-1944\" class=\"elementor-tab-content elementor-clearfix elementor-active\" role=\"tabpanel\" data-tab=\"4\" aria-labelledby=\"elementor-tab-title-1944\">\n<p>Os envios s\u00e3o imediatos. Ap\u00f3s sua compra, o trabalho j\u00e1 \u00e9 disponibilizado instantaneamente aqui em nosso site e no seu e-mail.<\/p>\n<h4>E se o portf\u00f3lio que comprei precisar de corre\u00e7\u00e3o?<\/h4>\n<\/div>\n<\/div>\n<div class=\"elementor-toggle-item\">\n<div id=\"elementor-tab-content-1945\" class=\"elementor-tab-content elementor-clearfix elementor-active\" role=\"tabpanel\" data-tab=\"5\" aria-labelledby=\"elementor-tab-title-1945\">\n<p>Caso haja alguma solicita\u00e7\u00e3o de corre\u00e7\u00e3o\/altera\u00e7\u00e3o por parte do tutor, basta entrar em contato conosco pelo\u00a0WhatsApp\u00a0que provid\u00eanciaremos sem custo algum.<\/p>\n<h4>Qual o formato do arquivo?<\/h4>\n<\/div>\n<\/div>\n<div class=\"elementor-toggle-item\">\n<div id=\"elementor-tab-content-1946\" class=\"elementor-tab-content elementor-clearfix elementor-active\" role=\"tabpanel\" data-tab=\"6\" aria-labelledby=\"elementor-tab-title-1946\">\n<p>Os arquivos s\u00e3o enviados em formato Word e s\u00e3o edit\u00e1veis.<\/p>\n<h4>Caso eu tiver alguma d\u00favida, terei suporte no p\u00f3s venda?<\/h4>\n<\/div>\n<\/div>\n<div class=\"elementor-toggle-item\">\n<div id=\"elementor-tab-content-1948\" class=\"elementor-tab-content elementor-clearfix elementor-active\" role=\"tabpanel\" data-tab=\"8\" aria-labelledby=\"elementor-tab-title-1948\">\n<p>Sim, com certeza. Basta clicar no \u00edcone do WhatsApp no cantinho da tela. Ser\u00e1 um prazer atend\u00ea-lo(a).<\/p>\n<div class=\"elementor-toggle-item\">\n<div id=\"elementor-tab-content-1948\" class=\"elementor-tab-content elementor-clearfix elementor-active\" role=\"tabpanel\" data-tab=\"8\" aria-labelledby=\"elementor-tab-title-1948\">\n<h4>Quais os seus canais de contato?<\/h4>\n<\/div>\n<\/div>\n<div class=\"elementor-toggle-item\">\n<div id=\"elementor-tab-content-1949\" class=\"elementor-tab-content elementor-clearfix elementor-active\" role=\"tabpanel\" data-tab=\"9\" aria-labelledby=\"elementor-tab-title-1949\">\n<p>Whatsapp: 53 984751621 \u2013 Clicar no canto da tela ou ESCANEIE O QRCODE ABAIXO<\/p>\n<p><img decoding=\"async\" class=\"alignnone wp-image-7603 jetpack-lazy-image jetpack-lazy-image--handled\" src=\"https:\/\/i0.wp.com\/portifolioos-prontos.com\/wp-content\/uploads\/2022\/09\/portfolio-unopar-pronto-colaborar-ava-producao-textual-interdisciplinar.png?resize=141%2C141\" sizes=\"(max-width: 141px) 100vw, 141px\" srcset=\"https:\/\/i0.wp.com\/portifolioos-prontos.com\/wp-content\/uploads\/2022\/09\/portfolio-unopar-pronto-colaborar-ava-producao-textual-interdisciplinar.png?w=150&amp;ssl=1 150w, https:\/\/i0.wp.com\/portifolioos-prontos.com\/wp-content\/uploads\/2022\/09\/portfolio-unopar-pronto-colaborar-ava-producao-textual-interdisciplinar.png?resize=100%2C100&amp;ssl=1 100w\" alt=\"Crimes Cibern\u00e9ticos: implica\u00e7\u00f5es e procedimentos de investiga\u00e7\u00e3o,Crimes Cibern\u00e9ticos implica\u00e7\u00f5es e procedimentos de investiga\u00e7\u00e3o,portf\u00f3lio investiga\u00e7\u00e3o e per\u00edcia criminal,portfolio investiga\u00e7\u00e3o e per\u00edcia criminal\" width=\"141\" height=\"141\" data-recalc-dims=\"1\" data-lazy-loaded=\"1\" \/><\/p>\n<\/div>\n<\/div>\n<\/div>\n<\/div>\n<div class=\"elementor-toggle-item\">\n<div id=\"elementor-tab-content-1949\" class=\"elementor-tab-content elementor-clearfix elementor-active\" role=\"tabpanel\" data-tab=\"9\" aria-labelledby=\"elementor-tab-title-1949\">\n<p>E-mail:portifoliosp@gmail.com<\/p>\n<div id=\"attachment_143\" class=\"wp-caption alignnone\">\n<div id=\"attachment_143\" class=\"wp-caption alignnone\">\n<p><a href=\"http:\/\/portifolioos-prontos.com\/\"><img decoding=\"async\" class=\"wp-image-143 jetpack-lazy-image jetpack-lazy-image--handled\" title=\"portfolio pronto unopar\" src=\"https:\/\/i0.wp.com\/portifolioos-prontos.com\/wp-content\/uploads\/2022\/04\/conceitomaximo.png?resize=164%2C47\" alt=\"PORTFOLIO PRONTO UNOPAR ANHANGUERA\" width=\"164\" height=\"47\" aria-describedby=\"caption-attachment-143\" data-recalc-dims=\"1\" data-lazy-loaded=\"1\" \/><\/a><\/p>\n<p id=\"caption-attachment-143\" class=\"wp-caption-text\">Portf\u00f3lio em Word, respondido, completo e j\u00e1 nas normas.<\/p>\n<\/div>\n<\/div>\n<\/div>\n<\/div>\n","protected":false},"excerpt":{"rendered":"<div class=\"product-short-description\">\n<h5><strong>Pague pelo PIX ou cart\u00e3o e fa\u00e7a o download agora mesmo.<\/strong><\/h5>\n<\/div>\n<div class=\"sticky-add-to-cart-wrapper\">\n<div class=\"sticky-add-to-cart\">\n<div class=\"quantity buttons_added form-flat\"><img decoding=\"async\" class=\"alignnone wp-image-761\" src=\"http:\/\/portifolioos-prontos.com\/wp-content\/uploads\/2022\/04\/PIX-300x107.webp\" alt=\"\" width=\"78\" height=\"28\" \/>\u00a0\u00a0<img loading=\"lazy\" decoding=\"async\" class=\"\" src=\"https:\/\/d26lpennugtm8s.cloudfront.net\/assets\/common\/img\/logos\/payment\/visa@2x.png\" width=\"46\" height=\"29\" \/><img loading=\"lazy\" decoding=\"async\" class=\"\" src=\"https:\/\/d26lpennugtm8s.cloudfront.net\/assets\/common\/img\/logos\/payment\/boleto@2x.png\" width=\"43\" height=\"27\" \/><img loading=\"lazy\" decoding=\"async\" class=\"\" src=\"https:\/\/d26lpennugtm8s.cloudfront.net\/assets\/common\/img\/logos\/payment\/mastercard@2x.png\" width=\"43\" height=\"27\" \/><img loading=\"lazy\" decoding=\"async\" class=\"\" src=\"https:\/\/d26lpennugtm8s.cloudfront.net\/assets\/common\/img\/logos\/payment\/amex@2x.png\" width=\"43\" height=\"27\" \/><img loading=\"lazy\" decoding=\"async\" class=\"\" src=\"https:\/\/d26lpennugtm8s.cloudfront.net\/assets\/common\/img\/logos\/payment\/diners@2x.png\" width=\"46\" height=\"29\" \/><img loading=\"lazy\" decoding=\"async\" class=\"\" src=\"https:\/\/d26lpennugtm8s.cloudfront.net\/assets\/common\/img\/logos\/payment\/br\/elo@2x.png\" width=\"45\" height=\"28\" \/><img loading=\"lazy\" decoding=\"async\" class=\"\" src=\"https:\/\/d26lpennugtm8s.cloudfront.net\/assets\/common\/img\/logos\/payment\/br\/hipercard@2x.png\" width=\"44\" height=\"28\" \/><img loading=\"lazy\" decoding=\"async\" class=\"\" src=\"https:\/\/d26lpennugtm8s.cloudfront.net\/assets\/common\/img\/logos\/payment\/mercadopago@2x.png\" width=\"45\" height=\"28\" \/><\/div>\n<\/div>\n<\/div>\n","protected":false},"featured_media":8575,"template":"","meta":{"_seopress_robots_primary_cat":"none","_seopress_titles_title":"","_seopress_titles_desc":"%%post_content%%","_seopress_robots_index":""},"product_cat":[46,15],"product_tag":[],"class_list":{"0":"post-8145","1":"product","2":"type-product","3":"status-publish","4":"has-post-thumbnail","6":"product_cat-investigacao-e-pericia-criminal","7":"product_cat-uncategorized","9":"first","10":"instock","11":"featured","12":"downloadable","13":"virtual","14":"purchasable","15":"product-type-simple","16":"col-xs-6 col-sm-4","17":"col-mf-5","18":"un-5-cols"},"jetpack_sharing_enabled":true,"_links":{"self":[{"href":"https:\/\/portifolioos-prontos.com\/index.php\/wp-json\/wp\/v2\/product\/8145","targetHints":{"allow":["GET"]}}],"collection":[{"href":"https:\/\/portifolioos-prontos.com\/index.php\/wp-json\/wp\/v2\/product"}],"about":[{"href":"https:\/\/portifolioos-prontos.com\/index.php\/wp-json\/wp\/v2\/types\/product"}],"version-history":[{"count":0,"href":"https:\/\/portifolioos-prontos.com\/index.php\/wp-json\/wp\/v2\/product\/8145\/revisions"}],"wp:featuredmedia":[{"embeddable":true,"href":"https:\/\/portifolioos-prontos.com\/index.php\/wp-json\/wp\/v2\/media\/8575"}],"wp:attachment":[{"href":"https:\/\/portifolioos-prontos.com\/index.php\/wp-json\/wp\/v2\/media?parent=8145"}],"wp:term":[{"taxonomy":"product_cat","embeddable":true,"href":"https:\/\/portifolioos-prontos.com\/index.php\/wp-json\/wp\/v2\/product_cat?post=8145"},{"taxonomy":"product_tag","embeddable":true,"href":"https:\/\/portifolioos-prontos.com\/index.php\/wp-json\/wp\/v2\/product_tag?post=8145"}],"curies":[{"name":"wp","href":"https:\/\/api.w.org\/{rel}","templated":true}]}}