{"id":8305,"date":"2022-09-15T21:09:04","date_gmt":"2022-09-16T00:09:04","guid":{"rendered":"https:\/\/portifolioos-prontos.com\/?post_type=product&#038;p=8305"},"modified":"2025-07-28T14:01:21","modified_gmt":"2025-07-28T17:01:21","slug":"pratica-em-campo-enfermagem-na-saude-da-mulher","status":"publish","type":"product","link":"https:\/\/portifolioos-prontos.com\/index.php\/product\/pratica-em-campo-enfermagem-na-saude-da-mulher\/","title":{"rendered":"Pr\u00e1tica em campo: Enfermagem na Sa\u00fade da mulher"},"content":{"rendered":"<h4>Pr\u00e1tica em campo Enfermagem<\/h4>\n<h4>Portf\u00f3lio Enfermagem na Sa\u00fade da mulher<\/h4>\n<h4>Curso: Enfermagem<\/h4>\n<hr \/>\n<p>A Produ\u00e7\u00e3o Textual Individual (PTI) possui a finalidade de oportunizar a voc\u00ea relatar e refletir<br \/>\nsobre as a\u00e7\u00f5es desenvolvidas na pr\u00e1tica de campo, al\u00e9m de registrar os dias e hor\u00e1rios nos quais<br \/>\nforam realizadas essa atividade. Para isso, voc\u00ea dever\u00e1 realizar este trabalho com base nas<br \/>\ninforma\u00e7\u00f5es da institui\u00e7\u00e3o de sa\u00fade onde foram realizadas as pr\u00e1ticas.<br \/>\nA proposta deste trabalho \u00e9:<\/p>\n<p>ORIENTA\u00c7\u00d5ES DA PRODU\u00c7\u00c3O TEXTUAL<\/p>\n<p>1. Realiza\u00e7\u00e3o do trabalho<br \/>\nEsta \u00e9 uma atividade avaliativa da disciplina que apresenta carga hor\u00e1ria de pr\u00e1tica de campo,<br \/>\nportanto, dever\u00e1 ser realizada individualmente.<br \/>\n2. Leitura e interpreta\u00e7\u00e3o<br \/>\nLeia atentamente todas as atividades propostas a seguir. Organize todas as informa\u00e7\u00f5es para,<br \/>\nposteriormente, produzir o texto caracterizado como o relat\u00f3rio final.<\/p>\n<p>ROTEIRO DO RELAT\u00d3RIO DE PR\u00c1TICA DE CAMPO<\/p>\n<p>1. INTRODU\u00c7\u00c3O<\/p>\n<p>Realizar uma breve descri\u00e7\u00e3o sobre:<br \/>\nOs locais nos quais foram desenvolvidas as pr\u00e1ticas de campo, realizando uma<\/p>\n<p>contextualiza\u00e7\u00e3o do local:<br \/>\n\uf0b7 Apresentar a institui\u00e7\u00e3o ou o setor onde foi realizada a pr\u00e1tica de campo;<br \/>\n\uf0b7 Tipos de atendimentos oferecidos;<br \/>\n\uf0b7 N\u00edvel de complexidade dos atendimentos;<br \/>\n\uf0b7 Articula\u00e7\u00e3o com os demais servi\u00e7os de sa\u00fade da regi\u00e3o;<br \/>\n\uf0b7 Indicar fluxo de encaminhamento e recebimento dos atendimentos;<br \/>\n\uf0b7 Descrever a import\u00e2ncia das atividades desenvolvidas durante a pr\u00e1tica de campo em sua<br \/>\nviv\u00eancia acad\u00eamica.<\/p>\n<p>2. DESENVOLVIMENTO DO CONTE\u00daDO: APROXIMA\u00c7\u00c3O TE\u00d3RICO-PR\u00c1TICA<\/p>\n<p>2.1.\u00a0Procedimentos realizados<\/p>\n<p>Discorrer sobre a institui\u00e7\u00e3o de sa\u00fade com destaque para os seguintesitens:<br \/>\n\uf0b7 Relatar como o grupo se organizou e como as atividades foram realizadas: grupo de est\u00e1gio,<br \/>\npreceptor de campo, enfermeiro do servi\u00e7o, entre outros;<br \/>\n\uf0b7 Apresentar os procedimentos que foram realizados durante as pr\u00e1ticas de campo de uma<br \/>\nforma geral;<br \/>\n\uf0b7 Busque realizar uma reflex\u00e3o sobre o papel do enfermeiro e sua correla\u00e7\u00e3o com os protocolos<br \/>\nexistentes;<br \/>\n\uf0b7 Escolher um procedimento em espec\u00edfico e apresentar sua indica\u00e7\u00e3o, t\u00e9cnica de realiza\u00e7\u00e3o e<br \/>\ncuidados de enfermagem.<\/p>\n<p>2.2 Discuss\u00e3o de caso<\/p>\n<p>Escolha um caso vivenciado durante a pr\u00e1tica de campo juntamente com seu preceptor e<\/p>\n<p>apresente as seguintes informa\u00e7\u00f5es:<br \/>\n\uf0b7 Hist\u00f3rico: Dever\u00e1 conter as informa\u00e7\u00f5es a respeito da hist\u00f3ria da doen\u00e7a, contexto de vida<br \/>\n(ocupa\u00e7\u00e3o, com quem mora, renda familiar, etc), comorbidades, tratamentos indicados<br \/>\n(cl\u00ednico, cir\u00fargico), medicamentos prescritos e exames laboratoriais e de imagem solicitados,<br \/>\nal\u00e9m da atua\u00e7\u00e3o multiprofissional (fisioterapia, nutri\u00e7\u00e3o, psicologia), buscando uma<br \/>\ninterpreta\u00e7\u00e3o dos resultados obtidos e citando refer\u00eancias blibliogr\u00e1ficas<a href=\"https:\/\/www.portfoliopronto.com\/\">.<\/a><br \/>\n\uf0b7 Exame F\u00edsico: O exame f\u00edsico dever\u00e1 ser completo abrangendo todos os sistemas, com<br \/>\ndestaque para a patologia espec\u00edfica do paciente. Este exame dever\u00e1 seguir a ordem<br \/>\ncefalopod\u00e1lico, e ser descrito na mesma sequ\u00eancia em que foi realizado.<br \/>\n\uf0b7 Diagn\u00f3stico de Enfermagem: Listar todos os diagn\u00f3sticos de enfermagem encontrados,<br \/>\nrespeitando a ordem alfab\u00e9tica dos mesmos.<br \/>\n\uf0b7 Prescri\u00e7\u00e3o de Enfermagem: A prescri\u00e7\u00e3o dever\u00e1 ter como base os diagn\u00f3sticos de<br \/>\nenfermagem e ter fundamenta\u00e7\u00e3o cient\u00edfica. Explique e justifique as suas a\u00e7\u00f5es colocando de<br \/>\nforma descrita o conhecimento que baseia sua prescri\u00e7\u00e3o. Para isso, poder\u00e1 ser utilizado o<br \/>\nNIC, para que seja realizada uma rela\u00e7\u00e3o NIC \u2013 NANDA.<\/p>\n<p>3. CONSIDERA\u00c7\u00d5ES FINAIS<\/p>\n<p>Relatar as contribui\u00e7\u00f5es da pr\u00e1tica de campo para a unidade de sa\u00fade e para o aluno<br \/>\n(pessoal e profissionalmente). Descrever suas impress\u00f5es fundamentadas no cotidiano e expressar<br \/>\ncom clareza as conclus\u00f5es observadas no decorrer de todas as etapas da disciplina.<\/p>\n<p>4. FICHA DE FREQU\u00caNCIA<\/p>\n<p>Por \u00faltimo, apresentar a ficha de frequ\u00eancia anexada neste trabalho devidamente<br \/>\npreenchida:<\/p>\n<p>Pr\u00e1tica em campo Enfermagem<\/p>\n<div class=\"elementor-toggle-item\">\n<div id=\"elementor-tab-content-1941\" class=\"elementor-tab-content elementor-clearfix elementor-active\" role=\"tabpanel\" data-tab=\"1\" aria-labelledby=\"elementor-tab-title-1941\">\n<h4>Como se realizam os envios?<\/h4>\n<\/div>\n<\/div>\n<div class=\"elementor-toggle-item\">\n<div id=\"elementor-tab-content-1942\" class=\"elementor-tab-content elementor-clearfix elementor-active\" role=\"tabpanel\" data-tab=\"2\" aria-labelledby=\"elementor-tab-title-1942\">O seu trabalho \u00e9 disponibilizado pronto, respondido e nas normas j\u00e1 na mesma hora aqui em nosso site na sua \u00e1rea de downloads e tamb\u00e9m no seu e-mail.<\/div>\n<\/div>\n<div class=\"elementor-toggle-item\">\n<div id=\"elementor-tab-content-1943\" class=\"elementor-tab-content elementor-clearfix elementor-active\" role=\"tabpanel\" data-tab=\"3\" aria-labelledby=\"elementor-tab-title-1943\">\n<h4>Em quanto tempo recebo o portf\u00f3lio?<\/h4>\n<\/div>\n<\/div>\n<div class=\"elementor-toggle-item\">\n<div id=\"elementor-tab-content-1944\" class=\"elementor-tab-content elementor-clearfix elementor-active\" role=\"tabpanel\" data-tab=\"4\" aria-labelledby=\"elementor-tab-title-1944\">\n<p>Os envios s\u00e3o imediatos. Ap\u00f3s sua compra, o trabalho j\u00e1 \u00e9 disponibilizado instantaneamente aqui em nosso site e no seu e-mail.<\/p>\n<h4>E se o portf\u00f3lio que comprei precisar de corre\u00e7\u00e3o?<\/h4>\n<\/div>\n<\/div>\n<div class=\"elementor-toggle-item\">\n<div id=\"elementor-tab-content-1945\" class=\"elementor-tab-content elementor-clearfix elementor-active\" role=\"tabpanel\" data-tab=\"5\" aria-labelledby=\"elementor-tab-title-1945\">\n<p>Caso haja alguma solicita\u00e7\u00e3o de corre\u00e7\u00e3o\/altera\u00e7\u00e3o por parte do tutor, basta entrar em contato conosco pelo\u00a0WhatsApp\u00a0que provid\u00eanciaremos sem custo algum.<\/p>\n<h4>Qual o formato do arquivo?<\/h4>\n<\/div>\n<\/div>\n<div class=\"elementor-toggle-item\">\n<div id=\"elementor-tab-content-1946\" class=\"elementor-tab-content elementor-clearfix elementor-active\" role=\"tabpanel\" data-tab=\"6\" aria-labelledby=\"elementor-tab-title-1946\">\n<p>Os arquivos s\u00e3o enviados em formato Word e s\u00e3o edit\u00e1veis.<\/p>\n<h4>Caso eu tiver alguma d\u00favida, terei suporte no p\u00f3s venda?<\/h4>\n<\/div>\n<\/div>\n<div class=\"elementor-toggle-item\">\n<div id=\"elementor-tab-content-1948\" class=\"elementor-tab-content elementor-clearfix elementor-active\" role=\"tabpanel\" data-tab=\"8\" aria-labelledby=\"elementor-tab-title-1948\">\n<p>Sim, com certeza. Basta clicar no \u00edcone do WhatsApp no cantinho da tela. Ser\u00e1 um prazer atend\u00ea-lo(a).<\/p>\n<div class=\"elementor-toggle-item\">\n<div id=\"elementor-tab-content-1948\" class=\"elementor-tab-content elementor-clearfix elementor-active\" role=\"tabpanel\" data-tab=\"8\" aria-labelledby=\"elementor-tab-title-1948\">\n<h4>Quais os seus canais de contato?<\/h4>\n<\/div>\n<\/div>\n<div class=\"elementor-toggle-item\">\n<div id=\"elementor-tab-content-1949\" class=\"elementor-tab-content elementor-clearfix elementor-active\" role=\"tabpanel\" data-tab=\"9\" aria-labelledby=\"elementor-tab-title-1949\">\n<p>Whatsapp: 53 984751621 \u2013 Clicar no canto da tela ou ESCANEIE O QRCODE ABAIXO<\/p>\n<p><img decoding=\"async\" class=\"alignnone wp-image-7603 jetpack-lazy-image jetpack-lazy-image--handled\" src=\"https:\/\/i0.wp.com\/portifolioos-prontos.com\/wp-content\/uploads\/2022\/09\/portfolio-unopar-pronto-colaborar-ava-producao-textual-interdisciplinar.png?resize=141%2C141\" sizes=\"(max-width: 141px) 100vw, 141px\" srcset=\"https:\/\/i0.wp.com\/portifolioos-prontos.com\/wp-content\/uploads\/2022\/09\/portfolio-unopar-pronto-colaborar-ava-producao-textual-interdisciplinar.png?w=150&amp;ssl=1 150w, https:\/\/i0.wp.com\/portifolioos-prontos.com\/wp-content\/uploads\/2022\/09\/portfolio-unopar-pronto-colaborar-ava-producao-textual-interdisciplinar.png?resize=100%2C100&amp;ssl=1 100w\" alt=\"\" width=\"141\" height=\"141\" data-recalc-dims=\"1\" data-lazy-loaded=\"1\" \/><\/p>\n<\/div>\n<\/div>\n<\/div>\n<\/div>\n<div class=\"elementor-toggle-item\">\n<div id=\"elementor-tab-content-1949\" class=\"elementor-tab-content elementor-clearfix elementor-active\" role=\"tabpanel\" data-tab=\"9\" aria-labelledby=\"elementor-tab-title-1949\">\n<p>E-mail:portifoliosp@gmail.com<\/p>\n<div id=\"attachment_143\" class=\"wp-caption alignnone\">\n<p><a href=\"http:\/\/portifolioos-prontos.com\/\"><img decoding=\"async\" class=\"wp-image-143 jetpack-lazy-image jetpack-lazy-image--handled\" title=\"portfolio pronto unopar\" src=\"https:\/\/i0.wp.com\/portifolioos-prontos.com\/wp-content\/uploads\/2022\/04\/conceitomaximo.png?resize=157%2C45\" alt=\"portfolio pronto unopar\" width=\"157\" height=\"45\" aria-describedby=\"caption-attachment-143\" data-recalc-dims=\"1\" data-lazy-loaded=\"1\" \/><\/a><\/p>\n<p id=\"caption-attachment-143\" class=\"wp-caption-text\">portfolio pronto unopar<\/p>\n<\/div>\n<\/div>\n<\/div>\n","protected":false},"excerpt":{"rendered":"<div class=\"product-short-description\">\n<h5><strong>Pague pelo PIX ou cart\u00e3o e fa\u00e7a o download agora mesmo.<\/strong><\/h5>\n<\/div>\n<div class=\"sticky-add-to-cart-wrapper\">\n<div class=\"sticky-add-to-cart\">\n<div class=\"quantity buttons_added form-flat\"><img decoding=\"async\" class=\"alignnone wp-image-761\" src=\"http:\/\/portifolioos-prontos.com\/wp-content\/uploads\/2022\/04\/PIX-300x107.webp\" alt=\"\" width=\"78\" height=\"28\" \/>\u00a0\u00a0<img loading=\"lazy\" decoding=\"async\" class=\"\" src=\"https:\/\/d26lpennugtm8s.cloudfront.net\/assets\/common\/img\/logos\/payment\/visa@2x.png\" width=\"46\" height=\"29\" \/><img loading=\"lazy\" decoding=\"async\" class=\"\" src=\"https:\/\/d26lpennugtm8s.cloudfront.net\/assets\/common\/img\/logos\/payment\/boleto@2x.png\" width=\"43\" height=\"27\" \/><img loading=\"lazy\" decoding=\"async\" class=\"\" src=\"https:\/\/d26lpennugtm8s.cloudfront.net\/assets\/common\/img\/logos\/payment\/mastercard@2x.png\" width=\"43\" height=\"27\" \/><img loading=\"lazy\" decoding=\"async\" class=\"\" src=\"https:\/\/d26lpennugtm8s.cloudfront.net\/assets\/common\/img\/logos\/payment\/amex@2x.png\" width=\"43\" height=\"27\" \/><img loading=\"lazy\" decoding=\"async\" class=\"\" src=\"https:\/\/d26lpennugtm8s.cloudfront.net\/assets\/common\/img\/logos\/payment\/diners@2x.png\" width=\"46\" height=\"29\" \/><img loading=\"lazy\" decoding=\"async\" class=\"\" src=\"https:\/\/d26lpennugtm8s.cloudfront.net\/assets\/common\/img\/logos\/payment\/br\/elo@2x.png\" width=\"45\" height=\"28\" \/><img loading=\"lazy\" decoding=\"async\" class=\"\" src=\"https:\/\/d26lpennugtm8s.cloudfront.net\/assets\/common\/img\/logos\/payment\/br\/hipercard@2x.png\" width=\"44\" height=\"28\" \/><img loading=\"lazy\" decoding=\"async\" class=\"\" src=\"https:\/\/d26lpennugtm8s.cloudfront.net\/assets\/common\/img\/logos\/payment\/mercadopago@2x.png\" width=\"45\" height=\"28\" \/><\/div>\n<\/div>\n<\/div>\n","protected":false},"featured_media":5045,"template":"","meta":{"_seopress_robots_primary_cat":"","_seopress_titles_title":"","_seopress_titles_desc":"","_seopress_robots_index":""},"product_cat":[37,15],"product_tag":[747,746],"class_list":{"0":"post-8305","1":"product","2":"type-product","3":"status-publish","4":"has-post-thumbnail","6":"product_cat-enfermagem","7":"product_cat-uncategorized","8":"product_tag-portfolio-de-estagio-anhanguera","9":"product_tag-portfolio-de-estagio-unopar","11":"first","12":"instock","13":"downloadable","14":"virtual","15":"purchasable","16":"product-type-simple","17":"col-xs-6 col-sm-4","18":"col-mf-5","19":"un-5-cols"},"jetpack_sharing_enabled":true,"_links":{"self":[{"href":"https:\/\/portifolioos-prontos.com\/index.php\/wp-json\/wp\/v2\/product\/8305","targetHints":{"allow":["GET"]}}],"collection":[{"href":"https:\/\/portifolioos-prontos.com\/index.php\/wp-json\/wp\/v2\/product"}],"about":[{"href":"https:\/\/portifolioos-prontos.com\/index.php\/wp-json\/wp\/v2\/types\/product"}],"version-history":[{"count":0,"href":"https:\/\/portifolioos-prontos.com\/index.php\/wp-json\/wp\/v2\/product\/8305\/revisions"}],"wp:featuredmedia":[{"embeddable":true,"href":"https:\/\/portifolioos-prontos.com\/index.php\/wp-json\/wp\/v2\/media\/5045"}],"wp:attachment":[{"href":"https:\/\/portifolioos-prontos.com\/index.php\/wp-json\/wp\/v2\/media?parent=8305"}],"wp:term":[{"taxonomy":"product_cat","embeddable":true,"href":"https:\/\/portifolioos-prontos.com\/index.php\/wp-json\/wp\/v2\/product_cat?post=8305"},{"taxonomy":"product_tag","embeddable":true,"href":"https:\/\/portifolioos-prontos.com\/index.php\/wp-json\/wp\/v2\/product_tag?post=8305"}],"curies":[{"name":"wp","href":"https:\/\/api.w.org\/{rel}","templated":true}]}}