{"id":8333,"date":"2022-09-16T14:24:39","date_gmt":"2022-09-16T17:24:39","guid":{"rendered":"https:\/\/portifolioos-prontos.com\/?post_type=product&#038;p=8333"},"modified":"2026-03-02T16:34:36","modified_gmt":"2026-03-02T19:34:36","slug":"atividade-pratica-praticas-secretariais","status":"publish","type":"product","link":"https:\/\/portifolioos-prontos.com\/index.php\/product\/atividade-pratica-praticas-secretariais\/","title":{"rendered":"ATIVIDADE PR\u00c1TICA PR\u00c1TICAS SECRETARIAIS"},"content":{"rendered":"<div class=\"elementor-toggle-item\">\n<h4 tabindex=\"0\" role=\"tab\" data-tab=\"1\" aria-controls=\"elementor-tab-content-1941\" aria-expanded=\"true\" aria-selected=\"true\">ATIVIDADE PR\u00c1TICA PR\u00c1TICAS SECRETARIAIS<\/h4>\n<p><strong>OBJETIVOS<\/strong><br \/>\nA proposta desta atividade pr\u00e1tica est\u00e1 amparada nos seguintes objetivos:<br \/>\n&#8211; explorar as atividades inerentes \u00e0 organiza\u00e7\u00e3o da rotina do profissional de<br \/>\nsecretariado;<br \/>\n&#8211; selecionar ferramentas que auxiliem o secret\u00e1rio executivo no planejamento de<br \/>\nreuni\u00f5es, viagens e atividades afins; e<br \/>\n&#8211; mobilizar, num contexto de aplica\u00e7\u00e3o pr\u00e1tica, os conceitos te\u00f3ricos relativos \u00e0<br \/>\natua\u00e7\u00e3o do secret\u00e1rio executivo na din\u00e2mica das rela\u00e7\u00f5es organizacionais.<\/p>\n<p><strong>RECURSOS<\/strong><br \/>\nComputador com acesso \u00e0 internet e ao ambiente virtual. Aplicativos: Zoom<a href=\"http:\/\/portifolioos-prontos.com\">,<\/a> Todoist e<br \/>\nQuanto custa viajar.<br \/>\nZoom: \u00c9 um aplicativo para videoconfer\u00eancias. Trabalha de forma integrada ao<br \/>\ncalend\u00e1rio Outlook e Gmail. Por esse motivo, \u00e9 poss\u00edvel acompanhar a presen\u00e7a dos<br \/>\nparticipantes nas reuni\u00f5es on-line e verificar a disponibilidade de cada um. Oferece<br \/>\ncompartilhamento de tela, comunica\u00e7\u00e3o por chat, uso de um quadro branco para<br \/>\nanota\u00e7\u00f5es, envio de arquivos e grava\u00e7\u00e3o da videochamada.<br \/>\nTodoist: Pode-se manter todas as suas atividades organizadas, acompanhar prazos de<br \/>\nentrega e ter controle sobre todas as etapas de um projeto. \u00c9 poss\u00edvel organizar as<br \/>\ntarefas recorrentes e organiz\u00e1-las por projetos.<br \/>\nQuanto custa viajar: \u00c9 uma ferramenta on-line que informa os pre\u00e7os atualizados dos<br \/>\nprincipais custos de uma viagem em mais de 260 destinos no mundo, valores de<br \/>\npassagem a\u00e9rea, hospedagem, transporte, alimenta\u00e7\u00e3o, atra\u00e7\u00f5es, tours e pacotes.<br \/>\nInforma tamb\u00e9m: a popula\u00e7\u00e3o, o hor\u00e1rio, o valor da moeda e a temperatura do local de<br \/>\ndestino.<\/p>\n<p><strong>PROCEDIMENTOS PR\u00c1TICOS<\/strong><br \/>\n<strong>Atividade proposta<\/strong><br \/>\nElabora\u00e7\u00e3o de um plano voltado \u00e0 organiza\u00e7\u00e3o da rotina do profissional de secretariado,<br \/>\nconsiderando a articula\u00e7\u00e3o de diferentes atividades.<br \/>\nProcedimentos para a realiza\u00e7\u00e3o da atividade<br \/>\n<strong>1)<\/strong> Inicialmente, a partir dos seus conhecimentos sobre as compet\u00eancias e habilidades<br \/>\nrequeridas de um secret\u00e1rio executivo, voc\u00ea dever\u00e1 proceder a uma pesquisa para<br \/>\no levantamento das atividades poss\u00edveis no \u00e2mbito de atua\u00e7\u00e3o desse profissional<br \/>\nno planejamento da rotina de uma empresa, tais como: controle de visitas ou de<br \/>\npessoas a serem contatadas; sele\u00e7\u00e3o de assuntos a serem discutidos; transmiss\u00e3o<br \/>\nde recados; presta\u00e7\u00e3o de informa\u00e7\u00f5es; organiza\u00e7\u00e3o de agendas; etc. Entre essas<br \/>\ne outras in\u00fameras atividades relativas \u00e0s pr\u00e1ticas secretariais, reflita com base na<br \/>\nseguinte quest\u00e3o norteadora: \u201cQual o papel do secret\u00e1rio executivo na gest\u00e3o da<br \/>\nrotina empresarial?\u201d<br \/>\n<strong>2)<\/strong> Ap\u00f3s o levantamento preliminar de informa\u00e7\u00f5es, voc\u00ea dever\u00e1 analisar a situa\u00e7\u00e3o a<br \/>\nseguir:<br \/>\nVoc\u00ea \u00e9 o secret\u00e1rio executivo de uma grande empresa que atua na \u00e1rea da<br \/>\nprodu\u00e7\u00e3o de fios de seda, com grande participa\u00e7\u00e3o no mercado de confec\u00e7\u00f5es. A<br \/>\nempresa, h\u00e1 alguns anos, tem se destacado na m\u00eddia, especialmente pelo<br \/>\ndesenvolvimento de alguns projetos baseados nos princ\u00edpios da responsabilidade<br \/>\nsocioambiental. Al\u00e9m de revisar continuamente os processos de fabrica\u00e7\u00e3o de seu<br \/>\nprincipal produto, de modo a garantir o menor impacto poss\u00edvel no meio ambiente,<br \/>\na empresa tem estabelecido parcerias com escolas da regi\u00e3o, abrindo suas portas<br \/>\npara a visita guiada de estudantes, os quais t\u00eam a oportunidade de conhecer de<br \/>\nperto o processo de produ\u00e7\u00e3o da seda, al\u00e9m de participarem de importantes<br \/>\nreflex\u00f5es voltadas ao desenvolvimento de pr\u00e1ticas ambientalmente respons\u00e1veis.<br \/>\nO fato \u00e9 que, para a quarta-feira da pr\u00f3xima semana, como resultado de r\u00e1pidas<br \/>\nnegocia\u00e7\u00f5es, o diretor executivo da empresa receber\u00e1, para algumas reuni\u00f5es,<br \/>\ndois potenciais investidores, cujo interesse converge para a expans\u00e3o internacional<br \/>\nda institui\u00e7\u00e3o. O diretor, por\u00e9m, pretende realizar uma breve viagem, na mesma<br \/>\nsemana, para analisar as condi\u00e7\u00f5es de um poss\u00edvel local de implanta\u00e7\u00e3o de uma<br \/>\nfilial. Trata-se de um deslocamento r\u00e1pido, com ida e volta pass\u00edveis de<br \/>\nagendamento para um mesmo dia, e ele n\u00e3o abre m\u00e3o de que isso seja feito at\u00e9 o<br \/>\nfim de semana seguinte \u00e0 visita dos investidores. E, para tornar a situa\u00e7\u00e3o ainda<br \/>\nmais complexa, h\u00e1 orienta\u00e7\u00f5es expressas para que, em casos de visitas de<br \/>\nexecutivos externos, a rotina da empresa n\u00e3o seja alterada no que concerne \u00e0<br \/>\nmanuten\u00e7\u00e3o das a\u00e7\u00f5es decorrentes das parcerias com as escolas, at\u00e9 para que<br \/>\nesses executivos possam visualizar, in loco, como se d\u00e1 essa din\u00e2mica<br \/>\norganizacional. Assim, como as visitas guiadas s\u00e3o previamente agendadas para<br \/>\nas quartas e sextas, na mesma quarta-feira em que devem acontecer as reuni\u00f5es,<br \/>\ndever\u00e1 ser mantido o acesso de uma turma de 20 estudantes, acompanhados de<br \/>\nseu professor de Biologia. Como secret\u00e1rio executivo respons\u00e1vel pelo<br \/>\nacompanhamento de boa parte dessas a\u00e7\u00f5es, voc\u00ea dever\u00e1 elaborar um plano que<br \/>\ngaranta a execu\u00e7\u00e3o de todos os processos.<br \/>\n<strong>3)<\/strong> Ap\u00f3s a an\u00e1lise da situa\u00e7\u00e3o-problema descrita, voc\u00ea dever\u00e1 elaborar um plano de<br \/>\ngest\u00e3o do funcionamento da empresa para a semana de atividades elencadas, no<br \/>\nqual dever\u00e3o ser inclu\u00eddos os seguintes itens:<br \/>\n\u2022 sua agenda, considerando sua participa\u00e7\u00e3o em todas as reuni\u00f5es com os dois<br \/>\nexecutivos visitantes, al\u00e9m do acompanhamento da visita guiada dos<br \/>\nestudantes;<br \/>\n\u2022 a agenda do diretor executivo, considerando a participa\u00e7\u00e3o dele nas duas<br \/>\nreuni\u00f5es com os executivos visitantes, al\u00e9m da viagem que ele pretende fazer;<br \/>\n\u2022 a agenda dos executivos visitantes, considerando a reuni\u00e3o de cada um deles<br \/>\ncom o diretor da empresa, al\u00e9m de um momento para que eles possam<br \/>\nvisualizar, de perto, as a\u00e7\u00f5es da empresa no programa de responsabilidade<br \/>\nsocioambiental; e<br \/>\n\u2022 um comunicado, a ser transmitido a todos os colaboradores, informando sobre<br \/>\na visita dos investidores e, portanto, solicitando aten\u00e7\u00e3o especial na execu\u00e7\u00e3o<br \/>\ndos processos.<br \/>\n4) Para a elabora\u00e7\u00e3o do plano, voc\u00ea dever\u00e1 mobilizar recursos digitais, tais como os<br \/>\nseguintes aplicativos: Zoom, Quanto custa viajar e Todoist. Por meio deles, voc\u00ea<br \/>\ndever\u00e1 criar um planejamento que envolva a situa\u00e7\u00e3o proposta com o uso desses<br \/>\naplicativos e\/ou outros que voc\u00ea julgue importantes para essa atividade.<br \/>\n5) Ap\u00f3s a elabora\u00e7\u00e3o do seu plano, voc\u00ea dever\u00e1 organizar o produto desta atividade<br \/>\npr\u00e1tica, contendo:<br \/>\na) Introdu\u00e7\u00e3o: Contextualiza\u00e7\u00e3o da proposta, com reflex\u00f5es sobre o papel do<br \/>\nsecret\u00e1rio executivo na organiza\u00e7\u00e3o da rotina empresarial.<br \/>\nb) Desenvolvimento: Apresenta\u00e7\u00e3o do plano elaborado, incluindo todos os itens<br \/>\nsolicitados (agenda do secret\u00e1rio; agenda do diretor executivo; agenda dos<br \/>\nexecutivos visitantes; e comunicado aos colaboradores).<br \/>\nc) Conclus\u00e3o: An\u00e1lise cr\u00edtico-reflexiva da proposta, considerando suas<br \/>\npercep\u00e7\u00f5es sobre o processo de planejamento vivenciado, bem como sobre a<br \/>\naplicabilidade dos recursos digitais mobilizados.<br \/>\n<strong>Checklist<\/strong><br \/>\nPrincipais etapas para a completude da atividade pr\u00e1tica:<br \/>\n&#8211; Reflex\u00e3o sobre as atividades que integram a rotina de um secret\u00e1rio executivo.<br \/>\n&#8211; An\u00e1lise de situa\u00e7\u00e3o-problema envolvendo a articula\u00e7\u00e3o de diferentes atividades.<br \/>\n&#8211; Elabora\u00e7\u00e3o de um plano de gest\u00e3o da rotina empresarial, com o aux\u00edlio de recursos<br \/>\ndigitais.<br \/>\n<strong>RESULTADO<\/strong><br \/>\nVoc\u00ea ter\u00e1 conhecimento sobre o papel do profissional de secretariado executivo na<br \/>\norganiza\u00e7\u00e3o da rotina empresarial.<\/p>\n<h4 id=\"elementor-tab-title-1941\" class=\"elementor-tab-title elementor-active\" tabindex=\"0\" role=\"tab\" data-tab=\"1\" aria-controls=\"elementor-tab-content-1941\" aria-expanded=\"true\" aria-selected=\"true\">Como funciona?<\/h4>\n<div id=\"elementor-tab-content-1941\" class=\"elementor-tab-content elementor-clearfix elementor-active\" role=\"tabpanel\" data-tab=\"1\" aria-labelledby=\"elementor-tab-title-1941\">\n<p>Elaboramos os portf\u00f3lios, j\u00e1 deixamos prontos, nas normas da ABNT e conforme os requisitos da universidade. F\u00e1cil assim! O MELHOR \u00c9 QUE VOC\u00ca COMPRA E J\u00c1 BAIXA NA HORA O SEU ARQUIVO EM WORD! Sabemos que conciliar trabalho, fam\u00edlia, vida profissional e estudos \u00e9 dif\u00edcil hoje em dia, por isso, estamos aqui para ajudar voc\u00ea. Conte com nossa qualidade, experi\u00eancia e profissionalismo adquirindo seu portf\u00f3lio conosco. GARANTIMOS SEU CONCEITO!<\/p>\n<h4>Como se realizam os envios?<\/h4>\n<\/div>\n<\/div>\n<div class=\"elementor-toggle-item\">\n<div id=\"elementor-tab-content-1942\" class=\"elementor-tab-content elementor-clearfix elementor-active\" role=\"tabpanel\" data-tab=\"2\" aria-labelledby=\"elementor-tab-title-1942\">O seu trabalho \u00e9 disponibilizado pronto, respondido e nas normas j\u00e1 na mesma hora aqui em nosso site na sua \u00e1rea de downloads e tamb\u00e9m no seu e-mail.<\/div>\n<\/div>\n<div class=\"elementor-toggle-item\">\n<div id=\"elementor-tab-content-1943\" class=\"elementor-tab-content elementor-clearfix elementor-active\" role=\"tabpanel\" data-tab=\"3\" aria-labelledby=\"elementor-tab-title-1943\">\n<h4>Em quanto tempo recebo o portf\u00f3lio?<\/h4>\n<\/div>\n<\/div>\n<div class=\"elementor-toggle-item\">\n<div id=\"elementor-tab-content-1944\" class=\"elementor-tab-content elementor-clearfix elementor-active\" role=\"tabpanel\" data-tab=\"4\" aria-labelledby=\"elementor-tab-title-1944\">\n<p>Os envios s\u00e3o imediatos. Ap\u00f3s sua compra, o trabalho j\u00e1 \u00e9 disponibilizado instantaneamente aqui em nosso site e no seu e-mail.<\/p>\n<h4>E se o portf\u00f3lio que comprei precisar de corre\u00e7\u00e3o?<\/h4>\n<\/div>\n<\/div>\n<div class=\"elementor-toggle-item\">\n<div id=\"elementor-tab-content-1945\" class=\"elementor-tab-content elementor-clearfix elementor-active\" role=\"tabpanel\" data-tab=\"5\" aria-labelledby=\"elementor-tab-title-1945\">\n<p>Caso haja alguma solicita\u00e7\u00e3o de corre\u00e7\u00e3o\/altera\u00e7\u00e3o por parte do tutor, basta entrar em contato conosco pelo\u00a0WhatsApp\u00a0que provid\u00eanciaremos sem custo algum.<\/p>\n<h4>Qual o formato do arquivo?<\/h4>\n<\/div>\n<\/div>\n<div class=\"elementor-toggle-item\">\n<div id=\"elementor-tab-content-1946\" class=\"elementor-tab-content elementor-clearfix elementor-active\" role=\"tabpanel\" data-tab=\"6\" aria-labelledby=\"elementor-tab-title-1946\">\n<p>Os arquivos s\u00e3o enviados em formato Word e s\u00e3o edit\u00e1veis.<\/p>\n<h4>Caso eu tiver alguma d\u00favida, terei suporte no p\u00f3s venda?<\/h4>\n<\/div>\n<\/div>\n<div class=\"elementor-toggle-item\">\n<div id=\"elementor-tab-content-1948\" class=\"elementor-tab-content elementor-clearfix elementor-active\" role=\"tabpanel\" data-tab=\"8\" aria-labelledby=\"elementor-tab-title-1948\">\n<p>Sim, com certeza. Basta clicar no \u00edcone do WhatsApp no cantinho da tela. Ser\u00e1 um prazer atend\u00ea-lo(a).<\/p>\n<div class=\"elementor-toggle-item\">\n<div id=\"elementor-tab-content-1948\" class=\"elementor-tab-content elementor-clearfix elementor-active\" role=\"tabpanel\" data-tab=\"8\" aria-labelledby=\"elementor-tab-title-1948\">\n<h4>Quais os seus canais de contato?<\/h4>\n<\/div>\n<\/div>\n<div class=\"elementor-toggle-item\">\n<div id=\"elementor-tab-content-1949\" class=\"elementor-tab-content elementor-clearfix elementor-active\" role=\"tabpanel\" data-tab=\"9\" aria-labelledby=\"elementor-tab-title-1949\">\n<p>Whatsapp: 53 984751621 \u2013 Clicar no canto da tela ou ESCANEIE O QRCODE ABAIXO<\/p>\n<p><img decoding=\"async\" class=\"alignnone wp-image-7603 jetpack-lazy-image jetpack-lazy-image--handled\" src=\"https:\/\/i0.wp.com\/portifolioos-prontos.com\/wp-content\/uploads\/2022\/09\/portfolio-unopar-pronto-colaborar-ava-producao-textual-interdisciplinar.png?resize=141%2C141\" sizes=\"(max-width: 141px) 100vw, 141px\" srcset=\"https:\/\/i0.wp.com\/portifolioos-prontos.com\/wp-content\/uploads\/2022\/09\/portfolio-unopar-pronto-colaborar-ava-producao-textual-interdisciplinar.png?w=150&amp;ssl=1 150w, https:\/\/i0.wp.com\/portifolioos-prontos.com\/wp-content\/uploads\/2022\/09\/portfolio-unopar-pronto-colaborar-ava-producao-textual-interdisciplinar.png?resize=100%2C100&amp;ssl=1 100w\" alt=\"portf\u00f3lio pr\u00e1ticas secretariais,atividade pr\u00e1tica pr\u00e1ticas secretariais,portf\u00f3lio pr\u00e1ticas secretariais unopar,portf\u00f3lio pr\u00e1ticas secretariais anhanguera,atividade pr\u00e1tica pr\u00e1ticas secretariais unopar,atividade pr\u00e1tica pr\u00e1ticas secretariais anhanguera,portifolio pr\u00e1ticas secretariais\" width=\"141\" height=\"141\" data-recalc-dims=\"1\" data-lazy-loaded=\"1\" \/><\/p>\n<\/div>\n<\/div>\n<\/div>\n<\/div>\n<div class=\"elementor-toggle-item\">\n<div id=\"elementor-tab-content-1949\" class=\"elementor-tab-content elementor-clearfix elementor-active\" role=\"tabpanel\" data-tab=\"9\" aria-labelledby=\"elementor-tab-title-1949\">\n<p>E-mail:portifoliosp@gmail.com<\/p>\n<div id=\"attachment_143\" class=\"wp-caption alignnone\">\n<div id=\"attachment_143\" class=\"wp-caption alignnone\" style=\"width: 140px;\">\n<p><a href=\"http:\/\/portifolioos-prontos.com\/\"><img decoding=\"async\" class=\"wp-image-143 jetpack-lazy-image jetpack-lazy-image--handled\" title=\"portfolio pronto unopar\" src=\"https:\/\/i0.wp.com\/portifolioos-prontos.com\/wp-content\/uploads\/2022\/04\/conceitomaximo.png?resize=164%2C47\" alt=\"PORTFOLIO PRONTO UNOPAR ANHANGUERA\" width=\"140\" height=\"40\" aria-describedby=\"caption-attachment-143\" data-recalc-dims=\"1\" data-lazy-loaded=\"1\" \/><\/a><\/p>\n<p id=\"caption-attachment-143\" class=\"wp-caption-text\">Portf\u00f3lio em Word, respondido, completo e j\u00e1 nas normas.<\/p>\n<\/div>\n<\/div>\n<\/div>\n<\/div>\n","protected":false},"excerpt":{"rendered":"<div class=\"product-short-description\">\n<h5><strong>Pague pelo PIX ou cart\u00e3o e fa\u00e7a o download agora mesmo.<\/strong><\/h5>\n<\/div>\n<div class=\"sticky-add-to-cart-wrapper\">\n<div class=\"sticky-add-to-cart\">\n<div class=\"quantity buttons_added form-flat\"><img decoding=\"async\" class=\"\" src=\"https:\/\/d26lpennugtm8s.cloudfront.net\/assets\/common\/img\/logos\/payment\/visa@2x.png\" width=\"46\" height=\"29\" \/><img loading=\"lazy\" decoding=\"async\" class=\"\" src=\"https:\/\/d26lpennugtm8s.cloudfront.net\/assets\/common\/img\/logos\/payment\/boleto@2x.png\" width=\"43\" height=\"27\" \/><img loading=\"lazy\" decoding=\"async\" class=\"\" src=\"https:\/\/d26lpennugtm8s.cloudfront.net\/assets\/common\/img\/logos\/payment\/mastercard@2x.png\" width=\"43\" height=\"27\" \/><img loading=\"lazy\" decoding=\"async\" class=\"\" src=\"https:\/\/d26lpennugtm8s.cloudfront.net\/assets\/common\/img\/logos\/payment\/amex@2x.png\" width=\"43\" height=\"27\" \/><img loading=\"lazy\" decoding=\"async\" class=\"\" src=\"https:\/\/d26lpennugtm8s.cloudfront.net\/assets\/common\/img\/logos\/payment\/diners@2x.png\" width=\"46\" height=\"29\" \/><img loading=\"lazy\" decoding=\"async\" class=\"\" src=\"https:\/\/d26lpennugtm8s.cloudfront.net\/assets\/common\/img\/logos\/payment\/br\/elo@2x.png\" width=\"45\" height=\"28\" \/><img loading=\"lazy\" decoding=\"async\" class=\"\" src=\"https:\/\/d26lpennugtm8s.cloudfront.net\/assets\/common\/img\/logos\/payment\/br\/hipercard@2x.png\" width=\"44\" height=\"28\" \/><img loading=\"lazy\" decoding=\"async\" class=\"\" src=\"https:\/\/d26lpennugtm8s.cloudfront.net\/assets\/common\/img\/logos\/payment\/mercadopago@2x.png\" width=\"45\" height=\"28\" \/><\/div>\n<\/div>\n<\/div>\n","protected":false},"featured_media":8335,"template":"","meta":{"_seopress_robots_primary_cat":"none","_seopress_titles_title":"%%post_title%% %%sitetitle%%","_seopress_titles_desc":"%%post_content%%","_seopress_robots_index":""},"product_cat":[77,15],"product_tag":[],"class_list":{"0":"post-8333","1":"product","2":"type-product","3":"status-publish","4":"has-post-thumbnail","6":"product_cat-secretariado","7":"product_cat-uncategorized","9":"first","10":"instock","11":"downloadable","12":"virtual","13":"purchasable","14":"product-type-simple","15":"col-xs-6 col-sm-4","16":"col-mf-5","17":"un-5-cols"},"jetpack_sharing_enabled":true,"_links":{"self":[{"href":"https:\/\/portifolioos-prontos.com\/index.php\/wp-json\/wp\/v2\/product\/8333","targetHints":{"allow":["GET"]}}],"collection":[{"href":"https:\/\/portifolioos-prontos.com\/index.php\/wp-json\/wp\/v2\/product"}],"about":[{"href":"https:\/\/portifolioos-prontos.com\/index.php\/wp-json\/wp\/v2\/types\/product"}],"version-history":[{"count":1,"href":"https:\/\/portifolioos-prontos.com\/index.php\/wp-json\/wp\/v2\/product\/8333\/revisions"}],"predecessor-version":[{"id":49797,"href":"https:\/\/portifolioos-prontos.com\/index.php\/wp-json\/wp\/v2\/product\/8333\/revisions\/49797"}],"wp:featuredmedia":[{"embeddable":true,"href":"https:\/\/portifolioos-prontos.com\/index.php\/wp-json\/wp\/v2\/media\/8335"}],"wp:attachment":[{"href":"https:\/\/portifolioos-prontos.com\/index.php\/wp-json\/wp\/v2\/media?parent=8333"}],"wp:term":[{"taxonomy":"product_cat","embeddable":true,"href":"https:\/\/portifolioos-prontos.com\/index.php\/wp-json\/wp\/v2\/product_cat?post=8333"},{"taxonomy":"product_tag","embeddable":true,"href":"https:\/\/portifolioos-prontos.com\/index.php\/wp-json\/wp\/v2\/product_tag?post=8333"}],"curies":[{"name":"wp","href":"https:\/\/api.w.org\/{rel}","templated":true}]}}