{"id":8549,"date":"2022-09-21T21:53:18","date_gmt":"2022-09-22T00:53:18","guid":{"rendered":"https:\/\/portifolioos-prontos.com\/?post_type=product&#038;p=8549"},"modified":"2023-10-02T17:29:18","modified_gmt":"2023-10-02T20:29:18","slug":"atividade-de-pratica-informatica-aplicada","status":"publish","type":"product","link":"https:\/\/portifolioos-prontos.com\/index.php\/product\/atividade-de-pratica-informatica-aplicada\/","title":{"rendered":"ATIVIDADE DE PR\u00c1TICA &#8211; INFORM\u00c1TICA APLICADA"},"content":{"rendered":"<h4>ATIVIDADE DE PR\u00c1TICA &#8211; INFORM\u00c1TICA APLICADA<\/h4>\n<p><strong>OBJETIVOS<\/strong><br \/>\nEsta aula pr\u00e1tica tem como objetivo fazer com que o aluno seja capaz de avaliar os<br \/>\nrecursos de software disponibilizados em um computador, em termos de aplicativos,<br \/>\ninclusive os utilit\u00e1rios, e possa propor novos pacotes de software considerando a<br \/>\ndisponibilidade de programas de c\u00f3digo aberto.<br \/>\n<strong>RECURSOS<\/strong><br \/>\nComputador com acesso \u00e0 internet e ao ambiente virtual.<br \/>\n<strong>PROCEDIMENTOS PR\u00c1TICOS<\/strong><br \/>\nAtividade proposta<br \/>\nLevantamento de aplicativos presentes nas esta\u00e7\u00f5es de trabalho, avalia\u00e7\u00e3o dos<br \/>\naplicativos instalados e proposta de aprimoramentos.<br \/>\nProcedimentos para a realiza\u00e7\u00e3o da atividade<br \/>\n<strong>Parte 1<\/strong><br \/>\nVoc\u00ea dever\u00e1 acessar um computador e fazer um levantamento a respeito dos aplicativos<br \/>\ndispon\u00edveis que podem ser utilizados pelos usu\u00e1rios.<br \/>\nVerifique se:<br \/>\no Existe aplicativo para planilhas eletr\u00f4nicas?<br \/>\no Existe aplicativo para processador de texto?<br \/>\no Existe aplicativo para banco de dados?<br \/>\no Existe aplicativo para elabora\u00e7\u00e3o de apresenta\u00e7\u00e3o?<br \/>\no Existem os utilit\u00e1rios: CCleaner, Foxit Reader; SendSpace; Winrar;<br \/>\nEvernote.<br \/>\nEm caso afirmativo, para cada aplicativo anote:<br \/>\no Fabricante.<br \/>\no Se \u00e9 um software de c\u00f3digo aberto ou propriet\u00e1rio.<br \/>\no Espa\u00e7o ocupado pelo software na mem\u00f3ria do computador.<br \/>\n<strong>Parte 2<\/strong><br \/>\nDe acordo com o levantamento realizado na Parte 1, procure por aplicativos de c\u00f3digo<br \/>\naberto dispon\u00edveis que possam ser equivalentes ou superiores \u00e0 vers\u00e3o de software<br \/>\npropriet\u00e1rio que esteja sendo utilizado. No caso de o computador j\u00e1 possuir software de<br \/>\nc\u00f3digo aberto, verifique se h\u00e1 a disponibilidade de softwares com melhor potencial para<br \/>\natender \u00e0s necessidades dos usu\u00e1rios.<br \/>\nAl\u00e9m disso, verifique quais s\u00e3o as linguagens de programa\u00e7\u00e3o instaladas no PC.<br \/>\nBusque se est\u00e3o dispon\u00edveis Ambientes de Desenvolvimento Integrado como Eclipse,<br \/>\nVisual Studio e Android Studio. Para cada caso, anote: fabricante, vers\u00e3o, tipo de licen\u00e7a<br \/>\ne tamanho.<br \/>\nEm seguida, crie um relat\u00f3rio t\u00e9cnico que apresente:<br \/>\n<strong>1. Introdu\u00e7\u00e3o<\/strong><br \/>\nApresenta\u00e7\u00e3o dos problemas a serem investigados.<br \/>\nDescri\u00e7\u00e3o dos objetivos a serem atingidos.<br \/>\n<strong>2. Materiais e M\u00e9todos<\/strong><br \/>\nApresenta\u00e7\u00e3o de uma revis\u00e3o sobre o conceito de aplicativo e o que s\u00e3o os utilit\u00e1rios<br \/>\naplicativos. Cite exemplos fundamentais sobre as duas classes de aplicativos<br \/>\ndeixando claras as diferen\u00e7as entre eles.<br \/>\nApresenta\u00e7\u00e3o das principais vantagens em se utilizar softwares de c\u00f3digo aberto que<br \/>\njustificam a sua aplica\u00e7\u00e3o.<br \/>\n<strong>3. Dados obtidos<\/strong><br \/>\nFazer uma descri\u00e7\u00e3o das especifica\u00e7\u00f5es b\u00e1sicas dos softwares que foram<br \/>\ninvestigados na primeira parte da experi\u00eancia. Na sequ\u00eancia, fazer uma descri\u00e7\u00e3o da<br \/>\npossibilidade de uso de softwares de c\u00f3digo aberto e a especifica\u00e7\u00e3o deles.<br \/>\n<strong>4. Conclus\u00e3o<\/strong><br \/>\nFazer uma discuss\u00e3o sobre as especifica\u00e7\u00f5es de software levantadas, apontando<br \/>\npossibilidades de aprimoramento de uso de software nos computadores,<br \/>\nconsiderando o uso priorit\u00e1rio de programas de c\u00f3digo aberto.<br \/>\n<strong>Checklist<\/strong>:<br \/>\n1. Identifica\u00e7\u00e3o do computador que foi avaliado.<br \/>\n2. Documenta\u00e7\u00e3o dos softwares aplicativos utilit\u00e1rios dispon\u00edveis, coletando tipo de<br \/>\nsoftware (livre ou propriet\u00e1rio), finalidade, fabricante, espa\u00e7o ocupado, vers\u00e3o e data<br \/>\nda \u00faltima atualiza\u00e7\u00e3o.<br \/>\n3. Documenta\u00e7\u00e3o dos pacotes de aplicativos de software dispon\u00edveis para os<br \/>\nusu\u00e1rios, coletando tipo de software (livre ou propriet\u00e1rio), finalidade, fabricante,<br \/>\nespa\u00e7o<br \/>\n4. Documenta\u00e7\u00e3o da listagem de possibilidades de instala\u00e7\u00f5es de software para<br \/>\ncada aplicativo que j\u00e1 existe no computador.<br \/>\n5. Documenta\u00e7\u00e3o de cada site consultado, com os produtos de software que foram<br \/>\nlistados.<br \/>\n6. Documenta\u00e7\u00e3o dos IDEs instalados no computador com dados sobre fabricante,<br \/>\nvers\u00e3o, o tipo de licen\u00e7a e tamanho.<br \/>\n<strong>Checklist<\/strong><br \/>\n1. Identifica\u00e7\u00e3o do computador que foi avaliado.<br \/>\n2. Documenta\u00e7\u00e3o dos softwares aplicativos utilit\u00e1rios dispon\u00edveis, coletando tipo<br \/>\nde software (livre ou propriet\u00e1rio), finalidade, fabricante, espa\u00e7o ocupado, vers\u00e3o e<br \/>\ndata da \u00faltima atualiza\u00e7\u00e3o.<br \/>\n3. Documenta\u00e7\u00e3o dos pacotes de aplicativos de software dispon\u00edveis para os<br \/>\nusu\u00e1rios, coletando tipo de software (livre ou propriet\u00e1rio), finalidade, fabricante,<br \/>\nespa\u00e7o<br \/>\n4. Documenta\u00e7\u00e3o da listagem de possibilidades de instala\u00e7\u00f5es de software para<br \/>\ncada aplicativo que j\u00e1 existe no computador.<br \/>\n5. Documenta\u00e7\u00e3o de cada site consultado, com os produtos de software que<br \/>\nforam listados.<br \/>\n6. Documenta\u00e7\u00e3o dos IDEs instalados no computador com dados sobre<br \/>\nfabricante, vers\u00e3o, o tipo de licen\u00e7a e tamanho.<br \/>\n<strong>RESULTADO<\/strong><br \/>\nAo final desta pr\u00e1tica, voc\u00ea estar\u00e1 apto a identificar e avaliar software instalado em<br \/>\num computador.<\/p>\n<div class=\"elementor-toggle-item\">\n<h4 id=\"elementor-tab-title-1941\" class=\"elementor-tab-title elementor-active\" tabindex=\"0\" role=\"tab\" data-tab=\"1\" aria-controls=\"elementor-tab-content-1941\" aria-expanded=\"true\" aria-selected=\"true\">Como funciona?<\/h4>\n<div id=\"elementor-tab-content-1941\" class=\"elementor-tab-content elementor-clearfix elementor-active\" role=\"tabpanel\" data-tab=\"1\" aria-labelledby=\"elementor-tab-title-1941\">\n<p>Elaboramos os portf\u00f3lios, j\u00e1 deixamos prontos, nas normas da ABNT e conforme os requisitos da universidade. F\u00e1cil assim! O MELHOR \u00c9 QUE VOC\u00ca COMPRA E J\u00c1 BAIXA NA HORA O SEU ARQUIVO EM WORD! Sabemos que conciliar trabalho, fam\u00edlia, vida profissional e estudos \u00e9 dif\u00edcil hoje em dia, por isso, estamos aqui para ajudar voc\u00ea. Conte com nossa qualidade, experi\u00eancia e profissionalismo adquirindo seu portf\u00f3lio conosco. GARANTIMOS SEU CONCEITO!<\/p>\n<h4>Como se realizam os envios?<\/h4>\n<\/div>\n<\/div>\n<div class=\"elementor-toggle-item\">\n<div id=\"elementor-tab-content-1942\" class=\"elementor-tab-content elementor-clearfix elementor-active\" role=\"tabpanel\" data-tab=\"2\" aria-labelledby=\"elementor-tab-title-1942\">O seu trabalho \u00e9 disponibilizado pronto, respondido e nas normas j\u00e1 na mesma hora aqui em nosso site na sua \u00e1rea de downloads e tamb\u00e9m no seu e-mail.<\/div>\n<\/div>\n<div class=\"elementor-toggle-item\">\n<div id=\"elementor-tab-content-1943\" class=\"elementor-tab-content elementor-clearfix elementor-active\" role=\"tabpanel\" data-tab=\"3\" aria-labelledby=\"elementor-tab-title-1943\">\n<h4>Em quanto tempo recebo o portf\u00f3lio?<\/h4>\n<\/div>\n<\/div>\n<div class=\"elementor-toggle-item\">\n<div id=\"elementor-tab-content-1944\" class=\"elementor-tab-content elementor-clearfix elementor-active\" role=\"tabpanel\" data-tab=\"4\" aria-labelledby=\"elementor-tab-title-1944\">\n<p>Os envios s\u00e3o imediatos. Ap\u00f3s sua compra, o trabalho j\u00e1 \u00e9 disponibilizado instantaneamente aqui em nosso site e no seu e-mail.<\/p>\n<h4>E se o portf\u00f3lio que comprei precisar de corre\u00e7\u00e3o?<\/h4>\n<\/div>\n<\/div>\n<div class=\"elementor-toggle-item\">\n<div id=\"elementor-tab-content-1945\" class=\"elementor-tab-content elementor-clearfix elementor-active\" role=\"tabpanel\" data-tab=\"5\" aria-labelledby=\"elementor-tab-title-1945\">\n<p>Caso haja alguma solicita\u00e7\u00e3o de corre\u00e7\u00e3o\/altera\u00e7\u00e3o por parte do tutor, basta entrar em contato conosco pelo\u00a0<a href=\"https:\/\/api.whatsapp.com\/send\/?phone=5553984751621&amp;text&amp;app_absent=0\">WhatsApp<\/a>\u00a0que provid\u00eanciaremos sem custo algum.<\/p>\n<h4>Qual o formato do arquivo?<\/h4>\n<\/div>\n<\/div>\n<div class=\"elementor-toggle-item\">\n<div id=\"elementor-tab-content-1946\" class=\"elementor-tab-content elementor-clearfix elementor-active\" role=\"tabpanel\" data-tab=\"6\" aria-labelledby=\"elementor-tab-title-1946\">\n<p>Os arquivos s\u00e3o enviados em formato Word e s\u00e3o edit\u00e1veis.<\/p>\n<h4>Caso eu tiver alguma d\u00favida, terei suporte no p\u00f3s venda?<\/h4>\n<\/div>\n<\/div>\n<div class=\"elementor-toggle-item\">\n<div id=\"elementor-tab-content-1948\" class=\"elementor-tab-content elementor-clearfix elementor-active\" role=\"tabpanel\" data-tab=\"8\" aria-labelledby=\"elementor-tab-title-1948\">\n<p>Sim, com certeza. Basta clicar no \u00edcone do WhatsApp no cantinho da tela. Ser\u00e1 um prazer atend\u00ea-lo(a).<\/p>\n<div class=\"elementor-toggle-item\">\n<div id=\"elementor-tab-content-1948\" class=\"elementor-tab-content elementor-clearfix elementor-active\" role=\"tabpanel\" data-tab=\"8\" aria-labelledby=\"elementor-tab-title-1948\">\n<h4>Quais os seus canais de contato?<\/h4>\n<\/div>\n<\/div>\n<div class=\"elementor-toggle-item\">\n<div id=\"elementor-tab-content-1949\" class=\"elementor-tab-content elementor-clearfix elementor-active\" role=\"tabpanel\" data-tab=\"9\" aria-labelledby=\"elementor-tab-title-1949\">\n<p>Whatsapp: 53 984751621 \u2013 Clicar no canto da tela ou ESCANEIE O QRCODE ABAIXO<\/p>\n<p><img decoding=\"async\" class=\"alignnone wp-image-7603 jetpack-lazy-image jetpack-lazy-image--handled\" src=\"https:\/\/i0.wp.com\/portifolioos-prontos.com\/wp-content\/uploads\/2022\/09\/portfolio-unopar-pronto-colaborar-ava-producao-textual-interdisciplinar.png?resize=141%2C141\" sizes=\"(max-width: 141px) 100vw, 141px\" srcset=\"https:\/\/i0.wp.com\/portifolioos-prontos.com\/wp-content\/uploads\/2022\/09\/portfolio-unopar-pronto-colaborar-ava-producao-textual-interdisciplinar.png?w=150&amp;ssl=1 150w, https:\/\/i0.wp.com\/portifolioos-prontos.com\/wp-content\/uploads\/2022\/09\/portfolio-unopar-pronto-colaborar-ava-producao-textual-interdisciplinar.png?resize=100%2C100&amp;ssl=1 100w\" alt=\"\" width=\"141\" height=\"141\" data-recalc-dims=\"1\" data-lazy-loaded=\"1\" \/><\/p>\n<\/div>\n<\/div>\n<\/div>\n<\/div>\n<div class=\"elementor-toggle-item\">\n<div id=\"elementor-tab-content-1949\" class=\"elementor-tab-content elementor-clearfix elementor-active\" role=\"tabpanel\" data-tab=\"9\" aria-labelledby=\"elementor-tab-title-1949\">\n<p>E-mail:portifoliosp@gmail.com<\/p>\n<div id=\"attachment_143\" class=\"wp-caption alignnone\">\n<div id=\"attachment_143\" class=\"wp-caption alignnone\" style=\"width: 154px;\">\n<p><a href=\"http:\/\/portifolioos-prontos.com\/\"><img decoding=\"async\" class=\"wp-image-143 jetpack-lazy-image jetpack-lazy-image--handled\" title=\"portfolio pronto unopar\" src=\"https:\/\/i0.wp.com\/portifolioos-prontos.com\/wp-content\/uploads\/2022\/04\/conceitomaximo.png?resize=161%2C46\" alt=\"PORTFOLIO PRONTO UNOPAR ANHANGUERA\" width=\"154\" height=\"44\" aria-describedby=\"caption-attachment-143\" data-recalc-dims=\"1\" data-lazy-loaded=\"1\" \/><\/a><\/p>\n<p id=\"caption-attachment-143\" class=\"wp-caption-text\">Portf\u00f3lio em Word, respondido, completo e j\u00e1 nas normas.<\/p>\n<\/div>\n<\/div>\n<\/div>\n<\/div>\n","protected":false},"excerpt":{"rendered":"<div class=\"product-short-description\">\n<h5><strong>Pague pelo PIX ou cart\u00e3o e fa\u00e7a o download agora mesmo.<\/strong><\/h5>\n<\/div>\n<div class=\"sticky-add-to-cart-wrapper\">\n<div class=\"sticky-add-to-cart\">\n<div class=\"quantity buttons_added form-flat\"><img decoding=\"async\" class=\"alignnone wp-image-761\" src=\"http:\/\/portifolioos-prontos.com\/wp-content\/uploads\/2022\/04\/PIX-300x107.webp\" alt=\"\" width=\"78\" height=\"28\" \/>\u00a0\u00a0<img loading=\"lazy\" decoding=\"async\" class=\"\" src=\"https:\/\/d26lpennugtm8s.cloudfront.net\/assets\/common\/img\/logos\/payment\/visa@2x.png\" width=\"46\" height=\"29\" \/><img loading=\"lazy\" decoding=\"async\" class=\"\" src=\"https:\/\/d26lpennugtm8s.cloudfront.net\/assets\/common\/img\/logos\/payment\/boleto@2x.png\" width=\"43\" height=\"27\" \/><img loading=\"lazy\" decoding=\"async\" class=\"\" src=\"https:\/\/d26lpennugtm8s.cloudfront.net\/assets\/common\/img\/logos\/payment\/mastercard@2x.png\" width=\"43\" height=\"27\" \/><img loading=\"lazy\" decoding=\"async\" class=\"\" src=\"https:\/\/d26lpennugtm8s.cloudfront.net\/assets\/common\/img\/logos\/payment\/amex@2x.png\" width=\"43\" height=\"27\" \/><img loading=\"lazy\" decoding=\"async\" class=\"\" src=\"https:\/\/d26lpennugtm8s.cloudfront.net\/assets\/common\/img\/logos\/payment\/diners@2x.png\" width=\"46\" height=\"29\" \/><img loading=\"lazy\" decoding=\"async\" class=\"\" src=\"https:\/\/d26lpennugtm8s.cloudfront.net\/assets\/common\/img\/logos\/payment\/br\/elo@2x.png\" width=\"45\" height=\"28\" \/><img loading=\"lazy\" decoding=\"async\" class=\"\" src=\"https:\/\/d26lpennugtm8s.cloudfront.net\/assets\/common\/img\/logos\/payment\/br\/hipercard@2x.png\" width=\"44\" height=\"28\" \/><img loading=\"lazy\" decoding=\"async\" class=\"\" src=\"https:\/\/d26lpennugtm8s.cloudfront.net\/assets\/common\/img\/logos\/payment\/mercadopago@2x.png\" width=\"45\" height=\"28\" \/><\/div>\n<\/div>\n<\/div>\n","protected":false},"featured_media":8551,"template":"","meta":{"_seopress_robots_primary_cat":"none","_seopress_titles_title":"","_seopress_titles_desc":"%%post_content%%","_seopress_robots_index":""},"product_cat":[15],"product_tag":[],"class_list":{"0":"post-8549","1":"product","2":"type-product","3":"status-publish","4":"has-post-thumbnail","6":"product_cat-uncategorized","8":"first","9":"instock","10":"downloadable","11":"virtual","12":"purchasable","13":"product-type-simple","14":"col-xs-6 col-sm-4","15":"col-mf-5","16":"un-5-cols"},"jetpack_sharing_enabled":true,"_links":{"self":[{"href":"https:\/\/portifolioos-prontos.com\/index.php\/wp-json\/wp\/v2\/product\/8549","targetHints":{"allow":["GET"]}}],"collection":[{"href":"https:\/\/portifolioos-prontos.com\/index.php\/wp-json\/wp\/v2\/product"}],"about":[{"href":"https:\/\/portifolioos-prontos.com\/index.php\/wp-json\/wp\/v2\/types\/product"}],"version-history":[{"count":0,"href":"https:\/\/portifolioos-prontos.com\/index.php\/wp-json\/wp\/v2\/product\/8549\/revisions"}],"wp:featuredmedia":[{"embeddable":true,"href":"https:\/\/portifolioos-prontos.com\/index.php\/wp-json\/wp\/v2\/media\/8551"}],"wp:attachment":[{"href":"https:\/\/portifolioos-prontos.com\/index.php\/wp-json\/wp\/v2\/media?parent=8549"}],"wp:term":[{"taxonomy":"product_cat","embeddable":true,"href":"https:\/\/portifolioos-prontos.com\/index.php\/wp-json\/wp\/v2\/product_cat?post=8549"},{"taxonomy":"product_tag","embeddable":true,"href":"https:\/\/portifolioos-prontos.com\/index.php\/wp-json\/wp\/v2\/product_tag?post=8549"}],"curies":[{"name":"wp","href":"https:\/\/api.w.org\/{rel}","templated":true}]}}