{"id":8586,"date":"2022-09-22T15:41:33","date_gmt":"2022-09-22T18:41:33","guid":{"rendered":"https:\/\/portifolioos-prontos.com\/?post_type=product&#038;p=8586"},"modified":"2022-09-22T15:49:59","modified_gmt":"2022-09-22T18:49:59","slug":"portfolio-caso-clinico-relacionado-com-algumas-alteracoes-faciais-e-corporais","status":"publish","type":"product","link":"https:\/\/portifolioos-prontos.com\/index.php\/product\/portfolio-caso-clinico-relacionado-com-algumas-alteracoes-faciais-e-corporais\/","title":{"rendered":"Portf\u00f3lio Caso cl\u00ednico relacionado com algumas altera\u00e7\u00f5es faciais e corporais"},"content":{"rendered":"<h4>Portf\u00f3lio Caso cl\u00ednico relacionado com algumas altera\u00e7\u00f5es faciais e corporais<\/h4>\n<h4>Curso: Superior de Tecnologia emEst\u00e9tica e Cosm\u00e9tica Semestre: 5\u00b0-6\u00b0<\/h4>\n<p>Sejam bem-vindos a este semestre!<br \/>\nA proposta de Produ\u00e7\u00e3o Textual Interdisciplinar <strong>ter\u00e1 um caso cl\u00ednico<\/strong><br \/>\n<strong>relacionado com algumas altera\u00e7\u00f5es faciais e corporais<\/strong>. Esta tem\u00e1tica foi desenvolvida com intuito<br \/>\nde aliar os aspectos pr\u00e1ticos da profiss\u00e3o com o conhecimento das respostas celulares e fisiol\u00f3gicas<br \/>\nda pele frente aos procedimentos est\u00e9ticos eletroter\u00e1picos e cosm\u00e9ticos.<br \/>\nPara tanto, apresentamos a seguir as orienta\u00e7\u00f5es da atividade.<\/p>\n<p><strong>SITUA\u00c7\u00c3O GERADORA DE APRENDIZAGEM<\/strong><\/p>\n<p>Maria Laura S\u00edlvia, apresenta o fototipo II na classifica\u00e7\u00e3o de Fitzpatrick, e percebeu que sua<br \/>\nros\u00e1cea piorou com o processo de envelhecimento. A pele apresenta-se com ressecamento e<br \/>\ndesidrata\u00e7\u00e3o. Al\u00e9m disto, os sinais do envelhecimento est\u00e3o presentes, como rugas e flacidez. S\u00edlvia<br \/>\nprocurou a cl\u00ednica de est\u00e9tica para realizar um tratamento de envelhecimento. Durante avalia\u00e7\u00e3o, a<br \/>\nesteticista realizou avalia\u00e7\u00e3o facial e anamnese detalhada, a cliente foi classificada como grau III na<br \/>\navalia\u00e7\u00e3o do envelhecimento de Lapi\u00e8re e Pierard e Glogau. A esteticista lembrou que durante as<br \/>\naulas sobre envelhecimento na faculdade um dos temas mais abordados para o tratamento do<br \/>\nenvelhecimento \u00e9 o uso da radiofrequ\u00eancia e os peelings qu\u00edmicos.<\/p>\n<p><strong>DESAFIOS PROPOSTOS<\/strong><\/p>\n<p><strong>Desafio 1: DESAFIO 1<\/strong><br \/>\nSobre o caso cl\u00ednico apresentado estas op\u00e7\u00f5es de tratamento podem beneficiar a cliente que<br \/>\napresenta ros\u00e1cea? Quais op\u00e7\u00f5es de tratamento podem ser indicadas pensando em uma pele com<br \/>\nros\u00e1cea, desidratada e ressecada?<br \/>\n<strong>Desafio 2:<\/strong><br \/>\nAtualmente, o mercado de dermocosm\u00e9ticos oferece uma ampla gama de produtos inovadores para o<br \/>\ntratamento da ros\u00e1cea, produtos estes, que se diferenciam de outros itens cosm\u00e9ticos por conterem<br \/>\nmaiores concentra\u00e7\u00f5es de ativos. Para esse desafio sugerimos a leitura do artigo \u201cCuidados<br \/>\ndermocosm\u00e9ticos no tratamento da ros\u00e1cea: uma revis\u00e3o da literatura sobre as perspectivas mundiais\u201d<br \/>\nhttps:\/\/periodicos.ufba.br\/index.php\/cmbio\/article\/view\/35617\/23207, acesso 30\/06\/2022. Ap\u00f3s a leitura<br \/>\nelabore um guia em formato de texto citando os cuidados que o cliente deve ter na pele com ros\u00e1cea, e um<br \/>\ntexto sobre os dermocosm\u00e9ticos utilizados no tratamento da ros\u00e1cea.<br \/>\n<strong>Desafio 3:<\/strong><\/p>\n<p>Segundo Jesus, dos Santos e Brand\u00e3o (2015) a pele \u00e9 considerada nosso cart\u00e3o de visitas, quando<br \/>\nsaud\u00e1vel promove a rela\u00e7\u00e3o entre as pessoas e facilita o seu desenvolvimento nos aspectos social,<br \/>\nemocional, financeiro e sexual, por\u00e9m, quando acometida por afec\u00e7\u00f5es cut\u00e2neas, pode trazer s\u00e9rias<br \/>\nconsequ\u00eancias psicol\u00f3gicas e emocionais. Pensando nisso elabore um texto argumentativo acerca<br \/>\ndos problemas dermatol\u00f3gicos e a imagem pessoal. Para tal sugerimos a leitura do artigo<br \/>\n\u201cESTRESSE, SINTOMAS ANSIOG\u00caNICOS, DEPRESSIVOS E INSATISFA\u00c7\u00c3O DE IMAGEM EM PORTADORES DE<br \/>\nROS\u00c1CEA: UMA REFLEX\u00c3O TE\u00d3RICA\u201d. Dispon\u00edvel em<br \/>\nhttps:\/\/www.psicologia.pt\/artigos\/textos\/A1370.pdf<\/p>\n<p><strong>REFER\u00caNCIAS<\/strong><br \/>\nANDRADE, G. et al. M\u00e9todos e t\u00e9cnicas de avalia\u00e7\u00e3o est\u00e9tica. Porto Alegre: SAGAH, 2018. E-book.<br \/>\nDispon\u00edvel em: Minha biblioteca.<br \/>\nBALLESTRERI, E. Recursos est\u00e9ticos manuais. Porto Alegre: SAGAH, 2018.E-book. Dispon\u00edvel em:<br \/>\nMinha biblioteca.<br \/>\nFASSHEBER, D. et al. Disfun\u00e7\u00f5es dermatol\u00f3gicas aplicadas \u00e0 est\u00e9tica. Porto Alegre: SAGAH, 2018. Ebook. Dispon\u00edvel em: Minha biblioteca.<br \/>\nFOLDI, M.; STRO\u1e9eENREUTHER, R.H.K. Princ\u00edpios da drenagem linf\u00e1tica. 4 \u00aa edi\u00e7\u00e3o. Barueri, S\u00e3o<br \/>\nPaulo: Manole, 2012. E-book. Dispon\u00edvel em: Minha biblioteca.<br \/>\nKALIL, C.; CAMPOS, V. Manual pr\u00e1tico do laser e outras fontes de energia eletromagn\u00e9tica em<br \/>\ndermatologia. 1\u00aa edi\u00e7\u00e3o. Rio de Janeiro: Elsevier, 2017.<br \/>\nKALIL, C.; CAMPOS, V. Drug Delivery em Dermatologia: Fundamentos e aplica\u00e7\u00f5es pr\u00e1ticas. 1 \u00aa<br \/>\nedi\u00e7\u00e3o. Rio de Janeiro: Elservier, 2018.<br \/>\nKAMIZATO, K.K.; BRITO, S. G. T\u00e9cnicas est\u00e9ticas faciais. 1\u00aa edi\u00e7\u00e3o. S\u00e3o Paulo: \u00c9rica, 2014. E.book.<br \/>\nDispon\u00edvel em: Minha biblioteca.<br \/>\nLOPES, F.M. et al. Introdu\u00e7\u00e3o e fundamentos da est\u00e9tica e cosm\u00e9tica. Porto Alegre: SAGAH,<br \/>\n2017.E-book. Dispon\u00edvel em: Minha biblioteca.<br \/>\nOLIVEIRA, F.R. Drenagem linf\u00e1tica. Porto Alegre: SAGAH, 2018. E-book. Dispon\u00edvel em: Minha<br \/>\nbiblioteca.<br \/>\nSILVIO JOS\u00c9 CECCHI. Normativa n.01\/2012. 10 de abril 2012. Dispon\u00edvel em:<br \/>\n&lt;http:\/\/www.crbm1.gov.br\/normativa_012012.pdf&gt;. Acesso 22 julho 2021.<br \/>\nPRODU\u00c7\u00c3O TEXTUAL<br \/>\nINTERDISCIPLINAR<br \/>\nEM GRUPO &#8211; PTG<br \/>\nSIM\u00c3O, D. et al. Cosmetologia aplicada I. Porto Alegre: SAGAH, 2019. E-book. Dispon\u00edvel em: Minha<br \/>\nbiblioteca.<br \/>\nSTEINER, D.; ADDOR, F. Envelhecimento cut\u00e2neo. 1\u00aa edi\u00e7\u00e3o. Rio de Janeiro: AC Farmac\u00eautica, 2014.<br \/>\nE-book. Dispon\u00edvel em: Minha biblioteca.<br \/>\nLembre-se de que seu Tutor a Dist\u00e2ncia est\u00e1 \u00e0 disposi\u00e7\u00e3o para lhes atender em suas d\u00favidas<br \/>\ne, tamb\u00e9m, para repassar orienta\u00e7\u00f5es sempre que voc\u00eas precisarem. Aproveite esta oportunidade<br \/>\npara realizar um trabalho com a qualidade acad\u00eamica de n\u00edvel universit\u00e1rio.<\/p>\n<div class=\"elementor-toggle-item\">\n<h4 id=\"elementor-tab-title-1941\" class=\"elementor-tab-title elementor-active\" tabindex=\"0\" role=\"tab\" data-tab=\"1\" aria-controls=\"elementor-tab-content-1941\" aria-expanded=\"true\" aria-selected=\"true\">Como funciona?<\/h4>\n<div id=\"elementor-tab-content-1941\" class=\"elementor-tab-content elementor-clearfix elementor-active\" role=\"tabpanel\" data-tab=\"1\" aria-labelledby=\"elementor-tab-title-1941\">\n<p>Elaboramos os portf\u00f3lios, j\u00e1 deixamos prontos, nas normas da ABNT e conforme os requisitos da universidade. F\u00e1cil assim! O MELHOR \u00c9 QUE VOC\u00ca COMPRA E J\u00c1 BAIXA NA HORA O SEU ARQUIVO EM WORD! Sabemos que conciliar trabalho, fam\u00edlia, vida profissional e estudos \u00e9 dif\u00edcil hoje em dia, por isso, estamos aqui para ajudar voc\u00ea. Conte com nossa qualidade, experi\u00eancia e profissionalismo adquirindo seu portf\u00f3lio conosco. GARANTIMOS SEU CONCEITO!<\/p>\n<h4>Como se realizam os envios?<\/h4>\n<\/div>\n<\/div>\n<div class=\"elementor-toggle-item\">\n<div id=\"elementor-tab-content-1942\" class=\"elementor-tab-content elementor-clearfix elementor-active\" role=\"tabpanel\" data-tab=\"2\" aria-labelledby=\"elementor-tab-title-1942\">O seu trabalho \u00e9 disponibilizado pronto, respondido e nas normas j\u00e1 na mesma hora aqui em nosso site na sua \u00e1rea de downloads e tamb\u00e9m no seu e-mail.<\/div>\n<\/div>\n<div class=\"elementor-toggle-item\">\n<div id=\"elementor-tab-content-1943\" class=\"elementor-tab-content elementor-clearfix elementor-active\" role=\"tabpanel\" data-tab=\"3\" aria-labelledby=\"elementor-tab-title-1943\">\n<h4>Em quanto tempo recebo o portf\u00f3lio?<\/h4>\n<\/div>\n<\/div>\n<div class=\"elementor-toggle-item\">\n<div id=\"elementor-tab-content-1944\" class=\"elementor-tab-content elementor-clearfix elementor-active\" role=\"tabpanel\" data-tab=\"4\" aria-labelledby=\"elementor-tab-title-1944\">\n<p>Os envios s\u00e3o imediatos. Ap\u00f3s sua compra, o trabalho j\u00e1 \u00e9 disponibilizado instantaneamente aqui em nosso site e no seu e-mail.<\/p>\n<h4>E se o portf\u00f3lio que comprei precisar de corre\u00e7\u00e3o?<\/h4>\n<\/div>\n<\/div>\n<div class=\"elementor-toggle-item\">\n<div id=\"elementor-tab-content-1945\" class=\"elementor-tab-content elementor-clearfix elementor-active\" role=\"tabpanel\" data-tab=\"5\" aria-labelledby=\"elementor-tab-title-1945\">\n<p>Caso haja alguma solicita\u00e7\u00e3o de corre\u00e7\u00e3o\/altera\u00e7\u00e3o por parte do tutor, basta entrar em contato conosco pelo\u00a0<a href=\"https:\/\/api.whatsapp.com\/send\/?phone=5553984751621&amp;text&amp;app_absent=0\">WhatsApp<\/a>\u00a0que provid\u00eanciaremos sem custo algum.<\/p>\n<h4>Qual o formato do arquivo?<\/h4>\n<\/div>\n<\/div>\n<div class=\"elementor-toggle-item\">\n<div id=\"elementor-tab-content-1946\" class=\"elementor-tab-content elementor-clearfix elementor-active\" role=\"tabpanel\" data-tab=\"6\" aria-labelledby=\"elementor-tab-title-1946\">\n<p>Os arquivos s\u00e3o enviados em formato Word e s\u00e3o edit\u00e1veis.<\/p>\n<h4>Caso eu tiver alguma d\u00favida, terei suporte no p\u00f3s venda?<\/h4>\n<\/div>\n<\/div>\n<div class=\"elementor-toggle-item\">\n<div id=\"elementor-tab-content-1948\" class=\"elementor-tab-content elementor-clearfix elementor-active\" role=\"tabpanel\" data-tab=\"8\" aria-labelledby=\"elementor-tab-title-1948\">\n<p>Sim, com certeza. Basta clicar no \u00edcone do WhatsApp no cantinho da tela. Ser\u00e1 um prazer atend\u00ea-lo(a).<\/p>\n<div class=\"elementor-toggle-item\">\n<div id=\"elementor-tab-content-1948\" class=\"elementor-tab-content elementor-clearfix elementor-active\" role=\"tabpanel\" data-tab=\"8\" aria-labelledby=\"elementor-tab-title-1948\">\n<h4>Quais os seus canais de contato?<\/h4>\n<\/div>\n<\/div>\n<div class=\"elementor-toggle-item\">\n<div id=\"elementor-tab-content-1949\" class=\"elementor-tab-content elementor-clearfix elementor-active\" role=\"tabpanel\" data-tab=\"9\" aria-labelledby=\"elementor-tab-title-1949\">\n<p>Whatsapp: 53 984751621 \u2013 Clicar no canto da tela ou ESCANEIE O QRCODE ABAIXO<\/p>\n<p><img decoding=\"async\" class=\"alignnone wp-image-7603 jetpack-lazy-image jetpack-lazy-image--handled\" src=\"https:\/\/i0.wp.com\/portifolioos-prontos.com\/wp-content\/uploads\/2022\/09\/portfolio-unopar-pronto-colaborar-ava-producao-textual-interdisciplinar.png?resize=141%2C141\" sizes=\"(max-width: 141px) 100vw, 141px\" srcset=\"https:\/\/i0.wp.com\/portifolioos-prontos.com\/wp-content\/uploads\/2022\/09\/portfolio-unopar-pronto-colaborar-ava-producao-textual-interdisciplinar.png?w=150&amp;ssl=1 150w, https:\/\/i0.wp.com\/portifolioos-prontos.com\/wp-content\/uploads\/2022\/09\/portfolio-unopar-pronto-colaborar-ava-producao-textual-interdisciplinar.png?resize=100%2C100&amp;ssl=1 100w\" alt=\"Caso cl\u00ednico relacionado com algumas altera\u00e7\u00f5es faciais e corporais,portf\u00f3lio est\u00e9tica e cosm\u00e9tica,portf\u00f3lio interdisciplinar,portf\u00f3lio interdisciplinar individual anhanguera 2022,portf\u00f3lio interdisciplinar individual,portf\u00f3lio interdisciplinar individual pedagogia,portf\u00f3lio interdisciplinar individual anhanguera,portf\u00f3lio interdisciplinar individual pedagogia 4 semestre,portf\u00f3lio interdisciplinar individual unopar,portf\u00f3lio interdisciplinar individual 2022,portf\u00f3lio interdisciplinar individual unopar pedagogia 3 semestre,portf\u00f3lio interdisciplinar individual pedagogia 5 semestre\" width=\"141\" height=\"141\" data-recalc-dims=\"1\" data-lazy-loaded=\"1\" \/><\/p>\n<\/div>\n<\/div>\n<\/div>\n<\/div>\n<div class=\"elementor-toggle-item\">\n<div id=\"elementor-tab-content-1949\" class=\"elementor-tab-content elementor-clearfix elementor-active\" role=\"tabpanel\" data-tab=\"9\" aria-labelledby=\"elementor-tab-title-1949\">\n<p>E-mail:portifoliosp@gmail.com<\/p>\n<div id=\"attachment_143\" class=\"wp-caption alignnone\">\n<div id=\"attachment_143\" class=\"wp-caption alignnone\" style=\"width: 137px;\">\n<p><a href=\"http:\/\/portifolioos-prontos.com\/\"><img decoding=\"async\" class=\"wp-image-143 jetpack-lazy-image jetpack-lazy-image--handled\" title=\"portfolio pronto unopar\" src=\"https:\/\/i0.wp.com\/portifolioos-prontos.com\/wp-content\/uploads\/2022\/04\/conceitomaximo.png?resize=161%2C46\" alt=\"PORTFOLIO PRONTO UNOPAR ANHANGUERA\" width=\"137\" height=\"39\" aria-describedby=\"caption-attachment-143\" data-recalc-dims=\"1\" data-lazy-loaded=\"1\" \/><\/a><\/p>\n<p id=\"caption-attachment-143\" class=\"wp-caption-text\">Portf\u00f3lio em Word, respondido, completo e j\u00e1 nas normas.<\/p>\n<\/div>\n<\/div>\n<\/div>\n<\/div>\n","protected":false},"excerpt":{"rendered":"<div class=\"product-short-description\">\n<h5><strong>Pague pelo PIX ou cart\u00e3o e fa\u00e7a o download agora mesmo.<\/strong><\/h5>\n<\/div>\n<div class=\"sticky-add-to-cart-wrapper\">\n<div class=\"sticky-add-to-cart\">\n<div class=\"quantity buttons_added form-flat\"><img decoding=\"async\" class=\"alignnone wp-image-761\" src=\"http:\/\/portifolioos-prontos.com\/wp-content\/uploads\/2022\/04\/PIX-300x107.webp\" alt=\"\" width=\"78\" height=\"28\" \/>\u00a0\u00a0<img loading=\"lazy\" decoding=\"async\" class=\"\" src=\"https:\/\/d26lpennugtm8s.cloudfront.net\/assets\/common\/img\/logos\/payment\/visa@2x.png\" width=\"46\" height=\"29\" \/><img loading=\"lazy\" decoding=\"async\" class=\"\" src=\"https:\/\/d26lpennugtm8s.cloudfront.net\/assets\/common\/img\/logos\/payment\/boleto@2x.png\" width=\"43\" height=\"27\" \/><img loading=\"lazy\" decoding=\"async\" class=\"\" src=\"https:\/\/d26lpennugtm8s.cloudfront.net\/assets\/common\/img\/logos\/payment\/mastercard@2x.png\" width=\"43\" height=\"27\" \/><img loading=\"lazy\" decoding=\"async\" class=\"\" src=\"https:\/\/d26lpennugtm8s.cloudfront.net\/assets\/common\/img\/logos\/payment\/amex@2x.png\" width=\"43\" height=\"27\" \/><img loading=\"lazy\" decoding=\"async\" class=\"\" src=\"https:\/\/d26lpennugtm8s.cloudfront.net\/assets\/common\/img\/logos\/payment\/diners@2x.png\" width=\"46\" height=\"29\" \/><img loading=\"lazy\" decoding=\"async\" class=\"\" src=\"https:\/\/d26lpennugtm8s.cloudfront.net\/assets\/common\/img\/logos\/payment\/br\/elo@2x.png\" width=\"45\" height=\"28\" \/><img loading=\"lazy\" decoding=\"async\" class=\"\" src=\"https:\/\/d26lpennugtm8s.cloudfront.net\/assets\/common\/img\/logos\/payment\/br\/hipercard@2x.png\" width=\"44\" height=\"28\" \/><img loading=\"lazy\" decoding=\"async\" class=\"\" src=\"https:\/\/d26lpennugtm8s.cloudfront.net\/assets\/common\/img\/logos\/payment\/mercadopago@2x.png\" width=\"45\" height=\"28\" \/><\/div>\n<\/div>\n<\/div>\n","protected":false},"featured_media":8591,"template":"","meta":{"_seopress_robots_primary_cat":"none","_seopress_titles_title":"","_seopress_titles_desc":"%%post_content%%","_seopress_robots_index":""},"product_cat":[38,15],"product_tag":[],"class_list":{"0":"post-8586","1":"product","2":"type-product","3":"status-publish","4":"has-post-thumbnail","6":"product_cat-estetica-e-cosmetica","7":"product_cat-uncategorized","9":"first","10":"instock","11":"downloadable","12":"virtual","13":"product-type-simple","14":"col-xs-6 col-sm-4","15":"col-mf-5","16":"un-5-cols"},"jetpack_sharing_enabled":true,"_links":{"self":[{"href":"https:\/\/portifolioos-prontos.com\/index.php\/wp-json\/wp\/v2\/product\/8586","targetHints":{"allow":["GET"]}}],"collection":[{"href":"https:\/\/portifolioos-prontos.com\/index.php\/wp-json\/wp\/v2\/product"}],"about":[{"href":"https:\/\/portifolioos-prontos.com\/index.php\/wp-json\/wp\/v2\/types\/product"}],"version-history":[{"count":0,"href":"https:\/\/portifolioos-prontos.com\/index.php\/wp-json\/wp\/v2\/product\/8586\/revisions"}],"wp:featuredmedia":[{"embeddable":true,"href":"https:\/\/portifolioos-prontos.com\/index.php\/wp-json\/wp\/v2\/media\/8591"}],"wp:attachment":[{"href":"https:\/\/portifolioos-prontos.com\/index.php\/wp-json\/wp\/v2\/media?parent=8586"}],"wp:term":[{"taxonomy":"product_cat","embeddable":true,"href":"https:\/\/portifolioos-prontos.com\/index.php\/wp-json\/wp\/v2\/product_cat?post=8586"},{"taxonomy":"product_tag","embeddable":true,"href":"https:\/\/portifolioos-prontos.com\/index.php\/wp-json\/wp\/v2\/product_tag?post=8586"}],"curies":[{"name":"wp","href":"https:\/\/api.w.org\/{rel}","templated":true}]}}