{"id":8611,"date":"2022-09-22T22:28:57","date_gmt":"2022-09-23T01:28:57","guid":{"rendered":"https:\/\/portifolioos-prontos.com\/?post_type=product&#038;p=8611"},"modified":"2022-10-23T23:14:26","modified_gmt":"2022-10-24T02:14:26","slug":"portfolio-teniase-e-cisticercose-aspectos-gerais-da-parasitose-e-de-seus-hospedeiros","status":"publish","type":"product","link":"https:\/\/portifolioos-prontos.com\/index.php\/product\/portfolio-teniase-e-cisticercose-aspectos-gerais-da-parasitose-e-de-seus-hospedeiros\/","title":{"rendered":"Portf\u00f3lio Ten\u00edase e cisticercose \u2013 aspectos gerais da parasitose e de seus hospedeiros"},"content":{"rendered":"<h4>Portf\u00f3lio\u00a0<span class=\"fontstyle0\">Ten\u00edase e cisticercose \u2013 aspectos gerais da parasitose e de seus hospedeiros<\/span><\/h4>\n<p>Ci\u00eancias Biol\u00f3gicas \u2013 Semestre 5\u00ba\/6\u00ba semestre<\/p>\n<p>Ten\u00edase e cisticercose \u2013 aspectos gerais da parasitose e de seus hospedeiros<\/p>\n<p><span class=\"fontstyle0\">A proposta de Produ\u00e7\u00e3o Textual Interdisciplinar em Grupo (PTG) ter\u00e1 como tem\u00e1tica:<br \/>\n<strong>\u201c<\/strong><\/span><strong><span class=\"fontstyle2\">Ten\u00edase e cisticercose \u2013 aspectos gerais da parasitose e de seus hospedeiros\u201d<\/span><\/strong><span class=\"fontstyle0\"><strong>.<\/strong><br \/>\nEscolhemos este assunto para possibilitar a aprendizagem interdisciplinar dos conte\u00fados desenvolvidos nas disciplinas desse semestre. Na atividade de produ\u00e7\u00e3o textual, voc\u00ea analisar\u00e1 questionamentos relacionados a cada disciplina estudada no semestre, a fim de elucidar e resolver a situa\u00e7\u00e3o-problema proposta.<br \/>\n<\/span><span class=\"fontstyle2\"><br \/>\n<\/span><span class=\"fontstyle0\">A ten\u00edase e a cisticercose s\u00e3o patologias decorrentes da infesta\u00e7\u00e3o\/infec\u00e7\u00e3o causadas por\u00a0<\/span><span class=\"fontstyle3\">Taenia solium\u00a0<\/span><span class=\"fontstyle0\">e\u00a0<\/span><span class=\"fontstyle3\">Taenia saginata<\/span><span class=\"fontstyle0\">. A ten\u00edase, popularmente conhecida como solit\u00e1ria, \u00e9 uma verminose provocada pelos parasitas\u00a0<\/span><span class=\"fontstyle3\">Taenia solium\u00a0<\/span><span class=\"fontstyle0\">ou\u00a0<\/span><span class=\"fontstyle3\">Taenia saginata<\/span><span class=\"fontstyle0\">, que s\u00e3o vermes platelmintos da Classe Cestoda. Por sua vez, a cisticercose tamb\u00e9m \u00e9 uma doen\u00e7a provocada por esses parasitos,\u00a0<\/span><span class=\"fontstyle0\">mas, ao contr\u00e1rio da ten\u00edase, a cisticercose \u00e9 uma doen\u00e7a causada somente pela larva (cisticerco) da\u00a0<\/span><span class=\"fontstyle3\">Taenia solium<\/span><span class=\"fontstyle0\">.<br \/>\nO complexo ten\u00edase\/cisticercose \u00e9 um grave problema de sa\u00fade p\u00fablica em v\u00e1rias regi\u00f5es da \u00c1sia, \u00c1frica e Am\u00e9rica Latina, particularmente nos pa\u00edses em desenvolvimento. Nestes, a precariedade das condi\u00e7\u00f5es sanit\u00e1rias e o baixo n\u00edvel socioecon\u00f4mico e cultural da popula\u00e7\u00e3o aliam-se na persist\u00eancia de sua dissemina\u00e7\u00e3o. Segundo a Organiza\u00e7\u00e3o Mundial de Sa\u00fade, o complexo ten\u00edase\/cisticercose afeta 50.000.000 de indiv\u00edduos e 50.000 falecem a cada ano. O controle da ten\u00edase-cisticercose depende das condi\u00e7\u00f5es econ\u00f4micas, sociais e culturais de cada regi\u00e3o e pa\u00eds, tendo a educa\u00e7\u00e3o sanit\u00e1ria como ferramenta fundamental.<br \/>\nNeste contexto, a educa\u00e7\u00e3o \u00e9 um componente nobre na complexa teia preventiva das doen\u00e7as parasit\u00e1rias. Sendo a escola local fundamental para a media\u00e7\u00e3o e transmiss\u00e3o de conceitos, valores e atitudes, que auxiliam na forma\u00e7\u00e3o da crian\u00e7a e do adolescente. Portanto, o espa\u00e7o escolar contribui para o desenvolvimento de atitudes saud\u00e1veis e, \u00e9 papel do professor auxiliar seus alunos na constru\u00e7\u00e3o desses h\u00e1bitos.<br \/>\n<\/span><span class=\"fontstyle2\">Portf\u00f3lio Ten\u00edase e cisticercose \u2013 aspectos gerais da parasitose e de seus hospedeiros<\/span><\/p>\n<p><span class=\"fontstyle0\">Caroline atua como professora de Ci\u00eancias e Biologia na Educa\u00e7\u00e3o B\u00e1sica. Durante uma aula de Ci\u00eancias para o 6\u00ba ano, o aluno Ot\u00e1vio relatou que sua m\u00e3e foi gravemente acometida por uma parasitose. Entretanto, o aluno gostaria de saber mais detalhes sobre essa doen\u00e7a. Ele relatou que sua m\u00e3e est\u00e1 apresentando os seguintes sintomas: cefaleia, convuls\u00f5es, vis\u00e3o turva, diarreia, dor abdominal, v\u00f4mito e perda de peso. Disse que ap\u00f3s atendimento m\u00e9dico em uma Unidade de Pronto Atendimento, a m\u00e3e dele foi diagnosticada com ten\u00edase e neurocisticercose. Caroline n\u00e3o \u00e9 especialista em parasitologia, por\u00e9m ela ir\u00e1 buscar o m\u00e1ximo de informa\u00e7\u00f5es sobre essa parasitose e seus acometimentos, para ensinar \u00e0 Ot\u00e1vio e aos demais alunos.<br \/>\nAgora, com base na SP apresentada, voc\u00ea e seu grupo dever\u00e3o elaborar a produ\u00e7\u00e3o textual sobre o tema.<br \/>\n<\/span><span class=\"fontstyle2\">IMPORTANTE:\u00a0<\/span><span class=\"fontstyle0\">elaborem um texto que integre e relacione os pontos levantados no item \u201c<\/span><span class=\"fontstyle3\">Desenvolvimento<\/span><span class=\"fontstyle0\">\u201d, mencionado a seguir. Para isso, construa uma produ\u00e7\u00e3o textual que aborde os\u00a0<\/span><span class=\"fontstyle2\"><br \/>\n<\/span><span class=\"fontstyle0\">desdobramentos conceituais e interdisciplinares que envolvem o tema geral, mas, lembrem-se de que TODOS os itens (itens A a F) devem estar relacionados com a SP apresentada. Para o<br \/>\ndesenvolvimento do trabalho, a equipe dever\u00e1 consultar e se fundamentar nas teleaulas, webaulas, sugest\u00f5es de leitura e no livro-texto das disciplinas que integram o semestre, dispon\u00edveis na<br \/>\nBiblioteca Digital, bem como contar com a orienta\u00e7\u00e3o dos tutores a dist\u00e2ncia por meio do sistema de mensagens. Portf\u00f3lio Ten\u00edase e cisticercose \u2013 aspectos gerais da parasitose e de seus hospedeiros<br \/>\nAssim, para o desenvolvimento desta PTG, o grupo dever\u00e1 refletir sobre a situa\u00e7\u00e3o-problema e produzir um texto de acordo com as instru\u00e7\u00f5es a seguir:<br \/>\n<\/span><span class=\"fontstyle2\">1. Introdu\u00e7\u00e3o:\u00a0<\/span><span class=\"fontstyle0\">discorra sobre o contexto geral do assunto proposto e os principais temas a serem tratados no desenvolvimento do trabalho (De 2 at\u00e9 3 laudas) .<br \/>\n<\/span><span class=\"fontstyle2\">2. Desenvolvimento:\u00a0<\/span><span class=\"fontstyle0\">nesse momento, o grupo dever\u00e1 escrever uma breve fundamenta\u00e7\u00e3o te\u00f3rica abordando de forma integrada e articulada os assuntos apresentados nos itens a seguir (At\u00e9 6 laudas):<br \/>\nA.\u00a0<\/span><span class=\"fontstyle2\">Filo Platyhelminthes e Classe Cestoda:\u00a0<\/span><span class=\"fontstyle0\">apresentar os aspectos morfol\u00f3gicos do filo e da classe e as caracter\u00edsticas das esp\u00e9cies de\u00a0<\/span><span class=\"fontstyle3\">Taenia. Portf\u00f3lio\u00a0Ten\u00edase e cisticercose\u00a0\u2013 aspectos gerais da parasitose e de seus hospedeiros<br \/>\n<\/span><span class=\"fontstyle0\">B.\u00a0<\/span><span class=\"fontstyle2\">Hospedeiros da t\u00eania:\u00a0<\/span><span class=\"fontstyle0\">diferenciar os hospedeiros intermedi\u00e1rio e definitivo.<br \/>\nDescrever as principais caracter\u00edsticas morfol\u00f3gicas internas e externas desses animais, sua ecologia e como os h\u00e1bitos alimentares desses hospedeiros intermedi\u00e1rios contribuem para sua participa\u00e7\u00e3o no ciclo das doen\u00e7as.\u00a0Portf\u00f3lio Ten\u00edase e cisticercose\u00a0\u2013 aspectos gerais da parasitose e de seus hospedeiros<br \/>\nC.\u00a0<\/span><span class=\"fontstyle2\">Ciclo biol\u00f3gico da ten\u00edase:\u00a0<\/span><span class=\"fontstyle0\">apresentar a etiologia da ten\u00edase e da cisticercose, sintomatologia, controle, profilaxias e tratamentos. Utilize de ilustra\u00e7\u00f5es did\u00e1ticas e explicativas, se julgar necess\u00e1rio.<br \/>\nD.\u00a0<\/span><span class=\"fontstyle2\">Fisiopatologia da doen\u00e7a:\u00a0<\/span><span class=\"fontstyle0\">descrever as estruturas anat\u00f4micas e\/ou sistemas do corpo humano acometidos pelo complexo ten\u00edase-cisticercose e comparar com as caracter\u00edsticas morfol\u00f3gicas dos demais hospedeiros (porco e boi).<\/span><br \/>\n<span class=\"fontstyle0\">E.\u00a0<\/span><span class=\"fontstyle2\">Aspectos epidemiol\u00f3gicos do complexo ten\u00edase-cisticercose no Brasil:\u00a0<\/span><span class=\"fontstyle0\">relacione as regi\u00f5es geogr\u00e1ficas que apresentam maior n\u00famero de casos e as condi\u00e7\u00f5es ambientais, sociais e econ\u00f4micas da popula\u00e7\u00e3o mais afetadas nessas regi\u00f5es.<br \/>\nF.\u00a0<\/span><span class=\"fontstyle2\">O estudo das parasitoses nas aulas de Ci\u00eancias e Biologia:\u00a0<\/span><span class=\"fontstyle0\">aborde de que maneira o ambiente escolar consiste em um importante fator na modifica\u00e7\u00e3o de h\u00e1bitos, na<br \/>\nbusca por melhores condi\u00e7\u00f5es sanit\u00e1rias e para a preven\u00e7\u00e3o de parasitoses.<br \/>\n<\/span><span class=\"fontstyle2\">3. Considera\u00e7\u00f5es finais:\u00a0<\/span><span class=\"fontstyle0\">para a finaliza\u00e7\u00e3o do texto, deve ser feita uma retomada do temabase, com a s\u00edntese do seu posicionamento em rela\u00e7\u00e3o a SP apresentada e ao trabalho elaborado.<br \/>\n(No m\u00e1ximo 1 lauda).<br \/>\n<\/span><span class=\"fontstyle2\">4. Refer\u00eancias bibliogr\u00e1ficas:\u00a0<\/span><span class=\"fontstyle0\">citar todas as bibliografias consultadas e referenciadas na produ\u00e7\u00e3o textual, seguindo as normas da ABNT.<br \/>\n<\/span><span class=\"fontstyle2\">Sugest\u00f5es de leitura:<br \/>\n<\/span><span class=\"fontstyle0\">ASSIS, Sheila Soares de; JORGE, Tania Ara\u00fajo.\u00a0<\/span><span class=\"fontstyle2\">As doen\u00e7as negligenciadas e o ensino de Ci\u00eancias: reflex\u00f5es elaboradas a partir das propostas curriculares<\/span><span class=\"fontstyle0\">. Ensino, Sa\u00fade e Ambiente, 2014, v.7, n.1.<br \/>\nCHIEFFI, Pedro Paulo; SANTOS, Sergio Vieira dos.\u00a0<\/span><span class=\"fontstyle2\">Ten\u00edase \u2013 cisticercose: uma zoonose negligenciada<\/span><span class=\"fontstyle0\">.<br \/>\nArquivos M\u00e9dicos do Hospital da Faculdade de Ci\u00eancias M\u00e9dicas da Santa Casa de S\u00e3o Paulo. 2020, v. 65, n. 8.<br \/>\nMEDEIROS, Fabr\u00edcia; TOZZETTI, Danilo; GIMENES, Roberta; NEVES, Maria Francisca.\u00a0<\/span><span class=\"fontstyle2\">Complexo ten\u00edase-cisticercose<\/span><span class=\"fontstyle0\">. Revista Cient\u00edfica Eletr\u00f4nica de Medicina Veterin\u00e1ria, 2008, n. 11.<br \/>\nPFUETZENREITER, M\u00e1rcia Regina e Pires, \u00c1VILA, Fernando Dias de.\u00a0<\/span><span class=\"fontstyle2\">Epidemiologia da ten\u00edase\/cisticercose por Taenia solium e Taenia saginata<\/span><span class=\"fontstyle0\">. Ci\u00eancia Rural. 2000, v. 30, n. 3.<br \/>\nRIBEIRO, Naassom Almeida Souza; TELLES, Evelise Oliveira; BALIAN, Simone de Carvalho.\u00a0<\/span><span class=\"fontstyle2\">O Complexo Ten\u00edase Humana-Cisticercose: ainda um s\u00e9rio problema de sa\u00fade p\u00fablica<\/span><span class=\"fontstyle0\">, 2012<\/span><\/p>\n<div class=\"elementor-toggle-item\">\n<h4 id=\"elementor-tab-title-1941\" class=\"elementor-tab-title elementor-active\" tabindex=\"0\" role=\"tab\" data-tab=\"1\" aria-controls=\"elementor-tab-content-1941\" aria-expanded=\"true\" aria-selected=\"true\">Como funciona?<\/h4>\n<div id=\"elementor-tab-content-1941\" class=\"elementor-tab-content elementor-clearfix elementor-active\" role=\"tabpanel\" data-tab=\"1\" aria-labelledby=\"elementor-tab-title-1941\">\n<p>Elaboramos os portf\u00f3lios, j\u00e1 deixamos prontos, nas normas da ABNT e conforme os requisitos da universidade. F\u00e1cil assim! O MELHOR \u00c9 QUE VOC\u00ca COMPRA E J\u00c1 BAIXA NA HORA O SEU ARQUIVO EM WORD! Sabemos que conciliar trabalho, fam\u00edlia, vida profissional e estudos \u00e9 dif\u00edcil hoje em dia, por isso, estamos aqui para ajudar voc\u00ea. Conte com nossa qualidade, experi\u00eancia e profissionalismo adquirindo seu portf\u00f3lio conosco. GARANTIMOS SEU CONCEITO!<\/p>\n<h4>Como se realizam os envios?<\/h4>\n<\/div>\n<\/div>\n<div class=\"elementor-toggle-item\">\n<div id=\"elementor-tab-content-1942\" class=\"elementor-tab-content elementor-clearfix elementor-active\" role=\"tabpanel\" data-tab=\"2\" aria-labelledby=\"elementor-tab-title-1942\">O seu trabalho \u00e9 disponibilizado pronto, respondido e nas normas j\u00e1 na mesma hora aqui em nosso site na sua \u00e1rea de downloads e tamb\u00e9m no seu e-mail.<\/div>\n<\/div>\n<div class=\"elementor-toggle-item\">\n<div id=\"elementor-tab-content-1943\" class=\"elementor-tab-content elementor-clearfix elementor-active\" role=\"tabpanel\" data-tab=\"3\" aria-labelledby=\"elementor-tab-title-1943\">\n<h4>Em quanto tempo recebo o portf\u00f3lio?<\/h4>\n<\/div>\n<\/div>\n<div class=\"elementor-toggle-item\">\n<div id=\"elementor-tab-content-1944\" class=\"elementor-tab-content elementor-clearfix elementor-active\" role=\"tabpanel\" data-tab=\"4\" aria-labelledby=\"elementor-tab-title-1944\">\n<p>Os envios s\u00e3o imediatos. Ap\u00f3s sua compra, o trabalho j\u00e1 \u00e9 disponibilizado instantaneamente aqui em nosso site e no seu e-mail.<\/p>\n<h4>E se o portf\u00f3lio que comprei precisar de corre\u00e7\u00e3o?<\/h4>\n<\/div>\n<\/div>\n<div class=\"elementor-toggle-item\">\n<div id=\"elementor-tab-content-1945\" class=\"elementor-tab-content elementor-clearfix elementor-active\" role=\"tabpanel\" data-tab=\"5\" aria-labelledby=\"elementor-tab-title-1945\">\n<p>Caso haja alguma solicita\u00e7\u00e3o de corre\u00e7\u00e3o\/altera\u00e7\u00e3o por parte do tutor, basta entrar em contato conosco pelo\u00a0<a href=\"https:\/\/api.whatsapp.com\/send\/?phone=5553984751621&amp;text&amp;app_absent=0\">WhatsApp<\/a>\u00a0que provid\u00eanciaremos sem custo algum.<\/p>\n<h4>Qual o formato do arquivo?<\/h4>\n<\/div>\n<\/div>\n<div class=\"elementor-toggle-item\">\n<div id=\"elementor-tab-content-1946\" class=\"elementor-tab-content elementor-clearfix elementor-active\" role=\"tabpanel\" data-tab=\"6\" aria-labelledby=\"elementor-tab-title-1946\">\n<p>Os arquivos s\u00e3o enviados em formato Word e s\u00e3o edit\u00e1veis.<\/p>\n<h4>Caso eu tiver alguma d\u00favida, terei suporte no p\u00f3s venda?<\/h4>\n<\/div>\n<\/div>\n<div class=\"elementor-toggle-item\">\n<div id=\"elementor-tab-content-1948\" class=\"elementor-tab-content elementor-clearfix elementor-active\" role=\"tabpanel\" data-tab=\"8\" aria-labelledby=\"elementor-tab-title-1948\">\n<p>Sim, com certeza. Basta clicar no \u00edcone do WhatsApp no cantinho da tela. Ser\u00e1 um prazer atend\u00ea-lo(a).<\/p>\n<div class=\"elementor-toggle-item\">\n<div id=\"elementor-tab-content-1948\" class=\"elementor-tab-content elementor-clearfix elementor-active\" role=\"tabpanel\" data-tab=\"8\" aria-labelledby=\"elementor-tab-title-1948\">\n<h4>Quais os seus canais de contato?<\/h4>\n<\/div>\n<\/div>\n<div class=\"elementor-toggle-item\">\n<div id=\"elementor-tab-content-1949\" class=\"elementor-tab-content elementor-clearfix elementor-active\" role=\"tabpanel\" data-tab=\"9\" aria-labelledby=\"elementor-tab-title-1949\">\n<p>Whatsapp: 53 984751621 \u2013 Clicar no canto da tela ou ESCANEIE O QRCODE ABAIXO<\/p>\n<p><img decoding=\"async\" class=\"alignnone wp-image-7603 jetpack-lazy-image jetpack-lazy-image--handled\" src=\"https:\/\/i0.wp.com\/portifolioos-prontos.com\/wp-content\/uploads\/2022\/09\/portfolio-unopar-pronto-colaborar-ava-producao-textual-interdisciplinar.png?resize=141%2C141\" sizes=\"(max-width: 141px) 100vw, 141px\" srcset=\"https:\/\/i0.wp.com\/portifolioos-prontos.com\/wp-content\/uploads\/2022\/09\/portfolio-unopar-pronto-colaborar-ava-producao-textual-interdisciplinar.png?w=150&amp;ssl=1 150w, https:\/\/i0.wp.com\/portifolioos-prontos.com\/wp-content\/uploads\/2022\/09\/portfolio-unopar-pronto-colaborar-ava-producao-textual-interdisciplinar.png?resize=100%2C100&amp;ssl=1 100w\" alt=\"Ten\u00edase e cisticercose \u2013 aspectos gerais da parasitose e de seus hospedeiros,portf\u00f3lio Ten\u00edase e cisticercose \u2013 aspectos gerais da parasitose e de seus hospedeiros,Ten\u00edase e cisticercose,ten\u00edase e cisticercose tratamento,ten\u00edase e cisticercose sintomas,ten\u00edase e cisticercose diferen\u00e7a,ten\u00edase e cisticercose diagn\u00f3stico,ten\u00edase e cisticercose transmiss\u00e3o,teniase e cisticercose preven\u00e7\u00e3o,ten\u00edase e cisticercose ciclo,ten\u00edase e cisticercose ciclo de vida,ten\u00edase e cisticercose pdf,Ten\u00edase e cisticercose aspectos gerais\" width=\"141\" height=\"141\" data-recalc-dims=\"1\" data-lazy-loaded=\"1\" \/><\/p>\n<\/div>\n<\/div>\n<\/div>\n<\/div>\n<div class=\"elementor-toggle-item\">\n<div id=\"elementor-tab-content-1949\" class=\"elementor-tab-content elementor-clearfix elementor-active\" role=\"tabpanel\" data-tab=\"9\" aria-labelledby=\"elementor-tab-title-1949\">\n<p>E-mail:portifoliosp@gmail.com<\/p>\n<div id=\"attachment_143\" class=\"wp-caption alignnone\">\n<div id=\"attachment_143\" class=\"wp-caption alignnone\" style=\"width: 147px;\">\n<p><a href=\"http:\/\/portifolioos-prontos.com\/\"><img decoding=\"async\" class=\"wp-image-143 jetpack-lazy-image jetpack-lazy-image--handled\" title=\"portfolio pronto unopar\" src=\"https:\/\/i0.wp.com\/portifolioos-prontos.com\/wp-content\/uploads\/2022\/04\/conceitomaximo.png?resize=161%2C46\" alt=\"PORTFOLIO PRONTO UNOPAR ANHANGUERA\" width=\"147\" height=\"42\" aria-describedby=\"caption-attachment-143\" data-recalc-dims=\"1\" data-lazy-loaded=\"1\" \/><\/a><\/p>\n<p id=\"caption-attachment-143\" class=\"wp-caption-text\">Portf\u00f3lio em Word, respondido, completo e j\u00e1 nas normas.<\/p>\n<\/div>\n<\/div>\n<\/div>\n<\/div>\n","protected":false},"excerpt":{"rendered":"<div class=\"product-short-description\">\n<h5><strong>Pague pelo PIX ou cart\u00e3o e fa\u00e7a o download agora mesmo.<\/strong><\/h5>\n<\/div>\n<div class=\"sticky-add-to-cart-wrapper\">\n<div class=\"sticky-add-to-cart\">\n<div class=\"quantity buttons_added form-flat\"><img decoding=\"async\" class=\"alignnone wp-image-761\" src=\"http:\/\/portifolioos-prontos.com\/wp-content\/uploads\/2022\/04\/PIX-300x107.webp\" alt=\"\" width=\"78\" height=\"28\" \/>\u00a0\u00a0<img loading=\"lazy\" decoding=\"async\" class=\"\" src=\"https:\/\/d26lpennugtm8s.cloudfront.net\/assets\/common\/img\/logos\/payment\/visa@2x.png\" width=\"46\" height=\"29\" \/><img loading=\"lazy\" decoding=\"async\" class=\"\" src=\"https:\/\/d26lpennugtm8s.cloudfront.net\/assets\/common\/img\/logos\/payment\/boleto@2x.png\" width=\"43\" height=\"27\" \/><img loading=\"lazy\" decoding=\"async\" class=\"\" src=\"https:\/\/d26lpennugtm8s.cloudfront.net\/assets\/common\/img\/logos\/payment\/mastercard@2x.png\" width=\"43\" height=\"27\" \/><img loading=\"lazy\" decoding=\"async\" class=\"\" src=\"https:\/\/d26lpennugtm8s.cloudfront.net\/assets\/common\/img\/logos\/payment\/amex@2x.png\" width=\"43\" height=\"27\" \/><img loading=\"lazy\" decoding=\"async\" class=\"\" src=\"https:\/\/d26lpennugtm8s.cloudfront.net\/assets\/common\/img\/logos\/payment\/diners@2x.png\" width=\"46\" height=\"29\" \/><img loading=\"lazy\" decoding=\"async\" class=\"\" src=\"https:\/\/d26lpennugtm8s.cloudfront.net\/assets\/common\/img\/logos\/payment\/br\/elo@2x.png\" width=\"45\" height=\"28\" \/><img loading=\"lazy\" decoding=\"async\" class=\"\" src=\"https:\/\/d26lpennugtm8s.cloudfront.net\/assets\/common\/img\/logos\/payment\/br\/hipercard@2x.png\" width=\"44\" height=\"28\" \/><img loading=\"lazy\" decoding=\"async\" class=\"\" src=\"https:\/\/d26lpennugtm8s.cloudfront.net\/assets\/common\/img\/logos\/payment\/mercadopago@2x.png\" width=\"45\" height=\"28\" \/><\/div>\n<\/div>\n<\/div>\n","protected":false},"featured_media":0,"template":"","meta":{"_seopress_robots_primary_cat":"none","_seopress_titles_title":"","_seopress_titles_desc":"%%post_content%%","_seopress_robots_index":""},"product_cat":[76,15],"product_tag":[],"class_list":{"0":"post-8611","1":"product","2":"type-product","3":"status-publish","5":"product_cat-ciencias-biologicas","6":"product_cat-uncategorized","8":"first","9":"instock","10":"downloadable","11":"virtual","12":"purchasable","13":"product-type-simple","14":"col-xs-6 col-sm-4","15":"col-mf-5","16":"un-5-cols"},"jetpack_sharing_enabled":true,"_links":{"self":[{"href":"https:\/\/portifolioos-prontos.com\/index.php\/wp-json\/wp\/v2\/product\/8611","targetHints":{"allow":["GET"]}}],"collection":[{"href":"https:\/\/portifolioos-prontos.com\/index.php\/wp-json\/wp\/v2\/product"}],"about":[{"href":"https:\/\/portifolioos-prontos.com\/index.php\/wp-json\/wp\/v2\/types\/product"}],"version-history":[{"count":0,"href":"https:\/\/portifolioos-prontos.com\/index.php\/wp-json\/wp\/v2\/product\/8611\/revisions"}],"wp:attachment":[{"href":"https:\/\/portifolioos-prontos.com\/index.php\/wp-json\/wp\/v2\/media?parent=8611"}],"wp:term":[{"taxonomy":"product_cat","embeddable":true,"href":"https:\/\/portifolioos-prontos.com\/index.php\/wp-json\/wp\/v2\/product_cat?post=8611"},{"taxonomy":"product_tag","embeddable":true,"href":"https:\/\/portifolioos-prontos.com\/index.php\/wp-json\/wp\/v2\/product_tag?post=8611"}],"curies":[{"name":"wp","href":"https:\/\/api.w.org\/{rel}","templated":true}]}}