{"id":8675,"date":"2022-09-24T20:49:06","date_gmt":"2022-09-24T23:49:06","guid":{"rendered":"https:\/\/portifolioos-prontos.com\/?post_type=product&#038;p=8675"},"modified":"2022-10-23T23:14:08","modified_gmt":"2022-10-24T02:14:08","slug":"portfolio-engenharia-de-software-3o-semestre-2022","status":"publish","type":"product","link":"https:\/\/portifolioos-prontos.com\/index.php\/product\/portfolio-engenharia-de-software-3o-semestre-2022\/","title":{"rendered":"Portf\u00f3lio Engenharia de Software"},"content":{"rendered":"<h4>Portf\u00f3lio Engenharia de Software<\/h4>\n<p>Portf\u00f3lio Engenharia de Software<\/p>\n<p><strong><span class=\"fontstyle0\">Tarefa 1:<br \/>\n<\/span><\/strong><span class=\"fontstyle2\">Voc\u00ea trabalha como administrador de redes de uma rede de loja de departamento e precisa<br \/>\ndividir a rede em sub-redes, uma para cada setor, sendo eles: Vendas, Logistica, Ger\u00eancia e RH. Para<br \/>\nisso, voc\u00ea tem dispon\u00edvel uma faixa de endere\u00e7amento IPv4 de classe B no seguinte endere\u00e7o:<br \/>\n172.162.0.0\/16<br \/>\nNeste contexto, responda as seguintes quest\u00f5es:<br \/>\na) Qual ser\u00e1 a m\u00e1scara de sub-rede?<br \/>\nb) Ap\u00f3s a divis\u00e3o em 4 sub-redes, qual o n\u00famero de hosts por sub-rede?<br \/>\nc) Preencha a tabela a seguir:<br \/>\n<\/span><\/p>\n<table class=\"NormalTable\">\n<tbody>\n<tr>\n<td width=\"200\"><span class=\"fontstyle0\">Endere\u00e7o da sub-rede<\/span><\/td>\n<td width=\"200\"><span class=\"fontstyle0\">Faixa de endere\u00e7amento para<br \/>\nhosts<\/span><\/td>\n<td width=\"200\"><span class=\"fontstyle0\">Endere\u00e7o de<br \/>\nBroadcast<\/span><\/td>\n<\/tr>\n<tr>\n<td width=\"200\"><span class=\"fontstyle0\">Sub-rede 1<br \/>\n(Vendas)<\/span><\/td>\n<\/tr>\n<tr>\n<td width=\"200\"><span class=\"fontstyle0\">Sub-rede 2<br \/>\n(Log\u00edstica)<\/span><\/td>\n<\/tr>\n<tr>\n<td width=\"200\"><span class=\"fontstyle0\">Sub-rede 3<br \/>\n(Ger\u00eancia)<\/span><\/td>\n<\/tr>\n<tr>\n<td width=\"200\"><span class=\"fontstyle0\">Sub-rede 4<br \/>\n(RH)<\/span><\/td>\n<\/tr>\n<\/tbody>\n<\/table>\n<p><strong><span class=\"fontstyle0\">Tarefa 2: Portf\u00f3lio Engenharia de Software 3\u00ba semestre 2022<br \/>\n<\/span><\/strong><span class=\"fontstyle2\">Desenvolva um diagrama de casos de uso para um sistema de compra de roupas online, de<br \/>\nacordo com os seguintes requisitos:<br \/>\n<\/span><span class=\"fontstyle3\">\u2022\u00a0<\/span><span class=\"fontstyle2\">O cliente pode navegar pelo cat\u00e1logo de produtos da loja;<br \/>\n<\/span><span class=\"fontstyle3\">\u2022\u00a0<\/span><span class=\"fontstyle2\">O cliente pode colocar suas pe\u00e7as de roupas favoritas no carrinho;<br \/>\n<\/span><span class=\"fontstyle3\">\u2022\u00a0<\/span><span class=\"fontstyle2\">O cliente pode finalizar a sua compra;<br \/>\n<\/span><span class=\"fontstyle3\">\u2022\u00a0<\/span><span class=\"fontstyle2\">Ao finalizar a sua compra, se o cliente j\u00e1 estiver cadastrado com um cart\u00e3o de cr\u00e9dito<br \/>\nv\u00e1lido, o sistema deve realizar a fatura da compra;<br \/>\n<\/span><span class=\"fontstyle3\">\u2022\u00a0<\/span><span class=\"fontstyle2\">Ao finalizar a sua compra, se o cliente \u00e9 novo e necessita de cadastro, o cliente ir\u00e1<br \/>\ninformar seus dados e um cart\u00e3o de cr\u00e9dito v\u00e1lido;<br \/>\n<\/span><span class=\"fontstyle3\">\u2022\u00a0<\/span><span class=\"fontstyle2\">Ap\u00f3s o informe dos dados do cart\u00e3o de cr\u00e9dito, o sistema deve verificar os dados;<br \/>\n<\/span><strong><span class=\"fontstyle0\">Tarefa 3: Portf\u00f3lio Engenharia de Software 3\u00ba semestre 2022<br \/>\n<\/span><\/strong><span class=\"fontstyle2\">Voc\u00ea \u00e9 o respons\u00e1vel pela an\u00e1lise de dados e pela modelagem do banco de dados do sistema<br \/>\nacad\u00eamico de uma universidade. Sabe que implementar um banco de dados de alta performance<br \/>\nrequer uma an\u00e1lise criteriosa das necessidades de informa\u00e7\u00f5es e suas rela\u00e7\u00f5es.<br \/>\nO sistema acad\u00eamico deve contemplar as funcionalidades de matr\u00edcula do aluno, a associa\u00e7\u00e3o<br \/>\ndas disciplinas do aluno para um determinado semestre e as notas obtidas pelas provas e apura\u00e7\u00e3o<br \/>\ndo resultado de aprova\u00e7\u00e3o ou reprova\u00e7\u00e3o, em cada disciplina, segundo um crit\u00e9rio de regras da<br \/>\nuniversidade.<br \/>\nElabore um projeto de banco de dados atrav\u00e9s de um MER (modelo de entidaderelacionamentos) as respectivas entidades e seus relacionamentos que refletem a realiza\u00e7\u00e3o das<br \/>\nfuncionalidades do sistema acad\u00eamico.<br \/>\nVoc\u00ea pode escolher os dados e as informa\u00e7\u00f5es que ir\u00e3o compor as entidades e o banco de<br \/>\ndados preparando-o para a opera\u00e7\u00e3o das seguintes funcionalidades:<br \/>\n<\/span><span class=\"fontstyle3\">\u2022\u00a0<\/span><span class=\"fontstyle2\">Gerenciar a matr\u00edcula do aluno num curso;<br \/>\n<\/span><span class=\"fontstyle3\">\u2022\u00a0<\/span><span class=\"fontstyle2\">Associar as disciplinas que o aluno cursar\u00e1 para o semestre 2022-2;<br \/>\n<\/span><span class=\"fontstyle3\">\u2022\u00a0<\/span><span class=\"fontstyle2\">Registrar as notas para apurar se o aluno foi aprovado nas disciplinas.<br \/>\nO MER deve conter pelo menos 3 entidades com relacionamentos entre si.<\/span><br \/>\n<span class=\"fontstyle0\"><br \/>\n<\/span><strong><span class=\"fontstyle0\">Tarefa 4: <\/span><\/strong><\/p>\n<p><strong><span class=\"fontstyle0\">Portf\u00f3lio Engenharia de Software 3\u00ba semestre 2022<br \/>\n<\/span><\/strong><span class=\"fontstyle2\">Ao longo de cinco anos em que se dedicou no desenvolvimento do sistema acad\u00eamico na<br \/>\nuniversidade, agora que a sua equipe colocou a maioria dos sistemas em opera\u00e7\u00e3o no ambiente de<br \/>\nprodu\u00e7\u00e3o do seu cliente, eles aprovaram a nova etapa para o Business Intelligence.<br \/>\nFa\u00e7a um planejamento dessa nova do seu projeto, descrevendo quais recursos dever\u00e1 utilizar,<br \/>\ndando um exemplo pr\u00e1tico, dando \u00eanfase no processo de constru\u00e7\u00e3o do Data Warehouse e as<br \/>\ncaracter\u00edsticas esperadas pelo uso do Data Mining.<br \/>\n<\/span><strong><span class=\"fontstyle0\">Tarefa 5:<br \/>\n<\/span><\/strong><span class=\"fontstyle2\">Com foco em qualidade do software que est\u00e1 sendo desenvolvido para uma organiza\u00e7\u00e3o que<br \/>\npretende aumentar o seu mercado, que hoje \u00e9 nacional, mas que vai atender o mercado<br \/>\ninternacional, est\u00e1 mudando alguns requisitos relacionados ao tratamento das regras de neg\u00f3cio.<br \/>\nComo exemplo: a convers\u00e3o de moedas, convers\u00e3o de unidade de medidas, crit\u00e9rio de exig\u00eancias<br \/>\npelas organiza\u00e7\u00f5es locais (ag\u00eancias nacionais de cada pa\u00eds), entre outras.<br \/>\nDiante de um cen\u00e1rio adverso e da modernidade, elabore uma situa\u00e7\u00e3o em que o time de<br \/>\ndesenvolvimento juntamente com os respons\u00e1veis pela opera\u00e7\u00e3o do sistema efetue as atividades<br \/>\nnecess\u00e1rias para garantir que os requisitos ser\u00e3o corretamente desenvolvidos e colocados em<br \/>\nprodu\u00e7\u00e3o. Para tanto dever\u00e1 propor atividades do Gerenciamento de mudan\u00e7as de requisitos e de<br \/>\nRevis\u00e3o de Requisitos.<\/span><\/p>\n<div class=\"elementor-toggle-item\">\n<h4 id=\"elementor-tab-title-1941\" class=\"elementor-tab-title elementor-active\" tabindex=\"0\" role=\"tab\" data-tab=\"1\" aria-controls=\"elementor-tab-content-1941\" aria-expanded=\"true\" aria-selected=\"true\">Como funciona?<\/h4>\n<div id=\"elementor-tab-content-1941\" class=\"elementor-tab-content elementor-clearfix elementor-active\" role=\"tabpanel\" data-tab=\"1\" aria-labelledby=\"elementor-tab-title-1941\">\n<p>Elaboramos os portf\u00f3lios, j\u00e1 deixamos prontos, nas normas da ABNT e conforme os requisitos da universidade. F\u00e1cil assim! O MELHOR \u00c9 QUE VOC\u00ca COMPRA E J\u00c1 BAIXA NA HORA O SEU ARQUIVO EM WORD! Sabemos que conciliar trabalho, fam\u00edlia, vida profissional e estudos \u00e9 dif\u00edcil hoje em dia, por isso, estamos aqui para ajudar voc\u00ea. Conte com nossa qualidade, experi\u00eancia e profissionalismo adquirindo seu portf\u00f3lio conosco. GARANTIMOS SEU CONCEITO!<\/p>\n<h4>Como se realizam os envios?<\/h4>\n<\/div>\n<\/div>\n<div class=\"elementor-toggle-item\">\n<div id=\"elementor-tab-content-1942\" class=\"elementor-tab-content elementor-clearfix elementor-active\" role=\"tabpanel\" data-tab=\"2\" aria-labelledby=\"elementor-tab-title-1942\">O seu trabalho \u00e9 disponibilizado pronto, respondido e nas normas j\u00e1 na mesma hora aqui em nosso site na sua \u00e1rea de downloads e tamb\u00e9m no seu e-mail.<\/div>\n<\/div>\n<div class=\"elementor-toggle-item\">\n<div id=\"elementor-tab-content-1943\" class=\"elementor-tab-content elementor-clearfix elementor-active\" role=\"tabpanel\" data-tab=\"3\" aria-labelledby=\"elementor-tab-title-1943\">\n<h4>Em quanto tempo recebo o portf\u00f3lio?<\/h4>\n<\/div>\n<\/div>\n<div class=\"elementor-toggle-item\">\n<div id=\"elementor-tab-content-1944\" class=\"elementor-tab-content elementor-clearfix elementor-active\" role=\"tabpanel\" data-tab=\"4\" aria-labelledby=\"elementor-tab-title-1944\">\n<p>Os envios s\u00e3o imediatos. Ap\u00f3s sua compra, o trabalho j\u00e1 \u00e9 disponibilizado instantaneamente aqui em nosso site e no seu e-mail.<\/p>\n<h4>E se o portf\u00f3lio que comprei precisar de corre\u00e7\u00e3o?<\/h4>\n<\/div>\n<\/div>\n<div class=\"elementor-toggle-item\">\n<div id=\"elementor-tab-content-1945\" class=\"elementor-tab-content elementor-clearfix elementor-active\" role=\"tabpanel\" data-tab=\"5\" aria-labelledby=\"elementor-tab-title-1945\">\n<p>Caso haja alguma solicita\u00e7\u00e3o de corre\u00e7\u00e3o\/altera\u00e7\u00e3o por parte do tutor, basta entrar em contato conosco pelo\u00a0<a href=\"https:\/\/api.whatsapp.com\/send\/?phone=5553984751621&amp;text&amp;app_absent=0\">WhatsApp<\/a>\u00a0que provid\u00eanciaremos sem custo algum.<\/p>\n<h4>Qual o formato do arquivo?<\/h4>\n<\/div>\n<\/div>\n<div class=\"elementor-toggle-item\">\n<div id=\"elementor-tab-content-1946\" class=\"elementor-tab-content elementor-clearfix elementor-active\" role=\"tabpanel\" data-tab=\"6\" aria-labelledby=\"elementor-tab-title-1946\">\n<p>Os arquivos s\u00e3o enviados em formato Word e s\u00e3o edit\u00e1veis.<\/p>\n<h4>Caso eu tiver alguma d\u00favida, terei suporte no p\u00f3s venda?<\/h4>\n<\/div>\n<\/div>\n<div class=\"elementor-toggle-item\">\n<div id=\"elementor-tab-content-1948\" class=\"elementor-tab-content elementor-clearfix elementor-active\" role=\"tabpanel\" data-tab=\"8\" aria-labelledby=\"elementor-tab-title-1948\">\n<p>Sim, com certeza. Basta clicar no \u00edcone do WhatsApp no cantinho da tela. Ser\u00e1 um prazer atend\u00ea-lo(a).<\/p>\n<div class=\"elementor-toggle-item\">\n<div id=\"elementor-tab-content-1948\" class=\"elementor-tab-content elementor-clearfix elementor-active\" role=\"tabpanel\" data-tab=\"8\" aria-labelledby=\"elementor-tab-title-1948\">\n<h4>Quais os seus canais de contato?<\/h4>\n<\/div>\n<\/div>\n<div class=\"elementor-toggle-item\">\n<div id=\"elementor-tab-content-1949\" class=\"elementor-tab-content elementor-clearfix elementor-active\" role=\"tabpanel\" data-tab=\"9\" aria-labelledby=\"elementor-tab-title-1949\">\n<p>Whatsapp: 53 984751621 \u2013 Clicar no canto da tela ou ESCANEIE O QRCODE ABAIXO<\/p>\n<p><img decoding=\"async\" class=\"alignnone wp-image-7603 jetpack-lazy-image jetpack-lazy-image--handled\" src=\"https:\/\/i0.wp.com\/portifolioos-prontos.com\/wp-content\/uploads\/2022\/09\/portfolio-unopar-pronto-colaborar-ava-producao-textual-interdisciplinar.png?resize=141%2C141\" sizes=\"(max-width: 141px) 100vw, 141px\" srcset=\"https:\/\/i0.wp.com\/portifolioos-prontos.com\/wp-content\/uploads\/2022\/09\/portfolio-unopar-pronto-colaborar-ava-producao-textual-interdisciplinar.png?w=150&amp;ssl=1 150w, https:\/\/i0.wp.com\/portifolioos-prontos.com\/wp-content\/uploads\/2022\/09\/portfolio-unopar-pronto-colaborar-ava-producao-textual-interdisciplinar.png?resize=100%2C100&amp;ssl=1 100w\" alt=\"\" width=\"141\" height=\"141\" data-recalc-dims=\"1\" data-lazy-loaded=\"1\" \/><\/p>\n<\/div>\n<\/div>\n<\/div>\n<\/div>\n<div class=\"elementor-toggle-item\">\n<div id=\"elementor-tab-content-1949\" class=\"elementor-tab-content elementor-clearfix elementor-active\" role=\"tabpanel\" data-tab=\"9\" aria-labelledby=\"elementor-tab-title-1949\">\n<p>E-mail:portifoliosp@gmail.com<\/p>\n<div id=\"attachment_143\" class=\"wp-caption alignnone\">\n<div id=\"attachment_143\" class=\"wp-caption alignnone\" style=\"width: 126px;\">\n<p><a href=\"http:\/\/portifolioos-prontos.com\/\"><img decoding=\"async\" class=\"wp-image-143 jetpack-lazy-image jetpack-lazy-image--handled\" title=\"portfolio pronto unopar\" src=\"https:\/\/i0.wp.com\/portifolioos-prontos.com\/wp-content\/uploads\/2022\/04\/conceitomaximo.png?resize=161%2C46\" alt=\"PORTFOLIO PRONTO UNOPAR ANHANGUERA\" width=\"126\" height=\"36\" aria-describedby=\"caption-attachment-143\" data-recalc-dims=\"1\" data-lazy-loaded=\"1\" \/><\/a><\/p>\n<p id=\"caption-attachment-143\" class=\"wp-caption-text\">Portf\u00f3lio em Word, respondido, completo e j\u00e1 nas normas.<\/p>\n<\/div>\n<\/div>\n<\/div>\n<\/div>\n","protected":false},"excerpt":{"rendered":"<div class=\"product-short-description\">\n<h5><strong>Pague pelo PIX ou cart\u00e3o e fa\u00e7a o download agora mesmo.<\/strong><\/h5>\n<\/div>\n<div class=\"sticky-add-to-cart-wrapper\">\n<div class=\"sticky-add-to-cart\">\n<div class=\"quantity buttons_added form-flat\"><img decoding=\"async\" class=\"alignnone wp-image-761\" src=\"http:\/\/portifolioos-prontos.com\/wp-content\/uploads\/2022\/04\/PIX-300x107.webp\" alt=\"\" width=\"78\" height=\"28\" \/>\u00a0\u00a0<img loading=\"lazy\" decoding=\"async\" class=\"\" src=\"https:\/\/d26lpennugtm8s.cloudfront.net\/assets\/common\/img\/logos\/payment\/visa@2x.png\" width=\"46\" height=\"29\" \/><img loading=\"lazy\" decoding=\"async\" class=\"\" src=\"https:\/\/d26lpennugtm8s.cloudfront.net\/assets\/common\/img\/logos\/payment\/boleto@2x.png\" width=\"43\" height=\"27\" \/><img loading=\"lazy\" decoding=\"async\" class=\"\" src=\"https:\/\/d26lpennugtm8s.cloudfront.net\/assets\/common\/img\/logos\/payment\/mastercard@2x.png\" width=\"43\" height=\"27\" \/><img loading=\"lazy\" decoding=\"async\" class=\"\" src=\"https:\/\/d26lpennugtm8s.cloudfront.net\/assets\/common\/img\/logos\/payment\/amex@2x.png\" width=\"43\" height=\"27\" \/><img loading=\"lazy\" decoding=\"async\" class=\"\" src=\"https:\/\/d26lpennugtm8s.cloudfront.net\/assets\/common\/img\/logos\/payment\/diners@2x.png\" width=\"46\" height=\"29\" \/><img loading=\"lazy\" decoding=\"async\" class=\"\" src=\"https:\/\/d26lpennugtm8s.cloudfront.net\/assets\/common\/img\/logos\/payment\/br\/elo@2x.png\" width=\"45\" height=\"28\" \/><img loading=\"lazy\" decoding=\"async\" class=\"\" src=\"https:\/\/d26lpennugtm8s.cloudfront.net\/assets\/common\/img\/logos\/payment\/br\/hipercard@2x.png\" width=\"44\" height=\"28\" \/><img loading=\"lazy\" decoding=\"async\" class=\"\" src=\"https:\/\/d26lpennugtm8s.cloudfront.net\/assets\/common\/img\/logos\/payment\/mercadopago@2x.png\" width=\"45\" height=\"28\" \/><\/div>\n<\/div>\n<\/div>\n","protected":false},"featured_media":8688,"template":"","meta":{"_seopress_robots_primary_cat":"none","_seopress_titles_title":"","_seopress_titles_desc":"","_seopress_robots_index":""},"product_cat":[109,58,15],"product_tag":[],"class_list":{"0":"post-8675","1":"product","2":"type-product","3":"status-publish","4":"has-post-thumbnail","6":"product_cat-analise-e-desenvolvimento-de-sistemas","7":"product_cat-cursos-de-t-i","8":"product_cat-uncategorized","10":"first","11":"instock","12":"downloadable","13":"virtual","14":"purchasable","15":"product-type-simple","16":"col-xs-6 col-sm-4","17":"col-mf-5","18":"un-5-cols"},"jetpack_sharing_enabled":true,"_links":{"self":[{"href":"https:\/\/portifolioos-prontos.com\/index.php\/wp-json\/wp\/v2\/product\/8675","targetHints":{"allow":["GET"]}}],"collection":[{"href":"https:\/\/portifolioos-prontos.com\/index.php\/wp-json\/wp\/v2\/product"}],"about":[{"href":"https:\/\/portifolioos-prontos.com\/index.php\/wp-json\/wp\/v2\/types\/product"}],"version-history":[{"count":0,"href":"https:\/\/portifolioos-prontos.com\/index.php\/wp-json\/wp\/v2\/product\/8675\/revisions"}],"wp:featuredmedia":[{"embeddable":true,"href":"https:\/\/portifolioos-prontos.com\/index.php\/wp-json\/wp\/v2\/media\/8688"}],"wp:attachment":[{"href":"https:\/\/portifolioos-prontos.com\/index.php\/wp-json\/wp\/v2\/media?parent=8675"}],"wp:term":[{"taxonomy":"product_cat","embeddable":true,"href":"https:\/\/portifolioos-prontos.com\/index.php\/wp-json\/wp\/v2\/product_cat?post=8675"},{"taxonomy":"product_tag","embeddable":true,"href":"https:\/\/portifolioos-prontos.com\/index.php\/wp-json\/wp\/v2\/product_tag?post=8675"}],"curies":[{"name":"wp","href":"https:\/\/api.w.org\/{rel}","templated":true}]}}