{"id":8682,"date":"2022-09-25T00:17:24","date_gmt":"2022-09-25T03:17:24","guid":{"rendered":"https:\/\/portifolioos-prontos.com\/?post_type=product&#038;p=8682"},"modified":"2022-09-28T22:36:45","modified_gmt":"2022-09-29T01:36:45","slug":"portfolio-a-pandemia-da-covid-19-e-a-estetica","status":"publish","type":"product","link":"https:\/\/portifolioos-prontos.com\/index.php\/product\/portfolio-a-pandemia-da-covid-19-e-a-estetica\/","title":{"rendered":"Portf\u00f3lio A pandemia da Covid-19 e a est\u00e9tica"},"content":{"rendered":"<h4>Portf\u00f3lio A pandemia da Covid-19 e a est\u00e9tica<\/h4>\n<p><strong>Situa\u00e7\u00e3o Geradora de Aprendizagem (SGA)<\/strong><br \/>\n<strong>\u201cA pandemia da Covid-19 e a est\u00e9tica\u201d<\/strong><br \/>\nO ano de 2020 foi de muitos desafios para os profissionais na beleza. O esfor\u00e7o em conter a<br \/>\npandemia fez com o setor fosse um dos mais afetados inicialmente, levando empresas atuantes na<br \/>\n\u00e1rea a paralisarem seus atendimentos aos clientes. A retomada que acontece gradualmente est\u00e1<br \/>\nsendo um grande desafio para repensar processos, refor\u00e7ar os protocolos de seguran\u00e7a e se<br \/>\nreinventar para superar a crise que pegou o mundo todo de surpresa.<br \/>\nApesar dos desafios enfrentados de acordo com dados da ABIHPEC, que \u00e9 a Associa\u00e7\u00e3o<br \/>\nBrasileira da Ind\u00fastria de Higiene Pessoal, Perfumaria e Cosm\u00e9ticos, o setor da beleza apresentou<br \/>\num crescimento de 2,2% em 2020.<br \/>\nSegundo reportagem publicada pela Revista Algomais, publicado em 17\/05\/2020, \u201centre as<br \/>\nraz\u00f5es que justificam o crescimento do setor mesmo na pandemia, aponta a associa\u00e7\u00e3o entre a<br \/>\nbeleza e o bem-estar e o avan\u00e7o em novos p\u00fablicos. \u201cA no\u00e7\u00e3o de bem-estar associado ao<br \/>\nembelezamento tamb\u00e9m \u00e9 um fator importante para a manuten\u00e7\u00e3o de bom desempenho da<br \/>\nind\u00fastria de produtos de higiene pessoal, perfumaria e cosm\u00e9ticos. A preocupa\u00e7\u00e3o com a rela\u00e7\u00e3o<br \/>\nentre embelezamento e bem-estar cresce em diversos nichos desse mercado, como a terceira idade<br \/>\ne o LGBTQ, al\u00e9m do p\u00fablico masculino que atualmente tem uma participa\u00e7\u00e3o mais relevante no<br \/>\nconsumo. Em 2020, segundo a ABIHPEC, as vendas de produtos de higiene, perfumaria e cosm\u00e9ticos<br \/>\ncresceram 5,8%. Por um lado, a pandemia trouxe a necessidade de refor\u00e7ar a higiene, por outro, o<br \/>\nisolamento social fez crescer o trabalho remoto e as constantes reuni\u00f5es, o que ampliou os cuidados<br \/>\ncom apresenta\u00e7\u00e3o pessoal.\u201d<br \/>\nN\u00e3o podemos esquecer dos in\u00fameros problemas dermatol\u00f3gicos que a pandemia causou,<br \/>\ncomo \u00e9 o caso da acne, consequ\u00eancia do uso de m\u00e1scaras.<br \/>\nAl\u00e9m disso com a paralisa\u00e7\u00e3o das atividades as pessoas ficaram mais ansiosas e deprimidas,<br \/>\nlevando ao consumo exagerado de comidas mais cal\u00f3ricas e fast foods, somado ao fato de terem<br \/>\ndeixado as atividades f\u00edsicas e os tratamentos est\u00e9ticos de lado, o que fez com que muitos<br \/>\nindiv\u00edduos aumentassem o peso corporal al\u00e9m de apresentar ou agravar as altera\u00e7\u00f5es est\u00e9ticas<br \/>\ncorporais. Ap\u00f3s essa fase inicial, grande parte retomou seus cuidados com a sa\u00fade f\u00edsica e metal e o<br \/>\nbem-estar, e gradativamente voltaram \u00e0s academias e aos centros de est\u00e9tica e beleza para<br \/>\nrecuperar o preju\u00edzo.<br \/>\nIMPORTANTE: Ap\u00f3s a leitura da situa\u00e7\u00e3o-problema e devidas reflex\u00f5es, elaborem um<br \/>\ntexto que integre e relacione os pontos levantados. Para isso, busque solu\u00e7\u00f5es para os problemas<br \/>\napresentados a seguir, mas, lembrem-se de que TODOS os desafios propostos devem ser<br \/>\nrespondidos fazendo a rela\u00e7\u00e3o entre a SGA apresentada e a respectiva teoria. Portanto,<br \/>\n\u00e9 fundamental apresentar poder argumentativo e boa fundamenta\u00e7\u00e3o das justificativas.<br \/>\nPara o desenvolvimento do trabalho, a equipe dever\u00e1 consultar e se fundamentar nas<br \/>\nteleaulas, webaulas, sugest\u00f5es de leitura e no livro-texto dispon\u00edvel na Biblioteca Digital, bem<br \/>\ncomo, contar com a orienta\u00e7\u00e3o dos tutores a dist\u00e2ncia por meio do sistema de mensagens.<br \/>\nAssim, para o desenvolvimento deste trabalho, o grupo dever\u00e1 refletir sobre a situa\u00e7\u00e3o problema e produzir um texto de acordo com as instru\u00e7\u00f5es a seguir:<br \/>\n1. Introdu\u00e7\u00e3o: discorra sobre o contexto geral do assunto proposto e os principais temas a serem<br \/>\ntratados no desenvolvimento do trabalho.<br \/>\n2. Desenvolvimento: nesse momento, o grupo dever\u00e1 escrever uma breve fundamenta\u00e7\u00e3o te\u00f3rica<br \/>\nabordando os seguintes desafios:<\/p>\n<p><strong>DESAFIO 1<\/strong><br \/>\nConsiderando que as pessoas que est\u00e3o em home office, nem sempre tem um local<br \/>\nadequado de trabalho com escrivaninha e cadeira que consideram a ergonomia do posto de<br \/>\ntrabalho, e que as vezes mais de uma pessoa na mesma casa est\u00e3o na mesma situa\u00e7\u00e3o. Desta<br \/>\nforma, haver\u00e1 certamente uma postura inadequada al\u00e9m de tens\u00e3o constante devido ao excesso<br \/>\nde atividades e responsabilidades. Estas pessoas precisam dos cuidados que os recursos manuais<br \/>\npodem proporcionar. Neste sentido, quais seriam as possibilidades de procedimentos indicados<br \/>\npara estas pessoas? Justifique a sua resposta.<\/p>\n<p><strong>DESAFIO 2<\/strong><br \/>\nConsiderando o impacto social e psicol\u00f3gico da pandemia as pessoas ficaram mais<br \/>\nestressadas, deprimidas e ansiosas, levando ao consumo exagerado de comidas mais cal\u00f3ricas,<br \/>\nal\u00e9m da inatividade f\u00edsica, o que fez com que muitos indiv\u00edduos aumentassem o peso corporal al\u00e9m<br \/>\nde apresentar ou agravar as altera\u00e7\u00f5es est\u00e9ticas corporais, como a lipodistrofia localizada.<br \/>\nEsta etapa ser\u00e1 destinada para aprofundar seus conhecimentos sobre a lipodistrofia localizada<br \/>\nbem como os benef\u00edcios da massagem modeladora, os efeitos e a efic\u00e1cia da t\u00e9cnica na redu\u00e7\u00e3o da<br \/>\ngordura localizada. Procure artigos nas bases de dados dispon\u00edveis gratuitamente e tamb\u00e9m na<br \/>\nBiblioteca Virtual, fa\u00e7a a leitura e an\u00e1lise cr\u00edtica. Ap\u00f3s isso, construa um texto abordando todos os<br \/>\naspectos da lipodistrofia localizada al\u00e9m dos benef\u00edcios, efeitos e efic\u00e1cia da massagem<br \/>\nmodeladora na redu\u00e7\u00e3o da gordura localizada.<\/p>\n<p><strong>DESAFIO 3<\/strong><br \/>\nConsiderando o aumento do surgimento da acne em decorr\u00eancia do uso das m\u00e1scaras, elabore um<br \/>\ntexto argumentativo explicando essa rela\u00e7\u00e3o.<\/p>\n<p><strong>DESAFIO 4<\/strong><br \/>\nO uso de cosm\u00e9ticos \u00e9 uma alternativa muito eficaz na tentativa controlar a acne, associado a outras<br \/>\nt\u00e9cnicas, como a limpeza de pele profunda. Uma boa formula\u00e7\u00e3o cosm\u00e9tica para tratar a acne, deve<br \/>\ncontemplar diferentes efeitos como corre\u00e7\u00e3o da altera\u00e7\u00e3o da queratiniza\u00e7\u00e3o folicular, diminui\u00e7\u00e3o da<br \/>\natividade das gl\u00e2ndulas seb\u00e1ceas, diminui\u00e7\u00e3o da popula\u00e7\u00e3o bacteriana e efeito anti-inflamat\u00f3rio. Sendo<br \/>\nassim descreva 3 ativos e suas a\u00e7\u00f5es no tratamento da acne.<br \/>\n3. Considera\u00e7\u00f5es finais: para a finaliza\u00e7\u00e3o do texto, deve ser feita uma retomada do tema-base,<br \/>\ncom a s\u00edntese do seu posicionamento em rela\u00e7\u00e3o ao caso discutido e ao relat\u00f3rio elaborado. (No<br \/>\nm\u00e1ximo 1 lauda).<br \/>\nA seguir, apresentamos a voc\u00eas alguns dos crit\u00e9rios avaliativos que nortear\u00e3o a an\u00e1lise do Tutor<br \/>\na Dist\u00e2ncia para atribuir o conceito \u00e0 produ\u00e7\u00e3o textual:<br \/>\n\uf0b7 Normaliza\u00e7\u00e3o correta do trabalho, em respeito \u00e0s normas da ABNT, com atendimento ao<br \/>\nn\u00famero de p\u00e1ginas solicitadas.<br \/>\n\uf0b7 Apresenta\u00e7\u00e3o de estrutura condizente com a proposta apresentada (com introdu\u00e7\u00e3o,<br \/>\ndesenvolvimento e conclus\u00e3o).<br \/>\n\uf0b7 Uso de linguagem acad\u00eamica adequada, com clareza e corre\u00e7\u00e3o, atendendo \u00e0 norma<br \/>\npadr\u00e3o.<br \/>\n\uf0b7 Atendimento \u00e0 proposta, contemplando todos os itens solicitados, com objetividade,<br \/>\ncriatividade, originalidade e autenticidade.<br \/>\n\uf0b7 Fundamenta\u00e7\u00e3o te\u00f3rica do trabalho, com as devidas refer\u00eancias dos autores eventualmente<br \/>\ncitados.<\/p>\n<p>Lembre-se de que seu Tutor a Dist\u00e2ncia est\u00e1 \u00e0 disposi\u00e7\u00e3o para lhes atender em suas d\u00favidas<br \/>\ne, tamb\u00e9m, para repassar orienta\u00e7\u00f5es sempre que voc\u00eas precisarem. Aproveite esta oportunidade<br \/>\npara realizar um trabalho com a qualidade acad\u00eamica de n\u00edvel universit\u00e1rio.<br \/>\nBom trabalho!<\/p>\n<div class=\"elementor-toggle-item\">\n<h4 id=\"elementor-tab-title-1941\" class=\"elementor-tab-title elementor-active\" tabindex=\"0\" role=\"tab\" data-tab=\"1\" aria-controls=\"elementor-tab-content-1941\" aria-expanded=\"true\" aria-selected=\"true\">Como funciona?<\/h4>\n<div id=\"elementor-tab-content-1941\" class=\"elementor-tab-content elementor-clearfix elementor-active\" role=\"tabpanel\" data-tab=\"1\" aria-labelledby=\"elementor-tab-title-1941\">\n<p>Elaboramos os portf\u00f3lios, j\u00e1 deixamos prontos, nas normas da ABNT e conforme os requisitos da universidade. F\u00e1cil assim! O MELHOR \u00c9 QUE VOC\u00ca COMPRA E J\u00c1 BAIXA NA HORA O SEU ARQUIVO EM WORD! Sabemos que conciliar trabalho, fam\u00edlia, vida profissional e estudos \u00e9 dif\u00edcil hoje em dia, por isso, estamos aqui para ajudar voc\u00ea. Conte com nossa qualidade, experi\u00eancia e profissionalismo adquirindo seu portf\u00f3lio conosco. GARANTIMOS SEU CONCEITO!<\/p>\n<h4>Como se realizam os envios?<\/h4>\n<\/div>\n<\/div>\n<div class=\"elementor-toggle-item\">\n<div id=\"elementor-tab-content-1942\" class=\"elementor-tab-content elementor-clearfix elementor-active\" role=\"tabpanel\" data-tab=\"2\" aria-labelledby=\"elementor-tab-title-1942\">O seu trabalho \u00e9 disponibilizado pronto, respondido e nas normas j\u00e1 na mesma hora aqui em nosso site na sua \u00e1rea de downloads e tamb\u00e9m no seu e-mail.<\/div>\n<\/div>\n<div class=\"elementor-toggle-item\">\n<div id=\"elementor-tab-content-1943\" class=\"elementor-tab-content elementor-clearfix elementor-active\" role=\"tabpanel\" data-tab=\"3\" aria-labelledby=\"elementor-tab-title-1943\">\n<h4>Em quanto tempo recebo o portf\u00f3lio?<\/h4>\n<\/div>\n<\/div>\n<div class=\"elementor-toggle-item\">\n<div id=\"elementor-tab-content-1944\" class=\"elementor-tab-content elementor-clearfix elementor-active\" role=\"tabpanel\" data-tab=\"4\" aria-labelledby=\"elementor-tab-title-1944\">\n<p>Os envios s\u00e3o imediatos. Ap\u00f3s sua compra, o trabalho j\u00e1 \u00e9 disponibilizado instantaneamente aqui em nosso site e no seu e-mail.<\/p>\n<h4>E se o portf\u00f3lio que comprei precisar de corre\u00e7\u00e3o?<\/h4>\n<\/div>\n<\/div>\n<div class=\"elementor-toggle-item\">\n<div id=\"elementor-tab-content-1945\" class=\"elementor-tab-content elementor-clearfix elementor-active\" role=\"tabpanel\" data-tab=\"5\" aria-labelledby=\"elementor-tab-title-1945\">\n<p>Caso haja alguma solicita\u00e7\u00e3o de corre\u00e7\u00e3o\/altera\u00e7\u00e3o por parte do tutor, basta entrar em contato conosco pelo\u00a0<a href=\"https:\/\/api.whatsapp.com\/send\/?phone=5553984751621&amp;text&amp;app_absent=0\">WhatsApp<\/a>\u00a0que provid\u00eanciaremos sem custo algum.<\/p>\n<h4>Qual o formato do arquivo?<\/h4>\n<\/div>\n<\/div>\n<div class=\"elementor-toggle-item\">\n<div id=\"elementor-tab-content-1946\" class=\"elementor-tab-content elementor-clearfix elementor-active\" role=\"tabpanel\" data-tab=\"6\" aria-labelledby=\"elementor-tab-title-1946\">\n<p>Os arquivos s\u00e3o enviados em formato Word e s\u00e3o edit\u00e1veis.<\/p>\n<h4>Caso eu tiver alguma d\u00favida, terei suporte no p\u00f3s venda?<\/h4>\n<\/div>\n<\/div>\n<div class=\"elementor-toggle-item\">\n<div id=\"elementor-tab-content-1948\" class=\"elementor-tab-content elementor-clearfix elementor-active\" role=\"tabpanel\" data-tab=\"8\" aria-labelledby=\"elementor-tab-title-1948\">\n<p>Sim, com certeza. Basta clicar no \u00edcone do WhatsApp no cantinho da tela. Ser\u00e1 um prazer atend\u00ea-lo(a).<\/p>\n<div class=\"elementor-toggle-item\">\n<div id=\"elementor-tab-content-1948\" class=\"elementor-tab-content elementor-clearfix elementor-active\" role=\"tabpanel\" data-tab=\"8\" aria-labelledby=\"elementor-tab-title-1948\">\n<h4>Quais os seus canais de contato?<\/h4>\n<\/div>\n<\/div>\n<div class=\"elementor-toggle-item\">\n<div id=\"elementor-tab-content-1949\" class=\"elementor-tab-content elementor-clearfix elementor-active\" role=\"tabpanel\" data-tab=\"9\" aria-labelledby=\"elementor-tab-title-1949\">\n<p>Whatsapp: 53 984751621 \u2013 Clicar no canto da tela ou ESCANEIE O QRCODE ABAIXO<\/p>\n<p><img decoding=\"async\" class=\"alignnone wp-image-7603 jetpack-lazy-image jetpack-lazy-image--handled\" src=\"https:\/\/i0.wp.com\/portifolioos-prontos.com\/wp-content\/uploads\/2022\/09\/portfolio-unopar-pronto-colaborar-ava-producao-textual-interdisciplinar.png?resize=141%2C141\" sizes=\"(max-width: 141px) 100vw, 141px\" srcset=\"https:\/\/i0.wp.com\/portifolioos-prontos.com\/wp-content\/uploads\/2022\/09\/portfolio-unopar-pronto-colaborar-ava-producao-textual-interdisciplinar.png?w=150&amp;ssl=1 150w, https:\/\/i0.wp.com\/portifolioos-prontos.com\/wp-content\/uploads\/2022\/09\/portfolio-unopar-pronto-colaborar-ava-producao-textual-interdisciplinar.png?resize=100%2C100&amp;ssl=1 100w\" alt=\"\" width=\"141\" height=\"141\" data-lazy-loaded=\"1\" \/><\/p>\n<\/div>\n<\/div>\n<\/div>\n<\/div>\n<div class=\"elementor-toggle-item\">\n<div id=\"elementor-tab-content-1949\" class=\"elementor-tab-content elementor-clearfix elementor-active\" role=\"tabpanel\" data-tab=\"9\" aria-labelledby=\"elementor-tab-title-1949\">\n<p>E-mail:portifoliosp@gmail.com<\/p>\n<div id=\"attachment_143\" class=\"wp-caption alignnone\">\n<div id=\"attachment_143\" class=\"wp-caption alignnone\" style=\"width: 120px;\">\n<p><a href=\"http:\/\/portifolioos-prontos.com\/\"><img decoding=\"async\" class=\"wp-image-143 jetpack-lazy-image jetpack-lazy-image--handled\" title=\"portfolio pronto unopar\" src=\"https:\/\/i0.wp.com\/portifolioos-prontos.com\/wp-content\/uploads\/2022\/04\/conceitomaximo.png?resize=161%2C46\" alt=\"PORTFOLIO PRONTO UNOPAR ANHANGUERA\" width=\"120\" height=\"35\" aria-describedby=\"caption-attachment-143\" data-lazy-loaded=\"1\" \/><\/a><\/p>\n<p id=\"caption-attachment-143\" class=\"wp-caption-text\">Portf\u00f3lio em Word, respondido, completo e j\u00e1 nas normas.<\/p>\n<\/div>\n<\/div>\n<\/div>\n<\/div>\n","protected":false},"excerpt":{"rendered":"<div class=\"product-short-description\">\n<h5><strong>Pague pelo PIX ou cart\u00e3o e fa\u00e7a o download agora mesmo.<\/strong><\/h5>\n<\/div>\n<div class=\"sticky-add-to-cart-wrapper\">\n<div class=\"sticky-add-to-cart\">\n<div class=\"quantity buttons_added form-flat\"><img decoding=\"async\" class=\"alignnone wp-image-761\" src=\"http:\/\/portifolioos-prontos.com\/wp-content\/uploads\/2022\/04\/PIX-300x107.webp\" alt=\"\" width=\"78\" height=\"28\" \/>\u00a0\u00a0<img loading=\"lazy\" decoding=\"async\" class=\"\" src=\"https:\/\/d26lpennugtm8s.cloudfront.net\/assets\/common\/img\/logos\/payment\/visa@2x.png\" width=\"46\" height=\"29\" \/><img loading=\"lazy\" decoding=\"async\" class=\"\" src=\"https:\/\/d26lpennugtm8s.cloudfront.net\/assets\/common\/img\/logos\/payment\/boleto@2x.png\" width=\"43\" height=\"27\" \/><img loading=\"lazy\" decoding=\"async\" class=\"\" src=\"https:\/\/d26lpennugtm8s.cloudfront.net\/assets\/common\/img\/logos\/payment\/mastercard@2x.png\" width=\"43\" height=\"27\" \/><img loading=\"lazy\" decoding=\"async\" class=\"\" src=\"https:\/\/d26lpennugtm8s.cloudfront.net\/assets\/common\/img\/logos\/payment\/amex@2x.png\" width=\"43\" height=\"27\" \/><img loading=\"lazy\" decoding=\"async\" class=\"\" src=\"https:\/\/d26lpennugtm8s.cloudfront.net\/assets\/common\/img\/logos\/payment\/diners@2x.png\" width=\"46\" height=\"29\" \/><img loading=\"lazy\" decoding=\"async\" class=\"\" src=\"https:\/\/d26lpennugtm8s.cloudfront.net\/assets\/common\/img\/logos\/payment\/br\/elo@2x.png\" width=\"45\" height=\"28\" \/><img loading=\"lazy\" decoding=\"async\" class=\"\" src=\"https:\/\/d26lpennugtm8s.cloudfront.net\/assets\/common\/img\/logos\/payment\/br\/hipercard@2x.png\" width=\"44\" height=\"28\" \/><img loading=\"lazy\" decoding=\"async\" class=\"\" src=\"https:\/\/d26lpennugtm8s.cloudfront.net\/assets\/common\/img\/logos\/payment\/mercadopago@2x.png\" width=\"45\" height=\"28\" \/><\/div>\n<\/div>\n<\/div>\n","protected":false},"featured_media":0,"template":"","meta":{"_seopress_robots_primary_cat":"none","_seopress_titles_title":"","_seopress_titles_desc":"%%post_content%%","_seopress_robots_index":""},"product_cat":[38,15],"product_tag":[],"class_list":{"0":"post-8682","1":"product","2":"type-product","3":"status-publish","5":"product_cat-estetica-e-cosmetica","6":"product_cat-uncategorized","8":"first","9":"instock","10":"downloadable","11":"virtual","12":"purchasable","13":"product-type-simple","14":"col-xs-6 col-sm-4","15":"col-mf-5","16":"un-5-cols"},"jetpack_sharing_enabled":true,"_links":{"self":[{"href":"https:\/\/portifolioos-prontos.com\/index.php\/wp-json\/wp\/v2\/product\/8682","targetHints":{"allow":["GET"]}}],"collection":[{"href":"https:\/\/portifolioos-prontos.com\/index.php\/wp-json\/wp\/v2\/product"}],"about":[{"href":"https:\/\/portifolioos-prontos.com\/index.php\/wp-json\/wp\/v2\/types\/product"}],"version-history":[{"count":0,"href":"https:\/\/portifolioos-prontos.com\/index.php\/wp-json\/wp\/v2\/product\/8682\/revisions"}],"wp:attachment":[{"href":"https:\/\/portifolioos-prontos.com\/index.php\/wp-json\/wp\/v2\/media?parent=8682"}],"wp:term":[{"taxonomy":"product_cat","embeddable":true,"href":"https:\/\/portifolioos-prontos.com\/index.php\/wp-json\/wp\/v2\/product_cat?post=8682"},{"taxonomy":"product_tag","embeddable":true,"href":"https:\/\/portifolioos-prontos.com\/index.php\/wp-json\/wp\/v2\/product_tag?post=8682"}],"curies":[{"name":"wp","href":"https:\/\/api.w.org\/{rel}","templated":true}]}}