{"id":9043,"date":"2022-10-03T14:05:08","date_gmt":"2022-10-03T17:05:08","guid":{"rendered":"https:\/\/portifolioos-prontos.com\/?post_type=product&#038;p=9043"},"modified":"2025-08-03T13:31:02","modified_gmt":"2025-08-03T16:31:02","slug":"projeto-integrado-gerontologia-alzheimer","status":"publish","type":"product","link":"https:\/\/portifolioos-prontos.com\/index.php\/product\/projeto-integrado-gerontologia-alzheimer\/","title":{"rendered":"Projeto Integrado Gerontologia &#8211; Alzheimer"},"content":{"rendered":"<h4>Projeto Integrado Gerontologia &#8211; Alzheimer<\/h4>\n<p><strong>CONTEXTUALIZA\u00c7\u00c3O<\/strong><br \/>\nLeia com aten\u00e7\u00e3o a descri\u00e7\u00e3o a seguir:<br \/>\n\u201cCom 51 anos de idade, uma mulher apresentou ci\u00fames do marido como primeiro sintoma<br \/>\nevidente de sua doen\u00e7a. Logo uma r\u00e1pida deteriora\u00e7\u00e3o progressiva da mem\u00f3ria tornou-se aparente;<br \/>\nela n\u00e3o conseguia orientar-se na pr\u00f3pria casa. Mudava objetos de lugar e os escondia. Algumas vezes,<br \/>\nacreditava que algu\u00e9m queria mata\u0301-la e gritava.<\/p>\n<p>No hospital psiqui\u00e1trico, seu comportamento era marcado pela perplexidade. Ela estava<br \/>\ncompletamente desorientada no tempo e espa\u00e7o. Ocasionalmente, salientava que n\u00e3o conseguia<br \/>\ncompreender coisa alguma e nada lhe era familiar. Algumas vezes, ela cumprimentava o cl\u00ednico como<br \/>\nse fosse um visitante e desculpava-se por n\u00e3o ter terminado seu trabalho, outras vezes gritava alto<br \/>\nque ele queria machuca\u0301-la, ou o repudiava indignada, indicando que temia que sua castidade fosse<br \/>\npor ele amea\u00e7ada. Algumas vezes, estava totalmente delirante, carregando a roupa de cama,<br \/>\nchamando seu marido e sua filha e parecia ter alucina\u00e7\u00f5es auditivas. Frequentemente, gritava com<br \/>\nvoz pavorosa por v\u00e1rias horas.<br \/>\nEm raz\u00e3o de sua incapacidade de compreender a pr\u00f3pria situa\u00e7\u00e3o, ela sempre chorava muito<br \/>\nquando algu\u00e9m tentava examina\u0301-la. Somente depois de repetidas tentativas, por fim foi poss\u00edvel<br \/>\nconduzir alguma avalia\u00e7\u00e3o.<br \/>\nSua capacidade de mem\u00f3ria estava profundamente prejudicada. Se algu\u00e9m lhe mostrava<br \/>\nobjetos, ela em geral era capaz de nome\u00e1-los corretamente, mas logo depois esquecia tudo. Ao ler,<br \/>\nconfundia linhas, lia soletrando as palavras ou sem entona\u00e7\u00e3o, sem fazer sentido. Escrevendo, muitas<br \/>\nvezes repetia s\u00edlabas ou as omitia e perdia a concentra\u00e7\u00e3o rapidamente. Ao falar, frequentemente<br \/>\nusava frases confusas ou parafasias (\u201cjarro de leite\u201d em vez de \u201cx\u00edcara\u201d). Algumas vezes notava-se<br \/>\nque ela ficava travada. Algumas quest\u00f5es, ela claramente n\u00e3o compreendia. Parecia n\u00e3o mais saber<br \/>\no modo de usar alguns objetos&#8230; (Alzheimer, 1907)<br \/>\nPassado algum tempo, o embotamento progrediu. Ap\u00f3s quatro anos e meio de doen\u00e7a,<br \/>\nocorre a morte. No est\u00e1gio final, a paciente apresentava completo estupor e permanecia com as<br \/>\npernas dobradas junto de si, estava incontinente e, apesar de todo o cuidado, havia desenvolvido<br \/>\nescaras de dec\u00fabito.<br \/>\nAo fazer a an\u00e1lise histol\u00f3gica, descobre que: [&#8230;] Dentro de c\u00e9lulas aparentemente normais,<br \/>\numa ou algumas fibrilas destacam-se nitidamente por sua espessura e impregna\u00e7\u00e3o [foi usado o<br \/>\nm\u00e9todo de prata de Bielschowsky]. Mais a\u0300 frente, muitas fibrilas paralelas com as mesmas mudan\u00e7as<br \/>\naparecem. Essas fibrilas agregam-se em feixes densos e eventualmente emergem na superf\u00edcie da<br \/>\nc\u00e9lula. Finalmente, o n\u00facleo e a c\u00e9lula fragmentam-se, e apenas um feixe emaranhado de fibras<br \/>\nPROJETO INTEGRADO<br \/>\nINDIVIDUAL \u2013 PTI<br \/>\nindica onde antes havia uma c\u00e9lula ganglionar. Como essas fibras podem ser coradas por corantes<br \/>\ndiferentes dos usados para corar neurofibrilas normais, uma mudan\u00e7a qu\u00edmica na subst\u00e2ncia fibrilar<br \/>\ndeve ter ocorrido. Essa pode ser a raz\u00e3o para as fibrilas sobreviverem ao desaparecimento da c\u00e9lula<br \/>\n[&#8230;]. [&#8230;] Por todo o c\u00f3rtex, particularmente nas camadas superiores, encontram-se focos miliares<br \/>\nocasionados pela deposi\u00e7\u00e3o de uma subst\u00e2ncia peculiar no c\u00f3rtex cerebral, que pode ser reconhecida<br \/>\nsem colora\u00e7\u00e3o e e\u0301 bastante resistente a\u0300 colora\u00e7\u00e3o\u201d.<br \/>\nFONTE: CAIXETA, Leonardo et al.. Doen\u00e7a de Alzheimer. Porto Alegre: Artmed, 2012, p.19-21.<\/p>\n<p><strong>ATIVIDADE<\/strong><br \/>\nA atividade consiste em apresentar, na forma de texto, as respostas para os desafios<br \/>\napresentados na sequ\u00eancia:<br \/>\nA Organiza\u00e7\u00e3o Mundial de Sa\u00fade (OMS) define a doen\u00e7a de Alzheimer como sendo uma<br \/>\ndoen\u00e7a degenerativa cerebral prim\u00e1ria, irrevers\u00edvel, insidiosa, evolutiva e fatal, afetando a forma\u00e7\u00e3o<br \/>\ndo hipocampo e, posteriormente, as \u00e1reas corticais, provocando um decl\u00ednio cognitivo funcional,<br \/>\nacometendo em maior quantidade, pessoas da terceira idade. A maior causa dessa doen\u00e7a \u00e9 a<br \/>\ngen\u00e9tica, atingindo mais de 70% da popula\u00e7\u00e3o, outros fatores de risco incluem hist\u00f3rico de les\u00e3o na<br \/>\ncabe\u00e7a ou hipertens\u00e3o. (FERREIRA; BEZERRA; SILVA, 2021). <strong>Considerando a contextualiza\u00e7\u00e3o<\/strong><br \/>\n<strong>apresentada, descreva a fisiopatologia da doen\u00e7a de Alzheimer e explique de que maneira a<\/strong><br \/>\n<strong>reabilita\u00e7\u00e3o geri\u00e1trica poderia auxiliar a paciente.<\/strong><\/p>\n<p>Sendo a doen\u00e7a de Alzheimer uma doen\u00e7a neurodegenerativa, pode-se afirmar que seu<br \/>\nin\u00edcio \u00e9 decorrente do processo de envelhecimento e, \u00e9 not\u00f3rio que a popula\u00e7\u00e3o brasileira vem<br \/>\nenvelhecendo! Em 2017 a popula\u00e7\u00e3o idosa no Brasil ultrapassou a faixa de 30,2 milh\u00f5es com uma<br \/>\nestimativa de que, em 2025, o pa\u00eds seja o 5\u00ba do mundo com maior n\u00famero de idosos. Esta marca<br \/>\ndeve-se ao fato do aumento da expectativa de vida, diagn\u00f3sticos precoces, descoberta de novas<br \/>\nmedica\u00e7\u00f5es, ou seja, avan\u00e7o na \u00e1rea da medicina de uma forma geral. Entretanto, o processo de<br \/>\nenvelhecimento traz consigo o <a href=\"http:\/\/portfolio-pronto.com\">desenvolvimento<\/a> de condi\u00e7\u00f5es associadas \u00e0 velhice, n\u00e3o tendo como<br \/>\n\u201cfugir\u201d desta situa\u00e7\u00e3o. Diante disto, o diagn\u00f3stico de doen\u00e7as neurodegenerativas, conhecidas como<br \/>\nPROJETO INTEGRADO<br \/>\nINDIVIDUAL \u2013 PTI<br \/>\ndem\u00eancias, come\u00e7am a aparecer com mais frequ\u00eancia, dentre elas, a doen\u00e7a de Alzheimer (SILVA;<br \/>\nSARDINHA; LEMOS, 2020).<br \/>\nTodavia, os sintomas iniciais da doen\u00e7a de Alzheimer podem ser confundidos com o pr\u00f3prio<br \/>\nprocesso de envelhecimento natural, que envolve quest\u00f5es como: esquecimento, dificuldade de se<br \/>\nlocomover, postura, marcha, equil\u00edbrio, influenciando na qualidade de vida di\u00e1ria (de ALMEIDA;<br \/>\nPEREIRA, 2022). <strong>Diante disto, \u00e9 poss\u00edvel afirmar que a doen\u00e7a de Alzheimer est\u00e1 relacionada \u00e0<\/strong><br \/>\n<strong>senilidade ou \u00e0 senesc\u00eancia? Justifique sua resposta apresentando a diferen\u00e7a entre estes dois<\/strong><br \/>\n<strong>termos.<\/strong><\/p>\n<p>Diante deste contexto, quando um dos membros da fam\u00edlia adoece, torna-se imprescind\u00edvel<br \/>\na participa\u00e7\u00e3o deles nos cuidados, afinal h\u00e1 mudan\u00e7as no equil\u00edbrio do sistema familiar. De modo<br \/>\ngeral, as mudan\u00e7as provocam crises e desgastes, principalmente pela quebra da rotina, distribui\u00e7\u00f5es<br \/>\nfor\u00e7adas e inesperadas dos pap\u00e9is, aumento de custos, culpas, inseguran\u00e7as entre outros impactos.<br \/>\nDiante da necessidade do idoso com doen\u00e7a de Alzheimer, da reviravolta nos pap\u00e9is, fun\u00e7\u00f5es e<br \/>\nfuncionamento da din\u00e2mica familiar, quase que inconscientemente elegem um membro da fam\u00edlia<br \/>\npara ser o cuidador (CRUZ; HAMDAN, 2008 apud SILVA; SARDINHA; LEMOS, 2020). Assim, h\u00e1 um<br \/>\ngrande impacto da doen\u00e7a na sa\u00fade mental do cuidador o que, na grande maioria dos casos, culmina<br \/>\nem um caso de estresse por parte deste. <strong>Sendo assim, como \u00e9 poss\u00edvel conceituar o estresse? Al\u00e9m<\/strong><br \/>\n<strong>disso, como \u00e9 poss\u00edvel explicar os termos eustress e o distress?<\/strong><\/p>\n<p>Por fim, nota-se que o desafio de lidar com uma pessoa com doen\u00e7a de Alzheimer n\u00e3o \u00e9 f\u00e1cil.<br \/>\nS\u00e3o variados fatores que acabam levando os que est\u00e3o ao redor, muitas vezes, \u00e0 exaust\u00e3o.<br \/>\nEntretanto, existem medicamentos que podem auxiliar na redu\u00e7\u00e3o dos sintomas associados \u00e0<br \/>\ndoen\u00e7a. <strong>Quais seriam os medicamentos indicados para a doen\u00e7a de Alzheimer e por qu\u00ea?<\/strong><\/p>\n<div class=\"elementor-toggle-item\">\n<p id=\"elementor-tab-title-1941\" class=\"elementor-tab-title elementor-active\" tabindex=\"0\" role=\"tab\" data-tab=\"1\" aria-controls=\"elementor-tab-content-1941\" aria-expanded=\"true\" aria-selected=\"true\"><strong>Como funciona?<\/strong><\/p>\n<p>Elaboramos os portf\u00f3lios, j\u00e1 deixamos prontos, nas normas da ABNT e conforme os requisitos da universidade. F\u00e1cil assim! O MELHOR \u00c9 QUE VOC\u00ca COMPRA E J\u00c1 BAIXA NA HORA O SEU ARQUIVO EM WORD! Sabemos que conciliar trabalho, fam\u00edlia, vida profissional e estudos \u00e9 dif\u00edcil hoje em dia, por isso, estamos aqui para ajudar voc\u00ea. Conte com nossa qualidade, experi\u00eancia e profissionalismo adquirindo seu portf\u00f3lio conosco. GARANTIMOS SEU CONCEITO!<\/p>\n<p><strong>Como se realizam os envios?<\/strong><\/p>\n<\/div>\n<p id=\"elementor-tab-content-1942\" class=\"elementor-tab-content elementor-clearfix elementor-active\" role=\"tabpanel\" data-tab=\"2\" aria-labelledby=\"elementor-tab-title-1942\">O seu trabalho \u00e9 disponibilizado pronto, respondido e nas normas j\u00e1 na mesma hora aqui em nosso site na sua \u00e1rea de downloads e tamb\u00e9m no seu e-mail.<\/p>\n<p><strong>Em quanto tempo recebo o portf\u00f3lio?<\/strong><\/p>\n<p>Os envios s\u00e3o imediatos. Ap\u00f3s sua compra, o trabalho j\u00e1 \u00e9 disponibilizado instantaneamente aqui em nosso site e no seu e-mail.<\/p>\n<p><strong>E se o portf\u00f3lio que comprei precisar de corre\u00e7\u00e3o?<\/strong><\/p>\n<p>Caso haja alguma solicita\u00e7\u00e3o de corre\u00e7\u00e3o\/altera\u00e7\u00e3o por parte do tutor, basta entrar em contato conosco pelo\u00a0WhatsApp\u00a0que provid\u00eanciaremos sem custo algum.<\/p>\n<p><strong>Qual o formato do arquivo?<\/strong><\/p>\n<p>Os arquivos s\u00e3o enviados em formato Word e s\u00e3o edit\u00e1veis.<\/p>\n<p><strong>Caso eu tiver alguma d\u00favida, terei suporte no p\u00f3s venda?<\/strong><\/p>\n<p>Sim, com certeza. Basta clicar no \u00edcone do WhatsApp no cantinho da tela. Ser\u00e1 um prazer atend\u00ea-lo(a).<\/p>\n<div id=\"elementor-tab-content-1948\" class=\"elementor-tab-content elementor-clearfix elementor-active\" role=\"tabpanel\" data-tab=\"8\" aria-labelledby=\"elementor-tab-title-1948\">\n<p><strong>Quais os seus canais de contato?<\/strong><\/p>\n<\/div>\n<div id=\"elementor-tab-content-1949\" class=\"elementor-tab-content elementor-clearfix elementor-active\" role=\"tabpanel\" data-tab=\"9\" aria-labelledby=\"elementor-tab-title-1949\">\n<p>Whatsapp: 53 984751621 \u2013 Clicar no canto da tela ou ESCANEIE O QRCODE ABAIXO<\/p>\n<h4><img decoding=\"async\" class=\"alignnone wp-image-13699 jetpack-lazy-image jetpack-lazy-image--handled\" src=\"https:\/\/i0.wp.com\/portifolioos-prontos.com\/wp-content\/uploads\/2023\/02\/whatsapp-business-projeto-de-extensao-300x300.jpeg?resize=144%2C144\" sizes=\"(max-width: 144px) 100vw, 144px\" srcset=\"https:\/\/i0.wp.com\/portifolioos-prontos.com\/wp-content\/uploads\/2023\/02\/whatsapp-business-projeto-de-extensao.jpeg?resize=300%2C301&amp;ssl=1 300w, https:\/\/i0.wp.com\/portifolioos-prontos.com\/wp-content\/uploads\/2023\/02\/whatsapp-business-projeto-de-extensao.jpeg?resize=150%2C150&amp;ssl=1 150w, https:\/\/i0.wp.com\/portifolioos-prontos.com\/wp-content\/uploads\/2023\/02\/whatsapp-business-projeto-de-extensao.jpeg?resize=370%2C372&amp;ssl=1 370w, https:\/\/i0.wp.com\/portifolioos-prontos.com\/wp-content\/uploads\/2023\/02\/whatsapp-business-projeto-de-extensao.jpeg?resize=100%2C100&amp;ssl=1 100w, https:\/\/i0.wp.com\/portifolioos-prontos.com\/wp-content\/uploads\/2023\/02\/whatsapp-business-projeto-de-extensao.jpeg?w=470&amp;ssl=1 470w\" alt=\"projeto de extens\u00e3o unopar\" width=\"144\" height=\"144\" data-lazy-loaded=\"1\" \/><\/h4>\n<\/div>\n<div class=\"elementor-toggle-item\">\n<div id=\"elementor-tab-content-1949\" class=\"elementor-tab-content elementor-clearfix elementor-active\" role=\"tabpanel\" data-tab=\"9\" aria-labelledby=\"elementor-tab-title-1949\">\n<p>E-mail:portifoliosp@gmail.com<\/p>\n<div id=\"attachment_143\" class=\"wp-caption alignnone\">\n<div id=\"attachment_143\" class=\"wp-caption alignnone\" style=\"width: 87px;\">\n<p><a href=\"https:\/\/portifolioos-prontos.com\/\"><img decoding=\"async\" class=\"wp-image-143 jetpack-lazy-image jetpack-lazy-image--handled smush-image-11 smush-detected-img smush-image-1\" title=\"portfolio pronto unopar\" src=\"https:\/\/i0.wp.com\/portifolioos-prontos.com\/wp-content\/uploads\/2022\/04\/conceitomaximo.png?resize=161%2C46\" sizes=\"(max-width: 35px) 100vw, 35px\" srcset=\"https:\/\/i0.wp.com\/portifolioos-prontos.com\/wp-content\/uploads\/2022\/04\/conceitomaximo.png?w=244&amp;ssl=1 244w, https:\/\/i0.wp.com\/portifolioos-prontos.com\/wp-content\/uploads\/2022\/04\/conceitomaximo.png?resize=220%2C70&amp;ssl=1 220w\" alt=\"PORTFOLIO PRONTO UNOPAR ANHANGUERA\" width=\"87\" height=\"28\" aria-describedby=\"caption-attachment-143\" data-lazy-loaded=\"1\" \/><\/a><\/p>\n<p id=\"caption-attachment-143\" class=\"wp-caption-text\">Portf\u00f3lioem Word, respondido, completo e j\u00e1 nas normas<\/p>\n<\/div>\n<\/div>\n<\/div>\n<\/div>\n","protected":false},"excerpt":{"rendered":"<div class=\"product-short-description\">\n<div class=\"product-short-description\">\n<p><strong>Pague pelo PIX ou cart\u00e3o e fa\u00e7a o download agora mesmo.<\/strong><\/p>\n<\/div>\n<div class=\"sticky-add-to-cart-wrapper\">\n<div class=\"sticky-add-to-cart\">\n<p class=\"quantity buttons_added form-flat\"><img decoding=\"async\" class=\"lazyloaded smush-image-5 smush-image-3 smush-detected-img smush-image-4\" src=\"https:\/\/d26lpennugtm8s.cloudfront.net\/assets\/common\/img\/logos\/payment\/visa@2x.png\" width=\"46\" height=\"29\" data-src=\"https:\/\/d26lpennugtm8s.cloudfront.net\/assets\/common\/img\/logos\/payment\/visa@2x.png\" \/><img loading=\"lazy\" decoding=\"async\" class=\"lazyloaded smush-image-6 smush-image-4 smush-detected-img smush-image-5\" src=\"https:\/\/d26lpennugtm8s.cloudfront.net\/assets\/common\/img\/logos\/payment\/boleto@2x.png\" width=\"43\" height=\"27\" data-src=\"https:\/\/d26lpennugtm8s.cloudfront.net\/assets\/common\/img\/logos\/payment\/boleto@2x.png\" \/><img loading=\"lazy\" decoding=\"async\" class=\"lazyloaded smush-image-7 smush-image-5 smush-detected-img smush-image-6\" src=\"https:\/\/d26lpennugtm8s.cloudfront.net\/assets\/common\/img\/logos\/payment\/mastercard@2x.png\" width=\"43\" height=\"27\" data-src=\"https:\/\/d26lpennugtm8s.cloudfront.net\/assets\/common\/img\/logos\/payment\/mastercard@2x.png\" \/><img loading=\"lazy\" decoding=\"async\" class=\"lazyloaded smush-image-8 smush-image-6 smush-detected-img smush-image-7\" src=\"https:\/\/d26lpennugtm8s.cloudfront.net\/assets\/common\/img\/logos\/payment\/amex@2x.png\" width=\"43\" height=\"27\" data-src=\"https:\/\/d26lpennugtm8s.cloudfront.net\/assets\/common\/img\/logos\/payment\/amex@2x.png\" \/><img loading=\"lazy\" decoding=\"async\" class=\"lazyloaded smush-image-9 smush-image-7 smush-detected-img smush-image-8\" src=\"https:\/\/d26lpennugtm8s.cloudfront.net\/assets\/common\/img\/logos\/payment\/diners@2x.png\" width=\"46\" height=\"29\" data-src=\"https:\/\/d26lpennugtm8s.cloudfront.net\/assets\/common\/img\/logos\/payment\/diners@2x.png\" \/><img loading=\"lazy\" decoding=\"async\" class=\"lazyloaded smush-image-10 smush-image-8 smush-detected-img smush-image-9 alignnone\" src=\"https:\/\/d26lpennugtm8s.cloudfront.net\/assets\/common\/img\/logos\/payment\/br\/elo@2x.png\" alt=\"portf\u00f3lio unopar anhanguera\" width=\"45\" height=\"28\" data-src=\"https:\/\/d26lpennugtm8s.cloudfront.net\/assets\/common\/img\/logos\/payment\/br\/elo@2x.png\" \/><img loading=\"lazy\" decoding=\"async\" class=\"lazyloaded smush-image-11 smush-image-9 smush-detected-img smush-image-10 alignnone\" src=\"https:\/\/d26lpennugtm8s.cloudfront.net\/assets\/common\/img\/logos\/payment\/br\/hipercard@2x.png\" alt=\"portf\u00f3lio unopar anhanguera\" width=\"44\" height=\"28\" data-src=\"https:\/\/d26lpennugtm8s.cloudfront.net\/assets\/common\/img\/logos\/payment\/br\/hipercard@2x.png\" \/><img loading=\"lazy\" decoding=\"async\" class=\"lazyloaded smush-image-12 smush-image-10 smush-detected-img smush-image-11 alignnone\" src=\"https:\/\/d26lpennugtm8s.cloudfront.net\/assets\/common\/img\/logos\/payment\/mercadopago@2x.png\" alt=\"portf\u00f3lio unopar anhanguera\" width=\"45\" height=\"28\" data-src=\"https:\/\/d26lpennugtm8s.cloudfront.net\/assets\/common\/img\/logos\/payment\/mercadopago@2x.png\" \/><img loading=\"lazy\" decoding=\"async\" class=\"alignnone lazyloaded\" src=\"https:\/\/futurium.com.br\/wp-content\/uploads\/2021\/06\/logo-pix-icone-512.png\" alt=\"portfolio pronto\" width=\"30\" height=\"30\" data-src=\"https:\/\/futurium.com.br\/wp-content\/uploads\/2021\/06\/logo-pix-icone-512.png\" \/><\/p>\n<\/div>\n<\/div>\n<\/div>\n","protected":false},"featured_media":9048,"template":"","meta":{"_seopress_robots_primary_cat":"none","_seopress_titles_title":"","_seopress_titles_desc":"","_seopress_robots_index":""},"product_cat":[],"product_tag":[],"class_list":{"0":"post-9043","1":"product","2":"type-product","3":"status-publish","4":"has-post-thumbnail","7":"first","8":"instock","9":"downloadable","10":"virtual","11":"purchasable","12":"product-type-simple","13":"col-xs-6 col-sm-4","14":"col-mf-5","15":"un-5-cols"},"jetpack_sharing_enabled":true,"_links":{"self":[{"href":"https:\/\/portifolioos-prontos.com\/index.php\/wp-json\/wp\/v2\/product\/9043","targetHints":{"allow":["GET"]}}],"collection":[{"href":"https:\/\/portifolioos-prontos.com\/index.php\/wp-json\/wp\/v2\/product"}],"about":[{"href":"https:\/\/portifolioos-prontos.com\/index.php\/wp-json\/wp\/v2\/types\/product"}],"version-history":[{"count":0,"href":"https:\/\/portifolioos-prontos.com\/index.php\/wp-json\/wp\/v2\/product\/9043\/revisions"}],"wp:featuredmedia":[{"embeddable":true,"href":"https:\/\/portifolioos-prontos.com\/index.php\/wp-json\/wp\/v2\/media\/9048"}],"wp:attachment":[{"href":"https:\/\/portifolioos-prontos.com\/index.php\/wp-json\/wp\/v2\/media?parent=9043"}],"wp:term":[{"taxonomy":"product_cat","embeddable":true,"href":"https:\/\/portifolioos-prontos.com\/index.php\/wp-json\/wp\/v2\/product_cat?post=9043"},{"taxonomy":"product_tag","embeddable":true,"href":"https:\/\/portifolioos-prontos.com\/index.php\/wp-json\/wp\/v2\/product_tag?post=9043"}],"curies":[{"name":"wp","href":"https:\/\/api.w.org\/{rel}","templated":true}]}}