{"id":9074,"date":"2022-10-03T16:22:25","date_gmt":"2022-10-03T19:22:25","guid":{"rendered":"https:\/\/portifolioos-prontos.com\/?post_type=product&#038;p=9074"},"modified":"2022-10-03T16:35:01","modified_gmt":"2022-10-03T19:35:01","slug":"portfolio-democracia-e-capitalismo-no-brasil-em-tempos-de-desinformacao","status":"publish","type":"product","link":"https:\/\/portifolioos-prontos.com\/index.php\/product\/portfolio-democracia-e-capitalismo-no-brasil-em-tempos-de-desinformacao\/","title":{"rendered":"Portf\u00f3lio Democracia e capitalismo no Brasil em tempos de \u201cdesinforma\u00e7\u00e3o\u201d"},"content":{"rendered":"<h4>Democracia e capitalismo no Brasil em tempos de \u201cdesinforma\u00e7\u00e3o\u201d<\/h4>\n<h4>Curso: Sociologia Semestre: 3\/4\u00ba<\/h4>\n<p>A Produ\u00e7\u00e3o Textual Interdisciplinar (PTI) &#8211; ter\u00e1 como tem\u00e1tica: Democracia e capitalismo no Brasil<br \/>\nem tempos de \u201cdesinforma\u00e7\u00e3o\u201d. Para o desenvolvimento deste trabalho ser\u00e1 necess\u00e1rio<br \/>\noperacionalizar um conjunto de saberes e reflex\u00f5es das chamadas Ci\u00eancias Sociais, na reuni\u00e3o de<br \/>\nsaberes da Antropologia, da Ci\u00eancia Pol\u00edtica e da Sociologia. Os fundamentos das Ci\u00eancias Sociais<br \/>\ntrazem reflex\u00f5es e abordagens sobre a sociedade capitalista e sua din\u00e2mica de rela\u00e7\u00f5es sociais na<br \/>\nmodernidade, a democracia no bojo do Estado capitalista moderno, assim como o cen\u00e1rio brasileiro<br \/>\nna sua raz\u00e3o hist\u00f3rico, social, econ\u00f4mica e pol\u00edtica na atualidade informacional e eleitoral.<br \/>\nORIENTA\u00c7\u00d5ES DA PRODU\u00c7\u00c3O TEXTUAL<br \/>\nPara realizar a atividade de portf\u00f3lio individual, \u00e9 necess\u00e1rio desenvolver um texto de pr\u00f3pria autoria,<br \/>\nutilizando-se do material disponibilizado. A estrutura do texto deve seguir as normas da ABNT e as<br \/>\nPRODU\u00c7\u00c3O TEXTUAL<br \/>\nINTERDISCIPLINAR<br \/>\nINDIVIDUAL \u2013 PTI<br \/>\nregras indicadas neste documento de orienta\u00e7\u00e3o. Por meio da leitura e interpreta\u00e7\u00e3o da SGA e da<br \/>\nsitua\u00e7\u00e3o-problema destacada, voc\u00ea, necessita elaborar uma produ\u00e7\u00e3o textual com respaldo<br \/>\nmetodol\u00f3gico nas disciplinas cursadas ao longo deste semestre. Procure a Biblioteca Virtual e<br \/>\naprofunde seus conhecimentos do assunto. Lembre-se, n\u00e3o deixe de colocar as devidas refer\u00eancias<br \/>\nquando utilizar uma fonte bibliogr\u00e1fica.<br \/>\n\u00d3timos estudos!<br \/>\nSITUA\u00c7\u00c3O GERADORA DE APRENDIZAGEM (SGA)<br \/>\nLeitura e reflex\u00e3o da reportagem:<br \/>\nPL das Fake News: o que diz projeto que busca combater not\u00edcias falsas<br \/>\nLeandro Prazeres<br \/>\nDa BBC News Brasil em Bras\u00edlia<br \/>\n7 abril 2022<br \/>\nA C\u00e2mara dos Deputados rejeitou, na quarta-feira (6\/04) um requerimento de<br \/>\nurg\u00eancia para votar o projeto de lei n\u00ba 2.630\/2020, mais conhecido como o &#8220;PL das Fake News&#8221;. [&#8230;]<br \/>\nMas afinal: o que \u00e9 o PL das Fake News? O que ele mudaria no uso da internet no Brasil se fosse<br \/>\naprovado?<br \/>\nCom 42 artigos, o projeto que tramita na C\u00e2mara tem um nome bem mais<br \/>\nambicioso do que PL das Fake News: &#8220;Lei Brasileira de Liberdade, Responsabilidade e Transpar\u00eancia<br \/>\nna Internet&#8221;. Al\u00e9m de propor medidas que, segundo o projeto, visam diminuir a dissemina\u00e7\u00e3o de<br \/>\nnot\u00edcias falsas e aumentar as chances de puni\u00e7\u00f5es aos seus respons\u00e1veis, ele tamb\u00e9m prev\u00ea novas<br \/>\nnormas para o funcionamento de servi\u00e7os de busca, redes sociais e aplicativos de trocas de<br \/>\nmensagens.<br \/>\nComo o texto da C\u00e2mara \u00e9 diferente do que passou pelo Senado, se for aprovado,<br \/>\no projeto dever\u00e1 ser apreciado novamente pelos senadores antes de ir \u00e0 san\u00e7\u00e3o presidencial. O<br \/>\ncaminho para a sua aprova\u00e7\u00e3o, no entanto, est\u00e1 mais complicado. Com a rejei\u00e7\u00e3o do requerimento<br \/>\nPRODU\u00c7\u00c3O TEXTUAL<br \/>\nINTERDISCIPLINAR<br \/>\nINDIVIDUAL \u2013 PTI<br \/>\nde urg\u00eancia, ele sai da pauta da C\u00e2mara. No entanto, ele pode voltar a ser debatido se um novo<br \/>\nrequerimento for apresentado.<br \/>\nO texto \u00e9 fruto de anos de debate entre parlamentares, gigantes da tecnologia<br \/>\ncomo Google, Meta (controladora do Facebook, Instagram e WhatsApp) e organiza\u00e7\u00f5es n\u00e3ogovernamentais. O projeto \u00e9 t\u00e3o pol\u00eamico que \u00e9 criticado por praticamente todos os atores<br \/>\nenvolvidos.<br \/>\n[&#8230;]<br \/>\nO projeto prev\u00ea que as empresas que fornecem aplica\u00e7\u00f5es de internet identifiquem<br \/>\naos usu\u00e1rios quando determinado conte\u00fado \u00e9 publicidade ou n\u00e3o. Essa identifica\u00e7\u00e3o deve constar,<br \/>\ninclusive, quando se trata de propaganda eleitoral. Neste caso, os provedores devem fornecer acesso<br \/>\na todos os dados das campanhas impulsionadas &#8211; por exemplo, o valor gasto e os crit\u00e9rios usados<br \/>\npelos partidos ou candidatos para selecionarem o perfil dos eleitores atingidos pelas pe\u00e7as.<br \/>\nO projeto tamb\u00e9m restringe o compartilhamento de dados de usu\u00e1rios coletados<br \/>\npelas plataformas com seus parceiros comerciais. Esses dados s\u00e3o utilizados para distribuir an\u00fancios<br \/>\nde forma mais direcionada.<br \/>\nEssa \u00e9 a base da chamada &#8220;m\u00eddia program\u00e1tica&#8221;, um mecanismo que permite que<br \/>\num an\u00fancio sobre sapatos seja direcionado apenas a quem faz buscas sobre sapatos e n\u00e3o ao p\u00fablico<br \/>\ninteressado em outros assuntos, como carros.<br \/>\nPara o professor da Universidade de S\u00e3o Paulo (USP) e coordenador do Monitor do<br \/>\nDebate Pol\u00edtico no Meio Digital, Pablo Ortellado, a proposta \u00e9 ben\u00e9fica pois fornece meios aos<br \/>\ncidad\u00e3os para que identifique mais facilmente quando est\u00e1 diante de um conte\u00fado publicit\u00e1rio ou<br \/>\nn\u00e3o.<br \/>\nPL das Fake News: restri\u00e7\u00f5es aos disparos em massa<br \/>\nPelas novas regras, ficam proibidos os disparos de mensagens em massa para fins<br \/>\npol\u00edticos e partid\u00e1rios. A comercializa\u00e7\u00e3o de softwares e aplica\u00e7\u00f5es que permitam esses disparos<br \/>\ntamb\u00e9m fica proibida.<br \/>\nO envio massivo de mensagens s\u00f3 seria permitido para fins comerciais e<br \/>\ninstitucionais, como, por exemplo, uma campanha de sa\u00fade ou alertas emitidos por \u00f3rg\u00e3os como a<br \/>\nPRODU\u00c7\u00c3O TEXTUAL<br \/>\nINTERDISCIPLINAR<br \/>\nINDIVIDUAL \u2013 PTI<br \/>\nDefesa Civil. A ideia \u00e9 coibir a dissemina\u00e7\u00e3o de informa\u00e7\u00f5es falsas em larga escala antes, durante e<br \/>\nap\u00f3s o per\u00edodo eleitoral.<br \/>\nPL das Fake News: exig\u00eancia de representa\u00e7\u00e3o no Brasil<br \/>\nO projeto determina que empresas que atuem como ferramentas de busca, redes<br \/>\nsociais e servi\u00e7os de troca de mensagens tenham uma sede no Brasil. Essa representa\u00e7\u00e3o dever\u00e1 ser<br \/>\ncapaz de responder pelo servi\u00e7o junto \u00e0s autoridades administrativas e judiciais brasileiras.<br \/>\nPara Pablo Ortellado, a medida \u00e9 positiva e tem o objetivo de submeter empresas<br \/>\nestrangeiras que operem no Brasil \u00e0s normas. Ele cita o caso do aplicativo Telegram, com sede nos<br \/>\nEmirados \u00c1rabes Unidos e que vinha sendo procurado pela Justi\u00e7a Eleitoral e s\u00f3 se apresentou ao<br \/>\njudici\u00e1rio brasileiro depois que uma decis\u00e3o do Supremo Tribunal Federal (STF) determinou a<br \/>\nsuspens\u00e3o do seu funcionamento no pa\u00eds.<br \/>\n&#8220;Essa medida \u00e9 boa porque, como vimos no caso do Telegram, a falta de uma<br \/>\nrepresenta\u00e7\u00e3o no pa\u00eds dificulta a aplica\u00e7\u00e3o de san\u00e7\u00f5es. Se a empresa n\u00e3o tem uma sede no Brasil,<br \/>\nfica praticamente imposs\u00edvel obrig\u00e1-la a cumprir as normas brasileiras&#8221;, explica.<br \/>\n[&#8230;]<br \/>\nLeia reportagem na \u00edntegra dispon\u00edvel em: https:\/\/www.bbc.com\/portuguese\/brasil-61019381.<br \/>\nAcesso em: jun. de 2022.<br \/>\nSitua\u00e7\u00e3o-problema:<br \/>\nLeia atentamente a Situa\u00e7\u00e3o Problema a seguir e construa seu texto argumentativo.<br \/>\nVeja:<br \/>\nImagine que voc\u00ea \u00e9 um trabalhador(a) do setor de servi\u00e7os e faz uso di\u00e1rio das ferramentas digitais<br \/>\ne redes sociais na promo\u00e7\u00e3o e divulga\u00e7\u00e3o da empresa em que voc\u00ea est\u00e1 contratado(a). No di\u00e1rio da<br \/>\nsua fun\u00e7\u00e3o e para manter o seu emprego, deve levantar dados para uma pesquisa eleitoral e tamb\u00e9m<br \/>\nde mercado. Al\u00e9m da pesquisa, a empresa estabelece como meta um quantitativo de 50<br \/>\nPRODU\u00c7\u00c3O TEXTUAL<br \/>\nINTERDISCIPLINAR<br \/>\nINDIVIDUAL \u2013 PTI<br \/>\nquestion\u00e1rios, por jornada de trabalho, o que impacta no seu rendimento mensal. Diante disso,<br \/>\ncomo um(uma) profissional, voc\u00ea pode efetuar disparos de mensagens em massa, mesmo que com<br \/>\nalgumas informa\u00e7\u00f5es inver\u00eddicas que facilitem o seu trabalho?<br \/>\nO tema da \u201cdesinforma\u00e7\u00e3o\u201d, ou \u201cfake news\u201d, ficou conhecido e tornou-se um dos principais<br \/>\ndebates acerca da recente crise das democracias capitalistas. A tecitura de caminhos que<br \/>\ndistanciam cada vez mais o(a) cidad\u00e3o dos princ\u00edpios democr\u00e1ticos, se inscrevem neste cen\u00e1rio<br \/>\npautado por informa\u00e7\u00f5es superficiais que n\u00e3o condizem com a realidade social. As chamadas \u201cfake<br \/>\nnews\u201d, e a superficialidade informacional recorrente nos modos dos indiv\u00edduos se relacionarem<br \/>\npodem comprometer um Estado e a democracia no capitalismo?<br \/>\nTomando como refer\u00eancia estas reflex\u00f5es, e para contemplar sua an\u00e1lise veja o esquema a seguir<br \/>\nque pode orientar seu trabalho.<br \/>\na) As revolu\u00e7\u00f5es burguesas que contribu\u00edram para a transforma\u00e7\u00e3o da vida social no Ocidente,<br \/>\na partir do s\u00e9culo XVIII desencadearam a forma\u00e7\u00e3o de um novo modo produtivo e, por<br \/>\nconseguintes novas tecnologias.<br \/>\nb) O modo de produ\u00e7\u00e3o capitalista redesenha a produ\u00e7\u00e3o de mercadorias e o<br \/>\ndesenvolvimento da ci\u00eancia como instrumento de potencializa\u00e7\u00e3o deste sistema.<br \/>\nc) Cultura e cultura capitalista.<br \/>\nd) Os princ\u00edpios democr\u00e1ticos e o individualismo moderno.<br \/>\ne) Os impactos das tecnologias da informa\u00e7\u00e3o e da comunica\u00e7\u00e3o na vida social.<br \/>\nf) Democracia e individualismo combinam? O que \u00e9 Democracia?<br \/>\ng) O que s\u00e3o fake News no contexto das tecnologias da informa\u00e7\u00e3o e da comunica\u00e7\u00e3o?<br \/>\nh) As chamadas fakes News interferem nos princ\u00edpios democr\u00e1ticos.<br \/>\nPRODU\u00c7\u00c3O TEXTUAL<br \/>\nINTERDISCIPLINAR<br \/>\nINDIVIDUAL \u2013 PTI<br \/>\nBibliografia recomendada:<br \/>\nBONONE, Luana Meneguelli; MIELLI, Renata; RODRIGUES, The\u00f3filo Code\u00e7o Machado. Desinforma\u00e7\u00e3o<br \/>\ne crise da democracia no Brasil: \u00e9 poss\u00edvel regular fake News? Revista Conflu\u00eancias | ISSN: 1678-<br \/>\n7145 | E-ISSN: 2318-4558 | Niter\u00f3i\/RJV. 22, n.3, 2020 | dez. 2020\/mar. 2021 | pp. 30-52. Dispon\u00edvel<br \/>\nem: https:\/\/periodicos.uff.br\/confluencias\/article\/view\/45470\/27124. Acesso em: jun. 2022.<br \/>\nSAES, Decio. Democracia. S\u00e3o Paulo: \u00c1tica. 1987. Dispon\u00edvel em: https:\/\/marxismo21.org\/deciosaes\/. Acesso em: jun. 2022.<br \/>\n______. Democracia representativa e democracia participativa. Dispon\u00edvel em:<br \/>\nhttps:\/\/marxismo21.org\/decio-saes\/. Acesso em: jun. 2022.<\/p>\n<div class=\"elementor-toggle-item\">\n<h4 id=\"elementor-tab-title-1941\" class=\"elementor-tab-title elementor-active\" tabindex=\"0\" role=\"tab\" data-tab=\"1\" aria-controls=\"elementor-tab-content-1941\" aria-expanded=\"true\" aria-selected=\"true\">Como funciona?<\/h4>\n<div id=\"elementor-tab-content-1941\" class=\"elementor-tab-content elementor-clearfix elementor-active\" role=\"tabpanel\" data-tab=\"1\" aria-labelledby=\"elementor-tab-title-1941\">\n<p>Elaboramos os portf\u00f3lios, j\u00e1 deixamos prontos, nas normas da ABNT e conforme os requisitos da universidade. F\u00e1cil assim! O MELHOR \u00c9 QUE VOC\u00ca COMPRA E J\u00c1 BAIXA NA HORA O SEU ARQUIVO EM WORD! Sabemos que conciliar trabalho, fam\u00edlia, vida profissional e estudos \u00e9 dif\u00edcil hoje em dia, por isso, estamos aqui para ajudar voc\u00ea. Conte com nossa qualidade, experi\u00eancia e profissionalismo adquirindo seu portf\u00f3lio conosco. GARANTIMOS SEU CONCEITO!<\/p>\n<h4>Como se realizam os envios?<\/h4>\n<\/div>\n<\/div>\n<div class=\"elementor-toggle-item\">\n<div id=\"elementor-tab-content-1942\" class=\"elementor-tab-content elementor-clearfix elementor-active\" role=\"tabpanel\" data-tab=\"2\" aria-labelledby=\"elementor-tab-title-1942\">O seu trabalho \u00e9 disponibilizado pronto, respondido e nas normas j\u00e1 na mesma hora aqui em nosso site na sua \u00e1rea de downloads e tamb\u00e9m no seu e-mail.<\/div>\n<\/div>\n<div class=\"elementor-toggle-item\">\n<div id=\"elementor-tab-content-1943\" class=\"elementor-tab-content elementor-clearfix elementor-active\" role=\"tabpanel\" data-tab=\"3\" aria-labelledby=\"elementor-tab-title-1943\">\n<h4>Em quanto tempo recebo o portf\u00f3lio?<\/h4>\n<\/div>\n<\/div>\n<div class=\"elementor-toggle-item\">\n<div id=\"elementor-tab-content-1944\" class=\"elementor-tab-content elementor-clearfix elementor-active\" role=\"tabpanel\" data-tab=\"4\" aria-labelledby=\"elementor-tab-title-1944\">\n<p>Os envios s\u00e3o imediatos. Ap\u00f3s sua compra, o trabalho j\u00e1 \u00e9 disponibilizado instantaneamente aqui em nosso site e no seu e-mail.<\/p>\n<h4>E se o portf\u00f3lio que comprei precisar de corre\u00e7\u00e3o?<\/h4>\n<\/div>\n<\/div>\n<div class=\"elementor-toggle-item\">\n<div id=\"elementor-tab-content-1945\" class=\"elementor-tab-content elementor-clearfix elementor-active\" role=\"tabpanel\" data-tab=\"5\" aria-labelledby=\"elementor-tab-title-1945\">\n<p>Caso haja alguma solicita\u00e7\u00e3o de corre\u00e7\u00e3o\/altera\u00e7\u00e3o por parte do tutor, basta entrar em contato conosco pelo\u00a0WhatsApp\u00a0que provid\u00eanciaremos sem custo algum.<\/p>\n<h4>Qual o formato do arquivo?<\/h4>\n<\/div>\n<\/div>\n<div class=\"elementor-toggle-item\">\n<div id=\"elementor-tab-content-1946\" class=\"elementor-tab-content elementor-clearfix elementor-active\" role=\"tabpanel\" data-tab=\"6\" aria-labelledby=\"elementor-tab-title-1946\">\n<p>Os arquivos s\u00e3o enviados em formato Word e s\u00e3o edit\u00e1veis.<\/p>\n<h4>Caso eu tiver alguma d\u00favida, terei suporte no p\u00f3s venda?<\/h4>\n<\/div>\n<\/div>\n<div class=\"elementor-toggle-item\">\n<div id=\"elementor-tab-content-1948\" class=\"elementor-tab-content elementor-clearfix elementor-active\" role=\"tabpanel\" data-tab=\"8\" aria-labelledby=\"elementor-tab-title-1948\">\n<p>Sim, com certeza. Basta clicar no \u00edcone do WhatsApp no cantinho da tela. Ser\u00e1 um prazer atend\u00ea-lo(a).<\/p>\n<div class=\"elementor-toggle-item\">\n<div id=\"elementor-tab-content-1948\" class=\"elementor-tab-content elementor-clearfix elementor-active\" role=\"tabpanel\" data-tab=\"8\" aria-labelledby=\"elementor-tab-title-1948\">\n<h4>Quais os seus canais de contato?<\/h4>\n<\/div>\n<\/div>\n<div class=\"elementor-toggle-item\">\n<div id=\"elementor-tab-content-1949\" class=\"elementor-tab-content elementor-clearfix elementor-active\" role=\"tabpanel\" data-tab=\"9\" aria-labelledby=\"elementor-tab-title-1949\">\n<p>Whatsapp: 53 984751621 \u2013 Clicar no canto da tela ou ESCANEIE O QRCODE ABAIXO<\/p>\n<p><img decoding=\"async\" class=\"alignnone wp-image-7603 jetpack-lazy-image jetpack-lazy-image--handled\" src=\"https:\/\/i0.wp.com\/portifolioos-prontos.com\/wp-content\/uploads\/2022\/09\/portfolio-unopar-pronto-colaborar-ava-producao-textual-interdisciplinar.png?resize=141%2C141\" sizes=\"(max-width: 141px) 100vw, 141px\" srcset=\"https:\/\/i0.wp.com\/portifolioos-prontos.com\/wp-content\/uploads\/2022\/09\/portfolio-unopar-pronto-colaborar-ava-producao-textual-interdisciplinar.png?w=150&amp;ssl=1 150w, https:\/\/i0.wp.com\/portifolioos-prontos.com\/wp-content\/uploads\/2022\/09\/portfolio-unopar-pronto-colaborar-ava-producao-textual-interdisciplinar.png?resize=100%2C100&amp;ssl=1 100w\" alt=\"\" width=\"141\" height=\"141\" data-recalc-dims=\"1\" data-lazy-loaded=\"1\" \/><\/p>\n<\/div>\n<\/div>\n<\/div>\n<\/div>\n<div class=\"elementor-toggle-item\">\n<div id=\"elementor-tab-content-1949\" class=\"elementor-tab-content elementor-clearfix elementor-active\" role=\"tabpanel\" data-tab=\"9\" aria-labelledby=\"elementor-tab-title-1949\">\n<p>E-mail:portifoliosp@gmail.com<\/p>\n<div id=\"attachment_143\" class=\"wp-caption alignnone\">\n<div id=\"attachment_143\" class=\"wp-caption alignnone\" style=\"width: 150px;\">\n<p><a href=\"http:\/\/portifolioos-prontos.com\/\"><img decoding=\"async\" class=\"wp-image-143 jetpack-lazy-image jetpack-lazy-image--handled\" title=\"portfolio pronto unopar\" src=\"https:\/\/i0.wp.com\/portifolioos-prontos.com\/wp-content\/uploads\/2022\/04\/conceitomaximo.png?resize=164%2C47\" alt=\"PORTFOLIO PRONTO UNOPAR ANHANGUERA\" width=\"150\" height=\"43\" aria-describedby=\"caption-attachment-143\" data-recalc-dims=\"1\" data-lazy-loaded=\"1\" \/><\/a><\/p>\n<p id=\"caption-attachment-143\" class=\"wp-caption-text\">Portf\u00f3lio em Word, respondido, completo e j\u00e1 nas normas.<\/p>\n<\/div>\n<\/div>\n<\/div>\n<\/div>\n","protected":false},"excerpt":{"rendered":"<div class=\"product-short-description\">\n<h5><strong>Pague pelo PIX ou cart\u00e3o e fa\u00e7a o download agora mesmo.<\/strong><\/h5>\n<\/div>\n<div class=\"sticky-add-to-cart-wrapper\">\n<div class=\"sticky-add-to-cart\">\n<div class=\"quantity buttons_added form-flat\"><img decoding=\"async\" class=\"alignnone wp-image-761\" src=\"http:\/\/portifolioos-prontos.com\/wp-content\/uploads\/2022\/04\/PIX-300x107.webp\" alt=\"\" width=\"78\" height=\"28\" \/>\u00a0\u00a0<img loading=\"lazy\" decoding=\"async\" class=\"\" src=\"https:\/\/d26lpennugtm8s.cloudfront.net\/assets\/common\/img\/logos\/payment\/visa@2x.png\" width=\"46\" height=\"29\" \/><img loading=\"lazy\" decoding=\"async\" class=\"\" src=\"https:\/\/d26lpennugtm8s.cloudfront.net\/assets\/common\/img\/logos\/payment\/boleto@2x.png\" width=\"43\" height=\"27\" \/><img loading=\"lazy\" decoding=\"async\" class=\"\" src=\"https:\/\/d26lpennugtm8s.cloudfront.net\/assets\/common\/img\/logos\/payment\/mastercard@2x.png\" width=\"43\" height=\"27\" \/><img loading=\"lazy\" decoding=\"async\" class=\"\" src=\"https:\/\/d26lpennugtm8s.cloudfront.net\/assets\/common\/img\/logos\/payment\/amex@2x.png\" width=\"43\" height=\"27\" \/><img loading=\"lazy\" decoding=\"async\" class=\"\" src=\"https:\/\/d26lpennugtm8s.cloudfront.net\/assets\/common\/img\/logos\/payment\/diners@2x.png\" width=\"46\" height=\"29\" \/><img loading=\"lazy\" decoding=\"async\" class=\"\" src=\"https:\/\/d26lpennugtm8s.cloudfront.net\/assets\/common\/img\/logos\/payment\/br\/elo@2x.png\" width=\"45\" height=\"28\" \/><img loading=\"lazy\" decoding=\"async\" class=\"\" src=\"https:\/\/d26lpennugtm8s.cloudfront.net\/assets\/common\/img\/logos\/payment\/br\/hipercard@2x.png\" width=\"44\" height=\"28\" \/><img loading=\"lazy\" decoding=\"async\" class=\"\" src=\"https:\/\/d26lpennugtm8s.cloudfront.net\/assets\/common\/img\/logos\/payment\/mercadopago@2x.png\" width=\"45\" height=\"28\" \/><\/div>\n<\/div>\n<\/div>\n","protected":false},"featured_media":9079,"template":"","meta":{"_seopress_robots_primary_cat":"none","_seopress_titles_title":"","_seopress_titles_desc":"","_seopress_robots_index":""},"product_cat":[120,15],"product_tag":[],"class_list":{"0":"post-9074","1":"product","2":"type-product","3":"status-publish","4":"has-post-thumbnail","6":"product_cat-sociologia","7":"product_cat-uncategorized","9":"first","10":"instock","11":"downloadable","12":"virtual","13":"purchasable","14":"product-type-simple","15":"col-xs-6 col-sm-4","16":"col-mf-5","17":"un-5-cols"},"jetpack_sharing_enabled":true,"_links":{"self":[{"href":"https:\/\/portifolioos-prontos.com\/index.php\/wp-json\/wp\/v2\/product\/9074","targetHints":{"allow":["GET"]}}],"collection":[{"href":"https:\/\/portifolioos-prontos.com\/index.php\/wp-json\/wp\/v2\/product"}],"about":[{"href":"https:\/\/portifolioos-prontos.com\/index.php\/wp-json\/wp\/v2\/types\/product"}],"version-history":[{"count":0,"href":"https:\/\/portifolioos-prontos.com\/index.php\/wp-json\/wp\/v2\/product\/9074\/revisions"}],"wp:featuredmedia":[{"embeddable":true,"href":"https:\/\/portifolioos-prontos.com\/index.php\/wp-json\/wp\/v2\/media\/9079"}],"wp:attachment":[{"href":"https:\/\/portifolioos-prontos.com\/index.php\/wp-json\/wp\/v2\/media?parent=9074"}],"wp:term":[{"taxonomy":"product_cat","embeddable":true,"href":"https:\/\/portifolioos-prontos.com\/index.php\/wp-json\/wp\/v2\/product_cat?post=9074"},{"taxonomy":"product_tag","embeddable":true,"href":"https:\/\/portifolioos-prontos.com\/index.php\/wp-json\/wp\/v2\/product_tag?post=9074"}],"curies":[{"name":"wp","href":"https:\/\/api.w.org\/{rel}","templated":true}]}}