{"id":9409,"date":"2022-10-07T18:43:29","date_gmt":"2022-10-07T21:43:29","guid":{"rendered":"https:\/\/portifolioos-prontos.com\/?post_type=product&#038;p=9409"},"modified":"2022-10-07T18:43:29","modified_gmt":"2022-10-07T21:43:29","slug":"portfolio-a-importancia-da-ludicidade-na-educacao-infantil","status":"publish","type":"product","link":"https:\/\/portifolioos-prontos.com\/index.php\/product\/portfolio-a-importancia-da-ludicidade-na-educacao-infantil\/","title":{"rendered":"Portf\u00f3lio A import\u00e2ncia da ludicidade na Educa\u00e7\u00e3o Infantil"},"content":{"rendered":"<h4>Portf\u00f3lio A import\u00e2ncia da ludicidade na Educa\u00e7\u00e3o Infantil<\/h4>\n<p>Prezado aluno(a),<br \/>\nSeja bem-vindo a este semestre!<br \/>\nA Produ\u00e7\u00e3o Textual Interdisciplinar Individual (PTI) ter\u00e1 como tem\u00e1tica A import\u00e2ncia da<br \/>\nludicidade na Educa\u00e7\u00e3o Infantil. Escolhemos essa tem\u00e1tica devido \u00e0 sua relev\u00e2ncia para o<br \/>\ndesenvolvimento infantil e, consequentemente, para as descobertas e aprendizagens vivenciadas<br \/>\nnesta etapa, tamb\u00e9m por se caracterizar como uma potencialidade para a promo\u00e7\u00e3o de pr\u00e1ticas<br \/>\ninclusivas.<br \/>\nCrian\u00e7as, jovens e adultos podem ter um envolvimento maior nas atividades realizadas em<br \/>\nsala de aula e uma aprendizagem mais significativa a partir de proposi\u00e7\u00f5es l\u00fadicas. Segundo Luckesi<br \/>\n(2000, p.52), a ludicidade \u00e9 um fazer humano mais amplo, que se relaciona n\u00e3o apenas \u00e0 presen\u00e7a<br \/>\ndas brincadeiras ou jogos, mas tamb\u00e9m a um sentimento, a atitude do sujeito envolvido na a\u00e7\u00e3o, que<br \/>\nse refere a um prazer de celebra\u00e7\u00e3o em fun\u00e7\u00e3o do envolvimento genu\u00edno com a atividade, a sensa\u00e7\u00e3o<br \/>\nde plenitude que aquilo que \u00e9 significativo e verdadeiro.<br \/>\nPRODU\u00c7\u00c3O TEXTUAL<br \/>\nINTERDISCIPLINAR<br \/>\nINDIVIDUAL \u2013 PTI<br \/>\nNa Educa\u00e7\u00e3o Infantil, primeira etapa da Educa\u00e7\u00e3o B\u00e1sica, a ludicidade torna-se ainda mais<br \/>\nrelevante, visto que as intera\u00e7\u00f5es e a brincadeira s\u00e3o eixos estruturantes das pr\u00e1ticas pedag\u00f3gicas.<br \/>\nDe acordo com a Base Nacional Comum Curricular, \u201c[&#8230;] A intera\u00e7\u00e3o durante o brincar caracteriza o<br \/>\ncotidiano da inf\u00e2ncia, trazendo consigo muitas aprendizagens e potenciais para o desenvolvimento<br \/>\nintegral das crian\u00e7as. Ao observar as intera\u00e7\u00f5es e a brincadeira entre as crian\u00e7as e delas com os<br \/>\nadultos, \u00e9 poss\u00edvel identificar, por exemplo, a express\u00e3o dos afetos, a media\u00e7\u00e3o das frustra\u00e7\u00f5es, a<br \/>\nresolu\u00e7\u00e3o de conflitos e a regula\u00e7\u00e3o das emo\u00e7\u00f5es\u201d (BRASIL, 2018, p. 33. BRASIL. Base Nacional Comum<br \/>\nCurricular: A Educa\u00e7\u00e3o \u00e9 a Base. Bras\u00edlia: MEC\/Secretaria de Educa\u00e7\u00e3o B\u00e1sica, 2018).<br \/>\nAo analisar os campos de experi\u00eancia apresentados na BNCC (BRASIL, 2018), \u00e9 poss\u00edvel<br \/>\nidentificar diferentes formas de explorar a ludicidade. Entre os objetivos de aprendizagem e<br \/>\ndesenvolvimento do campo de experi\u00eancia \u201cO Eu, o outro e o n\u00f3s\u201d, por exemplo, identificamos o<br \/>\nrespeito a regras b\u00e1sicas de conv\u00edvio social nas intera\u00e7\u00f5es e brincadeiras, no campo de experi\u00eancia<br \/>\n\u201cCorpo, gestos e movimentos\u201d, observamos a experimenta\u00e7\u00e3o de diferentes possibilidades corporais<br \/>\nnas brincadeiras e intera\u00e7\u00f5es em ambientes acolhedores e desafiantes, entre outros objetivos de<br \/>\naprendizagem que evidenciam esse vi\u00e9s com a ludicidade.<br \/>\nO modo como o professor aborda determinada tem\u00e1tica, as estrat\u00e9gias que utiliza ao longo<br \/>\ndas aulas, a proposi\u00e7\u00e3o de um jogo, seja ele tradicional ou virtual ou as rela\u00e7\u00f5es estabelecidas com<br \/>\nos campos de experi\u00eancia e objetivos de aprendizagem, est\u00e3o diretamente ligadas \u00e0 ludicidade e as<br \/>\npr\u00e1ticas inclusivas.<br \/>\nA partir do que foi exposto, prossiga para a leitura e interpreta\u00e7\u00e3o da Situa\u00e7\u00e3o Geradora de<br \/>\nAprendizagem.<br \/>\nORIENTA\u00c7\u00d5ES DA PRODU\u00c7\u00c3O TEXTUAL<br \/>\n1. Leitura e interpreta\u00e7\u00e3o da SGA<br \/>\nPor meio da leitura da SGA e, tamb\u00e9m, da situa\u00e7\u00e3o-problema destacada, voc\u00ea deve elaborar uma<br \/>\nprodu\u00e7\u00e3o textual que contemple os objetivos de aprendizagem propostos.<br \/>\nSITUA\u00c7\u00c3O GERADORA DE APRENDIZAGEM (SGA)<br \/>\nPRODU\u00c7\u00c3O TEXTUAL<br \/>\nINTERDISCIPLINAR<br \/>\nINDIVIDUAL \u2013 PTI<br \/>\nAugusta \u00e9 uma professora muito criativa. Ela atua na Educa\u00e7\u00e3o Infantil h\u00e1 cerca de dez anos<br \/>\ne seu trabalho \u00e9 reconhecido por seus gestores, colegas de trabalho e pelos familiares das crian\u00e7as.<br \/>\nUma de suas principais caracter\u00edsticas \u00e9 a explora\u00e7\u00e3o da ludicidade no contexto educacional e a<br \/>\npromo\u00e7\u00e3o de pr\u00e1ticas inclusivas. A postura que Augusta assume em sala de aula \u00e9 uma postura l\u00fadica<br \/>\ne inclusiva. As abordagens e estrat\u00e9gias utilizadas s\u00e3o muito atrativas e divertidas para os alunos e<br \/>\noportunizam um desenvolvimento adequado para a Educa\u00e7\u00e3o Infantil.<br \/>\nFernanda \u00e9 diretora da institui\u00e7\u00e3o que Augusta trabalha e realiza com frequ\u00eancia reuni\u00f5es<br \/>\ncom o corpo docente da escola. Ela sempre destaca a import\u00e2ncia da ludicidade na Educa\u00e7\u00e3o Infantil<br \/>\ne a necessidade de estudar os documentos norteadores para o trabalho a ser desenvolvido nessa<br \/>\netapa da Educa\u00e7\u00e3o B\u00e1sica, visando tamb\u00e9m a promo\u00e7\u00e3o de pr\u00e1ticas inclusivas. A diretora tamb\u00e9m<br \/>\nincentiva os professores a compartilharem as experi\u00eancias desenvolvidas em sala de aula para que<br \/>\npossam aprender uns com os outros.<br \/>\nA admira\u00e7\u00e3o pelo trabalho desenvolvido por Augusta levou a diretora a fazer um convite para<br \/>\na professora. A diretora pediu para Augusta compartilhar na pr\u00f3xima reuni\u00e3o com os professores o<br \/>\nmodo como ela organiza as suas aulas, evidenciando a presen\u00e7a da ludicidade em sua pr\u00e1tica<br \/>\npedag\u00f3gica. O objetivo seria ajudar outros colegas, principalmente aqueles que ainda n\u00e3o t\u00eam muita<br \/>\nexperi\u00eancia, a desenvolverem pr\u00e1ticas l\u00fadicas e atrativas, respaldadas nos documentos norteadores<br \/>\npara a Educa\u00e7\u00e3o Infantil. Augusta foi para casa pensativa, imaginando como poderia compartilhar<br \/>\nsua experi\u00eancia com os colegas.<br \/>\nSITUA\u00c7\u00c3O-PROBLEMA (SP)<br \/>\nPara apresentar aos colegas o modo como conduzia as suas aulas, Augusta decidiu elaborar<br \/>\numa sequ\u00eancia did\u00e1tica voltada a crian\u00e7as de quatro anos de idade. A ideia seria evidenciar a<br \/>\nproposi\u00e7\u00e3o de experi\u00eancias que estivessem de acordo com os objetivos de aprendizagem e<br \/>\ndesenvolvimento para a Educa\u00e7\u00e3o Infantil de acordo com a BNCC de modo l\u00fadico, atrativo e inclusivo.<br \/>\nSe voc\u00ea estivesse no lugar de Augusta, como organizaria essa sequ\u00eancia did\u00e1tica? Quais<br \/>\nexperi\u00eancias poderiam ser desenvolvidas? Quais a\u00e7\u00f5es ou estrat\u00e9gias poderiam ser utilizadas para<br \/>\nevidenciar a ludicidade e promover a inclus\u00e3o em suas aulas?<br \/>\nPRODU\u00c7\u00c3O TEXTUAL<br \/>\nINTERDISCIPLINAR<br \/>\nINDIVIDUAL \u2013 PTI<br \/>\n1\u00ba) Realize a leitura dos textos sugeridos abaixo. Al\u00e9m dessas sugest\u00f5es, voc\u00ea poder\u00e1 utilizar<br \/>\npara a elabora\u00e7\u00e3o da produ\u00e7\u00e3o textual, os demais materiais disponibilizados pelas disciplinas do<br \/>\nsemestre:<br \/>\nTexto 1: Base Nacional Comum Curricular (BNCC): \u201cA etapa da Educa\u00e7\u00e3o Infantil\u201d (da p\u00e1gina 35 at\u00e9<br \/>\n52). Dispon\u00edvel<br \/>\nem: http:\/\/basenacionalcomum.mec.gov.br\/images\/BNCC_EI_EF_110518_versaofinal_site.pdf.<br \/>\nAcesso em: 27 jun. 2022.<br \/>\nTexto 2: MARTINS, M. A. das. N. Silva; ABREU, T. C. D. de. O l\u00fadico na forma\u00e7\u00e3o de professores de<br \/>\nEduca\u00e7\u00e3o Infantil: tecendo di\u00e1logos, aprendendo com as cantigas de roda. Revista Educa\u00e7\u00e3o e<br \/>\nEmancipa\u00e7\u00e3o. S\u00e3o Lu\u00eds, v. 14, n. 2, maio\/ago. 2021. Dispon\u00edvel<br \/>\nem: https:\/\/periodicoseletronicos.ufma.br\/index.php\/reducacaoemancipacao\/article\/view\/17242\/<br \/>\n9326. Acesso em: 30 jun. 2022.<br \/>\nTexto 3: ANJOS, A. M. T. dos. Organiza\u00e7\u00e3o do trabalho pedag\u00f3gico na Educa\u00e7\u00e3o Infantil: desafios e<br \/>\npossibilidades no trabalho com sequ\u00eancias did\u00e1ticas. Revista Educa\u00e7\u00e3o P\u00fablica, v. 20, no 48, 15 de<br \/>\ndezembro de 2020. Dispon\u00edvel<br \/>\nem: https:\/\/educacaopublica.cecierj.edu.br\/artigos\/20\/48\/organizacao-do-trabalho-pedagogico-naeducacao-infantil-desafios-e-possibilidades-no-trabalho-com-sequencias-didaticas. Acesso em: 27<br \/>\njun. 2022.<br \/>\nTexto 4: AMORA, E.; BARRETO, D. M. O l\u00fadico e suas implica\u00e7\u00f5es nas estrat\u00e9gias de inclus\u00e3o de<br \/>\ncrian\u00e7as no ambiente escolar. Pesquisa em Psicologia. Anais Eletr\u00f4nicos. Joa\u00e7aba, SC: Unoesc,<br \/>\n2018. Dispon\u00edvel em: https:\/\/portalperiodicos.unoesc.edu.br\/pp_ae\/article\/view\/19101. Acesso em:<br \/>\n27 jun. 2022.<br \/>\nPRODU\u00c7\u00c3O TEXTUAL<br \/>\nINTERDISCIPLINAR<br \/>\nINDIVIDUAL \u2013 PTI<br \/>\n2\u00ba) Elabore a Introdu\u00e7\u00e3o da produ\u00e7\u00e3o textual. Neste t\u00f3pico, voc\u00ea dever\u00e1 redigir, com at\u00e9<br \/>\numa p\u00e1gina, uma apresenta\u00e7\u00e3o sobre o que ser\u00e1 abordado no trabalho, expor os objetivos e a<br \/>\nimport\u00e2ncia de sua realiza\u00e7\u00e3o.<br \/>\n3\u00ba) Para o Desenvolvimento do trabalho, voc\u00ea deve elaborar as duas atividades indicadas a<br \/>\nseguir:<br \/>\na) Construa um texto entre 2 e 3 p\u00e1ginas sobre a import\u00e2ncia da ludicidade no contexto<br \/>\neducacional e especificamente, na Educa\u00e7\u00e3o Infantil.<br \/>\nb) Elabore uma sequ\u00eancia did\u00e1tica (modelo indicado a seguir) voltada \u00e0 Educa\u00e7\u00e3o Infantil<br \/>\ncontemplando a perspectiva l\u00fadica e as viv\u00eancias que podem ser propostas a partir dos<br \/>\ncampos de experi\u00eancia \u201cCorpo, gestos e movimentos\u201d e \u201cEspa\u00e7os, tempos, quantidades,<br \/>\nrela\u00e7\u00f5es e transforma\u00e7\u00f5es\u201d.<br \/>\nMODELO DE SEQU\u00caNCIA DID\u00c1TICA \u2013 Estrutura apresentada em: ANJOS, Ana Maura Tavares dos.<br \/>\nOrganiza\u00e7\u00e3o do trabalho pedag\u00f3gico na Educa\u00e7\u00e3o Infantil: desafios e possibilidades no trabalho com<br \/>\nsequ\u00eancias did\u00e1ticas. Revista Educa\u00e7\u00e3o P\u00fablica, v. 20, no 48, 15 de dezembro de 2020.<br \/>\nTema: __________________________________________ Tempo previsto:_________<br \/>\nAgrupamento et\u00e1rio ou turma: 4 anos de idade<br \/>\nApresenta\u00e7\u00e3o da sequ\u00eancia: Breve descri\u00e7\u00e3o com a apresenta\u00e7\u00e3o da proposta, sua estrutura,<br \/>\nintencionalidades pedag\u00f3gicas determinadas, justificativa da proposta.<br \/>\nDesenvolvimento da sequ\u00eancia: os planos contidos na sequ\u00eancia (realizar tr\u00eas planos diferentes)<br \/>\nObjetivos de aprendizagem e<br \/>\ndesenvolvimento<br \/>\nCampos de<br \/>\nexperi\u00eancia Desenvolvimento Recursos Avalia\u00e7\u00e3o<br \/>\nPRODU\u00c7\u00c3O TEXTUAL<br \/>\nINTERDISCIPLINAR<br \/>\nINDIVIDUAL \u2013 PTI<br \/>\n(EXCLUIR AS INFORMA\u00c7\u00d5ES INDICADAS EM AZUL AP\u00d3S FINALIZAR CADA ITEM)<br \/>\nCitar os objetivos de<br \/>\naprendizagem e desenvolvimento<br \/>\nque ser\u00e3o explorados nas<br \/>\natividades. Exemplo: Apropriar-se<br \/>\nde gestos e movimentos de sua<br \/>\ncultura no cuidado de si e nos<br \/>\njogos e brincadeiras<br \/>\nCitar o campo de<br \/>\nexperi\u00eancia<br \/>\nescolhido.<br \/>\nExemplo: Corpo,<br \/>\ngestos e<br \/>\nmovimentos<br \/>\nPlano 1<br \/>\nAtividade 1:<br \/>\nDescri\u00e7\u00e3o da<br \/>\natividade<br \/>\nAtividade 2:<br \/>\nDescri\u00e7\u00e3o da<br \/>\natividade<br \/>\nAtividade 3:<br \/>\nDescri\u00e7\u00e3o da<br \/>\natividade<br \/>\nMateriais<br \/>\nque ser\u00e3o<br \/>\nutilizados<br \/>\nem cada<br \/>\nplano<br \/>\nModo como<br \/>\nas atividades<br \/>\nser\u00e3o<br \/>\navaliadas<br \/>\nCitar os objetivos de<br \/>\naprendizagem e desenvolvimento<br \/>\nque ser\u00e3o explorados nas<br \/>\natividades. Exemplo: Apropriar-se<br \/>\nde gestos e movimentos de sua<br \/>\ncultura no cuidado de si e nos<br \/>\njogos e brincadeiras<br \/>\nCitar o campo de<br \/>\nexperi\u00eancia<br \/>\nescolhido.<br \/>\nExemplo: Corpo,<br \/>\ngestos e<br \/>\nmovimentos<br \/>\nPlano 2<br \/>\nAtividade 1:<br \/>\nDescri\u00e7\u00e3o da<br \/>\natividade<br \/>\nAtividade 2:<br \/>\nDescri\u00e7\u00e3o da<br \/>\natividade<br \/>\nAtividade 3:<br \/>\nDescri\u00e7\u00e3o da<br \/>\natividade<br \/>\nMateriais<br \/>\nque ser\u00e3o<br \/>\nutilizados<br \/>\nem cada<br \/>\nplano<br \/>\nModo como<br \/>\nas atividades<br \/>\nser\u00e3o<br \/>\navaliadas<br \/>\nCitar os objetivos de<br \/>\naprendizagem e desenvolvimento<br \/>\nque ser\u00e3o explorados nas<br \/>\natividades. Exemplo: Apropriar-se<br \/>\nde gestos e movimentos de sua<br \/>\ncultura no cuidado de si e nos<br \/>\njogos e brincadeiras<br \/>\nCitar o campo de<br \/>\nexperi\u00eancia<br \/>\nescolhido.<br \/>\nExemplo: Corpo,<br \/>\ngestos e<br \/>\nmovimentos<br \/>\nPlano 3<br \/>\nAtividade 1:<br \/>\nDescri\u00e7\u00e3o da<br \/>\natividade<br \/>\nAtividade 2:<br \/>\nDescri\u00e7\u00e3o da<br \/>\natividade<br \/>\nAtividade 3:<br \/>\nDescri\u00e7\u00e3o da<br \/>\natividade<br \/>\nMateriais<br \/>\nque ser\u00e3o<br \/>\nutilizados<br \/>\nem cada<br \/>\nplano<br \/>\nModo como<br \/>\nas atividades<br \/>\nser\u00e3o<br \/>\navaliadas<br \/>\nPRODU\u00c7\u00c3O TEXTUAL<br \/>\nINTERDISCIPLINAR<br \/>\nINDIVIDUAL \u2013 PTI<br \/>\n4\u00ba) Para finalizar, voc\u00ea dever\u00e1 elaborar as Considera\u00e7\u00f5es finais, sintetizando os elementos<br \/>\ndiscutidos, em at\u00e9 uma p\u00e1gina. Manifeste o seu ponto de vista e opini\u00f5es sobre o assunto<br \/>\ntrabalhado. Apresente tamb\u00e9m as contribui\u00e7\u00f5es que o trabalho trouxe para o seu<br \/>\naprendizado.<br \/>\n5\u00ba) Refer\u00eancias: n\u00e3o se esque\u00e7a de listar todos os autores e materiais que foram utilizados<br \/>\ndurante o desenvolvimento do trabalho<\/p>\n<div class=\"elementor-toggle-item\">\n<h4 id=\"elementor-tab-title-1941\" class=\"elementor-tab-title elementor-active\" tabindex=\"0\" role=\"tab\" data-tab=\"1\" aria-controls=\"elementor-tab-content-1941\" aria-expanded=\"true\" aria-selected=\"true\">Como funciona?<\/h4>\n<div id=\"elementor-tab-content-1941\" class=\"elementor-tab-content elementor-clearfix elementor-active\" role=\"tabpanel\" data-tab=\"1\" aria-labelledby=\"elementor-tab-title-1941\">\n<p>Elaboramos os portf\u00f3lios, j\u00e1 deixamos prontos, nas normas da ABNT e conforme os requisitos da universidade. F\u00e1cil assim! O MELHOR \u00c9 QUE VOC\u00ca COMPRA E J\u00c1 BAIXA NA HORA O SEU ARQUIVO EM WORD! Sabemos que conciliar trabalho, fam\u00edlia, vida profissional e estudos \u00e9 dif\u00edcil hoje em dia, por isso, estamos aqui para ajudar voc\u00ea. Conte com nossa qualidade, experi\u00eancia e profissionalismo adquirindo seu portf\u00f3lio conosco. GARANTIMOS SEU CONCEITO!<\/p>\n<h4>Como se realizam os envios?<\/h4>\n<\/div>\n<\/div>\n<div class=\"elementor-toggle-item\">\n<div id=\"elementor-tab-content-1942\" class=\"elementor-tab-content elementor-clearfix elementor-active\" role=\"tabpanel\" data-tab=\"2\" aria-labelledby=\"elementor-tab-title-1942\">O seu trabalho \u00e9 disponibilizado pronto, respondido e nas normas j\u00e1 na mesma hora aqui em nosso site na sua \u00e1rea de downloads e tamb\u00e9m no seu e-mail.<\/div>\n<\/div>\n<div class=\"elementor-toggle-item\">\n<div id=\"elementor-tab-content-1943\" class=\"elementor-tab-content elementor-clearfix elementor-active\" role=\"tabpanel\" data-tab=\"3\" aria-labelledby=\"elementor-tab-title-1943\">\n<h4>Em quanto tempo recebo o portf\u00f3lio?<\/h4>\n<\/div>\n<\/div>\n<div class=\"elementor-toggle-item\">\n<div id=\"elementor-tab-content-1944\" class=\"elementor-tab-content elementor-clearfix elementor-active\" role=\"tabpanel\" data-tab=\"4\" aria-labelledby=\"elementor-tab-title-1944\">\n<p>Os envios s\u00e3o imediatos. Ap\u00f3s sua compra, o trabalho j\u00e1 \u00e9 disponibilizado instantaneamente aqui em nosso site e no seu e-mail.<\/p>\n<h4>E se o portf\u00f3lio que comprei precisar de corre\u00e7\u00e3o?<\/h4>\n<\/div>\n<\/div>\n<div class=\"elementor-toggle-item\">\n<div id=\"elementor-tab-content-1945\" class=\"elementor-tab-content elementor-clearfix elementor-active\" role=\"tabpanel\" data-tab=\"5\" aria-labelledby=\"elementor-tab-title-1945\">\n<p>Caso haja alguma solicita\u00e7\u00e3o de corre\u00e7\u00e3o\/altera\u00e7\u00e3o por parte do tutor, basta entrar em contato conosco pelo\u00a0<a href=\"https:\/\/api.whatsapp.com\/send\/?phone=5553984751621&amp;text&amp;app_absent=0\">WhatsApp<\/a>\u00a0que provid\u00eanciaremos sem custo algum.<\/p>\n<h4>Qual o formato do arquivo?<\/h4>\n<\/div>\n<\/div>\n<div class=\"elementor-toggle-item\">\n<div id=\"elementor-tab-content-1946\" class=\"elementor-tab-content elementor-clearfix elementor-active\" role=\"tabpanel\" data-tab=\"6\" aria-labelledby=\"elementor-tab-title-1946\">\n<p>Os arquivos s\u00e3o enviados em formato Word e s\u00e3o edit\u00e1veis.<\/p>\n<h4>Caso eu tiver alguma d\u00favida, terei suporte no p\u00f3s venda?<\/h4>\n<\/div>\n<\/div>\n<div class=\"elementor-toggle-item\">\n<div id=\"elementor-tab-content-1948\" class=\"elementor-tab-content elementor-clearfix elementor-active\" role=\"tabpanel\" data-tab=\"8\" aria-labelledby=\"elementor-tab-title-1948\">\n<p>Sim, com certeza. Basta clicar no \u00edcone do WhatsApp no cantinho da tela. Ser\u00e1 um prazer atend\u00ea-lo(a).<\/p>\n<div class=\"elementor-toggle-item\">\n<div id=\"elementor-tab-content-1948\" class=\"elementor-tab-content elementor-clearfix elementor-active\" role=\"tabpanel\" data-tab=\"8\" aria-labelledby=\"elementor-tab-title-1948\">\n<h4>Quais os seus canais de contato?<\/h4>\n<\/div>\n<\/div>\n<div class=\"elementor-toggle-item\">\n<div id=\"elementor-tab-content-1949\" class=\"elementor-tab-content elementor-clearfix elementor-active\" role=\"tabpanel\" data-tab=\"9\" aria-labelledby=\"elementor-tab-title-1949\">\n<p>Whatsapp: 53 984751621 \u2013 Clicar no canto da tela ou ESCANEIE O QRCODE ABAIXO<\/p>\n<p><img decoding=\"async\" class=\"alignnone wp-image-7603 jetpack-lazy-image jetpack-lazy-image--handled\" src=\"https:\/\/i0.wp.com\/portifolioos-prontos.com\/wp-content\/uploads\/2022\/09\/portfolio-unopar-pronto-colaborar-ava-producao-textual-interdisciplinar.png?resize=141%2C141\" sizes=\"(max-width: 141px) 100vw, 141px\" srcset=\"https:\/\/i0.wp.com\/portifolioos-prontos.com\/wp-content\/uploads\/2022\/09\/portfolio-unopar-pronto-colaborar-ava-producao-textual-interdisciplinar.png?w=150&amp;ssl=1 150w, https:\/\/i0.wp.com\/portifolioos-prontos.com\/wp-content\/uploads\/2022\/09\/portfolio-unopar-pronto-colaborar-ava-producao-textual-interdisciplinar.png?resize=100%2C100&amp;ssl=1 100w\" alt=\"\" width=\"141\" height=\"141\" data-recalc-dims=\"1\" data-lazy-loaded=\"1\" \/><\/p>\n<\/div>\n<\/div>\n<\/div>\n<\/div>\n<div class=\"elementor-toggle-item\">\n<div id=\"elementor-tab-content-1949\" class=\"elementor-tab-content elementor-clearfix elementor-active\" role=\"tabpanel\" data-tab=\"9\" aria-labelledby=\"elementor-tab-title-1949\">\n<p>E-mail:portifoliosp@gmail.com<\/p>\n<div id=\"attachment_143\" class=\"wp-caption alignnone\">\n<div id=\"attachment_143\" class=\"wp-caption alignnone\" style=\"width: 147px;\"><a href=\"http:\/\/portifolioos-prontos.com\/\"><img decoding=\"async\" class=\"wp-image-143 jetpack-lazy-image jetpack-lazy-image--handled\" title=\"portfolio pronto unopar\" src=\"https:\/\/i0.wp.com\/portifolioos-prontos.com\/wp-content\/uploads\/2022\/04\/conceitomaximo.png?resize=161%2C46\" alt=\"PORTFOLIO PRONTO UNOPAR ANHANGUERA\" width=\"147\" height=\"42\" aria-describedby=\"caption-attachment-143\" data-recalc-dims=\"1\" data-lazy-loaded=\"1\" \/><\/a><\/p>\n<p id=\"caption-attachment-143\" class=\"wp-caption-text\">Portf\u00f3lio em Word, respondido, completo e j\u00e1 nas normas.<\/p>\n<\/div>\n<\/div>\n<\/div>\n<\/div>\n","protected":false},"excerpt":{"rendered":"<div class=\"product-short-description\">\n<h5><strong>Pague pelo PIX ou cart\u00e3o e fa\u00e7a o download agora mesmo.<\/strong><\/h5>\n<\/div>\n<div class=\"sticky-add-to-cart-wrapper\">\n<div class=\"sticky-add-to-cart\">\n<div class=\"quantity buttons_added form-flat\"><img decoding=\"async\" class=\"alignnone wp-image-761\" src=\"http:\/\/portifolioos-prontos.com\/wp-content\/uploads\/2022\/04\/PIX-300x107.webp\" alt=\"\" width=\"78\" height=\"28\" \/>\u00a0\u00a0<img loading=\"lazy\" decoding=\"async\" class=\"\" src=\"https:\/\/d26lpennugtm8s.cloudfront.net\/assets\/common\/img\/logos\/payment\/visa@2x.png\" width=\"46\" height=\"29\" \/><img loading=\"lazy\" decoding=\"async\" class=\"\" src=\"https:\/\/d26lpennugtm8s.cloudfront.net\/assets\/common\/img\/logos\/payment\/boleto@2x.png\" width=\"43\" height=\"27\" \/><img loading=\"lazy\" decoding=\"async\" class=\"\" src=\"https:\/\/d26lpennugtm8s.cloudfront.net\/assets\/common\/img\/logos\/payment\/mastercard@2x.png\" width=\"43\" height=\"27\" \/><img loading=\"lazy\" decoding=\"async\" class=\"\" src=\"https:\/\/d26lpennugtm8s.cloudfront.net\/assets\/common\/img\/logos\/payment\/amex@2x.png\" width=\"43\" height=\"27\" \/><img loading=\"lazy\" decoding=\"async\" class=\"\" src=\"https:\/\/d26lpennugtm8s.cloudfront.net\/assets\/common\/img\/logos\/payment\/diners@2x.png\" width=\"46\" height=\"29\" \/><img loading=\"lazy\" decoding=\"async\" class=\"\" src=\"https:\/\/d26lpennugtm8s.cloudfront.net\/assets\/common\/img\/logos\/payment\/br\/elo@2x.png\" width=\"45\" height=\"28\" \/><img loading=\"lazy\" decoding=\"async\" class=\"\" src=\"https:\/\/d26lpennugtm8s.cloudfront.net\/assets\/common\/img\/logos\/payment\/br\/hipercard@2x.png\" width=\"44\" height=\"28\" \/><img loading=\"lazy\" decoding=\"async\" class=\"\" src=\"https:\/\/d26lpennugtm8s.cloudfront.net\/assets\/common\/img\/logos\/payment\/mercadopago@2x.png\" width=\"45\" height=\"28\" \/><\/div>\n<\/div>\n<\/div>\n","protected":false},"featured_media":9412,"template":"","meta":{"_seopress_robots_primary_cat":"","_seopress_titles_title":"%%post_title%% %%sitetitle%%","_seopress_titles_desc":"%%post_content%%","_seopress_robots_index":""},"product_cat":[15],"product_tag":[],"class_list":{"0":"post-9409","1":"product","2":"type-product","3":"status-publish","4":"has-post-thumbnail","6":"product_cat-uncategorized","8":"first","9":"instock","10":"downloadable","11":"virtual","12":"purchasable","13":"product-type-simple","14":"col-xs-6 col-sm-4","15":"col-mf-5","16":"un-5-cols"},"jetpack_sharing_enabled":true,"_links":{"self":[{"href":"https:\/\/portifolioos-prontos.com\/index.php\/wp-json\/wp\/v2\/product\/9409","targetHints":{"allow":["GET"]}}],"collection":[{"href":"https:\/\/portifolioos-prontos.com\/index.php\/wp-json\/wp\/v2\/product"}],"about":[{"href":"https:\/\/portifolioos-prontos.com\/index.php\/wp-json\/wp\/v2\/types\/product"}],"version-history":[{"count":0,"href":"https:\/\/portifolioos-prontos.com\/index.php\/wp-json\/wp\/v2\/product\/9409\/revisions"}],"wp:featuredmedia":[{"embeddable":true,"href":"https:\/\/portifolioos-prontos.com\/index.php\/wp-json\/wp\/v2\/media\/9412"}],"wp:attachment":[{"href":"https:\/\/portifolioos-prontos.com\/index.php\/wp-json\/wp\/v2\/media?parent=9409"}],"wp:term":[{"taxonomy":"product_cat","embeddable":true,"href":"https:\/\/portifolioos-prontos.com\/index.php\/wp-json\/wp\/v2\/product_cat?post=9409"},{"taxonomy":"product_tag","embeddable":true,"href":"https:\/\/portifolioos-prontos.com\/index.php\/wp-json\/wp\/v2\/product_tag?post=9409"}],"curies":[{"name":"wp","href":"https:\/\/api.w.org\/{rel}","templated":true}]}}