{"id":9439,"date":"2022-10-08T11:16:16","date_gmt":"2022-10-08T14:16:16","guid":{"rendered":"https:\/\/portifolioos-prontos.com\/?post_type=product&#038;p=9439"},"modified":"2026-03-02T23:53:14","modified_gmt":"2026-03-03T02:53:14","slug":"atividade-pratica-cinesiologia","status":"publish","type":"product","link":"https:\/\/portifolioos-prontos.com\/index.php\/product\/atividade-pratica-cinesiologia\/","title":{"rendered":"Atividade pr\u00e1tica Cinesiologia"},"content":{"rendered":"<h4>Atividade pr\u00e1tica\u00a0Cinesiologia<\/h4>\n<h4>Atividade pr\u00e1tica Cinesiologia e biomec\u00e2nica<\/h4>\n<p><strong>OBJETIVOS<\/strong><br \/>\nA proposta desta atividade pr\u00e1tica est\u00e1 amparada nos seguintes objetivos:<br \/>\n\u2013 Identificar as leis de Newton e sua aplicabilidade;<br \/>\n\u2013 Identifica\u00e7\u00e3o das for\u00e7as atenuantes durante a marcha;<br \/>\n\u2013 Identifica\u00e7\u00e3o das a\u00e7\u00f5es musculares.<\/p>\n<p><strong>RECURSOS<\/strong><br \/>\nComputador com acesso \u00e0 internet e ao ambiente virtual, bola,<\/p>\n<p><strong>PROCEDIMENTOS PR\u00c1TICOS<\/strong><br \/>\nAtividade proposta<br \/>\nCompreendendo as bases da cinesiologia e a rela\u00e7\u00e3o com a Podologia.<br \/>\nProcedimentos para a realiza\u00e7\u00e3o da atividade<\/p>\n<p>A primeria etapa \u00e9 destinada \u00e0 aplica\u00e7\u00e3o das tr\u00eas leis de Newton e compreens\u00e3o<br \/>\ndas for\u00e7as que atuam na for\u00e7a de rea\u00e7\u00e3o do solo, al\u00e9m da influ\u00eancia do torque no<br \/>\nmovimento humano. Para isto, realize as seguintes atividades:<\/p>\n<p><strong>Atividade 01<\/strong><br \/>\nAplica\u00e7\u00e3o da 1a Lei de Newton (Lei da In\u00e9rcia): Esta lei aborda que um corpo<br \/>\nmanter\u00e1 seu estado de repouso ou de velocidade constante, a n\u00e3o ser quando<br \/>\ninfluenciado por uma for\u00e7a externa capaz de modific\u00e1-lo. Para aplicar esta lei,<br \/>\npegue uma bola (basquetebol, futebol, futsal, voleibol ou t\u00eanis). Com a bola<br \/>\nparada, aplique uma for\u00e7a para mover o objeto. Assim, a bola rolar\u00e1, ou<br \/>\nseja, o objeto fica em repouso at\u00e9 que uma for\u00e7a seja aplicada e gere o<br \/>\nmovimento.<\/p>\n<p><strong>Atividade 02<\/strong><br \/>\nAplica\u00e7\u00e3o da 2a Lei de Newton (Lei da Acelera\u00e7\u00e3o): Segundo esta lei, uma for\u00e7a<br \/>\naplicada a um corpo acarreta uma acelera\u00e7\u00e3o desse corpo de magnitude<br \/>\nproporcional \u00e0 for\u00e7a, na dire\u00e7\u00e3o da for\u00e7a e inversamente \u00e0 massa do corpo. Para<br \/>\naplicar esta lei, os alunos dever\u00e3o segurar bolas de diferentes pesos, uma em<br \/>\ncada m\u00e3o, as quais devem ser lan\u00e7adas para frente. O que voc\u00ea observou ao realizar esta atividade.<\/p>\n<p><strong>Atividade 3<\/strong><br \/>\nEsta atividade tem como objetivo a compreens\u00e3o dos diferentes tipos de<br \/>\nv\u00e9rtebras, al\u00e9m da identifica\u00e7\u00e3o dos poss\u00edveis movimentos realizados pela coluna<br \/>\nvertebral. Para esta aula, ser\u00e1 utilizada a BASE OVID. Para o acesso, siga os<br \/>\npassos a seguir:<br \/>\nPasso 01: Acesse a Biblioteca Virtual da institui\u00e7\u00e3o e fa\u00e7a o login.<br \/>\nPasso 02: Ap\u00f3s a realiza\u00e7\u00e3o do login, acesse a op\u00e7\u00e3o WOLTERS KLUWER<br \/>\nPasso 03: Ao acessar a BASE OVID, clique no \u00edcone Human Anatomy Atlas<br \/>\nPasso 04: Clique na op\u00e7\u00e3o VISIBLE BODY: Human Anatomy Atlas<br \/>\nPasso 05: Clique no \u00edcone LAUNCH HUMAN ANATOMY ATLAS<br \/>\nNa p\u00e1gina inicial do software, acesse o \u00edcone \u201cSystems\u201d, aba \u201cSkeletal System<br \/>\nViews\u201d e selecione a op\u00e7\u00e3o \u201cFull Skeleton\u201d. A partir disto, voc\u00ea dever\u00e1 responder:<br \/>\n\u2013 A coluna \u00e9 composta por quantas v\u00e9rtebras?<br \/>\n\u2013 Quais as diferen\u00e7as estruturais entre C1 e C2?<\/p>\n<p><strong>Atividade 4<\/strong><br \/>\nA cinesiologia \u00e9 a ci\u00eancia que estuda os movimentos do corpo humano, enquanto<br \/>\na biomec\u00e2nica \u00e9 o estudo da mec\u00e2nica dos organismos vivos, ou o estudo da<br \/>\nestrutura e da fun\u00e7\u00e3o dos sistemas biol\u00f3gicos utilizando m\u00e9todos da mec\u00e2nica.<br \/>\nDurante o ciclo completo da marcha, cada perna passa por uma fase de<br \/>\napoio, em que o p\u00e9 est\u00e1 em contato com o solo, e por uma fase de balan\u00e7o, em<br \/>\nque o p\u00e9 est\u00e1 no ar, ao mesmo tempo que avan\u00e7a em prepara\u00e7\u00e3o para o pr\u00f3ximo<br \/>\napoio. Desenhe abaixo cada um das fases da marcha.<\/p>\n<p><strong>Atividade 5<\/strong><br \/>\nConforme a altera\u00e7\u00e3o na marcha e o modo de pisar, a base anat\u00f4mica do<br \/>\np\u00e9 \u00e9 afetada. A essas altera\u00e7\u00f5es d\u00e1-se o nome de prona\u00e7\u00e3o, ou pisada pronada,<br \/>\ne supina\u00e7\u00e3o, ou pisada supinada. Pesquise em seus familiares o tipo de pisada,<br \/>\ntire uma foto, insira no seu trabalho e cite as principais caracter\u00edsticas<br \/>\nencontradas. Ap\u00f3s, escolha uma das altera\u00e7\u00f5es e fa\u00e7a o v\u00eddeo de 5 minutos e<br \/>\ninsira o link do v\u00eddeo abaixo.<\/p>\n<p><strong>Checklist<\/strong><br \/>\nPrincipais etapas para a completude da atividade pr\u00e1tica:<br \/>\n\u2013 Realizar cada uma das atividades citadas.<\/p>\n<p><strong>RESULTADO<\/strong><br \/>\nEntrega de um arquivo word que contemple todas as etapas da atividade pr\u00e1tica,<br \/>\nconforme apresentado no checklist.<\/p>\n<div class=\"elementor-toggle-item\">\n<h4 id=\"elementor-tab-title-1941\" class=\"elementor-tab-title elementor-active\" tabindex=\"0\" role=\"tab\" data-tab=\"1\" aria-controls=\"elementor-tab-content-1941\" aria-expanded=\"true\" aria-selected=\"true\">Como funciona?<\/h4>\n<div id=\"elementor-tab-content-1941\" class=\"elementor-tab-content elementor-clearfix elementor-active\" role=\"tabpanel\" data-tab=\"1\" aria-labelledby=\"elementor-tab-title-1941\">\n<p>Elaboramos os portf\u00f3lios, j\u00e1 deixamos prontos, nas normas da ABNT e conforme os requisitos da universidade. F\u00e1cil assim! O MELHOR \u00c9 QUE VOC\u00ca COMPRA E J\u00c1 BAIXA NA HORA O SEU ARQUIVO EM WORD! Sabemos que conciliar trabalho, fam\u00edlia, vida profissional e estudos \u00e9 dif\u00edcil hoje em dia, por isso, estamos aqui para ajudar voc\u00ea. Conte com nossa qualidade, experi\u00eancia e profissionalismo adquirindo seu portf\u00f3lio conosco. GARANTIMOS SEU CONCEITO!<\/p>\n<h4>Como se realizam os envios?<\/h4>\n<\/div>\n<\/div>\n<div class=\"elementor-toggle-item\">\n<div id=\"elementor-tab-content-1942\" class=\"elementor-tab-content elementor-clearfix elementor-active\" role=\"tabpanel\" data-tab=\"2\" aria-labelledby=\"elementor-tab-title-1942\">O seu trabalho \u00e9 disponibilizado pronto, respondido e nas normas j\u00e1 na mesma hora aqui em nosso site na sua \u00e1rea de downloads e tamb\u00e9m no seu e-mail.<\/div>\n<\/div>\n<div class=\"elementor-toggle-item\">\n<div id=\"elementor-tab-content-1943\" class=\"elementor-tab-content elementor-clearfix elementor-active\" role=\"tabpanel\" data-tab=\"3\" aria-labelledby=\"elementor-tab-title-1943\">\n<h4>Em quanto tempo recebo o portf\u00f3lio?<\/h4>\n<\/div>\n<\/div>\n<div class=\"elementor-toggle-item\">\n<div id=\"elementor-tab-content-1944\" class=\"elementor-tab-content elementor-clearfix elementor-active\" role=\"tabpanel\" data-tab=\"4\" aria-labelledby=\"elementor-tab-title-1944\">\n<p>Os envios s\u00e3o imediatos. Ap\u00f3s sua compra, o trabalho j\u00e1 \u00e9 disponibilizado instantaneamente aqui em nosso site e no seu e-mail.<\/p>\n<h4>E se o portf\u00f3lio que comprei precisar de corre\u00e7\u00e3o?<\/h4>\n<\/div>\n<\/div>\n<div class=\"elementor-toggle-item\">\n<div id=\"elementor-tab-content-1945\" class=\"elementor-tab-content elementor-clearfix elementor-active\" role=\"tabpanel\" data-tab=\"5\" aria-labelledby=\"elementor-tab-title-1945\">\n<p>Caso haja alguma solicita\u00e7\u00e3o de corre\u00e7\u00e3o\/altera\u00e7\u00e3o por parte do tutor, basta entrar em contato conosco pelo\u00a0<a href=\"https:\/\/api.whatsapp.com\/send\/?phone=5553984751621&amp;text&amp;app_absent=0\">WhatsApp<\/a>\u00a0que provid\u00eanciaremos sem custo algum.<\/p>\n<h4>Qual o formato do arquivo?<\/h4>\n<\/div>\n<\/div>\n<div class=\"elementor-toggle-item\">\n<div id=\"elementor-tab-content-1946\" class=\"elementor-tab-content elementor-clearfix elementor-active\" role=\"tabpanel\" data-tab=\"6\" aria-labelledby=\"elementor-tab-title-1946\">\n<p>Os arquivos s\u00e3o enviados em formato Word e s\u00e3o edit\u00e1veis.<\/p>\n<h4>Caso eu tiver alguma d\u00favida, terei suporte no p\u00f3s venda?<\/h4>\n<\/div>\n<\/div>\n<div class=\"elementor-toggle-item\">\n<div id=\"elementor-tab-content-1948\" class=\"elementor-tab-content elementor-clearfix elementor-active\" role=\"tabpanel\" data-tab=\"8\" aria-labelledby=\"elementor-tab-title-1948\">\n<p>Sim, com certeza. Basta clicar no \u00edcone do WhatsApp no cantinho da tela. Ser\u00e1 um prazer atend\u00ea-lo(a).<\/p>\n<div class=\"elementor-toggle-item\">\n<div id=\"elementor-tab-content-1948\" class=\"elementor-tab-content elementor-clearfix elementor-active\" role=\"tabpanel\" data-tab=\"8\" aria-labelledby=\"elementor-tab-title-1948\">\n<h4>Quais os seus canais de contato?<\/h4>\n<\/div>\n<\/div>\n<div class=\"elementor-toggle-item\">\n<div id=\"elementor-tab-content-1949\" class=\"elementor-tab-content elementor-clearfix elementor-active\" role=\"tabpanel\" data-tab=\"9\" aria-labelledby=\"elementor-tab-title-1949\">\n<p>Whatsapp: 53 984751621 \u2013 Clicar no canto da tela ou ESCANEIE O QRCODE ABAIXO<\/p>\n<p><img decoding=\"async\" class=\"alignnone wp-image-7603 jetpack-lazy-image jetpack-lazy-image--handled\" src=\"https:\/\/i0.wp.com\/portifolioos-prontos.com\/wp-content\/uploads\/2022\/09\/portfolio-unopar-pronto-colaborar-ava-producao-textual-interdisciplinar.png?resize=141%2C141\" sizes=\"(max-width: 141px) 100vw, 141px\" srcset=\"https:\/\/i0.wp.com\/portifolioos-prontos.com\/wp-content\/uploads\/2022\/09\/portfolio-unopar-pronto-colaborar-ava-producao-textual-interdisciplinar.png?w=150&amp;ssl=1 150w, https:\/\/i0.wp.com\/portifolioos-prontos.com\/wp-content\/uploads\/2022\/09\/portfolio-unopar-pronto-colaborar-ava-producao-textual-interdisciplinar.png?resize=100%2C100&amp;ssl=1 100w\" alt=\"Atividade pr\u00e1tica Cinesiologia e biomec\u00e2nica,Atividade pr\u00e1tica Cinesiologia\" width=\"141\" height=\"141\" data-recalc-dims=\"1\" data-lazy-loaded=\"1\" \/><\/p>\n<\/div>\n<\/div>\n<\/div>\n<\/div>\n<div class=\"elementor-toggle-item\">\n<div id=\"elementor-tab-content-1949\" class=\"elementor-tab-content elementor-clearfix elementor-active\" role=\"tabpanel\" data-tab=\"9\" aria-labelledby=\"elementor-tab-title-1949\">\n<p>E-mail:portifoliosp@gmail.com<\/p>\n<div id=\"attachment_143\" class=\"wp-caption alignnone\">\n<div id=\"attachment_143\" class=\"wp-caption alignnone\" style=\"width: 154px;\">\n<p><a href=\"http:\/\/portifolioos-prontos.com\/\"><img decoding=\"async\" class=\"wp-image-143 jetpack-lazy-image jetpack-lazy-image--handled\" title=\"portfolio pronto unopar\" src=\"https:\/\/i0.wp.com\/portifolioos-prontos.com\/wp-content\/uploads\/2022\/04\/conceitomaximo.png?resize=161%2C46\" alt=\"PORTFOLIO PRONTO UNOPAR ANHANGUERA\" width=\"154\" height=\"44\" aria-describedby=\"caption-attachment-143\" data-recalc-dims=\"1\" data-lazy-loaded=\"1\" \/><\/a><\/p>\n<p id=\"caption-attachment-143\" class=\"wp-caption-text\">Portf\u00f3lio em Word, respondido, completo e j\u00e1 nas normas.<\/p>\n<\/div>\n<\/div>\n<\/div>\n<\/div>\n","protected":false},"excerpt":{"rendered":"<div class=\"product-short-description\">\n<h5><strong>Pague pelo PIX ou cart\u00e3o e fa\u00e7a o download agora mesmo.<\/strong><\/h5>\n<\/div>\n<div class=\"sticky-add-to-cart-wrapper\">\n<div class=\"sticky-add-to-cart\">\n<div class=\"quantity buttons_added form-flat\">\u00a0 <img decoding=\"async\" class=\"\" src=\"https:\/\/d26lpennugtm8s.cloudfront.net\/assets\/common\/img\/logos\/payment\/visa@2x.png\" width=\"46\" height=\"29\" \/><img loading=\"lazy\" decoding=\"async\" class=\"\" src=\"https:\/\/d26lpennugtm8s.cloudfront.net\/assets\/common\/img\/logos\/payment\/boleto@2x.png\" width=\"43\" height=\"27\" \/><img loading=\"lazy\" decoding=\"async\" class=\"\" src=\"https:\/\/d26lpennugtm8s.cloudfront.net\/assets\/common\/img\/logos\/payment\/mastercard@2x.png\" width=\"43\" height=\"27\" \/><img loading=\"lazy\" decoding=\"async\" class=\"\" src=\"https:\/\/d26lpennugtm8s.cloudfront.net\/assets\/common\/img\/logos\/payment\/amex@2x.png\" width=\"43\" height=\"27\" \/><img loading=\"lazy\" decoding=\"async\" class=\"\" src=\"https:\/\/d26lpennugtm8s.cloudfront.net\/assets\/common\/img\/logos\/payment\/diners@2x.png\" width=\"46\" height=\"29\" \/><img loading=\"lazy\" decoding=\"async\" class=\"\" src=\"https:\/\/d26lpennugtm8s.cloudfront.net\/assets\/common\/img\/logos\/payment\/br\/elo@2x.png\" width=\"45\" height=\"28\" \/><img loading=\"lazy\" decoding=\"async\" class=\"\" src=\"https:\/\/d26lpennugtm8s.cloudfront.net\/assets\/common\/img\/logos\/payment\/br\/hipercard@2x.png\" width=\"44\" height=\"28\" \/><img loading=\"lazy\" decoding=\"async\" class=\"\" src=\"https:\/\/d26lpennugtm8s.cloudfront.net\/assets\/common\/img\/logos\/payment\/mercadopago@2x.png\" width=\"45\" height=\"28\" \/><\/div>\n<\/div>\n<\/div>\n","protected":false},"featured_media":9444,"template":"","meta":{"_seopress_robots_primary_cat":"none","_seopress_titles_title":"%%post_title%% %%sitetitle%%","_seopress_titles_desc":"%%post_content%%","_seopress_robots_index":""},"product_cat":[68,15],"product_tag":[],"class_list":{"0":"post-9439","1":"product","2":"type-product","3":"status-publish","4":"has-post-thumbnail","6":"product_cat-podologia","7":"product_cat-uncategorized","9":"first","10":"instock","11":"downloadable","12":"virtual","13":"purchasable","14":"product-type-simple","15":"col-xs-6 col-sm-4","16":"col-mf-5","17":"un-5-cols"},"jetpack_sharing_enabled":true,"_links":{"self":[{"href":"https:\/\/portifolioos-prontos.com\/index.php\/wp-json\/wp\/v2\/product\/9439","targetHints":{"allow":["GET"]}}],"collection":[{"href":"https:\/\/portifolioos-prontos.com\/index.php\/wp-json\/wp\/v2\/product"}],"about":[{"href":"https:\/\/portifolioos-prontos.com\/index.php\/wp-json\/wp\/v2\/types\/product"}],"version-history":[{"count":1,"href":"https:\/\/portifolioos-prontos.com\/index.php\/wp-json\/wp\/v2\/product\/9439\/revisions"}],"predecessor-version":[{"id":49946,"href":"https:\/\/portifolioos-prontos.com\/index.php\/wp-json\/wp\/v2\/product\/9439\/revisions\/49946"}],"wp:featuredmedia":[{"embeddable":true,"href":"https:\/\/portifolioos-prontos.com\/index.php\/wp-json\/wp\/v2\/media\/9444"}],"wp:attachment":[{"href":"https:\/\/portifolioos-prontos.com\/index.php\/wp-json\/wp\/v2\/media?parent=9439"}],"wp:term":[{"taxonomy":"product_cat","embeddable":true,"href":"https:\/\/portifolioos-prontos.com\/index.php\/wp-json\/wp\/v2\/product_cat?post=9439"},{"taxonomy":"product_tag","embeddable":true,"href":"https:\/\/portifolioos-prontos.com\/index.php\/wp-json\/wp\/v2\/product_tag?post=9439"}],"curies":[{"name":"wp","href":"https:\/\/api.w.org\/{rel}","templated":true}]}}